{"id":316,"date":"2014-11-24T14:30:28","date_gmt":"2014-11-24T13:30:28","guid":{"rendered":"\/lyc-raymondneris\/?page_id=316"},"modified":"2024-05-13T14:28:27","modified_gmt":"2024-05-13T13:28:27","slug":"formations","status":"publish","type":"page","link":"https:\/\/site.ac-martinique.fr\/lyc-raymondneris\/?page_id=316","title":{"rendered":"FORMATIONS"},"content":{"rendered":"\n<h2 class=\"wp-block-heading\"><span style=\"color: #000000;\"><b><a rel=\"noopener\" href=\"https:\/\/site.ac-martinique.fr\/lyc-raymondneris\/wp-content\/uploads\/sites\/40\/2022\/05\/Flyer-presentation-LP-Neris-.pdf\" target=\"_blank\">LES DIFF\u00c9RENTES FORMATIONS<\/a> :<\/b><\/span><\/h2>\n\n\n\n<figure class=\"wp-block-gallery has-nested-images columns-default is-cropped wp-block-gallery-1 is-layout-flex wp-block-gallery-is-layout-flex\">\n<figure class=\"wp-block-image size-large\"><a href=\"https:\/\/site.ac-martinique.fr\/lyc-raymondneris\/wp-content\/uploads\/sites\/40\/2023\/03\/MMV-1.pdf\" target=\"_blank\" rel=\"noreferrer noopener\"><img loading=\"lazy\" decoding=\"async\" width=\"1010\" height=\"660\" data-id=\"4241\" src=\"https:\/\/site.ac-martinique.fr\/lyc-raymondneris\/wp-content\/uploads\/sites\/40\/2022\/06\/IMG_0351.jpg\" alt=\"\" class=\"wp-image-4241\" srcset=\"https:\/\/site.ac-martinique.fr\/lyc-raymondneris\/wp-content\/uploads\/sites\/40\/2022\/06\/IMG_0351.jpg 1010w, https:\/\/site.ac-martinique.fr\/lyc-raymondneris\/wp-content\/uploads\/sites\/40\/2022\/06\/IMG_0351-300x196.jpg 300w, https:\/\/site.ac-martinique.fr\/lyc-raymondneris\/wp-content\/uploads\/sites\/40\/2022\/06\/IMG_0351-768x502.jpg 768w\" sizes=\"auto, (max-width: 1010px) 100vw, 1010px\" \/><\/a><\/figure>\n\n\n\n<figure class=\"wp-block-image size-large\"><a href=\"https:\/\/site.ac-martinique.fr\/lyc-raymondneris\/wp-content\/uploads\/sites\/40\/2022\/05\/MELEC.pdf\" target=\"_blank\" rel=\"noreferrer noopener\"><img loading=\"lazy\" decoding=\"async\" width=\"1147\" height=\"675\" data-id=\"4239\" src=\"https:\/\/site.ac-martinique.fr\/lyc-raymondneris\/wp-content\/uploads\/sites\/40\/2022\/06\/IMG_0354.jpg\" alt=\"\" class=\"wp-image-4239\" srcset=\"https:\/\/site.ac-martinique.fr\/lyc-raymondneris\/wp-content\/uploads\/sites\/40\/2022\/06\/IMG_0354.jpg 1147w, https:\/\/site.ac-martinique.fr\/lyc-raymondneris\/wp-content\/uploads\/sites\/40\/2022\/06\/IMG_0354-300x177.jpg 300w, https:\/\/site.ac-martinique.fr\/lyc-raymondneris\/wp-content\/uploads\/sites\/40\/2022\/06\/IMG_0354-1024x603.jpg 1024w, https:\/\/site.ac-martinique.fr\/lyc-raymondneris\/wp-content\/uploads\/sites\/40\/2022\/06\/IMG_0354-768x452.jpg 768w\" sizes=\"auto, (max-width: 1147px) 100vw, 1147px\" \/><\/a><\/figure>\n\n\n\n<figure class=\"wp-block-image size-large\"><a href=\"https:\/\/site.ac-martinique.fr\/lyc-raymondneris\/wp-content\/uploads\/sites\/40\/2022\/05\/OBM.pdf\" target=\"_blank\" rel=\"noreferrer noopener\"><img loading=\"lazy\" decoding=\"async\" width=\"1170\" height=\"757\" data-id=\"4238\" src=\"https:\/\/site.ac-martinique.fr\/lyc-raymondneris\/wp-content\/uploads\/sites\/40\/2022\/06\/IMG_0355.jpg\" alt=\"\" class=\"wp-image-4238\" srcset=\"https:\/\/site.ac-martinique.fr\/lyc-raymondneris\/wp-content\/uploads\/sites\/40\/2022\/06\/IMG_0355.jpg 1170w, https:\/\/site.ac-martinique.fr\/lyc-raymondneris\/wp-content\/uploads\/sites\/40\/2022\/06\/IMG_0355-300x194.jpg 300w, https:\/\/site.ac-martinique.fr\/lyc-raymondneris\/wp-content\/uploads\/sites\/40\/2022\/06\/IMG_0355-1024x663.jpg 1024w, https:\/\/site.ac-martinique.fr\/lyc-raymondneris\/wp-content\/uploads\/sites\/40\/2022\/06\/IMG_0355-768x497.jpg 768w\" sizes=\"auto, (max-width: 1170px) 100vw, 1170px\" \/><\/a><\/figure>\n<\/figure>\n\n\n\n<figure class=\"wp-block-gallery has-nested-images columns-default is-cropped wp-block-gallery-2 is-layout-flex wp-block-gallery-is-layout-flex\">\n<figure class=\"wp-block-image size-large\"><a href=\"https:\/\/site.ac-martinique.fr\/lyc-raymondneris\/wp-content\/uploads\/sites\/40\/2022\/05\/GPPE.pdf\" target=\"_blank\" rel=\"noreferrer noopener\"><img loading=\"lazy\" decoding=\"async\" width=\"1170\" height=\"848\" data-id=\"4242\" src=\"https:\/\/site.ac-martinique.fr\/lyc-raymondneris\/wp-content\/uploads\/sites\/40\/2022\/06\/IMG_0352.jpg\" alt=\"\" class=\"wp-image-4242\" srcset=\"https:\/\/site.ac-martinique.fr\/lyc-raymondneris\/wp-content\/uploads\/sites\/40\/2022\/06\/IMG_0352.jpg 1170w, https:\/\/site.ac-martinique.fr\/lyc-raymondneris\/wp-content\/uploads\/sites\/40\/2022\/06\/IMG_0352-300x217.jpg 300w, https:\/\/site.ac-martinique.fr\/lyc-raymondneris\/wp-content\/uploads\/sites\/40\/2022\/06\/IMG_0352-1024x742.jpg 1024w, https:\/\/site.ac-martinique.fr\/lyc-raymondneris\/wp-content\/uploads\/sites\/40\/2022\/06\/IMG_0352-768x557.jpg 768w\" sizes=\"auto, (max-width: 1170px) 100vw, 1170px\" \/><\/a><\/figure>\n\n\n\n<figure class=\"wp-block-image size-large\"><a href=\"https:\/\/site.ac-martinique.fr\/lyc-raymondneris\/wp-content\/uploads\/sites\/40\/2022\/05\/LOGISTIQUE.pdf\" target=\"_blank\" rel=\"noreferrer noopener\"><img loading=\"lazy\" decoding=\"async\" width=\"976\" height=\"736\" data-id=\"4243\" src=\"https:\/\/site.ac-martinique.fr\/lyc-raymondneris\/wp-content\/uploads\/sites\/40\/2022\/06\/IMG_0360.jpg\" alt=\"\" class=\"wp-image-4243\" srcset=\"https:\/\/site.ac-martinique.fr\/lyc-raymondneris\/wp-content\/uploads\/sites\/40\/2022\/06\/IMG_0360.jpg 976w, https:\/\/site.ac-martinique.fr\/lyc-raymondneris\/wp-content\/uploads\/sites\/40\/2022\/06\/IMG_0360-300x226.jpg 300w, https:\/\/site.ac-martinique.fr\/lyc-raymondneris\/wp-content\/uploads\/sites\/40\/2022\/06\/IMG_0360-768x579.jpg 768w\" sizes=\"auto, (max-width: 976px) 100vw, 976px\" \/><\/a><\/figure>\n\n\n\n<figure class=\"wp-block-image size-large\"><a href=\"https:\/\/site.ac-martinique.fr\/lyc-raymondneris\/wp-content\/uploads\/sites\/40\/2022\/05\/AGOrA.pdf\" target=\"_blank\" rel=\"noreferrer noopener\"><img loading=\"lazy\" decoding=\"async\" width=\"1332\" height=\"762\" data-id=\"4245\" src=\"https:\/\/site.ac-martinique.fr\/lyc-raymondneris\/wp-content\/uploads\/sites\/40\/2022\/06\/IMG_0357.jpg\" alt=\"\" class=\"wp-image-4245\" srcset=\"https:\/\/site.ac-martinique.fr\/lyc-raymondneris\/wp-content\/uploads\/sites\/40\/2022\/06\/IMG_0357.jpg 1332w, https:\/\/site.ac-martinique.fr\/lyc-raymondneris\/wp-content\/uploads\/sites\/40\/2022\/06\/IMG_0357-300x172.jpg 300w, https:\/\/site.ac-martinique.fr\/lyc-raymondneris\/wp-content\/uploads\/sites\/40\/2022\/06\/IMG_0357-1024x586.jpg 1024w, https:\/\/site.ac-martinique.fr\/lyc-raymondneris\/wp-content\/uploads\/sites\/40\/2022\/06\/IMG_0357-768x439.jpg 768w\" sizes=\"auto, (max-width: 1332px) 100vw, 1332px\" \/><\/a><\/figure>\n<\/figure>\n\n\n\n<figure class=\"wp-block-gallery has-nested-images columns-default is-cropped wp-block-gallery-3 is-layout-flex wp-block-gallery-is-layout-flex\">\n<figure class=\"wp-block-image size-large\"><a href=\"https:\/\/site.ac-martinique.fr\/lyc-raymondneris\/wp-content\/uploads\/sites\/40\/2022\/05\/BP.pdf\" target=\"_blank\" rel=\"noreferrer noopener\"><img loading=\"lazy\" decoding=\"async\" width=\"1121\" height=\"740\" data-id=\"4240\" src=\"https:\/\/site.ac-martinique.fr\/lyc-raymondneris\/wp-content\/uploads\/sites\/40\/2022\/06\/IMG_0353.jpg\" alt=\"\" class=\"wp-image-4240\" srcset=\"https:\/\/site.ac-martinique.fr\/lyc-raymondneris\/wp-content\/uploads\/sites\/40\/2022\/06\/IMG_0353.jpg 1121w, https:\/\/site.ac-martinique.fr\/lyc-raymondneris\/wp-content\/uploads\/sites\/40\/2022\/06\/IMG_0353-300x198.jpg 300w, https:\/\/site.ac-martinique.fr\/lyc-raymondneris\/wp-content\/uploads\/sites\/40\/2022\/06\/IMG_0353-1024x676.jpg 1024w, https:\/\/site.ac-martinique.fr\/lyc-raymondneris\/wp-content\/uploads\/sites\/40\/2022\/06\/IMG_0353-768x507.jpg 768w\" sizes=\"auto, (max-width: 1121px) 100vw, 1121px\" \/><\/a><\/figure>\n\n\n\n<figure class=\"wp-block-image size-large\"><a href=\"https:\/\/site.ac-martinique.fr\/lyc-raymondneris\/wp-content\/uploads\/sites\/40\/2022\/05\/MN.pdf\" target=\"_blank\" rel=\"noreferrer noopener\"><img loading=\"lazy\" decoding=\"async\" width=\"451\" height=\"242\" data-id=\"4246\" src=\"https:\/\/site.ac-martinique.fr\/lyc-raymondneris\/wp-content\/uploads\/sites\/40\/2022\/06\/IMG_0358.png\" alt=\"\" class=\"wp-image-4246\" srcset=\"https:\/\/site.ac-martinique.fr\/lyc-raymondneris\/wp-content\/uploads\/sites\/40\/2022\/06\/IMG_0358.png 451w, https:\/\/site.ac-martinique.fr\/lyc-raymondneris\/wp-content\/uploads\/sites\/40\/2022\/06\/IMG_0358-300x161.png 300w\" sizes=\"auto, (max-width: 451px) 100vw, 451px\" \/><\/a><\/figure>\n\n\n\n<figure class=\"wp-block-image size-large\"><a href=\"https:\/\/site.ac-martinique.fr\/lyc-raymondneris\/wp-content\/uploads\/sites\/40\/2022\/05\/COIFFURE.pdf\" target=\"_blank\" rel=\"noreferrer noopener\"><img loading=\"lazy\" decoding=\"async\" width=\"1604\" height=\"981\" data-id=\"4244\" src=\"https:\/\/site.ac-martinique.fr\/lyc-raymondneris\/wp-content\/uploads\/sites\/40\/2022\/06\/IMG_0359.jpg\" alt=\"\" class=\"wp-image-4244\" srcset=\"https:\/\/site.ac-martinique.fr\/lyc-raymondneris\/wp-content\/uploads\/sites\/40\/2022\/06\/IMG_0359.jpg 1604w, https:\/\/site.ac-martinique.fr\/lyc-raymondneris\/wp-content\/uploads\/sites\/40\/2022\/06\/IMG_0359-300x183.jpg 300w, https:\/\/site.ac-martinique.fr\/lyc-raymondneris\/wp-content\/uploads\/sites\/40\/2022\/06\/IMG_0359-1024x626.jpg 1024w, https:\/\/site.ac-martinique.fr\/lyc-raymondneris\/wp-content\/uploads\/sites\/40\/2022\/06\/IMG_0359-768x470.jpg 768w, https:\/\/site.ac-martinique.fr\/lyc-raymondneris\/wp-content\/uploads\/sites\/40\/2022\/06\/IMG_0359-1536x939.jpg 1536w\" sizes=\"auto, (max-width: 1604px) 100vw, 1604px\" \/><\/a><\/figure>\n<\/figure>\n\n\n\n<figure class=\"wp-block-gallery has-nested-images columns-default is-cropped wp-block-gallery-4 is-layout-flex wp-block-gallery-is-layout-flex\">\n<figure class=\"wp-block-image size-full\"><a href=\"https:\/\/site.ac-martinique.fr\/lyc-raymondneris\/wp-content\/uploads\/sites\/40\/2022\/06\/Image2-2.png\"><img loading=\"lazy\" decoding=\"async\" width=\"707\" height=\"347\" data-id=\"4260\" src=\"https:\/\/site.ac-martinique.fr\/lyc-raymondneris\/wp-content\/uploads\/sites\/40\/2022\/06\/Image2-2.png\" alt=\"\" class=\"wp-image-4260\" srcset=\"https:\/\/site.ac-martinique.fr\/lyc-raymondneris\/wp-content\/uploads\/sites\/40\/2022\/06\/Image2-2.png 707w, https:\/\/site.ac-martinique.fr\/lyc-raymondneris\/wp-content\/uploads\/sites\/40\/2022\/06\/Image2-2-300x147.png 300w\" sizes=\"auto, (max-width: 707px) 100vw, 707px\" \/><\/a><\/figure>\n\n\n\n<figure class=\"wp-block-image size-full\"><a href=\"https:\/\/site.ac-martinique.fr\/lyc-raymondneris\/wp-content\/uploads\/sites\/40\/2022\/06\/Presentation-Mention-Complementaire-TECHNICIEN-EN-SOUDAGE.pdf\" target=\"_blank\" rel=\"noreferrer noopener\"><img loading=\"lazy\" decoding=\"async\" width=\"689\" height=\"313\" data-id=\"4261\" src=\"https:\/\/site.ac-martinique.fr\/lyc-raymondneris\/wp-content\/uploads\/sites\/40\/2022\/06\/Image3-3.png\" alt=\"\" class=\"wp-image-4261\" srcset=\"https:\/\/site.ac-martinique.fr\/lyc-raymondneris\/wp-content\/uploads\/sites\/40\/2022\/06\/Image3-3.png 689w, https:\/\/site.ac-martinique.fr\/lyc-raymondneris\/wp-content\/uploads\/sites\/40\/2022\/06\/Image3-3-300x136.png 300w\" sizes=\"auto, (max-width: 689px) 100vw, 689px\" \/><\/a><\/figure>\n\n\n\n<figure class=\"wp-block-image size-full\"><a href=\"https:\/\/site.ac-martinique.fr\/lyc-raymondneris\/wp-content\/uploads\/sites\/40\/2022\/06\/Image4-3.png\"><img loading=\"lazy\" decoding=\"async\" width=\"689\" height=\"313\" data-id=\"4262\" src=\"https:\/\/site.ac-martinique.fr\/lyc-raymondneris\/wp-content\/uploads\/sites\/40\/2022\/06\/Image4-3.png\" alt=\"\" class=\"wp-image-4262\" srcset=\"https:\/\/site.ac-martinique.fr\/lyc-raymondneris\/wp-content\/uploads\/sites\/40\/2022\/06\/Image4-3.png 689w, https:\/\/site.ac-martinique.fr\/lyc-raymondneris\/wp-content\/uploads\/sites\/40\/2022\/06\/Image4-3-300x136.png 300w\" sizes=\"auto, (max-width: 689px) 100vw, 689px\" \/><\/a><\/figure>\n<\/figure>\n\n\n\n<p><span style=\"color: #ff6600;\"><b>BACCALAUR\u00c9AT PROFESSIONNEL<\/b><\/span><\/p>\n\n\n\n<ul class=\"wp-block-list\">\n<li><a rel=\"noopener\" href=\"https:\/\/site.ac-martinique.fr\/lyc-raymondneris\/wp-content\/uploads\/sites\/40\/2022\/05\/BP.pdf\" target=\"_blank\">Bac Pro Boulanger P\u00e2tissier<\/a> (BP)<\/li>\n\n\n\n<li><a rel=\"noopener\" href=\"https:\/\/site.ac-martinique.fr\/lyc-raymondneris\/wp-content\/uploads\/sites\/40\/2022\/05\/AGOrA.pdf\" target=\"_blank\">Bac Pro Assistance \u00e0 la Gestion des Organisations et de leurs Activit\u00e9s<\/a> (AGOrA)<\/li>\n\n\n\n<li><a rel=\"noopener\" href=\"https:\/\/site.ac-martinique.fr\/lyc-raymondneris\/wp-content\/uploads\/sites\/40\/2022\/05\/MELEC.pdf\" target=\"_blank\">Bac Pro M\u00e9tiers de l\u2019\u00c9lectricit\u00e9 et de ses Environnements Connect\u00e9s<\/a> (MELEC)<\/li>\n\n\n\n<li><a href=\"https:\/\/site.ac-martinique.fr\/lyc-raymondneris\/wp-content\/uploads\/sites\/40\/2023\/03\/MMV-1.pdf\">Bac Pro M\u00e9tiers de la Mode V\u00eatement<\/a> (MMV)<\/li>\n\n\n\n<li><a rel=\"noopener\" href=\"https:\/\/site.ac-martinique.fr\/lyc-raymondneris\/wp-content\/uploads\/sites\/40\/2022\/05\/MN.pdf\" target=\"_blank\">Bac pro Maintenance Nautique<\/a> (MN) <a rel=\"noopener\" href=\"https:\/\/www.youtube.com\/watch?v=nqTSz2Ww0tg&amp;feature=player_detailpage\" target=\"_blank\"><b>Film Onisep<\/b><\/a><\/li>\n\n\n\n<li><a rel=\"noopener\" href=\"https:\/\/site.ac-martinique.fr\/lyc-raymondneris\/wp-content\/uploads\/sites\/40\/2022\/05\/OBM.pdf\" target=\"_blank\">Bac Pro Ouvrage du B\u00e2timent M\u00e9tallerie<\/a> (OBM)<\/li>\n\n\n\n<li><a rel=\"noopener\" href=\"https:\/\/site.ac-martinique.fr\/lyc-raymondneris\/wp-content\/uploads\/sites\/40\/2022\/05\/GPPE.pdf\" target=\"_blank\">Bac Pro Gestion des Pollutions et Protection de l&rsquo;Environnement<\/a> (GPPE)<\/li>\n\n\n\n<li><a rel=\"noopener\" href=\"https:\/\/site.ac-martinique.fr\/lyc-raymondneris\/wp-content\/uploads\/sites\/40\/2022\/05\/LOGISTIQUE.pdf\" target=\"_blank\">Bac Pro Logistique<\/a><\/li>\n<\/ul>\n\n\n\n<p><span style=\"color: #ff6600;\"><strong>CERTIFICAT D&rsquo;APTITUDE PROFESSIONNELLE<\/strong><\/span><\/p>\n\n\n\n<ul class=\"wp-block-list\">\n<li><a href=\"https:\/\/site.ac-martinique.fr\/lyc-raymondneris\/wp-content\/uploads\/sites\/40\/2022\/05\/COIFFURE.pdf\" target=\"_blank\" rel=\"noopener\">CAP M\u00e9tiers de la Coiffure<\/a> (ACOIF)<\/li>\n\n\n\n<li>CAP Maintenance Nautique (MN)<\/li>\n<\/ul>\n\n\n\n<p><span style=\"color: #ff6600;\"><strong>MENTION COMPL\u00c9MENTAIRE<\/strong><\/span><\/p>\n\n\n\n<ul class=\"wp-block-list\">\n<li>MC Coiffure Coupe Couleur (MC3C)<\/li>\n\n\n\n<li><a href=\"https:\/\/site.ac-martinique.fr\/lyc-raymondneris\/wp-content\/uploads\/sites\/40\/2022\/06\/Presentation-Mention-Complementaire-TECHNICIEN-EN-SOUDAGE.pdf\">MC Technicien en Soudage<\/a><\/li>\n<\/ul>\n\n\n\n<p><span style=\"color: #ff6600;\"><strong>3 PR\u00c9PA METIERS<\/strong><\/span><\/p>\n\n\n\n<p><\/p>\n","protected":false},"excerpt":{"rendered":"<p>LES DIFF\u00c9RENTES FORMATIONS : BACCALAUR\u00c9AT PROFESSIONNEL CERTIFICAT D&rsquo;APTITUDE PROFESSIONNELLE MENTION COMPL\u00c9MENTAIRE 3 PR\u00c9PA METIERS<\/p>\n","protected":false},"author":101,"featured_media":0,"parent":0,"menu_order":0,"comment_status":"closed","ping_status":"closed","template":"","meta":{"footnotes":""},"class_list":["post-316","page","type-page","status-publish","hentry"],"_links":{"self":[{"href":"https:\/\/site.ac-martinique.fr\/lyc-raymondneris\/index.php?rest_route=\/wp\/v2\/pages\/316","targetHints":{"allow":["GET"]}}],"collection":[{"href":"https:\/\/site.ac-martinique.fr\/lyc-raymondneris\/index.php?rest_route=\/wp\/v2\/pages"}],"about":[{"href":"https:\/\/site.ac-martinique.fr\/lyc-raymondneris\/index.php?rest_route=\/wp\/v2\/types\/page"}],"author":[{"embeddable":true,"href":"https:\/\/site.ac-martinique.fr\/lyc-raymondneris\/index.php?rest_route=\/wp\/v2\/users\/101"}],"replies":[{"embeddable":true,"href":"https:\/\/site.ac-martinique.fr\/lyc-raymondneris\/index.php?rest_route=%2Fwp%2Fv2%2Fcomments&post=316"}],"version-history":[{"count":60,"href":"https:\/\/site.ac-martinique.fr\/lyc-raymondneris\/index.php?rest_route=\/wp\/v2\/pages\/316\/revisions"}],"predecessor-version":[{"id":5799,"href":"https:\/\/site.ac-martinique.fr\/lyc-raymondneris\/index.php?rest_route=\/wp\/v2\/pages\/316\/revisions\/5799"}],"wp:attachment":[{"href":"https:\/\/site.ac-martinique.fr\/lyc-raymondneris\/index.php?rest_route=%2Fwp%2Fv2%2Fmedia&parent=316"}],"curies":[{"name":"wp","href":"https:\/\/api.w.org\/{rel}","templated":true}]}}