{"id":3284,"date":"2021-06-02T00:07:15","date_gmt":"2021-06-01T23:07:15","guid":{"rendered":"https:\/\/site.ac-martinique.fr\/lyc-raymondneris\/?page_id=3284"},"modified":"2021-06-02T23:57:24","modified_gmt":"2021-06-02T22:57:24","slug":"participation-des-eleves-du-lycee-au-jeu-concours-ti-jo-mauvois","status":"publish","type":"page","link":"https:\/\/site.ac-martinique.fr\/lyc-raymondneris\/?page_id=3284","title":{"rendered":"Participation des \u00e9l\u00e8ves du lyc\u00e9e au jeu-concours Ti-Jo Mauvois"},"content":{"rendered":"\n<p>Ce samedi 29 mai, pr\u00e8s de deux mois apr\u00e8s avoir particip\u00e9 au concours d&rsquo;histoire et d&rsquo;\u00e9criture organis\u00e9 par la Comit\u00e9 Ti-Jo Mauvois, nos \u00e9l\u00e8ves se sont lanc\u00e9s dans un nouveau d\u00e9fi . Ce concours vise \u00e0 faciliter l&rsquo;acc\u00e8s \u00e0 la connaissance de l&rsquo; Histoire de la Martinique au plus grand nombre, petits et grands. Dans le cadre d&rsquo;un projet sur l&rsquo;\u00e9veil culturel initi\u00e9 par Rosalie Montrose, AED, en partenariat avec Yvelle Fagour, et avec la collaboration de Guyl\u00e8ne Salomon, documentaliste, les 13 \u00e9l\u00e8ves de la classe de 3\u00e8 Pr\u00e9pa M\u00e9tiers ont travaill\u00e9 sur le th\u00e8me retenu cette ann\u00e9e : l&rsquo;\u00e9poque de l&rsquo;Amiral Robert. Ils avaient un support d&rsquo;une centaine de pages et ont durant deux heures, r\u00e9pondu au questionnaire soumis par le jury de ce concours. La remise des prix a eu lieu ce samedi 29 mai, \u00e0 Schoelcher. A l&rsquo;issue de celle-ci, les \u00e9l\u00e8ves venus pour cette c\u00e9r\u00e9monie qui cl\u00f4ture le jeu ont r\u00e9alis\u00e9 leur parcours et la n\u00e9cessit\u00e9 de mieux comprendre leur histoire et comment faire pour progresser dans leurs apprentissages. Pas de premi\u00e8re place mais la satisfaction d&rsquo;avoir m\u00fbri et s&rsquo;\u00eatre enrichis. <br>Rosalie Monrose, \u00e0 elle, obtenu la premi\u00e8re place de la cat\u00e9gorie adultes et le prix sp\u00e9cial du jury.<\/p>\n\n\n\n<p>Bravo !<\/p>\n\n\n\n<figure class=\"wp-block-gallery columns-1 is-cropped wp-block-gallery-1 is-layout-flex wp-block-gallery-is-layout-flex\"><ul class=\"blocks-gallery-grid\"><li class=\"blocks-gallery-item\"><figure><a href=\"https:\/\/site.ac-martinique.fr\/lyc-raymondneris\/wp-content\/uploads\/sites\/40\/2021\/06\/WhatsApp-Image-2021-05-31-at-07.57.05.jpeg\"><img loading=\"lazy\" decoding=\"async\" width=\"952\" height=\"645\" src=\"https:\/\/site.ac-martinique.fr\/lyc-raymondneris\/wp-content\/uploads\/sites\/40\/2021\/06\/WhatsApp-Image-2021-05-31-at-07.57.05.jpeg\" alt=\"\" data-id=\"3285\" data-full-url=\"https:\/\/site.ac-martinique.fr\/lyc-raymondneris\/wp-content\/uploads\/sites\/40\/2021\/06\/WhatsApp-Image-2021-05-31-at-07.57.05.jpeg\" data-link=\"https:\/\/site.ac-martinique.fr\/lyc-raymondneris\/?attachment_id=3285\" class=\"wp-image-3285\" srcset=\"https:\/\/site.ac-martinique.fr\/lyc-raymondneris\/wp-content\/uploads\/sites\/40\/2021\/06\/WhatsApp-Image-2021-05-31-at-07.57.05.jpeg 952w, https:\/\/site.ac-martinique.fr\/lyc-raymondneris\/wp-content\/uploads\/sites\/40\/2021\/06\/WhatsApp-Image-2021-05-31-at-07.57.05-300x203.jpeg 300w, https:\/\/site.ac-martinique.fr\/lyc-raymondneris\/wp-content\/uploads\/sites\/40\/2021\/06\/WhatsApp-Image-2021-05-31-at-07.57.05-768x520.jpeg 768w, https:\/\/site.ac-martinique.fr\/lyc-raymondneris\/wp-content\/uploads\/sites\/40\/2021\/06\/WhatsApp-Image-2021-05-31-at-07.57.05-600x407.jpeg 600w\" sizes=\"auto, (max-width: 952px) 100vw, 952px\" \/><\/a><\/figure><\/li><\/ul><\/figure>\n\n\n\n<figure class=\"wp-block-gallery columns-3 is-cropped wp-block-gallery-2 is-layout-flex wp-block-gallery-is-layout-flex\"><ul class=\"blocks-gallery-grid\"><li class=\"blocks-gallery-item\"><figure><a href=\"https:\/\/site.ac-martinique.fr\/lyc-raymondneris\/wp-content\/uploads\/sites\/40\/2021\/06\/WhatsApp-Image-2021-05-31-at-07.57.07.jpeg\"><img loading=\"lazy\" decoding=\"async\" width=\"425\" height=\"566\" src=\"https:\/\/site.ac-martinique.fr\/lyc-raymondneris\/wp-content\/uploads\/sites\/40\/2021\/06\/WhatsApp-Image-2021-05-31-at-07.57.07.jpeg\" alt=\"\" data-id=\"3286\" data-link=\"https:\/\/site.ac-martinique.fr\/lyc-raymondneris\/?attachment_id=3286\" class=\"wp-image-3286\" srcset=\"https:\/\/site.ac-martinique.fr\/lyc-raymondneris\/wp-content\/uploads\/sites\/40\/2021\/06\/WhatsApp-Image-2021-05-31-at-07.57.07.jpeg 425w, https:\/\/site.ac-martinique.fr\/lyc-raymondneris\/wp-content\/uploads\/sites\/40\/2021\/06\/WhatsApp-Image-2021-05-31-at-07.57.07-225x300.jpeg 225w\" sizes=\"auto, (max-width: 425px) 100vw, 425px\" \/><\/a><\/figure><\/li><li class=\"blocks-gallery-item\"><figure><a href=\"https:\/\/site.ac-martinique.fr\/lyc-raymondneris\/wp-content\/uploads\/sites\/40\/2021\/06\/WhatsApp-Image-2021-05-31-at-07.57.08-1.jpeg\"><img loading=\"lazy\" decoding=\"async\" width=\"425\" height=\"566\" src=\"https:\/\/site.ac-martinique.fr\/lyc-raymondneris\/wp-content\/uploads\/sites\/40\/2021\/06\/WhatsApp-Image-2021-05-31-at-07.57.08-1.jpeg\" alt=\"\" data-id=\"3287\" data-link=\"https:\/\/site.ac-martinique.fr\/lyc-raymondneris\/?attachment_id=3287\" class=\"wp-image-3287\" srcset=\"https:\/\/site.ac-martinique.fr\/lyc-raymondneris\/wp-content\/uploads\/sites\/40\/2021\/06\/WhatsApp-Image-2021-05-31-at-07.57.08-1.jpeg 425w, https:\/\/site.ac-martinique.fr\/lyc-raymondneris\/wp-content\/uploads\/sites\/40\/2021\/06\/WhatsApp-Image-2021-05-31-at-07.57.08-1-225x300.jpeg 225w\" sizes=\"auto, (max-width: 425px) 100vw, 425px\" \/><\/a><\/figure><\/li><li class=\"blocks-gallery-item\"><figure><a href=\"https:\/\/site.ac-martinique.fr\/lyc-raymondneris\/wp-content\/uploads\/sites\/40\/2021\/06\/WhatsApp-Image-2021-05-31-at-07.57.08.jpeg\"><img loading=\"lazy\" decoding=\"async\" width=\"425\" height=\"566\" src=\"https:\/\/site.ac-martinique.fr\/lyc-raymondneris\/wp-content\/uploads\/sites\/40\/2021\/06\/WhatsApp-Image-2021-05-31-at-07.57.08.jpeg\" alt=\"\" data-id=\"3288\" data-full-url=\"https:\/\/site.ac-martinique.fr\/lyc-raymondneris\/wp-content\/uploads\/sites\/40\/2021\/06\/WhatsApp-Image-2021-05-31-at-07.57.08.jpeg\" data-link=\"https:\/\/site.ac-martinique.fr\/lyc-raymondneris\/?attachment_id=3288\" class=\"wp-image-3288\" srcset=\"https:\/\/site.ac-martinique.fr\/lyc-raymondneris\/wp-content\/uploads\/sites\/40\/2021\/06\/WhatsApp-Image-2021-05-31-at-07.57.08.jpeg 425w, https:\/\/site.ac-martinique.fr\/lyc-raymondneris\/wp-content\/uploads\/sites\/40\/2021\/06\/WhatsApp-Image-2021-05-31-at-07.57.08-225x300.jpeg 225w\" sizes=\"auto, (max-width: 425px) 100vw, 425px\" \/><\/a><\/figure><\/li><\/ul><figcaption class=\"blocks-gallery-caption\">Thalia LIEN (en jaune) et Talina THALIEN (en bleu)<\/figcaption><\/figure>\n\n\n\n<figure class=\"wp-block-image size-large\"><a href=\"https:\/\/site.ac-martinique.fr\/lyc-raymondneris\/wp-content\/uploads\/sites\/40\/2021\/06\/WhatsApp-Image-2021-05-31-at-08.34.50.jpeg\"><img loading=\"lazy\" decoding=\"async\" width=\"691\" height=\"978\" src=\"https:\/\/site.ac-martinique.fr\/lyc-raymondneris\/wp-content\/uploads\/sites\/40\/2021\/06\/WhatsApp-Image-2021-05-31-at-08.34.50.jpeg\" alt=\"\" class=\"wp-image-3289\" srcset=\"https:\/\/site.ac-martinique.fr\/lyc-raymondneris\/wp-content\/uploads\/sites\/40\/2021\/06\/WhatsApp-Image-2021-05-31-at-08.34.50.jpeg 691w, https:\/\/site.ac-martinique.fr\/lyc-raymondneris\/wp-content\/uploads\/sites\/40\/2021\/06\/WhatsApp-Image-2021-05-31-at-08.34.50-212x300.jpeg 212w, https:\/\/site.ac-martinique.fr\/lyc-raymondneris\/wp-content\/uploads\/sites\/40\/2021\/06\/WhatsApp-Image-2021-05-31-at-08.34.50-600x849.jpeg 600w\" sizes=\"auto, (max-width: 691px) 100vw, 691px\" \/><\/a><\/figure>\n","protected":false},"excerpt":{"rendered":"<p>Ce samedi 29 mai, pr\u00e8s de deux mois apr\u00e8s avoir particip\u00e9 au concours d&rsquo;histoire et d&rsquo;\u00e9criture organis\u00e9 par la Comit\u00e9 Ti-Jo Mauvois, nos \u00e9l\u00e8ves se sont lanc\u00e9s dans un nouveau d\u00e9fi . Ce concours vise \u00e0 faciliter l&rsquo;acc\u00e8s \u00e0 la &hellip; <a href=\"https:\/\/site.ac-martinique.fr\/lyc-raymondneris\/?page_id=3284\">Continuer la lecture <span class=\"meta-nav\">&rarr;<\/span><\/a><\/p>\n","protected":false},"author":101,"featured_media":0,"parent":0,"menu_order":0,"comment_status":"closed","ping_status":"closed","template":"","meta":{"footnotes":""},"class_list":["post-3284","page","type-page","status-publish","hentry"],"_links":{"self":[{"href":"https:\/\/site.ac-martinique.fr\/lyc-raymondneris\/index.php?rest_route=\/wp\/v2\/pages\/3284","targetHints":{"allow":["GET"]}}],"collection":[{"href":"https:\/\/site.ac-martinique.fr\/lyc-raymondneris\/index.php?rest_route=\/wp\/v2\/pages"}],"about":[{"href":"https:\/\/site.ac-martinique.fr\/lyc-raymondneris\/index.php?rest_route=\/wp\/v2\/types\/page"}],"author":[{"embeddable":true,"href":"https:\/\/site.ac-martinique.fr\/lyc-raymondneris\/index.php?rest_route=\/wp\/v2\/users\/101"}],"replies":[{"embeddable":true,"href":"https:\/\/site.ac-martinique.fr\/lyc-raymondneris\/index.php?rest_route=%2Fwp%2Fv2%2Fcomments&post=3284"}],"version-history":[{"count":2,"href":"https:\/\/site.ac-martinique.fr\/lyc-raymondneris\/index.php?rest_route=\/wp\/v2\/pages\/3284\/revisions"}],"predecessor-version":[{"id":3300,"href":"https:\/\/site.ac-martinique.fr\/lyc-raymondneris\/index.php?rest_route=\/wp\/v2\/pages\/3284\/revisions\/3300"}],"wp:attachment":[{"href":"https:\/\/site.ac-martinique.fr\/lyc-raymondneris\/index.php?rest_route=%2Fwp%2Fv2%2Fmedia&parent=3284"}],"curies":[{"name":"wp","href":"https:\/\/api.w.org\/{rel}","templated":true}]}}