{"id":3629,"date":"2022-03-19T15:11:28","date_gmt":"2022-03-19T14:11:28","guid":{"rendered":"https:\/\/site.ac-martinique.fr\/lyc-raymondneris\/?page_id=3629"},"modified":"2022-09-02T21:31:32","modified_gmt":"2022-09-02T20:31:32","slug":"actions-et-projets-2021-2022","status":"publish","type":"page","link":"https:\/\/site.ac-martinique.fr\/lyc-raymondneris\/?page_id=3629","title":{"rendered":"Actions et projets 2021\/2022"},"content":{"rendered":"\n<ul class=\"wp-block-list\"><li><a href=\"https:\/\/site.ac-martinique.fr\/lyc-raymondneris\/?page_id=4037\">UNESCO<\/a><\/li><li><a href=\"https:\/\/site.ac-martinique.fr\/lyc-raymondneris\/?p=4392&amp;preview=true\">Universit\u00e9 d&rsquo;\u00e9t\u00e9 de <\/a><a rel=\"noreferrer noopener\" href=\"https:\/\/site.ac-martinique.fr\/lyc-raymondneris\/?p=4392&amp;preview=true\" target=\"_blank\">la maintenance nautique au Canet au Roussillon<\/a><\/li><li><a href=\"https:\/\/site.ac-martinique.fr\/lyc-raymondneris\/?page_id=4062\">Les talents de Martinique<\/a><\/li><li><a href=\"https:\/\/site.ac-martinique.fr\/lyc-raymondneris\/?page_id=4093\">L&rsquo;exposition cheveu cr\u00e9pu \u00e0 la rencontre de nos ain\u00e9s \u00e0 l&rsquo;EHPAD de l&rsquo;\u00e9tang Zabricot<\/a><\/li><li><a href=\"https:\/\/site.ac-martinique.fr\/lyc-raymondneris\/?page_id=4016\" data-type=\"page\" data-id=\"4016\">BIMER<\/a><\/li><li>SCORE<\/li><li><a href=\"https:\/\/site.ac-martinique.fr\/lyc-raymondneris\/?page_id=3897\" data-type=\"page\" data-id=\"3897\">Les coiffures racontent le patrimoine <\/a><\/li><li><a href=\"https:\/\/site.ac-martinique.fr\/lyc-raymondneris\/?p=3884\" data-type=\"post\" data-id=\"3884\">Le Martinique boat show<\/a><\/li><li><a href=\"https:\/\/site.ac-martinique.fr\/lyc-raymondneris\/?p=3867\" data-type=\"post\" data-id=\"3867\">A la d\u00e9couverte des balises et phares <\/a><\/li><li><a href=\"https:\/\/site.ac-martinique.fr\/lyc-raymondneris\/?p=3771\" data-type=\"post\" data-id=\"3771\">Exposition \u00ab\u00a0cheveu cr\u00e9pu\u00a0\u00bb \u00e0 la biblioth\u00e8que Schoelcher<\/a><\/li><li><a href=\"https:\/\/site.ac-martinique.fr\/lyc-raymondneris\/?p=3788\" data-type=\"post\" data-id=\"3788\">La semaine de la presse<\/a><\/li><li><a href=\"https:\/\/site.ac-martinique.fr\/lyc-raymondneris\/?page_id=3630\" data-type=\"page\" data-id=\"3630\">Les cord\u00e9es de la R\u00e9ussite <\/a><\/li><li><a href=\"https:\/\/site.ac-martinique.fr\/lyc-raymondneris\/?page_id=3635\" data-type=\"page\" data-id=\"3635\">Concours QIZZ CDI<\/a><\/li><\/ul>\n\n\n\n<p><\/p>\n","protected":false},"excerpt":{"rendered":"<p>UNESCO Universit\u00e9 d&rsquo;\u00e9t\u00e9 de la maintenance nautique au Canet au Roussillon Les talents de Martinique L&rsquo;exposition cheveu cr\u00e9pu \u00e0 la rencontre de nos ain\u00e9s \u00e0 l&rsquo;EHPAD de l&rsquo;\u00e9tang Zabricot BIMER SCORE Les coiffures racontent le patrimoine Le Martinique boat show &hellip; <a href=\"https:\/\/site.ac-martinique.fr\/lyc-raymondneris\/?page_id=3629\">Continuer la lecture <span class=\"meta-nav\">&rarr;<\/span><\/a><\/p>\n","protected":false},"author":101,"featured_media":0,"parent":0,"menu_order":0,"comment_status":"closed","ping_status":"closed","template":"","meta":{"footnotes":""},"class_list":["post-3629","page","type-page","status-publish","hentry"],"_links":{"self":[{"href":"https:\/\/site.ac-martinique.fr\/lyc-raymondneris\/index.php?rest_route=\/wp\/v2\/pages\/3629","targetHints":{"allow":["GET"]}}],"collection":[{"href":"https:\/\/site.ac-martinique.fr\/lyc-raymondneris\/index.php?rest_route=\/wp\/v2\/pages"}],"about":[{"href":"https:\/\/site.ac-martinique.fr\/lyc-raymondneris\/index.php?rest_route=\/wp\/v2\/types\/page"}],"author":[{"embeddable":true,"href":"https:\/\/site.ac-martinique.fr\/lyc-raymondneris\/index.php?rest_route=\/wp\/v2\/users\/101"}],"replies":[{"embeddable":true,"href":"https:\/\/site.ac-martinique.fr\/lyc-raymondneris\/index.php?rest_route=%2Fwp%2Fv2%2Fcomments&post=3629"}],"version-history":[{"count":24,"href":"https:\/\/site.ac-martinique.fr\/lyc-raymondneris\/index.php?rest_route=\/wp\/v2\/pages\/3629\/revisions"}],"predecessor-version":[{"id":4541,"href":"https:\/\/site.ac-martinique.fr\/lyc-raymondneris\/index.php?rest_route=\/wp\/v2\/pages\/3629\/revisions\/4541"}],"wp:attachment":[{"href":"https:\/\/site.ac-martinique.fr\/lyc-raymondneris\/index.php?rest_route=%2Fwp%2Fv2%2Fmedia&parent=3629"}],"curies":[{"name":"wp","href":"https:\/\/api.w.org\/{rel}","templated":true}]}}