{"id":3630,"date":"2022-03-19T15:10:03","date_gmt":"2022-03-19T14:10:03","guid":{"rendered":"https:\/\/site.ac-martinique.fr\/lyc-raymondneris\/?page_id=3630"},"modified":"2022-07-13T19:58:57","modified_gmt":"2022-07-13T18:58:57","slug":"les-cordees-de-la-reussite-2022","status":"publish","type":"page","link":"https:\/\/site.ac-martinique.fr\/lyc-raymondneris\/?page_id=3630","title":{"rendered":"LES CORDEES DE LA REUSSITE 2022"},"content":{"rendered":"\n<ul class=\"wp-block-list\"><li><strong>CORD\u00c9E DE LA R\u00c9USSITE &#8211; LIANNAJ<\/strong><\/li><\/ul>\n\n\n\n<figure class=\"wp-block-gallery has-nested-images columns-default is-cropped wp-block-gallery-1 is-layout-flex wp-block-gallery-is-layout-flex\">\n<figure class=\"wp-block-image size-large\"><a href=\"https:\/\/site.ac-martinique.fr\/lyc-raymondneris\/wp-content\/uploads\/sites\/40\/2022\/06\/martinique.jpg\"><img loading=\"lazy\" decoding=\"async\" width=\"1024\" height=\"768\" data-id=\"4059\" src=\"https:\/\/site.ac-martinique.fr\/lyc-raymondneris\/wp-content\/uploads\/sites\/40\/2022\/06\/martinique-1024x768.jpg\" alt=\"\" class=\"wp-image-4059\" srcset=\"https:\/\/site.ac-martinique.fr\/lyc-raymondneris\/wp-content\/uploads\/sites\/40\/2022\/06\/martinique-1024x768.jpg 1024w, https:\/\/site.ac-martinique.fr\/lyc-raymondneris\/wp-content\/uploads\/sites\/40\/2022\/06\/martinique-300x225.jpg 300w, https:\/\/site.ac-martinique.fr\/lyc-raymondneris\/wp-content\/uploads\/sites\/40\/2022\/06\/martinique-768x576.jpg 768w, https:\/\/site.ac-martinique.fr\/lyc-raymondneris\/wp-content\/uploads\/sites\/40\/2022\/06\/martinique-1536x1152.jpg 1536w, https:\/\/site.ac-martinique.fr\/lyc-raymondneris\/wp-content\/uploads\/sites\/40\/2022\/06\/martinique.jpg 1600w\" sizes=\"auto, (max-width: 1024px) 100vw, 1024px\" \/><\/a><\/figure>\n\n\n\n<figure class=\"wp-block-image size-large\"><a href=\"https:\/\/site.ac-martinique.fr\/lyc-raymondneris\/wp-content\/uploads\/sites\/40\/2022\/06\/martinique_3.jpg\"><img loading=\"lazy\" decoding=\"async\" width=\"1024\" height=\"768\" data-id=\"4060\" src=\"https:\/\/site.ac-martinique.fr\/lyc-raymondneris\/wp-content\/uploads\/sites\/40\/2022\/06\/martinique_3-1024x768.jpg\" alt=\"\" class=\"wp-image-4060\" srcset=\"https:\/\/site.ac-martinique.fr\/lyc-raymondneris\/wp-content\/uploads\/sites\/40\/2022\/06\/martinique_3-1024x768.jpg 1024w, https:\/\/site.ac-martinique.fr\/lyc-raymondneris\/wp-content\/uploads\/sites\/40\/2022\/06\/martinique_3-300x225.jpg 300w, https:\/\/site.ac-martinique.fr\/lyc-raymondneris\/wp-content\/uploads\/sites\/40\/2022\/06\/martinique_3-768x576.jpg 768w, https:\/\/site.ac-martinique.fr\/lyc-raymondneris\/wp-content\/uploads\/sites\/40\/2022\/06\/martinique_3.jpg 1280w\" sizes=\"auto, (max-width: 1024px) 100vw, 1024px\" \/><\/a><\/figure>\n<\/figure>\n\n\n\n<p>Dans le cadre de la Cord\u00e9e de la r\u00e9ussite \u2013 LIANNAJ (Tisser des liens en Cr\u00e9ole) \u2013 initi\u00e9 par Alain Corinus de l\u2019IMPC (UCA) et Fran\u00e7ois Kichenassamy du Lyc\u00e9e Raymond Neris (Martinique), Aldine Amiel (INSERM) et&nbsp;Eric&nbsp;R\u00f6ttinger (CNRS) de l\u2019IRCAN (membre de l&rsquo;IFR MARRES) et fondateurs de l\u2019association Kahi Kai ont organis\u00e9 et anim\u00e9 des ateliers biodiversit\u00e9 marine ainsi que des conf\u00e9rences sur l&rsquo;importance de la biodiversit\u00e9 marine pour la recherche fondamentale et bio-m\u00e9dicale pour scolaires et grand public en Martinique.<br><strong><a rel=\"noreferrer noopener\" href=\"https:\/\/marres-research.univ-cotedazur.fr\/cordee-de-la-reussite-liannaj\" target=\"_blank\">En savoir plus <\/a><\/strong><\/p>\n\n\n\n<ul class=\"wp-block-list\"><li><a href=\"https:\/\/site.ac-martinique.fr\/lyc-raymondneris\/?p=3571\" data-type=\"post\" data-id=\"3571\">SEMAINE NATIONALE DES CORDEES DE LA REUSSITE <\/a><\/li><li><a href=\"https:\/\/site.ac-martinique.fr\/lyc-raymondneris\/?p=3583\" data-type=\"post\" data-id=\"3583\">PRESENTATION<\/a><\/li><li><a href=\"https:\/\/site.ac-martinique.fr\/lyc-raymondneris\/?p=3605\" data-type=\"post\" data-id=\"3605\">DECOUVERTE DE LA BIODIVERSITE MARINE<\/a><\/li><li><a href=\"https:\/\/site.ac-martinique.fr\/lyc-raymondneris\/wp-content\/uploads\/sites\/40\/2022\/07\/2-Bilan-cordees-liannaj-Alain-Corinus-Francois-kichenassamy.pdf\" target=\"_blank\" rel=\"noreferrer noopener\">BILAN 2021-2022 CORDEES DE LA REUSSITE<\/a><\/li><\/ul>\n\n\n\n<p><\/p>\n","protected":false},"excerpt":{"rendered":"<p>CORD\u00c9E DE LA R\u00c9USSITE &#8211; LIANNAJ Dans le cadre de la Cord\u00e9e de la r\u00e9ussite \u2013 LIANNAJ (Tisser des liens en Cr\u00e9ole) \u2013 initi\u00e9 par Alain Corinus de l\u2019IMPC (UCA) et Fran\u00e7ois Kichenassamy du Lyc\u00e9e Raymond Neris (Martinique), Aldine Amiel &hellip; <a href=\"https:\/\/site.ac-martinique.fr\/lyc-raymondneris\/?page_id=3630\">Continuer la lecture <span class=\"meta-nav\">&rarr;<\/span><\/a><\/p>\n","protected":false},"author":101,"featured_media":0,"parent":0,"menu_order":0,"comment_status":"closed","ping_status":"closed","template":"","meta":{"footnotes":""},"class_list":["post-3630","page","type-page","status-publish","hentry"],"_links":{"self":[{"href":"https:\/\/site.ac-martinique.fr\/lyc-raymondneris\/index.php?rest_route=\/wp\/v2\/pages\/3630","targetHints":{"allow":["GET"]}}],"collection":[{"href":"https:\/\/site.ac-martinique.fr\/lyc-raymondneris\/index.php?rest_route=\/wp\/v2\/pages"}],"about":[{"href":"https:\/\/site.ac-martinique.fr\/lyc-raymondneris\/index.php?rest_route=\/wp\/v2\/types\/page"}],"author":[{"embeddable":true,"href":"https:\/\/site.ac-martinique.fr\/lyc-raymondneris\/index.php?rest_route=\/wp\/v2\/users\/101"}],"replies":[{"embeddable":true,"href":"https:\/\/site.ac-martinique.fr\/lyc-raymondneris\/index.php?rest_route=%2Fwp%2Fv2%2Fcomments&post=3630"}],"version-history":[{"count":6,"href":"https:\/\/site.ac-martinique.fr\/lyc-raymondneris\/index.php?rest_route=\/wp\/v2\/pages\/3630\/revisions"}],"predecessor-version":[{"id":4475,"href":"https:\/\/site.ac-martinique.fr\/lyc-raymondneris\/index.php?rest_route=\/wp\/v2\/pages\/3630\/revisions\/4475"}],"wp:attachment":[{"href":"https:\/\/site.ac-martinique.fr\/lyc-raymondneris\/index.php?rest_route=%2Fwp%2Fv2%2Fmedia&parent=3630"}],"curies":[{"name":"wp","href":"https:\/\/api.w.org\/{rel}","templated":true}]}}