{"id":3635,"date":"2022-03-19T15:25:26","date_gmt":"2022-03-19T14:25:26","guid":{"rendered":"https:\/\/site.ac-martinique.fr\/lyc-raymondneris\/?page_id=3635"},"modified":"2022-06-28T23:31:38","modified_gmt":"2022-06-28T22:31:38","slug":"concours-quizz-cdi-2022","status":"publish","type":"page","link":"https:\/\/site.ac-martinique.fr\/lyc-raymondneris\/?page_id=3635","title":{"rendered":"CONCOURS QUIZZ CDI 2022"},"content":{"rendered":"\n<figure class=\"wp-block-image size-large is-resized\"><a href=\"https:\/\/site.ac-martinique.fr\/lyc-raymondneris\/wp-content\/uploads\/sites\/40\/2022\/03\/CDI-LPR-Neris-11.03.2022.jpg\"><img loading=\"lazy\" decoding=\"async\" src=\"https:\/\/site.ac-martinique.fr\/lyc-raymondneris\/wp-content\/uploads\/sites\/40\/2022\/03\/CDI-LPR-Neris-11.03.2022-1024x498.jpg\" alt=\"\" class=\"wp-image-3623\" width=\"547\" height=\"266\" srcset=\"https:\/\/site.ac-martinique.fr\/lyc-raymondneris\/wp-content\/uploads\/sites\/40\/2022\/03\/CDI-LPR-Neris-11.03.2022-1024x498.jpg 1024w, https:\/\/site.ac-martinique.fr\/lyc-raymondneris\/wp-content\/uploads\/sites\/40\/2022\/03\/CDI-LPR-Neris-11.03.2022-300x146.jpg 300w, https:\/\/site.ac-martinique.fr\/lyc-raymondneris\/wp-content\/uploads\/sites\/40\/2022\/03\/CDI-LPR-Neris-11.03.2022-768x373.jpg 768w, https:\/\/site.ac-martinique.fr\/lyc-raymondneris\/wp-content\/uploads\/sites\/40\/2022\/03\/CDI-LPR-Neris-11.03.2022-1536x746.jpg 1536w, https:\/\/site.ac-martinique.fr\/lyc-raymondneris\/wp-content\/uploads\/sites\/40\/2022\/03\/CDI-LPR-Neris-11.03.2022.jpg 1980w\" sizes=\"auto, (max-width: 547px) 100vw, 547px\" \/><\/a><\/figure>\n\n\n\n<p>Afin de permettre aux \u00e9l\u00e8ves de red\u00e9couvrir le CDI , ce qu\u2019il contient et ses missions, la documentaliste, Mme Servillo, a mis \u00e0 la disposition des \u00e9l\u00e8ves des questionnaires bas\u00e9s sur la connaissance des documents et des informations qu\u2019apporte un CDI.<\/p>\n\n\n\n<p>Trois questionnaires ont \u00e9t\u00e9 propos\u00e9s avant les vacances du carnaval\u00a0; les \u00e9l\u00e8ves se sont pris au jeu et se sont rendus au CDI pour concourir\u00a0<br><a href=\"https:\/\/site.ac-martinique.fr\/lyc-raymondneris\/wp-content\/uploads\/sites\/40\/2022\/03\/Quizz-1.pdf\" target=\"_blank\" rel=\"noreferrer noopener\">QUIZZ 1<\/a><br><a href=\"https:\/\/site.ac-martinique.fr\/lyc-raymondneris\/wp-content\/uploads\/sites\/40\/2022\/03\/Quizz-2.pdf\" target=\"_blank\" rel=\"noreferrer noopener\">QUIZZ 2<\/a><br><a href=\"https:\/\/site.ac-martinique.fr\/lyc-raymondneris\/wp-content\/uploads\/sites\/40\/2022\/03\/Quizz-3.pdf\" target=\"_blank\" rel=\"noreferrer noopener\">QUIZZ 3<\/a><br>Parmi la trentaine d\u2019\u00e9l\u00e8ves qui a accept\u00e9 de jouer le jeu, 5 sont all\u00e9s au bout des 3 questionnaires. <strong>(En bas de page vous trouverez la suite des questionnaires)<\/strong><\/p>\n\n\n\n<p>Afin de les r\u00e9compenser de leur pers\u00e9v\u00e9rance, un prix leur a \u00e9t\u00e9 remis le vendredi 11 mars 2022 en pr\u00e9sence de Mme Voitier-Mongis, la proviseure adjointe .<\/p>\n\n\n\n<figure class=\"wp-block-image size-large is-resized\"><a href=\"https:\/\/site.ac-martinique.fr\/lyc-raymondneris\/wp-content\/uploads\/sites\/40\/2022\/03\/Remise-des-prix-concours-quizz-cdi-11.03.2022.jpg\"><img loading=\"lazy\" decoding=\"async\" src=\"https:\/\/site.ac-martinique.fr\/lyc-raymondneris\/wp-content\/uploads\/sites\/40\/2022\/03\/Remise-des-prix-concours-quizz-cdi-11.03.2022-1024x498.jpg\" alt=\"\" class=\"wp-image-3622\" width=\"588\" height=\"285\" srcset=\"https:\/\/site.ac-martinique.fr\/lyc-raymondneris\/wp-content\/uploads\/sites\/40\/2022\/03\/Remise-des-prix-concours-quizz-cdi-11.03.2022-1024x498.jpg 1024w, https:\/\/site.ac-martinique.fr\/lyc-raymondneris\/wp-content\/uploads\/sites\/40\/2022\/03\/Remise-des-prix-concours-quizz-cdi-11.03.2022-300x146.jpg 300w, https:\/\/site.ac-martinique.fr\/lyc-raymondneris\/wp-content\/uploads\/sites\/40\/2022\/03\/Remise-des-prix-concours-quizz-cdi-11.03.2022-768x373.jpg 768w, https:\/\/site.ac-martinique.fr\/lyc-raymondneris\/wp-content\/uploads\/sites\/40\/2022\/03\/Remise-des-prix-concours-quizz-cdi-11.03.2022-1536x746.jpg 1536w, https:\/\/site.ac-martinique.fr\/lyc-raymondneris\/wp-content\/uploads\/sites\/40\/2022\/03\/Remise-des-prix-concours-quizz-cdi-11.03.2022.jpg 1980w\" sizes=\"auto, (max-width: 588px) 100vw, 588px\" \/><\/a><\/figure>\n\n\n\n<p>Notons que, d\u00e8s le d\u00e9part, &nbsp;cette initiative a \u00e9t\u00e9 accueillie favorablement par la proviseure, Mme Palvair, et la proviseure adjointe, Mme Voitier-Mongis.<br><br>Elle a re\u00e7u le soutien de l\u2019\u00e9quipe de la vie scolaire et de tous les enseignants&nbsp;: Mme Blaise et Mme Montenot sont particuli\u00e8rement remerci\u00e9es pour avoir d\u00e9di\u00e9 \u00e0 la r\u00e9ponse aux questionnaires 1 heure de leurs heures de cours&nbsp;; de plus, Mme Aurore et Mme Pasbecq ont appuy\u00e9 la d\u00e9marche au travers de projets men\u00e9s actuellement en collaboration avec le CDI.<\/p>\n\n\n\n<p>Enfin, le CDI remercie sp\u00e9cialement les \u00e9l\u00e8ves de la Maison des Lyc\u00e9ens pour leur soutien dans l\u2019achat des lots.<\/p>\n\n\n\n<p><strong>F\u00e9licitations aux \u00e9l\u00e8ves laur\u00e9ats!<\/strong><\/p>\n\n\n\n<p><strong>Suite des QUIZZ <\/strong><br><a href=\"https:\/\/site.ac-martinique.fr\/lyc-raymondneris\/wp-content\/uploads\/sites\/40\/2022\/06\/Quizz-4.pdf\" target=\"_blank\" rel=\"noreferrer noopener\">QUIZZ 4<\/a><br><a href=\"https:\/\/site.ac-martinique.fr\/lyc-raymondneris\/wp-content\/uploads\/sites\/40\/2022\/06\/Quizz-5.pdf\" target=\"_blank\" rel=\"noreferrer noopener\">QUIZZ 5<\/a><br><a href=\"https:\/\/site.ac-martinique.fr\/lyc-raymondneris\/wp-content\/uploads\/sites\/40\/2022\/06\/Quizz-6.pdf\" target=\"_blank\" rel=\"noreferrer noopener\">QUIZZ 6<\/a><br><a href=\"https:\/\/site.ac-martinique.fr\/lyc-raymondneris\/wp-content\/uploads\/sites\/40\/2022\/06\/Quizz-7.pdf\" target=\"_blank\" rel=\"noreferrer noopener\">QUIZZ 7<\/a><br><a href=\"https:\/\/site.ac-martinique.fr\/lyc-raymondneris\/wp-content\/uploads\/sites\/40\/2022\/06\/Quizz-8.pdf\" target=\"_blank\" rel=\"noreferrer noopener\">QUIZZ 8<\/a><br><a href=\"https:\/\/site.ac-martinique.fr\/lyc-raymondneris\/wp-content\/uploads\/sites\/40\/2022\/06\/Quizz-9.pdf\" target=\"_blank\" rel=\"noreferrer noopener\">QUIZZ 9<\/a><\/p>\n","protected":false},"excerpt":{"rendered":"<p>Afin de permettre aux \u00e9l\u00e8ves de red\u00e9couvrir le CDI , ce qu\u2019il contient et ses missions, la documentaliste, Mme Servillo, a mis \u00e0 la disposition des \u00e9l\u00e8ves des questionnaires bas\u00e9s sur la connaissance des documents et des informations qu\u2019apporte un &hellip; <a href=\"https:\/\/site.ac-martinique.fr\/lyc-raymondneris\/?page_id=3635\">Continuer la lecture <span class=\"meta-nav\">&rarr;<\/span><\/a><\/p>\n","protected":false},"author":101,"featured_media":0,"parent":0,"menu_order":0,"comment_status":"closed","ping_status":"closed","template":"","meta":{"footnotes":""},"class_list":["post-3635","page","type-page","status-publish","hentry"],"_links":{"self":[{"href":"https:\/\/site.ac-martinique.fr\/lyc-raymondneris\/index.php?rest_route=\/wp\/v2\/pages\/3635","targetHints":{"allow":["GET"]}}],"collection":[{"href":"https:\/\/site.ac-martinique.fr\/lyc-raymondneris\/index.php?rest_route=\/wp\/v2\/pages"}],"about":[{"href":"https:\/\/site.ac-martinique.fr\/lyc-raymondneris\/index.php?rest_route=\/wp\/v2\/types\/page"}],"author":[{"embeddable":true,"href":"https:\/\/site.ac-martinique.fr\/lyc-raymondneris\/index.php?rest_route=\/wp\/v2\/users\/101"}],"replies":[{"embeddable":true,"href":"https:\/\/site.ac-martinique.fr\/lyc-raymondneris\/index.php?rest_route=%2Fwp%2Fv2%2Fcomments&post=3635"}],"version-history":[{"count":5,"href":"https:\/\/site.ac-martinique.fr\/lyc-raymondneris\/index.php?rest_route=\/wp\/v2\/pages\/3635\/revisions"}],"predecessor-version":[{"id":4327,"href":"https:\/\/site.ac-martinique.fr\/lyc-raymondneris\/index.php?rest_route=\/wp\/v2\/pages\/3635\/revisions\/4327"}],"wp:attachment":[{"href":"https:\/\/site.ac-martinique.fr\/lyc-raymondneris\/index.php?rest_route=%2Fwp%2Fv2%2Fmedia&parent=3635"}],"curies":[{"name":"wp","href":"https:\/\/api.w.org\/{rel}","templated":true}]}}