{"id":3661,"date":"2022-03-22T17:27:28","date_gmt":"2022-03-22T16:27:28","guid":{"rendered":"https:\/\/site.ac-martinique.fr\/lyc-raymondneris\/?page_id=3661"},"modified":"2022-03-22T17:33:41","modified_gmt":"2022-03-22T16:33:41","slug":"myturboself","status":"publish","type":"page","link":"https:\/\/site.ac-martinique.fr\/lyc-raymondneris\/?page_id=3661","title":{"rendered":"MYTURBOSELF"},"content":{"rendered":"\n<div class=\"wp-block-image\"><figure class=\"alignleft size-full is-resized\"><a href=\"https:\/\/site.ac-martinique.fr\/lyc-raymondneris\/wp-content\/uploads\/sites\/40\/2022\/03\/QR-code-turbo.jpg\"><img loading=\"lazy\" decoding=\"async\" src=\"https:\/\/site.ac-martinique.fr\/lyc-raymondneris\/wp-content\/uploads\/sites\/40\/2022\/03\/QR-code-turbo.jpg\" alt=\"\" class=\"wp-image-3658\" width=\"144\" height=\"244\"\/><\/a><\/figure><\/div>\n\n\n\n<p>T\u00e9l\u00e9charger l&rsquo;application MYTURBOSELF via le QR Code ci-contre<br>Une fois l&rsquo;application install\u00e9e cliquer sur \u00ab\u00a0CREER UN COMPTE \u00ab\u00a0<\/p>\n\n\n\n<p><\/p>\n\n\n\n<p><\/p>\n","protected":false},"excerpt":{"rendered":"<p>T\u00e9l\u00e9charger l&rsquo;application MYTURBOSELF via le QR Code ci-contreUne fois l&rsquo;application install\u00e9e cliquer sur \u00ab\u00a0CREER UN COMPTE \u00ab\u00a0<\/p>\n","protected":false},"author":101,"featured_media":0,"parent":0,"menu_order":0,"comment_status":"closed","ping_status":"closed","template":"","meta":{"footnotes":""},"class_list":["post-3661","page","type-page","status-publish","hentry"],"_links":{"self":[{"href":"https:\/\/site.ac-martinique.fr\/lyc-raymondneris\/index.php?rest_route=\/wp\/v2\/pages\/3661","targetHints":{"allow":["GET"]}}],"collection":[{"href":"https:\/\/site.ac-martinique.fr\/lyc-raymondneris\/index.php?rest_route=\/wp\/v2\/pages"}],"about":[{"href":"https:\/\/site.ac-martinique.fr\/lyc-raymondneris\/index.php?rest_route=\/wp\/v2\/types\/page"}],"author":[{"embeddable":true,"href":"https:\/\/site.ac-martinique.fr\/lyc-raymondneris\/index.php?rest_route=\/wp\/v2\/users\/101"}],"replies":[{"embeddable":true,"href":"https:\/\/site.ac-martinique.fr\/lyc-raymondneris\/index.php?rest_route=%2Fwp%2Fv2%2Fcomments&post=3661"}],"version-history":[{"count":4,"href":"https:\/\/site.ac-martinique.fr\/lyc-raymondneris\/index.php?rest_route=\/wp\/v2\/pages\/3661\/revisions"}],"predecessor-version":[{"id":3668,"href":"https:\/\/site.ac-martinique.fr\/lyc-raymondneris\/index.php?rest_route=\/wp\/v2\/pages\/3661\/revisions\/3668"}],"wp:attachment":[{"href":"https:\/\/site.ac-martinique.fr\/lyc-raymondneris\/index.php?rest_route=%2Fwp%2Fv2%2Fmedia&parent=3661"}],"curies":[{"name":"wp","href":"https:\/\/api.w.org\/{rel}","templated":true}]}}