{"id":3897,"date":"2022-06-05T18:39:09","date_gmt":"2022-06-05T17:39:09","guid":{"rendered":"https:\/\/site.ac-martinique.fr\/lyc-raymondneris\/?page_id=3897"},"modified":"2022-07-11T19:50:37","modified_gmt":"2022-07-11T18:50:37","slug":"les-coiffures-racontent-le-patrimoine","status":"publish","type":"page","link":"https:\/\/site.ac-martinique.fr\/lyc-raymondneris\/?page_id=3897","title":{"rendered":"LES COIFFURES RACONTENT LE PATRIMOINE"},"content":{"rendered":"\n<p>Ce projet intitul\u00e9&nbsp;<strong><em>\u00ab&nbsp;Les coiffures racontent notre patrimoine&nbsp;\u00bb<\/em><\/strong>&nbsp;a pour objectifs&nbsp;de faire&nbsp;d\u00e9couvrir aux&nbsp;\u00e9l\u00e8ves les diff\u00e9rents aspects de leur patrimoine et de&nbsp;les valoriser par la pr\u00e9sentation de&nbsp;leur travail&nbsp;\u00e0 la communaut\u00e9 scolaire&nbsp;par le biais&nbsp;d\u2019une exposition.<\/p>\n\n\n\n<figure class=\"wp-block-image size-large\"><a href=\"https:\/\/site.ac-martinique.fr\/lyc-raymondneris\/wp-content\/uploads\/sites\/40\/2022\/06\/2923740D-4495-435A-BF57-4F556A561AD2-scaled.jpeg\"><img loading=\"lazy\" decoding=\"async\" width=\"1024\" height=\"768\" src=\"https:\/\/site.ac-martinique.fr\/lyc-raymondneris\/wp-content\/uploads\/sites\/40\/2022\/06\/2923740D-4495-435A-BF57-4F556A561AD2-1024x768.jpeg\" alt=\"\" class=\"wp-image-3902\" srcset=\"https:\/\/site.ac-martinique.fr\/lyc-raymondneris\/wp-content\/uploads\/sites\/40\/2022\/06\/2923740D-4495-435A-BF57-4F556A561AD2-1024x768.jpeg 1024w, https:\/\/site.ac-martinique.fr\/lyc-raymondneris\/wp-content\/uploads\/sites\/40\/2022\/06\/2923740D-4495-435A-BF57-4F556A561AD2-300x225.jpeg 300w, https:\/\/site.ac-martinique.fr\/lyc-raymondneris\/wp-content\/uploads\/sites\/40\/2022\/06\/2923740D-4495-435A-BF57-4F556A561AD2-768x576.jpeg 768w, https:\/\/site.ac-martinique.fr\/lyc-raymondneris\/wp-content\/uploads\/sites\/40\/2022\/06\/2923740D-4495-435A-BF57-4F556A561AD2-1536x1152.jpeg 1536w, https:\/\/site.ac-martinique.fr\/lyc-raymondneris\/wp-content\/uploads\/sites\/40\/2022\/06\/2923740D-4495-435A-BF57-4F556A561AD2-2048x1536.jpeg 2048w\" sizes=\"auto, (max-width: 1024px) 100vw, 1024px\" \/><\/a><\/figure>\n\n\n\n<p><a rel=\"noreferrer noopener\" href=\"https:\/\/site.ac-martinique.fr\/lyc-raymondneris\/wp-content\/uploads\/sites\/40\/2022\/06\/compte-rendu-Le-tour-du-patrimoine-Martiniquais-en-coiffure.pdf\" target=\"_blank\"><strong>Voir le d\u00e9roulement du projet <\/strong><\/a><\/p>\n\n\n\n<p><strong>Visite virtuelle de l&rsquo;expo <\/strong>: Cliquer sur les images ci-dessous. Merci \u00e0 Christine  Clairevoyant, Lydia Servillo, Sylvia Grosdesormaux et Jacques Elie Pastel.<\/p>\n\n\n\n<figure class=\"wp-block-gallery has-nested-images columns-default is-cropped wp-block-gallery-1 is-layout-flex wp-block-gallery-is-layout-flex\">\n<figure class=\"wp-block-image size-large\"><a href=\"https:\/\/tube-numerique-educatif.apps.education.fr\/w\/ejgRtfzefDw9hMvwACZhSx\" target=\"_blank\" rel=\"noreferrer noopener\"><img loading=\"lazy\" decoding=\"async\" width=\"1920\" height=\"2560\" data-id=\"4107\" src=\"https:\/\/site.ac-martinique.fr\/lyc-raymondneris\/wp-content\/uploads\/sites\/40\/2022\/06\/frise-8-scaled.jpg\" alt=\"\" class=\"wp-image-4107\" srcset=\"https:\/\/site.ac-martinique.fr\/lyc-raymondneris\/wp-content\/uploads\/sites\/40\/2022\/06\/frise-8-scaled.jpg 1920w, https:\/\/site.ac-martinique.fr\/lyc-raymondneris\/wp-content\/uploads\/sites\/40\/2022\/06\/frise-8-225x300.jpg 225w, https:\/\/site.ac-martinique.fr\/lyc-raymondneris\/wp-content\/uploads\/sites\/40\/2022\/06\/frise-8-768x1024.jpg 768w, https:\/\/site.ac-martinique.fr\/lyc-raymondneris\/wp-content\/uploads\/sites\/40\/2022\/06\/frise-8-1152x1536.jpg 1152w, https:\/\/site.ac-martinique.fr\/lyc-raymondneris\/wp-content\/uploads\/sites\/40\/2022\/06\/frise-8-1536x2048.jpg 1536w\" sizes=\"auto, (max-width: 1920px) 100vw, 1920px\" \/><\/a><figcaption><a href=\"https:\/\/tube-numerique-educatif.apps.education.fr\/w\/ejgRtfzefDw9hMvwACZhSx\">VERSION FRANCAISE<\/a><\/figcaption><\/figure>\n\n\n\n<figure class=\"wp-block-image size-large\"><a href=\"https:\/\/tube-numerique-educatif.apps.education.fr\/w\/cDyEWUsJGCRiumuWd2w4db\" target=\"_blank\" rel=\"voir noopener\"><img loading=\"lazy\" decoding=\"async\" width=\"1772\" height=\"1329\" data-id=\"4108\" src=\"https:\/\/site.ac-martinique.fr\/lyc-raymondneris\/wp-content\/uploads\/sites\/40\/2022\/06\/IMG_0138.jpg\" alt=\"\" class=\"wp-image-4108\" srcset=\"https:\/\/site.ac-martinique.fr\/lyc-raymondneris\/wp-content\/uploads\/sites\/40\/2022\/06\/IMG_0138.jpg 1772w, https:\/\/site.ac-martinique.fr\/lyc-raymondneris\/wp-content\/uploads\/sites\/40\/2022\/06\/IMG_0138-300x225.jpg 300w, https:\/\/site.ac-martinique.fr\/lyc-raymondneris\/wp-content\/uploads\/sites\/40\/2022\/06\/IMG_0138-1024x768.jpg 1024w, https:\/\/site.ac-martinique.fr\/lyc-raymondneris\/wp-content\/uploads\/sites\/40\/2022\/06\/IMG_0138-768x576.jpg 768w, https:\/\/site.ac-martinique.fr\/lyc-raymondneris\/wp-content\/uploads\/sites\/40\/2022\/06\/IMG_0138-1536x1152.jpg 1536w\" sizes=\"auto, (max-width: 1772px) 100vw, 1772px\" \/><\/a><figcaption><a href=\"https:\/\/tube-numerique-educatif.apps.education.fr\/w\/cDyEWUsJGCRiumuWd2w4db\">VERSION CREOLE (Transb\u00f2daj)<\/a><\/figcaption><\/figure>\n<figcaption class=\"blocks-gallery-caption\"><strong> <\/strong>                                                                                   <strong>           <\/strong>                                                                                     <\/figcaption><\/figure>\n\n\n\n<p><strong>PRESENTATION DU CHEF D\u2019\u0152UVRE DE LA SECTION METIERS DE LA COIFFURE 2020-2022<\/strong><br>Ce travail pluridisciplinaire a \u00e9t\u00e9 men\u00e9 en collaboration avec les professeurs suivants&nbsp;:<\/p>\n\n\n\n<p>\u2022&nbsp;Arts Appliqu\u00e9s&nbsp;: Mme Aurore &#8211; pilote du projet<br>.&nbsp;Documentalistes&nbsp;:&nbsp;Mmes Salomon (2020-2021) et&nbsp;Servillo(2022)<br>. Technologies de la&nbsp;Coiffure&nbsp;:&nbsp;Mmes&nbsp;Micholet&nbsp;et Lorenzi<br><br>Apr\u00e8s des recherches et l\u2019\u00e9tude d\u2019ouvrages et de documentaires sur le patrimoine mat\u00e9riel et immat\u00e9riel, les \u00e9l\u00e8ves ont r\u00e9alis\u00e9&nbsp;:<\/p>\n\n\n\n<p>\u2022&nbsp;Une fresque r\u00e9capitulant les 4 cat\u00e9gories du patrimoine mat\u00e9riel (naturel, architectural, mobilier, vestimentaire) ainsi que les 4 cat\u00e9gories du patrimoine immat\u00e9riel (litt\u00e9raire, culinaire, artistique, \u00e9v\u00e8nementiel)<br>. Des esquisses graphiques, transposant des \u00e9l\u00e9ments du patrimoine en coiffure<br>. Des coiffures sur t\u00eates d\u2019\u00e9tude illustrant cette transposition&nbsp;<br>. Une mini exposition au CDI pr\u00e9sentant l\u2019ensemble de&nbsp;leur&nbsp;travail<\/p>\n\n\n\n<p><strong>Plusieurs comp\u00e9tences ont&nbsp;<\/strong><strong>ainsi \u00e9t\u00e9<\/strong><strong>&nbsp;d\u00e9velopp\u00e9es<\/strong><strong>&nbsp;par les \u00e9l\u00e8ves<\/strong><strong>&nbsp;<\/strong><strong>:<\/strong><\/p>\n\n\n\n<p>\u25a0&nbsp;Effectuer des recherches documentaires<\/p>\n\n\n\n<p>\u25a0&nbsp;Acqu\u00e9rir des m\u00e9thodes de recherches au CDI<\/p>\n\n\n\n<p>\u25a0&nbsp;Collecter, s\u00e9lectionner, comparer, et classer<\/p>\n\n\n\n<p>\u25a0&nbsp;D\u00e9crire, analyser et rendre compte<\/p>\n\n\n\n<p>\u25a0&nbsp;Trouver des solutions pour donner sens et forme au projet<\/p>\n\n\n\n<p>\u25a0&nbsp;Concevoir et r\u00e9aliser une fresque<\/p>\n\n\n\n<p>\u25a0&nbsp;Exp\u00e9rimenter des concepts<\/p>\n\n\n\n<p>\u25a0&nbsp;Exploiter des techniques professionnelles<\/p>\n\n\n\n<p>\u25a0&nbsp;Elaborer des coiffures artistiques<\/p>\n\n\n\n<p>\u25a0&nbsp;Pr\u00e9senter leur&nbsp;projet au public<\/p>\n\n\n\n<p>PRESENTATION DU PATRIMOINE MATERIEL<\/p>\n\n\n\n<p><a href=\"https:\/\/site.ac-martinique.fr\/lyc-raymondneris\/wp-content\/uploads\/sites\/40\/2022\/06\/LE-PATRIMOINE-ARCHITECTURAL.pdf\" target=\"_blank\" rel=\"noreferrer noopener\">Patrimoine Architectural<\/a><br><a href=\"https:\/\/site.ac-martinique.fr\/lyc-raymondneris\/wp-content\/uploads\/sites\/40\/2022\/06\/LE-PATRIMOINE-NATUREL.pdf\" target=\"_blank\" rel=\"noreferrer noopener\">Patrimoine Naturel<\/a><br><a href=\"https:\/\/site.ac-martinique.fr\/lyc-raymondneris\/wp-content\/uploads\/sites\/40\/2022\/06\/LE-PATRIMOINE-MOBILIER.pdf\" target=\"_blank\" rel=\"noreferrer noopener\">Patrimoine Mobilier<\/a><br><a href=\"https:\/\/site.ac-martinique.fr\/lyc-raymondneris\/wp-content\/uploads\/sites\/40\/2022\/06\/LE-PATRIMOINE-VESTIMENTAIRE-.pdf\" target=\"_blank\" rel=\"noreferrer noopener\">Patrimoine Vestimentaire <\/a><\/p>\n\n\n\n<p>PRESENTATION DU PATRIMOINE IMMATERIEL<\/p>\n\n\n\n<p><a rel=\"noreferrer noopener\" href=\"https:\/\/site.ac-martinique.fr\/lyc-raymondneris\/wp-content\/uploads\/sites\/40\/2022\/06\/LE-PATRIMOINE-ARTISTIQUE-3.pdf\" target=\"_blank\">Patrimoine Artistique<\/a><br><a rel=\"noreferrer noopener\" href=\"https:\/\/site.ac-martinique.fr\/lyc-raymondneris\/wp-content\/uploads\/sites\/40\/2022\/06\/LE-PATRIMOINE-LITTERAIRE.pdf\" target=\"_blank\">Patrimoine Litt\u00e9raire<\/a><br><a rel=\"noreferrer noopener\" href=\"https:\/\/site.ac-martinique.fr\/lyc-raymondneris\/wp-content\/uploads\/sites\/40\/2022\/06\/LE-PATRIMOINE-EVENEMENTIEL-.pdf\" target=\"_blank\">Patrimoine \u00e9v\u00e8nementiel<\/a><br><a href=\"https:\/\/site.ac-martinique.fr\/lyc-raymondneris\/wp-content\/uploads\/sites\/40\/2022\/06\/LE-PATRIMOINE-CULINAIRE.pdf\" target=\"_blank\" rel=\"noreferrer noopener\">Patrimoine Culinaire<\/a><br><\/p>\n","protected":false},"excerpt":{"rendered":"<p>Ce projet intitul\u00e9&nbsp;\u00ab&nbsp;Les coiffures racontent notre patrimoine&nbsp;\u00bb&nbsp;a pour objectifs&nbsp;de faire&nbsp;d\u00e9couvrir aux&nbsp;\u00e9l\u00e8ves les diff\u00e9rents aspects de leur patrimoine et de&nbsp;les valoriser par la pr\u00e9sentation de&nbsp;leur travail&nbsp;\u00e0 la communaut\u00e9 scolaire&nbsp;par le biais&nbsp;d\u2019une exposition. Voir le d\u00e9roulement du projet Visite virtuelle de l&rsquo;expo &hellip; <a href=\"https:\/\/site.ac-martinique.fr\/lyc-raymondneris\/?page_id=3897\">Continuer la lecture <span class=\"meta-nav\">&rarr;<\/span><\/a><\/p>\n","protected":false},"author":101,"featured_media":0,"parent":0,"menu_order":0,"comment_status":"closed","ping_status":"closed","template":"","meta":{"footnotes":""},"class_list":["post-3897","page","type-page","status-publish","hentry"],"_links":{"self":[{"href":"https:\/\/site.ac-martinique.fr\/lyc-raymondneris\/index.php?rest_route=\/wp\/v2\/pages\/3897","targetHints":{"allow":["GET"]}}],"collection":[{"href":"https:\/\/site.ac-martinique.fr\/lyc-raymondneris\/index.php?rest_route=\/wp\/v2\/pages"}],"about":[{"href":"https:\/\/site.ac-martinique.fr\/lyc-raymondneris\/index.php?rest_route=\/wp\/v2\/types\/page"}],"author":[{"embeddable":true,"href":"https:\/\/site.ac-martinique.fr\/lyc-raymondneris\/index.php?rest_route=\/wp\/v2\/users\/101"}],"replies":[{"embeddable":true,"href":"https:\/\/site.ac-martinique.fr\/lyc-raymondneris\/index.php?rest_route=%2Fwp%2Fv2%2Fcomments&post=3897"}],"version-history":[{"count":21,"href":"https:\/\/site.ac-martinique.fr\/lyc-raymondneris\/index.php?rest_route=\/wp\/v2\/pages\/3897\/revisions"}],"predecessor-version":[{"id":4269,"href":"https:\/\/site.ac-martinique.fr\/lyc-raymondneris\/index.php?rest_route=\/wp\/v2\/pages\/3897\/revisions\/4269"}],"wp:attachment":[{"href":"https:\/\/site.ac-martinique.fr\/lyc-raymondneris\/index.php?rest_route=%2Fwp%2Fv2%2Fmedia&parent=3897"}],"curies":[{"name":"wp","href":"https:\/\/api.w.org\/{rel}","templated":true}]}}