{"id":4093,"date":"2022-06-22T18:32:36","date_gmt":"2022-06-22T17:32:36","guid":{"rendered":"https:\/\/site.ac-martinique.fr\/lyc-raymondneris\/?page_id=4093"},"modified":"2022-06-22T18:36:49","modified_gmt":"2022-06-22T17:36:49","slug":"exposition-cheveu-crepu-a-la-rencontre-de-nos-aines","status":"publish","type":"page","link":"https:\/\/site.ac-martinique.fr\/lyc-raymondneris\/?page_id=4093","title":{"rendered":"EXPOSITION CHEVEU CREPU A LA RENCONTRE DE NOS AINES"},"content":{"rendered":"\n<p>L&rsquo;exposition \u00ab\u00a0cheveu cr\u00e9pu au fil du temps\u00a0\u00bb des \u00e9l\u00e8ves de CAP M\u00e9tiers de la Coiffure est expos\u00e9 du 16 au 30 juin 2022 \u00e0 l&rsquo;EHPAD Flor\u00e9a de l&rsquo;\u00e9tang Zabricot<\/p>\n\n\n\n<figure class=\"wp-block-image size-large\"><a href=\"https:\/\/site.ac-martinique.fr\/lyc-raymondneris\/wp-content\/uploads\/sites\/40\/2022\/06\/XAGL7560.jpg\"><img loading=\"lazy\" decoding=\"async\" width=\"1024\" height=\"462\" src=\"https:\/\/site.ac-martinique.fr\/lyc-raymondneris\/wp-content\/uploads\/sites\/40\/2022\/06\/XAGL7560-1024x462.jpg\" alt=\"\" class=\"wp-image-4094\" srcset=\"https:\/\/site.ac-martinique.fr\/lyc-raymondneris\/wp-content\/uploads\/sites\/40\/2022\/06\/XAGL7560-1024x462.jpg 1024w, https:\/\/site.ac-martinique.fr\/lyc-raymondneris\/wp-content\/uploads\/sites\/40\/2022\/06\/XAGL7560-300x135.jpg 300w, https:\/\/site.ac-martinique.fr\/lyc-raymondneris\/wp-content\/uploads\/sites\/40\/2022\/06\/XAGL7560-768x346.jpg 768w, https:\/\/site.ac-martinique.fr\/lyc-raymondneris\/wp-content\/uploads\/sites\/40\/2022\/06\/XAGL7560.jpg 1156w\" sizes=\"auto, (max-width: 1024px) 100vw, 1024px\" \/><\/a><\/figure>\n\n\n\n<p>Les r\u00e9sidents \u00e9taient ravis de d\u00e9couvrir les r\u00e9alisations de nos \u00e9l\u00e8ves et ont \u00e9voqu\u00e9 leurs souvenirs concernant les anciennes techniques de  d\u00e9frisage de leurs cheveux. Un touchant moment d&rsquo;\u00e9change et de partage autour de  l&rsquo;histoire du cheveu cr\u00e9pu au fil du temps.<\/p>\n\n\n\n<figure class=\"wp-block-gallery has-nested-images columns-default is-cropped wp-block-gallery-1 is-layout-flex wp-block-gallery-is-layout-flex\">\n<figure class=\"wp-block-image size-large\"><a href=\"https:\/\/site.ac-martinique.fr\/lyc-raymondneris\/wp-content\/uploads\/sites\/40\/2022\/06\/NRUZ8738.jpg\"><img loading=\"lazy\" decoding=\"async\" width=\"462\" height=\"1024\" data-id=\"4097\" src=\"https:\/\/site.ac-martinique.fr\/lyc-raymondneris\/wp-content\/uploads\/sites\/40\/2022\/06\/NRUZ8738-462x1024.jpg\" alt=\"\" class=\"wp-image-4097\" srcset=\"https:\/\/site.ac-martinique.fr\/lyc-raymondneris\/wp-content\/uploads\/sites\/40\/2022\/06\/NRUZ8738-462x1024.jpg 462w, https:\/\/site.ac-martinique.fr\/lyc-raymondneris\/wp-content\/uploads\/sites\/40\/2022\/06\/NRUZ8738-135x300.jpg 135w, https:\/\/site.ac-martinique.fr\/lyc-raymondneris\/wp-content\/uploads\/sites\/40\/2022\/06\/NRUZ8738.jpg 521w\" sizes=\"auto, (max-width: 462px) 100vw, 462px\" \/><\/a><\/figure>\n\n\n\n<figure class=\"wp-block-image size-large\"><a href=\"https:\/\/site.ac-martinique.fr\/lyc-raymondneris\/wp-content\/uploads\/sites\/40\/2022\/06\/ANJM2323.jpg\"><img loading=\"lazy\" decoding=\"async\" width=\"462\" height=\"1024\" data-id=\"4096\" src=\"https:\/\/site.ac-martinique.fr\/lyc-raymondneris\/wp-content\/uploads\/sites\/40\/2022\/06\/ANJM2323-462x1024.jpg\" alt=\"\" class=\"wp-image-4096\" srcset=\"https:\/\/site.ac-martinique.fr\/lyc-raymondneris\/wp-content\/uploads\/sites\/40\/2022\/06\/ANJM2323-462x1024.jpg 462w, https:\/\/site.ac-martinique.fr\/lyc-raymondneris\/wp-content\/uploads\/sites\/40\/2022\/06\/ANJM2323-135x300.jpg 135w, https:\/\/site.ac-martinique.fr\/lyc-raymondneris\/wp-content\/uploads\/sites\/40\/2022\/06\/ANJM2323.jpg 521w\" sizes=\"auto, (max-width: 462px) 100vw, 462px\" \/><\/a><\/figure>\n\n\n\n<figure class=\"wp-block-image size-large\"><a href=\"https:\/\/site.ac-martinique.fr\/lyc-raymondneris\/wp-content\/uploads\/sites\/40\/2022\/06\/FLPE2566.jpg\"><img loading=\"lazy\" decoding=\"async\" width=\"462\" height=\"1024\" data-id=\"4098\" src=\"https:\/\/site.ac-martinique.fr\/lyc-raymondneris\/wp-content\/uploads\/sites\/40\/2022\/06\/FLPE2566-462x1024.jpg\" alt=\"\" class=\"wp-image-4098\" srcset=\"https:\/\/site.ac-martinique.fr\/lyc-raymondneris\/wp-content\/uploads\/sites\/40\/2022\/06\/FLPE2566-462x1024.jpg 462w, https:\/\/site.ac-martinique.fr\/lyc-raymondneris\/wp-content\/uploads\/sites\/40\/2022\/06\/FLPE2566-135x300.jpg 135w, https:\/\/site.ac-martinique.fr\/lyc-raymondneris\/wp-content\/uploads\/sites\/40\/2022\/06\/FLPE2566.jpg 521w\" sizes=\"auto, (max-width: 462px) 100vw, 462px\" \/><\/a><\/figure>\n\n\n\n<figure class=\"wp-block-image size-large\"><a href=\"https:\/\/site.ac-martinique.fr\/lyc-raymondneris\/wp-content\/uploads\/sites\/40\/2022\/06\/IMG_0228-scaled.jpg\"><img loading=\"lazy\" decoding=\"async\" width=\"1024\" height=\"768\" data-id=\"4101\" src=\"https:\/\/site.ac-martinique.fr\/lyc-raymondneris\/wp-content\/uploads\/sites\/40\/2022\/06\/IMG_0228-1024x768.jpg\" alt=\"\" class=\"wp-image-4101\" srcset=\"https:\/\/site.ac-martinique.fr\/lyc-raymondneris\/wp-content\/uploads\/sites\/40\/2022\/06\/IMG_0228-1024x768.jpg 1024w, https:\/\/site.ac-martinique.fr\/lyc-raymondneris\/wp-content\/uploads\/sites\/40\/2022\/06\/IMG_0228-300x225.jpg 300w, https:\/\/site.ac-martinique.fr\/lyc-raymondneris\/wp-content\/uploads\/sites\/40\/2022\/06\/IMG_0228-768x576.jpg 768w, https:\/\/site.ac-martinique.fr\/lyc-raymondneris\/wp-content\/uploads\/sites\/40\/2022\/06\/IMG_0228-1536x1152.jpg 1536w, https:\/\/site.ac-martinique.fr\/lyc-raymondneris\/wp-content\/uploads\/sites\/40\/2022\/06\/IMG_0228-2048x1536.jpg 2048w\" sizes=\"auto, (max-width: 1024px) 100vw, 1024px\" \/><\/a><\/figure>\n\n\n\n<figure class=\"wp-block-image size-large\"><a href=\"https:\/\/site.ac-martinique.fr\/lyc-raymondneris\/wp-content\/uploads\/sites\/40\/2022\/06\/IMG_0234-scaled.jpg\"><img loading=\"lazy\" decoding=\"async\" width=\"768\" height=\"1024\" data-id=\"4100\" src=\"https:\/\/site.ac-martinique.fr\/lyc-raymondneris\/wp-content\/uploads\/sites\/40\/2022\/06\/IMG_0234-768x1024.jpg\" alt=\"\" class=\"wp-image-4100\" srcset=\"https:\/\/site.ac-martinique.fr\/lyc-raymondneris\/wp-content\/uploads\/sites\/40\/2022\/06\/IMG_0234-768x1024.jpg 768w, https:\/\/site.ac-martinique.fr\/lyc-raymondneris\/wp-content\/uploads\/sites\/40\/2022\/06\/IMG_0234-225x300.jpg 225w, https:\/\/site.ac-martinique.fr\/lyc-raymondneris\/wp-content\/uploads\/sites\/40\/2022\/06\/IMG_0234-1152x1536.jpg 1152w, https:\/\/site.ac-martinique.fr\/lyc-raymondneris\/wp-content\/uploads\/sites\/40\/2022\/06\/IMG_0234-1536x2048.jpg 1536w, https:\/\/site.ac-martinique.fr\/lyc-raymondneris\/wp-content\/uploads\/sites\/40\/2022\/06\/IMG_0234-scaled.jpg 1920w\" sizes=\"auto, (max-width: 768px) 100vw, 768px\" \/><\/a><\/figure>\n<\/figure>\n\n\n\n<figure class=\"wp-block-gallery has-nested-images columns-default is-cropped wp-block-gallery-2 is-layout-flex wp-block-gallery-is-layout-flex\">\n<figure class=\"wp-block-image size-large\"><a href=\"https:\/\/site.ac-martinique.fr\/lyc-raymondneris\/wp-content\/uploads\/sites\/40\/2022\/06\/IMG_0229-1-scaled.jpg\"><img loading=\"lazy\" decoding=\"async\" width=\"1024\" height=\"768\" data-id=\"4103\" src=\"https:\/\/site.ac-martinique.fr\/lyc-raymondneris\/wp-content\/uploads\/sites\/40\/2022\/06\/IMG_0229-1-1024x768.jpg\" alt=\"\" class=\"wp-image-4103\" srcset=\"https:\/\/site.ac-martinique.fr\/lyc-raymondneris\/wp-content\/uploads\/sites\/40\/2022\/06\/IMG_0229-1-1024x768.jpg 1024w, https:\/\/site.ac-martinique.fr\/lyc-raymondneris\/wp-content\/uploads\/sites\/40\/2022\/06\/IMG_0229-1-300x225.jpg 300w, https:\/\/site.ac-martinique.fr\/lyc-raymondneris\/wp-content\/uploads\/sites\/40\/2022\/06\/IMG_0229-1-768x576.jpg 768w, https:\/\/site.ac-martinique.fr\/lyc-raymondneris\/wp-content\/uploads\/sites\/40\/2022\/06\/IMG_0229-1-1536x1152.jpg 1536w, https:\/\/site.ac-martinique.fr\/lyc-raymondneris\/wp-content\/uploads\/sites\/40\/2022\/06\/IMG_0229-1-2048x1536.jpg 2048w\" sizes=\"auto, (max-width: 1024px) 100vw, 1024px\" \/><\/a><\/figure>\n<\/figure>\n","protected":false},"excerpt":{"rendered":"<p>L&rsquo;exposition \u00ab\u00a0cheveu cr\u00e9pu au fil du temps\u00a0\u00bb des \u00e9l\u00e8ves de CAP M\u00e9tiers de la Coiffure est expos\u00e9 du 16 au 30 juin 2022 \u00e0 l&rsquo;EHPAD Flor\u00e9a de l&rsquo;\u00e9tang Zabricot Les r\u00e9sidents \u00e9taient ravis de d\u00e9couvrir les r\u00e9alisations de nos \u00e9l\u00e8ves &hellip; <a href=\"https:\/\/site.ac-martinique.fr\/lyc-raymondneris\/?page_id=4093\">Continuer la lecture <span class=\"meta-nav\">&rarr;<\/span><\/a><\/p>\n","protected":false},"author":101,"featured_media":0,"parent":0,"menu_order":0,"comment_status":"closed","ping_status":"closed","template":"","meta":{"footnotes":""},"class_list":["post-4093","page","type-page","status-publish","hentry"],"_links":{"self":[{"href":"https:\/\/site.ac-martinique.fr\/lyc-raymondneris\/index.php?rest_route=\/wp\/v2\/pages\/4093","targetHints":{"allow":["GET"]}}],"collection":[{"href":"https:\/\/site.ac-martinique.fr\/lyc-raymondneris\/index.php?rest_route=\/wp\/v2\/pages"}],"about":[{"href":"https:\/\/site.ac-martinique.fr\/lyc-raymondneris\/index.php?rest_route=\/wp\/v2\/types\/page"}],"author":[{"embeddable":true,"href":"https:\/\/site.ac-martinique.fr\/lyc-raymondneris\/index.php?rest_route=\/wp\/v2\/users\/101"}],"replies":[{"embeddable":true,"href":"https:\/\/site.ac-martinique.fr\/lyc-raymondneris\/index.php?rest_route=%2Fwp%2Fv2%2Fcomments&post=4093"}],"version-history":[{"count":4,"href":"https:\/\/site.ac-martinique.fr\/lyc-raymondneris\/index.php?rest_route=\/wp\/v2\/pages\/4093\/revisions"}],"predecessor-version":[{"id":4116,"href":"https:\/\/site.ac-martinique.fr\/lyc-raymondneris\/index.php?rest_route=\/wp\/v2\/pages\/4093\/revisions\/4116"}],"wp:attachment":[{"href":"https:\/\/site.ac-martinique.fr\/lyc-raymondneris\/index.php?rest_route=%2Fwp%2Fv2%2Fmedia&parent=4093"}],"curies":[{"name":"wp","href":"https:\/\/api.w.org\/{rel}","templated":true}]}}