{"id":4448,"date":"2022-07-13T15:51:52","date_gmt":"2022-07-13T14:51:52","guid":{"rendered":"https:\/\/site.ac-martinique.fr\/lyc-raymondneris\/?page_id=4448"},"modified":"2022-07-13T16:12:58","modified_gmt":"2022-07-13T15:12:58","slug":"rencontres-annuelles-du-reseau-des-ecoles-associees-a-lunesco","status":"publish","type":"page","link":"https:\/\/site.ac-martinique.fr\/lyc-raymondneris\/?page_id=4448","title":{"rendered":"RENCONTRES ANNUELLES DU RESEAU DES ECOLES ASSOCIEES A L\u2019UNESCO"},"content":{"rendered":"\n<figure class=\"wp-block-gallery has-nested-images columns-default is-cropped wp-block-gallery-1 is-layout-flex wp-block-gallery-is-layout-flex\">\n<figure class=\"wp-block-image size-large\"><a href=\"https:\/\/site.ac-martinique.fr\/lyc-raymondneris\/wp-content\/uploads\/sites\/40\/2022\/07\/Photo-1.jpg\"><img loading=\"lazy\" decoding=\"async\" width=\"567\" height=\"425\" data-id=\"4449\" src=\"https:\/\/site.ac-martinique.fr\/lyc-raymondneris\/wp-content\/uploads\/sites\/40\/2022\/07\/Photo-1.jpg\" alt=\"\" class=\"wp-image-4449\" srcset=\"https:\/\/site.ac-martinique.fr\/lyc-raymondneris\/wp-content\/uploads\/sites\/40\/2022\/07\/Photo-1.jpg 567w, https:\/\/site.ac-martinique.fr\/lyc-raymondneris\/wp-content\/uploads\/sites\/40\/2022\/07\/Photo-1-300x225.jpg 300w\" sizes=\"auto, (max-width: 567px) 100vw, 567px\" \/><\/a><\/figure>\n\n\n\n<figure class=\"wp-block-image size-large\"><a href=\"https:\/\/site.ac-martinique.fr\/lyc-raymondneris\/wp-content\/uploads\/sites\/40\/2022\/07\/photo-2.jpg\"><img loading=\"lazy\" decoding=\"async\" width=\"425\" height=\"319\" data-id=\"4450\" src=\"https:\/\/site.ac-martinique.fr\/lyc-raymondneris\/wp-content\/uploads\/sites\/40\/2022\/07\/photo-2.jpg\" alt=\"\" class=\"wp-image-4450\" srcset=\"https:\/\/site.ac-martinique.fr\/lyc-raymondneris\/wp-content\/uploads\/sites\/40\/2022\/07\/photo-2.jpg 425w, https:\/\/site.ac-martinique.fr\/lyc-raymondneris\/wp-content\/uploads\/sites\/40\/2022\/07\/photo-2-300x225.jpg 300w\" sizes=\"auto, (max-width: 425px) 100vw, 425px\" \/><\/a><\/figure>\n<\/figure>\n\n\n\n<p>Les 5 et 6 juillet derniers, nous avons eu la chance, le Directeur Op\u00e9rationnel du CMQ2M et la Proviseure du Lyc\u00e9e des M\u00e9tiers du Nautisme et des activit\u00e9s de port, d&rsquo;\u00eatre convi\u00e9s aux rencontres annuelles du r\u00e9seau des \u00e9coles associ\u00e9es \u00e0 l&rsquo;Unesco auquel le LP N\u00e9ris &#8211; CMQ2M<br>appartient d\u00e9sormais, gr\u00e2ce \u00e0 votre concours.<br><br>Nous \u00e9tions la seule d\u00e9l\u00e9gation outremer avec un \u00e9tablissement priv\u00e9 de Polyn\u00e9sie. Il y avait une cinquantaine d&rsquo;\u00e9coles pr\u00e9sentes. Par \u00e9cole, il faut entendre tout \u00e9tablissement scolaire\/universitaire public ou priv\u00e9, 1er et 2d degr\u00e9s.<br><br>Cette nouvelle \u00e9dition avait pour th\u00e8me \u00ab Une \u00e9ducation de qualit\u00e9 pour toutes et tous au service de la paix \u00bb.<br><br>Lors de sa premi\u00e8re journ\u00e9e \u00e0 la maison de l\u2019UNESCO pour les discours officiels, nous avons d\u00e9but\u00e9 par une courte visite du Si\u00e8ge et du jardin potager \u00e9coresponsable. Une table ronde r\u00e9pondant au th\u00e8me et une conf\u00e9rence sur les valeurs du sport et les jeux olympiques et<br>paralympiques de Paris 2024 ont compl\u00e9t\u00e9 cette journ\u00e9e.<br><br>La seconde journ\u00e9e s&rsquo;est d\u00e9roul\u00e9e \u00e0 l\u2019Institut International de Planification de l\u2019\u00c9ducation de l\u2019UNESCO pour des \u00e9changes de bonnes pratiques autour d\u2019ateliers p\u00e9dagogiques men\u00e9s par les r\u00e9f\u00e9rents<br>th\u00e9matiques du r\u00e9seau des \u00e9coles associ\u00e9es de l\u2019UNESCO. Nous avons pu \u00e9changer avec des coordonnateurs \u00e9trangers du r\u00e9seau et plus particuli\u00e8rement la repr\u00e9sentante du Liban.<br><br>L&rsquo;essentiel \u00e0 retenir dans ces rencontres est que le LP N\u00e9ris &#8211; Campus des m\u00e9tiers et des qualifications s&rsquo;inscrit dans la strat\u00e9gie de l&rsquo;Unesco d\u00e9velopp\u00e9e autour de la promotion de l&rsquo;enseignement technique et la formation professionnelle et le renforcement des liens entre<br>l&rsquo;\u00e9ducation et le monde \u00e9conomique. L&rsquo;Unesco a souhait\u00e9 \u00e0 travers notre<br>candidature \u00e9largir la pr\u00e9sence de l&rsquo;outre-mer dans le r\u00e9seau et en particulier dans la zone Cara\u00efbes et inscrire un Lyc\u00e9e professionnel dans le r\u00e9seau r\u00e9pondant ainsi \u00e0 ses enjeux strat\u00e9giques.<br><br>Parmi les priorit\u00e9s \u00e9nonc\u00e9es, l&rsquo;une d&rsquo;elles a particuli\u00e8rement retenue notre attention \u00e0 savoir le lien entre la formation professionnelle et l&rsquo;\u00e9ducation \u00e0 la citoyennet\u00e9 et \u00e0 l&rsquo;environnement.<br><br>Nous avons \u00e9tabli des premiers contacts avec la repr\u00e9sentante de la d\u00e9l\u00e9gation libanaise avec laquelle nous souhaiterions travailler sur un projet autour des activit\u00e9s maritimes et\/ou sur l&rsquo;environnement et la protection des \u00e9cosyst\u00e8mes marins. L&rsquo;avantage du Liban est que cette<br>destination francophone pourrait faciliter une mobilit\u00e9 d&rsquo;\u00e9l\u00e8ves de<br>l&rsquo;acad\u00e9mie.<br><br>Nous souhaiterions \u00e9tablir \u00e9galement des contacts assez rapide avec la repr\u00e9sentante de la d\u00e9l\u00e9gation ukrainienne, Nataliia SHAKURO (dont je suis sur le point d&rsquo;obtenir les coordonn\u00e9es), de mani\u00e8re \u00e0 envisager une action de partage de ressources p\u00e9dagogiques au profit des professeurs ukrainiens qui enseignent le fran\u00e7ais avec \u00e9ventuellement la mise en<br>place de quelques enseignements \u00e0 distance ; il s&rsquo;agit en effet d&rsquo;une urgence \u00e0 laquelle fait face le syst\u00e8me \u00e9ducatif ukrainien, et \u00e0 laquelle nous pourrions modestement r\u00e9pondre par une aide ponctuelle, \u00e0 laquelle pourraient participer enseignants et \u00e9l\u00e8ves volontaires de<br>l&rsquo;acad\u00e9mie de Martinique. C&rsquo;est symbolique certes mais cela pourrait souligner l&rsquo;engagement de l&rsquo;acad\u00e9mie dans ce conflit, ce malgr\u00e9 la distance g\u00e9ographique qui nous s\u00e9pare.<br><br>L&rsquo;Unesco a \u00e9galement pour objectif de d\u00e9ployer son programme \u00ab\u00a0\u00e9cole heureuse\u00a0\u00bb auquel pourrait s&rsquo;associer plus largement d&rsquo;autres \u00e9tablissements de l&rsquo;acad\u00e9mie.<br><br>Enfin, nous avons pour projet courant septembre de programmer une c\u00e9r\u00e9monie officialisant l&rsquo;entr\u00e9e du LP Neris &#8211; Campus des m\u00e9tiers de la mer au sein du r\u00e9seau des \u00e9coles associ\u00e9es \u00e0 l&rsquo;Unesco, \u00e0 laquelle serait convi\u00e9 un repr\u00e9sentant de la commission fran\u00e7aise pour l&rsquo;UNESCO. Ce serait l&rsquo;occasion pour l&rsquo;acad\u00e9mie de communiquer largement autour de<br>cette th\u00e9matique.<br><br><strong><a href=\"https:\/\/site.ac-martinique.fr\/lyc-raymondneris\/wp-content\/uploads\/sites\/40\/2022\/07\/programme-previsionnel-reSEAU.pdf\" target=\"_blank\" rel=\"noreferrer noopener\">Voir le programme pr\u00e9visionnel de cette rencontre<\/a><\/strong><br><\/p>\n","protected":false},"excerpt":{"rendered":"<p>Les 5 et 6 juillet derniers, nous avons eu la chance, le Directeur Op\u00e9rationnel du CMQ2M et la Proviseure du Lyc\u00e9e des M\u00e9tiers du Nautisme et des activit\u00e9s de port, d&rsquo;\u00eatre convi\u00e9s aux rencontres annuelles du r\u00e9seau des \u00e9coles associ\u00e9es &hellip; <a href=\"https:\/\/site.ac-martinique.fr\/lyc-raymondneris\/?page_id=4448\">Continuer la lecture <span class=\"meta-nav\">&rarr;<\/span><\/a><\/p>\n","protected":false},"author":101,"featured_media":0,"parent":0,"menu_order":0,"comment_status":"closed","ping_status":"closed","template":"","meta":{"footnotes":""},"class_list":["post-4448","page","type-page","status-publish","hentry"],"_links":{"self":[{"href":"https:\/\/site.ac-martinique.fr\/lyc-raymondneris\/index.php?rest_route=\/wp\/v2\/pages\/4448","targetHints":{"allow":["GET"]}}],"collection":[{"href":"https:\/\/site.ac-martinique.fr\/lyc-raymondneris\/index.php?rest_route=\/wp\/v2\/pages"}],"about":[{"href":"https:\/\/site.ac-martinique.fr\/lyc-raymondneris\/index.php?rest_route=\/wp\/v2\/types\/page"}],"author":[{"embeddable":true,"href":"https:\/\/site.ac-martinique.fr\/lyc-raymondneris\/index.php?rest_route=\/wp\/v2\/users\/101"}],"replies":[{"embeddable":true,"href":"https:\/\/site.ac-martinique.fr\/lyc-raymondneris\/index.php?rest_route=%2Fwp%2Fv2%2Fcomments&post=4448"}],"version-history":[{"count":2,"href":"https:\/\/site.ac-martinique.fr\/lyc-raymondneris\/index.php?rest_route=\/wp\/v2\/pages\/4448\/revisions"}],"predecessor-version":[{"id":4454,"href":"https:\/\/site.ac-martinique.fr\/lyc-raymondneris\/index.php?rest_route=\/wp\/v2\/pages\/4448\/revisions\/4454"}],"wp:attachment":[{"href":"https:\/\/site.ac-martinique.fr\/lyc-raymondneris\/index.php?rest_route=%2Fwp%2Fv2%2Fmedia&parent=4448"}],"curies":[{"name":"wp","href":"https:\/\/api.w.org\/{rel}","templated":true}]}}