{"id":4583,"date":"2022-09-20T15:34:30","date_gmt":"2022-09-20T14:34:30","guid":{"rendered":"https:\/\/site.ac-martinique.fr\/lyc-raymondneris\/?page_id=4583"},"modified":"2023-06-13T20:32:03","modified_gmt":"2023-06-13T19:32:03","slug":"actions-et-projets-2022-2023","status":"publish","type":"page","link":"https:\/\/site.ac-martinique.fr\/lyc-raymondneris\/?page_id=4583","title":{"rendered":"ACTIONS ET PROJETS 2022-2023"},"content":{"rendered":"\n<ul class=\"wp-block-list\">\n<li><a href=\"https:\/\/site.ac-martinique.fr\/lyc-raymondneris\/?p=5246\">Journ\u00e9e de coh\u00e9sion des Maintenance Nautique<\/a><\/li>\n\n\n\n<li><a href=\"https:\/\/site.ac-martinique.fr\/lyc-raymondneris\/?p=5240\">Les section des m\u00e9tiers de l&rsquo;administration au fort Saint-Louis<\/a><\/li>\n\n\n\n<li><a href=\"https:\/\/site.ac-martinique.fr\/lyc-raymondneris\/?p=5235\">Echo m\u00e9tiers emission Via ATV MN<\/a><\/li>\n\n\n\n<li><a href=\"https:\/\/site.ac-martinique.fr\/lyc-raymondneris\/?p=5182\">Forum de l&rsquo;orientation et de l&rsquo;insertion<\/a><\/li>\n\n\n\n<li><a href=\"https:\/\/site.ac-martinique.fr\/lyc-raymondneris\/?p=5188(ouvre un nouvel onglet)\">La cord\u00e9e de la r\u00e9ussite conf\u00e9rence cont\u00e9e<\/a><\/li>\n\n\n\n<li><a href=\"https:\/\/site.ac-martinique.fr\/lyc-raymondneris\/?p=5205(ouvre un nouvel onglet)\">Expo cheveux cr\u00e9pu au fil du temps n\u00b02<\/a><\/li>\n\n\n\n<li><a href=\"https:\/\/site.ac-martinique.fr\/lyc-raymondneris\/?p=5160(ouvre un nouvel onglet)\">Forum de l&rsquo;orientation et de l&rsquo;insertion avec les BP<\/a><\/li>\n\n\n\n<li><a href=\"https:\/\/site.ac-martinique.fr\/lyc-raymondneris\/?p=5123(ouvre un nouvel onglet)\">Les m\u00e9tiers de la Mode: pr\u00e9sentation Upclicling au coll\u00e8ge du Saint-Esprit<\/a><\/li>\n\n\n\n<li><a href=\"https:\/\/site.ac-martinique.fr\/lyc-raymondneris\/?p=5103(ouvre un nouvel onglet)\">La section MMV \u00e0 la pagerie<\/a><\/li>\n\n\n\n<li><a href=\"https:\/\/site.ac-martinique.fr\/lyc-raymondneris\/?p=5035(ouvre un nouvel onglet)\">Formation BIMER: \u00ab\u00a0Module navigation , r\u00e9glementation, S\u00e9curit\u00e9\u00a0\u00bb<\/a><\/li>\n\n\n\n<li><a href=\"https:\/\/site.ac-martinique.fr\/lyc-raymondneris\/?p=5002(ouvre un nouvel onglet)\">Formation BIMER: Module secourisme<\/a><\/li>\n\n\n\n<li><a href=\"https:\/\/site.ac-martinique.fr\/lyc-raymondneris\/?p=4986\">Modex Pro: l&rsquo;intelligence de la main<\/a><\/li>\n\n\n\n<li><a href=\"https:\/\/site.ac-martinique.fr\/lyc-raymondneris\/?p=4937\">Action de senbilisation au VIH\/SIDA et IST<\/a><\/li>\n\n\n\n<li><a href=\"https:\/\/site.ac-martinique.fr\/lyc-raymondneris\/?p=4930\">Salon de l&rsquo;orientation et de la mobilit\u00e9 de l&rsquo;\u00e9tudiant \u00e0 Saint-Martin<\/a><\/li>\n\n\n\n<li><a href=\"https:\/\/site.ac-martinique.fr\/lyc-raymondneris\/?p=4892\">Visite de Dalila DANIEL \u00e0 la section MMV<\/a><\/li>\n\n\n\n<li><a href=\"https:\/\/site.ac-martinique.fr\/lyc-raymondneris\/?p=4861(ouvre un nouvel onglet)\">Challenge acteur PRAP IBC<\/a><\/li>\n\n\n\n<li><a href=\"https:\/\/site.ac-martinique.fr\/lyc-raymondneris\/?p=4817(ouvre un nouvel onglet)\">Le ModEx Pro<\/a><\/li>\n\n\n\n<li><a href=\"https:\/\/site.ac-martinique.fr\/lyc-raymondneris\/?p=4802\">La cord\u00e9e de la r\u00e9ussite<\/a><\/li>\n\n\n\n<li><a href=\"https:\/\/site.ac-martinique.fr\/lyc-raymondneris\/?p=4793(ouvre un nouvel onglet)\">Les sections Maintenance Nautique \u00e0 la Route du Rhum<\/a><\/li>\n\n\n\n<li><a href=\"https:\/\/site.ac-martinique.fr\/lyc-raymondneris\/?p=4748(ouvre un nouvel onglet)\">La section Maintenance Nautique \u00e0 la Martinik race cup  <\/a><\/li>\n\n\n\n<li><a href=\"https:\/\/site.ac-martinique.fr\/lyc-raymondneris\/?p=4698(ouvre un nouvel onglet)\">Salon de la boulangerie en Guadeloupe<\/a><\/li>\n\n\n\n<li><a href=\"https:\/\/site.ac-martinique.fr\/lyc-raymondneris\/?p=4684\">Semaine Bleue rencontre interg\u00e9n\u00e9rationnelle<\/a><\/li>\n\n\n\n<li><a href=\"https:\/\/site.ac-martinique.fr\/lyc-raymondneris\/?p=4653\">Journ\u00e9e de sensibilisation aux risques majeur (GPPE)<\/a><\/li>\n\n\n\n<li><a href=\"https:\/\/site.ac-martinique.fr\/lyc-raymondneris\/?p=4624(ouvre un nouvel onglet)\">Les GGPE \u00e0 la marina du Marin<\/a><\/li>\n\n\n\n<li><a href=\"https:\/\/site.ac-martinique.fr\/lyc-raymondneris\/?p=4597\">Journ\u00e9e sport scolaire (21\/09\/2022)<\/a><\/li>\n\n\n\n<li><a href=\"https:\/\/site.ac-martinique.fr\/lyc-raymondneris\/?p=4558\">Sortie p\u00e9dagogique GPPE (13\/09\/22)<\/a><\/li>\n<\/ul>\n","protected":false},"excerpt":{"rendered":"","protected":false},"author":391,"featured_media":0,"parent":0,"menu_order":0,"comment_status":"closed","ping_status":"closed","template":"","meta":{"footnotes":""},"class_list":["post-4583","page","type-page","status-publish","hentry"],"_links":{"self":[{"href":"https:\/\/site.ac-martinique.fr\/lyc-raymondneris\/index.php?rest_route=\/wp\/v2\/pages\/4583","targetHints":{"allow":["GET"]}}],"collection":[{"href":"https:\/\/site.ac-martinique.fr\/lyc-raymondneris\/index.php?rest_route=\/wp\/v2\/pages"}],"about":[{"href":"https:\/\/site.ac-martinique.fr\/lyc-raymondneris\/index.php?rest_route=\/wp\/v2\/types\/page"}],"author":[{"embeddable":true,"href":"https:\/\/site.ac-martinique.fr\/lyc-raymondneris\/index.php?rest_route=\/wp\/v2\/users\/391"}],"replies":[{"embeddable":true,"href":"https:\/\/site.ac-martinique.fr\/lyc-raymondneris\/index.php?rest_route=%2Fwp%2Fv2%2Fcomments&post=4583"}],"version-history":[{"count":25,"href":"https:\/\/site.ac-martinique.fr\/lyc-raymondneris\/index.php?rest_route=\/wp\/v2\/pages\/4583\/revisions"}],"predecessor-version":[{"id":5290,"href":"https:\/\/site.ac-martinique.fr\/lyc-raymondneris\/index.php?rest_route=\/wp\/v2\/pages\/4583\/revisions\/5290"}],"wp:attachment":[{"href":"https:\/\/site.ac-martinique.fr\/lyc-raymondneris\/index.php?rest_route=%2Fwp%2Fv2%2Fmedia&parent=4583"}],"curies":[{"name":"wp","href":"https:\/\/api.w.org\/{rel}","templated":true}]}}