{"id":5808,"date":"2024-05-14T15:56:10","date_gmt":"2024-05-14T14:56:10","guid":{"rendered":"https:\/\/site.ac-martinique.fr\/lyc-raymondneris\/?page_id=5808"},"modified":"2025-09-04T17:13:16","modified_gmt":"2025-09-04T16:13:16","slug":"actions-et-projets-2023-2024","status":"publish","type":"page","link":"https:\/\/site.ac-martinique.fr\/lyc-raymondneris\/?page_id=5808","title":{"rendered":"ACTIONS ET PROJETS 2023-2024"},"content":{"rendered":"\n<ul class=\"wp-block-list\">\n<li><a href=\"https:\/\/site.ac-martinique.fr\/lyc-raymondneris\/?p=5454\">Stage des GPPE<\/a><\/li>\n<\/ul>\n\n\n\n<ul class=\"wp-block-list\">\n<li><a href=\"https:\/\/site.ac-martinique.fr\/lyc-raymondneris\/?p=5450\">Ascension de la montagne pel\u00e9e<\/a><\/li>\n<\/ul>\n\n\n\n<ul class=\"wp-block-list\">\n<li><a href=\"https:\/\/site.ac-martinique.fr\/lyc-raymondneris\/?p=5395\">Marche de coh\u00e9sion d\u00e9but d&rsquo;ann\u00e9es<\/a><\/li>\n\n\n\n<li><a href=\"https:\/\/site.ac-martinique.fr\/lyc-raymondneris\/?p=5977\">La journ\u00e9e du patrimoine CAP Maintenance Nautique<\/a><\/li>\n\n\n\n<li><a href=\"https:\/\/site.ac-martinique.fr\/lyc-raymondneris\/?p=5970\">Journ\u00e9e Culturelle au lp Raymond N\u00e9ris<\/a><\/li>\n\n\n\n<li><a href=\"https:\/\/site.ac-martinique.fr\/lyc-raymondneris\/?p=6016\">D\u00e9couverte de la navigation \u00e0  la voile 3\u00e8me P\u00e9pa M\u00e9tiers<\/a><\/li>\n\n\n\n<li><a href=\"https:\/\/site.ac-martinique.fr\/lyc-raymondneris\/?p=5203\">Le chef d&rsquo;oeuvre des \u00e9l\u00e8ves de a section Maintenance Nautique<\/a><\/li>\n\n\n\n<li><a href=\"https:\/\/site.ac-martinique.fr\/lyc-raymondneris\/?p=6039\">La journ\u00e9e des seniors en coiffure<\/a><\/li>\n\n\n\n<li><a href=\"https:\/\/site.ac-martinique.fr\/lyc-raymondneris\/?p=6150\">D\u00e9l\u00e9gation Hongroise au LP R.N\u00e9ris<\/a><\/li>\n<\/ul>\n\n\n\n<p><\/p>\n","protected":false},"excerpt":{"rendered":"","protected":false},"author":391,"featured_media":0,"parent":0,"menu_order":0,"comment_status":"closed","ping_status":"closed","template":"","meta":{"footnotes":""},"class_list":["post-5808","page","type-page","status-publish","hentry"],"_links":{"self":[{"href":"https:\/\/site.ac-martinique.fr\/lyc-raymondneris\/index.php?rest_route=\/wp\/v2\/pages\/5808","targetHints":{"allow":["GET"]}}],"collection":[{"href":"https:\/\/site.ac-martinique.fr\/lyc-raymondneris\/index.php?rest_route=\/wp\/v2\/pages"}],"about":[{"href":"https:\/\/site.ac-martinique.fr\/lyc-raymondneris\/index.php?rest_route=\/wp\/v2\/types\/page"}],"author":[{"embeddable":true,"href":"https:\/\/site.ac-martinique.fr\/lyc-raymondneris\/index.php?rest_route=\/wp\/v2\/users\/391"}],"replies":[{"embeddable":true,"href":"https:\/\/site.ac-martinique.fr\/lyc-raymondneris\/index.php?rest_route=%2Fwp%2Fv2%2Fcomments&post=5808"}],"version-history":[{"count":7,"href":"https:\/\/site.ac-martinique.fr\/lyc-raymondneris\/index.php?rest_route=\/wp\/v2\/pages\/5808\/revisions"}],"predecessor-version":[{"id":6259,"href":"https:\/\/site.ac-martinique.fr\/lyc-raymondneris\/index.php?rest_route=\/wp\/v2\/pages\/5808\/revisions\/6259"}],"wp:attachment":[{"href":"https:\/\/site.ac-martinique.fr\/lyc-raymondneris\/index.php?rest_route=%2Fwp%2Fv2%2Fmedia&parent=5808"}],"curies":[{"name":"wp","href":"https:\/\/api.w.org\/{rel}","templated":true}]}}