{"id":62,"date":"2013-12-05T19:50:24","date_gmt":"2013-12-05T18:50:24","guid":{"rendered":"\/lyc-raymondneris\/?page_id=62"},"modified":"2022-06-22T20:39:16","modified_gmt":"2022-06-22T19:39:16","slug":"raymond-neris","status":"publish","type":"page","link":"https:\/\/site.ac-martinique.fr\/lyc-raymondneris\/?page_id=62","title":{"rendered":"RAYMOND NERIS"},"content":{"rendered":"<p>&nbsp;<\/p>\n<table border=\"0\" width=\"744\">\n<tbody>\n<tr>\n<td valign=\"top\" width=\"51%\" height=\"230\"><img loading=\"lazy\" decoding=\"async\" class=\"alignright\" src=\"data:image\/png;base64,iVBORw0KGgoAAAANSUhEUgAAAFgAAAB0CAIAAACOmWIuAAAKQWlDQ1BJQ0MgUHJvZmlsZQAASA2dlndUU9kWh8+9N73QEiIgJfQaegkg0jtIFQRRiUmAUAKGhCZ2RAVGFBEpVmRUwAFHhyJjRRQLg4Ji1wnyEFDGwVFEReXdjGsJ7601896a\/cdZ39nnt9fZZ+9917oAUPyCBMJ0WAGANKFYFO7rwVwSE8vE9wIYEAEOWAHA4WZmBEf4RALU\/L09mZmoSMaz9u4ugGS72yy\/UCZz1v9\/kSI3QyQGAApF1TY8fiYX5QKUU7PFGTL\/BMr0lSkyhjEyFqEJoqwi48SvbPan5iu7yZiXJuShGlnOGbw0noy7UN6aJeGjjAShXJgl4GejfAdlvVRJmgDl9yjT0\/icTAAwFJlfzOcmoWyJMkUUGe6J8gIACJTEObxyDov5OWieAHimZ+SKBIlJYqYR15hp5ejIZvrxs1P5YjErlMNN4Yh4TM\/0tAyOMBeAr2+WRQElWW2ZaJHtrRzt7VnW5mj5v9nfHn5T\/T3IevtV8Sbsz55BjJ5Z32zsrC+9FgD2JFqbHbO+lVUAtG0GQOXhrE\/vIADyBQC03pzzHoZsXpLE4gwnC4vs7GxzAZ9rLivoN\/ufgm\/Kv4Y595nL7vtWO6YXP4EjSRUzZUXlpqemS0TMzAwOl89k\/fcQ\/+PAOWnNycMsnJ\/AF\/GF6FVR6JQJhIlou4U8gViQLmQKhH\/V4X8YNicHGX6daxRodV8AfYU5ULhJB8hvPQBDIwMkbj96An3rWxAxCsi+vGitka9zjzJ6\/uf6Hwtcim7hTEEiU+b2DI9kciWiLBmj34RswQISkAd0oAo0gS4wAixgDRyAM3AD3iAAhIBIEAOWAy5IAmlABLJBPtgACkEx2AF2g2pwANSBetAEToI2cAZcBFfADXALDIBHQAqGwUswAd6BaQiC8BAVokGqkBakD5lC1hAbWgh5Q0FQOBQDxUOJkBCSQPnQJqgYKoOqoUNQPfQjdBq6CF2D+qAH0CA0Bv0BfYQRmALTYQ3YALaA2bA7HAhHwsvgRHgVnAcXwNvhSrgWPg63whfhG\/AALIVfwpMIQMgIA9FGWAgb8URCkFgkAREha5EipAKpRZqQDqQbuY1IkXHkAwaHoWGYGBbGGeOHWYzhYlZh1mJKMNWYY5hWTBfmNmYQM4H5gqVi1bGmWCesP3YJNhGbjS3EVmCPYFuwl7ED2GHsOxwOx8AZ4hxwfrgYXDJuNa4Etw\/XjLuA68MN4SbxeLwq3hTvgg\/Bc\/BifCG+Cn8cfx7fjx\/GvyeQCVoEa4IPIZYgJGwkVBAaCOcI\/YQRwjRRgahPdCKGEHnEXGIpsY7YQbxJHCZOkxRJhiQXUiQpmbSBVElqIl0mPSa9IZPJOmRHchhZQF5PriSfIF8lD5I\/UJQoJhRPShxFQtlOOUq5QHlAeUOlUg2obtRYqpi6nVpPvUR9Sn0vR5Mzl\/OX48mtk6uRa5Xrl3slT5TXl3eXXy6fJ18hf0r+pvy4AlHBQMFTgaOwVqFG4bTCPYVJRZqilWKIYppiiWKD4jXFUSW8koGStxJPqUDpsNIlpSEaQtOledK4tE20Otpl2jAdRzek+9OT6cX0H+i99AllJWVb5SjlHOUa5bPKUgbCMGD4M1IZpYyTjLuMj\/M05rnP48\/bNq9pXv+8KZX5Km4qfJUilWaVAZWPqkxVb9UU1Z2qbapP1DBqJmphatlq+9Uuq43Pp893ns+dXzT\/5PyH6rC6iXq4+mr1w+o96pMamhq+GhkaVRqXNMY1GZpumsma5ZrnNMe0aFoLtQRa5VrntV4wlZnuzFRmJbOLOaGtru2nLdE+pN2rPa1jqLNYZ6NOs84TXZIuWzdBt1y3U3dCT0svWC9fr1HvoT5Rn62fpL9Hv1t\/ysDQINpgi0GbwaihiqG\/YZ5ho+FjI6qRq9Eqo1qjO8Y4Y7ZxivE+41smsImdSZJJjclNU9jU3lRgus+0zwxr5mgmNKs1u8eisNxZWaxG1qA5wzzIfKN5m\/krCz2LWIudFt0WXyztLFMt6ywfWSlZBVhttOqw+sPaxJprXWN9x4Zq42Ozzqbd5rWtqS3fdr\/tfTuaXbDdFrtOu8\/2DvYi+yb7MQc9h3iHvQ732HR2KLuEfdUR6+jhuM7xjOMHJ3snsdNJp9+dWc4pzg3OowsMF\/AX1C0YctFx4bgccpEuZC6MX3hwodRV25XjWuv6zE3Xjed2xG3E3dg92f24+ysPSw+RR4vHlKeT5xrPC16Il69XkVevt5L3Yu9q76c+Oj6JPo0+E752vqt9L\/hh\/QL9dvrd89fw5\/rX+08EOASsCegKpARGBFYHPgsyCRIFdQTDwQHBu4IfL9JfJFzUFgJC\/EN2hTwJNQxdFfpzGC4sNKwm7Hm4VXh+eHcELWJFREPEu0iPyNLIR4uNFksWd0bJR8VF1UdNRXtFl0VLl1gsWbPkRoxajCCmPRYfGxV7JHZyqffS3UuH4+ziCuPuLjNclrPs2nK15anLz66QX8FZcSoeGx8d3xD\/iRPCqeVMrvRfuXflBNeTu4f7kufGK+eN8V34ZfyRBJeEsoTRRJfEXYljSa5JFUnjAk9BteB1sl\/ygeSplJCUoykzqdGpzWmEtPi000IlYYqwK10zPSe9L8M0ozBDuspp1e5VE6JA0ZFMKHNZZruYjv5M9UiMJJslg1kLs2qy3mdHZZ\/KUcwR5vTkmuRuyx3J88n7fjVmNXd1Z752\/ob8wTXuaw6thdauXNu5Tnddwbrh9b7rj20gbUjZ8MtGy41lG99uit7UUaBRsL5gaLPv5sZCuUJR4b0tzlsObMVsFWzt3WazrWrblyJe0fViy+KK4k8l3JLr31l9V\/ndzPaE7b2l9qX7d+B2CHfc3em681iZYlle2dCu4F2t5czyovK3u1fsvlZhW3FgD2mPZI+0MqiyvUqvakfVp+qk6oEaj5rmvep7t+2d2sfb17\/fbX\/TAY0DxQc+HhQcvH\/I91BrrUFtxWHc4azDz+ui6rq\/Z39ff0TtSPGRz0eFR6XHwo911TvU1zeoN5Q2wo2SxrHjccdv\/eD1Q3sTq+lQM6O5+AQ4ITnx4sf4H++eDDzZeYp9qukn\/Z\/2ttBailqh1tzWibakNml7THvf6YDTnR3OHS0\/m\/989Iz2mZqzymdLz5HOFZybOZ93fvJCxoXxi4kXhzpXdD66tOTSna6wrt7LgZevXvG5cqnbvfv8VZerZ645XTt9nX297Yb9jdYeu56WX+x+aem172296XCz\/ZbjrY6+BX3n+l37L972un3ljv+dGwOLBvruLr57\/17cPel93v3RB6kPXj\/Mejj9aP1j7OOiJwpPKp6qP6391fjXZqm99Oyg12DPs4hnj4a4Qy\/\/lfmvT8MFz6nPK0a0RupHrUfPjPmM3Xqx9MXwy4yX0+OFvyn+tveV0auffnf7vWdiycTwa9HrmT9K3qi+OfrW9m3nZOjk03dp76anit6rvj\/2gf2h+2P0x5Hp7E\/4T5WfjT93fAn88ngmbWbm3\/eE8\/syOll+AAAB1WlUWHRYTUw6Y29tLmFkb2JlLnhtcAAAAAAAPHg6eG1wbWV0YSB4bWxuczp4PSJhZG9iZTpuczptZXRhLyIgeDp4bXB0az0iWE1QIENvcmUgNS40LjAiPgogICA8cmRmOlJERiB4bWxuczpyZGY9Imh0dHA6Ly93d3cudzMub3JnLzE5OTkvMDIvMjItcmRmLXN5bnRheC1ucyMiPgogICAgICA8cmRmOkRlc2NyaXB0aW9uIHJkZjphYm91dD0iIgogICAgICAgICAgICB4bWxuczp0aWZmPSJodHRwOi8vbnMuYWRvYmUuY29tL3RpZmYvMS4wLyI+CiAgICAgICAgIDx0aWZmOkNvbXByZXNzaW9uPjE8L3RpZmY6Q29tcHJlc3Npb24+CiAgICAgICAgIDx0aWZmOlBob3RvbWV0cmljSW50ZXJwcmV0YXRpb24+MjwvdGlmZjpQaG90b21ldHJpY0ludGVycHJldGF0aW9uPgogICAgICAgICA8dGlmZjpPcmllbnRhdGlvbj4xPC90aWZmOk9yaWVudGF0aW9uPgogICAgICA8L3JkZjpEZXNjcmlwdGlvbj4KICAgPC9yZGY6UkRGPgo8L3g6eG1wbWV0YT4KOXS2agAAL8tJREFUeAG93UmPnceRLuCaq1jFmaI4SVSxSEpUS7LbBi4aF76GN\/4pXvtveemVFzZgGDBkGF7Y8CBrFkmLlEQNFOeah\/tEvt\/JOqTIhtQGOludjIyM4Y3IyPyGc+p48sUXX3z11Vfv3r373HPPPXjwYG9vb35+fnJycmdnRz8xaviaEebu7q5Z9FRrEcGPwEhjghjO9OxM7KDDMaRHbHt7Wz89PT0zM2OWTQKTexNzc3OG6+vrZgNmc3OTDC0ytNCRwadOSyNMoPsyRGvxi2hgpww1swcOHLh9+zbm6dOn\/\/jHP878\/Oc\/\/9nPfnbo0CEWg4xQnCE0JkJEHwjD0ONToHQckU+\/s7dLbHJiP6fjs9+kt7e2Zmdnx\/l8bW1tsfFN\/sbGRhLEdVQ6MCGU35aIMHsi1tbWJFTIUUH\/8pe\/nLl169bi4iK1jz76iNEjR47ozUk5udgKETVVI+aYxkEQDie0oYaO492JPcZxIoO2jAJ7+PBh1MPnyEpQWVw4oOcdKuUQIyCtrq4SoMIUYUnBNGQKTZ4kp1owRwzdmTFF5ZNPPlELV65cOX78eCrrzp07M4cPHzaQhTfffPOll146d+4cf\/FEB5E+1tHCiGm0JozEqbc+6hmBH1hm7z24jylsfQQePXqEjgtiSQSnAiusE5Nc+HdpaUn1YuqtHoJKxBZaC+fevXuYcqEFOe8QhqYynghMlv\/2t7\/94x\/\/+Oyzz1555ZUf\/vCHABAr3zSLmpmRBXmBMnZjkaEIkInYUxMhPKYoApk042gJXm\/p2CEgQr3SEyECDi24EWuPVmnJBRhRZzaSENI9ceIELUhYIw8wPAGGTxhTOaSaIhYBU7zQ0pSAY1ES0czCPGOtaILOB6NMmONYj6+xojeMUQJJhKGWWX0EcBBiFsOXX36pArd2tmOEM2b1CWNwPzNDmE0oU1N7R4\/JgsRp2YZMAfn111+TpKWeLdgLL7zgkDt69GhDMVQKI4HNoMZvOOAFmFl8PT4kYXLEY+UYVyJwo4a2P1lp1uqURvTgTYWOue6JXdsYYrg7wYiVScwcpYUTp0zBobdWSd\/2ZhUOZLLA18GDBxEMwhDjSvr+\/fvWE1M6+I1YypBYt8wOy+lFFxphJQhblRQIeAXJNATqsLLSLktEQzPR04HohkITY0hDBLrT2LopBNABYk0Yp8+e4QZWjrkHomsRkOUUCBm0qDbW6vhgCqrMUpRcTLsJoZ4VNi\/\/+te\/XPJ\/\/OMfnzx5MicdeSDZZ1N+qWSdwEPjG2pmGZdHCU2ApurgJaSBlVD1aBLsyggdMvRJEwOLCYkjBn2zPBzXIAL3+eefm7KTz5w5A+jiwToRSAoSQZ41AkwhcPAR3IV2RpDhWu4kVDzJiCSqAnyzJFlQIJC89dZbDjzHPCa0zBJgLb31wKcbm1HXU9eOHTtGEgB5bwc1qRanHqY0JjRyI8bwL99MsG6KVw0B68cff\/z+++\/fvHlTplSsVbKAfNgO0gqKhogLFih2y4aM6KvtlFlicgcAR4yL0NGAKQYNR6POptS7ppw6dWp5eZkKPrHAtnJkmAwTn3xg43ePkRmqILDM8U2TTs8COsgQdDTgyGT78G3RVOy7774rC5iycP78eceYKUk5fPQIRSnolRkjwRqatd5mpqbRVAhQAYPNXMjUiMyySSuVIjDl\/eGHH7o\/dnYCBqpGQJ8STlB6eMjLYwLhBVOLcN07GYRLqE+Q1pLUEM1FnTSGwJli2vCrr766du2auxQQLYsqtWNNWSjEwuKBKHZ8ucvc2qslTTPVEzG3MJvF0HOkNwuVLAhDzyxhqXdSmDKUC\/V48eJFVYMTLfAQhr1lCHAKE58dPQz64YwwSC6CjBXS3MeKocaQWX30hQqWlblx48af\/\/xn5beysnL58mXICEsKQj8zM9wv703UAd5bRxAOmxp6ZrpunCwJIwBoPKbxCJU+pzLXKoUXh4Vi1JzNhoSjHsuGAR+z1GMtoQVGcQilhUUZc7yS8SOGKZ2WiEwWh6LVgEBFAOFQcCKQUcC2Bk6gpO+PGzLiv8Er\/+0\/8aeNA+hYCcuIKRyuncQ2oJOYCgDWQFVaD6kxG7E4TZ\/QJJqRpHucH\/nh9DKIXA87ophaqlQ6zPLKPWS8cn\/16lVXMjJgiZ9MEkEGk5HdsYeu8Vx0Oo70I04dEEmKhWVEbPxm29qSwFh2x5C6gMGmUJhQ2ZsuKw5pNAvBTBGBwz5gmqH2REYMq\/4TaiRoJgC9KcwMmdaYW9\/cmN4pfAry05uffPTRtbt377vxOXLkmMNxbq4OM2mCkrDUkGQTPd7EnJ0yCn5\/MvJJBDsZIoLeNQvBxfPPP+9q7c7V\/ZWrYG4uJOLRo\/IrNS79DbBEbMkXDIwwK5UJmeU08pUI2dJamFMhTDuKspf0kcMkPTk9NXdgjpir++07d95+57233nqb7vnzy4cOH104sDSxZ3\/WydK8Kvoi96Mco76ZgkxaLL7QQPNOXy1wIX5Du89ekA6zjsazZ8\/e+OTjew\/uutmY29r881\/++ulnX9o1DmybdHOrjtuJyem5hToXZuamYWGQLmsyggmnuOKu6txcGlojbS6AyFFDAzS5NbW5swkmNK6Xb7\/3\/t0H9888f9rt0traulPswPzC1LR3LYvxETuJ8Fv2Bb25phsjvGvdVAgg1YWTSHPftbl5TzmsrX5w8+anX3\/tajLlKZt6M2IlpienKrkVwqjFS0dVR3QURgL1bxeSBY0+KKUzNbm9t+1OTSl+8MEHDog8PtjGZOTYMT6\/UBdzQBNS9\/QtCVo8yjsj1gaN0FPPwhDQ2OfaweT+Ff\/evXq3Zj8CcPToMdsWnraiFrWELY8dIIqpieFGm3xa4i1PlfBvtI6bNFENURAn6kZNcdo+OJYlZ2TzOpwFaDFQIQ90N\/UtCYqRjJ1YiHdTDrwsLBdy4Z7SA45ZG+fAwiFT5BNNw1wXe9ZiBH9yalgkfEM9Ma3O9t7g7o1yJJjQYDLlvZv\/e\/DwoZsZVpKF8RRQCXooaZH5lsF\/U6x7j0HeyaBVX8yCzUXds3mb0GoH3yIpzJQDSU95CiGm6qLdVBihiGZTb5blOiAyYS4tauaiFiaadYp6+8IiqEOSCZiFNlsucWKQhfhAfKcWANGNwZzZgmQnMccdbGJ1guakWK+dsY7pFkaQJCna2UliImewAh699Quw8uL\/x5uJDCOKjihbfG9ubzmT7AtZDyw4OOObPDo1onqjSOu774xyyGBwo5NZPY8McqQHwPqTUQ5uK0TuGrm1Wc\/NmNLhHqelyQNBBZQoTMU4DjotU8PWMBjxh3\/5Q0UoWYBjY3Mjm0LMXLoMJXJiCFdvDbIkwk6iGAvfvue0gI8BFY\/GGbMwAIYghiDGr6nYR0iHm4v33nuPjOYE8zzUZpvRsQ6zB4iuw5Ib2WWCIXY50CJkim8JZsFe+OzzW++8887q2tpHH1xVF6dOnbUaMW5ou5I3pGJnOiUYjP0AfaLPkvJFpU91mmItshuE9hqx2Rw+8lAOHOEjyPPi1HR4r60+iB1Xd5it2dmzZ3DKyPyBra26DxQFebOYXMNAgK8hl8wlBlzSmjk9JiKNJw4w9S7ddkrJtedx5mSQEQRwDY1NV8bp4j\/RmsCwB01lmD6+0EkT+xzJCNAihwfHUB95CyA2TnFESCariE+MrldiEeZIjUxX3uogH\/dbuhEy0VcGR8NJtvDp82TINNpVmu8y2ho+o1wmZrxyNToyEeNxjtNcjA9Dd3zsJHKcgEEAFi+ECcg+71xriESBkAXlYNbK28SRiWIHFkcMxu+AklFWOghzhoqHnCmNvsghMyURTDsjzWocECBPxgHhmCAJMxkWbOF4Gu9pdV\/ETLGgD81gOJjNQ3U47Cdgumnc2RS5piQbPHopbcFc15yghiQp6lkAUq8xyEvMGpZMBrEbaX0QJBGsEGWCV6fA9RvX7YsYslmkfHpiSvCmOIYpIXGTwzJlTD6ZChTD+EJoYVLInk869OHoCZjSo4HhxayGdu3kV+pNJU30IPdM7PxSuRwJIWsDm4tpdNPznuiG5eqwwg2yOM4UE3LvRQBNJpQGQhYibzYpwITG0L7xQY9ZOQSRCmv4xmS0cBBNpo4S+bWMnqbbfGWqLe\/+y34A+BW2O2uBxRGmZYh3G1TM7RjZc5lnTX\/y5AlLuLNTF90WS5UGF4ZxZIg\/VMQ4C9y0JB5NRxhAcIkgbK\/AYZUiSQBoHL2VY3ptjdcK0hIGAeg2bTZX4wdWYaKluLyGvX79+l\/\/+lewmOUoNtGQJGBTSkAS3UGh2TTFLGAV7Xad1nLLo0bREKoM0VTmZqpmGUf3qOF5bAObwCJEFEFUQ8Sc2bK4M7G1sb077eh2jaw32nx5acYfwrzsKEgfPlhhBF0GofTWwEoKAM0+Rcabel1orJ4s\/POf\/xR8KrmtbWWfvCwYkq9HzLU1NU8RXxakwrkkFwvzi1t1oOfNxeSJE6dOnDhOkhgjbWs8dvtfsY0uWKzN7E1M7exOeJUwNT27tb27ND27sbm9vlFXb\/zdvcm93YlJ5+D0tI3w8MHqzubO0UNHXUEPLS7J0e0vPj+ysuJY9BR244Y7ztos7me8L0GISvIUs0hg8lrJ564HvLZoJ59nAjnyCO9zElXso7\/Tp88+fHg\/kTt07ETpE4P8wkrr5s2bNr+kqyAc8aMPLR0+cuio7acaq3YW69HjyOHDr\/3HlXNnT8sWDBZP9n2M5v0EO1LvyiJtjDAORp4LqgqSIQQ5zZCmhuCsM\/mQo85kKJJO688+q9fZgoeVJ5J6D6d0uSQmlWbR9YJgsq4Cemcbjmjli+TRo4fVuaylyaApfEw9psdNB7ArF2tstgquwtGyTZhl8PiJo97c0BICRQ0Tdipi1JpuhWlKFMN1pUq+NawIGRGKldAAWSsvBTXp1AiQF5tM2eHOOdshmRIVwmyqmow11JIL7uh6sQ4GXbQIhcfd+np90sUjU57uEIZM2VOpLG+fZIE7pmBQX+rCrLND3pM4fKWkpoKfADvkxcwapsZppactub6wOs+g6Y1QoJgiodcwmUNcvHgRjux\/Q1pocdq6FkSOvD6zaECLFlO5ilBIemKw4lu9lEzsSzHQhO04pwCzZATjqYEixMIDwHvKy5cvX7p0iXE0v7zjU+fXPsIBUk4hsWY8+vzRLEg88p6wpVVjliMcDTFURAbca7JgIn0wSWeUWWfUTduNGzecAkyDAivQBOTo9ddfX15etj7sCKzWYW0NPsUCE2RhusZ5gZIlAQjuOEqKky\/l88UXX8iL8haMIUdcs7OysuLFVApTQqkLXiLIE5YjfjHlETApYNznYBD20KQvIetTGsMZYYIQlkZNiz45IYWjR8PEpe2XVYVDbCLk\/oUXXtAzFcRAEKZjVllKB0lhCEBCwWrG64hhFvSUJINZZ6VuSoR8+URPdnzLycVF1ei\/\/\/3vc0eRPN2OSu2ox8Qpa5zyIjQcuSPmLOvBiwidtn9DxStWwtbT1OPgM6QZpgRAlGAQhYoj95qti28BfdBgYWE1a32UnZShBcCUcxQ+ta3FV48fSjE7++GjqNGSU7tGIugqNPZ5hAofgFan9VGFHWENWIbERZowpkbGMsCjOjo\/8fOuJQv6ekz2T2NWR7nPZWVkhD896ykK1hmFz8uPyFthhKE47Rorn\/WH7\/SpU84tFqJOTGNHjUguX4YccV3Cp0+fOXMKM5kSrQ1IlzvxS8drr71mzXmxU0CSO4clU+KXRLXGpgyyyQgORbNvv\/22ngV+BdEDTEYyfOyGqta9HRBgwc16hCwprwxhyoIStfgq0OJDb1YiBC8FDnMoQZcm6uCaVSzWFq04bW+mpMn+6oBqBdqbNVOnTp3EF0kyxQunmnKQ0MDz1aHUUQKGAQEemyyYYp87ulCxJjU4MIDtUkUGKvJyamcRwKmrhp2S3OgBMoFgjteAIIepGTLNrsghg0BDGDqo7H9ryEeWQi7Qhw8dkgimlC7HlppxuNlnFj+w9PgaAGhLbUpCSSI0zIABIzI4Zh0ptDCpME6F5cSfVOJjEsYnFuH07CA0xJCISGQCrUkYZQ0IokAEDR+CZ1rVCdiyG5KXCFkgrz5dWXKgypGDxwJKAT6b1AHiqKeYWVi5aG5dyOspk31J1Eji43SV4MYJ03wiZESj6ESwzo4GBwo81iN8TCr8xpEkJl4GtdoapprZfSFD1iPRBIYs4AubRfGILSWqHHjl0lD1WnkJMqtwql6OuNmtbcIOiFYJVnxBUtHYjCN9g7j\/+ijJyiyxHkNU6OLEOyIChG0BR7VGgCPuYicgnRFRJJksx2yE9hMRHUYJxXT3kSkBXL161TEhUyLUOzX0EuxRQi4gE7YqzXo+f\/KkBREhvoowBZkcMZ4WHGCFwCTMWuJ\/gt8yVV1HZRslJBxE2yy1Tk5uHNiEbVXwnRoE7BIAMC1njMfvcFhybxxWCNID0tHxKTXMuUS9\/\/77Pu+z+EIVpF2A0C5cuKAcyNDFFK3IPWvoQedbI6+XOC04EnlcJ078EOOoIoZvNgJUEB4DuGu84R0HJCLHEWrsRFIx4ngoAyAcEXW\/ZSLSehOxiCYd392HeDTXBWeBMsNPzBafYwuuQKIFSpyBSIZ7phgHRfymMGO2QzHkNLD0GhUtYpklMD4kExVeECwzS8UCOJtyB2ybQJutWrkfPT2S5zotZof7iO7AHAeGiSRCmDgx5L5I2O7qrLnACEsBKDYFYTgUv4ZWnxTtE\/gQkoiDVhQEKsrRtmc8LljTMqVnRItfyUV3nCFwcsA1ou5QqQPjaIAQbQ0CUnZ4J5YWj1kPHIquS77btDczO+W7S3fu3kZ45aevD\/e8e9jd8oG6\/xCbW+v+2\/IWZnPt6LHDz5967szZU0sH668eGBKb0jh40CXT92ZsK6ePe9MJyzRBfW97d2JnmtmJnY2tdZylg4trG6v+850Fs3uTu76\/sLm9QUW9e1h3bQGxXR0nhaGGGJREGWlP067oMjXl8cXLSrcRLjdqtAXuwcd1Z+rQIY\/wNo6HdOttJ3qeruW0xuwwLh093cMZkQRnWdBJUojQ1lN27Qg4lABD0olJhWnJNmsFuIx8Szay1tMH0Iioxzco9+7XHQdTsYBDprbSdpWP1oZVHJzqTdGVVV40HDKMB2T68IMNh033VMSUMGuGtCJpiEhDa\/uJKOetmTaBRDCd+kmNwQQQ9IyincP4szP1mZJiaEd0nYUj3aG2cRghrwUKggv42LeNMTVRYZLElGLe27cX6RZI20hRZJYwGV4qy16hNagjp7U1lKdbSbvYsQUYeR4liAzF3rjAYVyry6d\/sJ5oXdos6d6IsauXBfcF+JMTlRTVi6loc0DQagtAslZYAHolYBYg8mjRIqRSRuxkBsXg5SqBZNPu4Etrw+E05UX8DKYc2A5CHA0NOXlm3VA5LDQqOFyzH4P6BE4+KkNFjIdtgmZXiBzQAVR6bd0SBkmJwHFScOYRKGJxo\/exeb0EbdcLEYIiYMuF1lPRJPTatWvu0K3epZXL7kGllc2EqteYIsm4aJM+AhkiwMAnhiZp6OruZhdBS9KlQyL0gYcZhARiZ7h84pLQYsXqoUl3BQGAjo8TxyQ16ZjYqzp3lcrJzB9dHMK8wPfwUb10gx5HRjxQuh\/zAOaq5r6DvCz84Q9\/8MymNH70f\/+fR8wLFy6guy\/WylFromXEgvMOkrNLH3d8YfIuPE8A7qnsYrRE5M6qEI9aVJIIdFWEL7glbL2GYzqNVph6sKRDLx7NFEmAticra+IMPkAhow6WurXsX9+57YbXrDNVCtyYyoVQLdqlS5dc8yFmCmgy3mXJkedxCdLsEo5YK0dtR4TI4oPhYkEXKjKIUZh1UZdlSPp2gIcAqAktCNlBsDOqiJYLQgkvQoY00d1BBKgxGt9g7bnctkt3+OTTDC2XLXP7669UhKFEIKRG1jzCe2DnbmVlRS5+9KMfwYSzvVlvUwRAHodHvjSS+mazzlGQDAmQgiTAxnuSzEolYdZM4cCp7\/DQWszWCjO6tV1HgPKzJjYSZjJCjpWAoM+QkhMJTs58sT16WH9kognP\/qfLtFmwnadWW0Www6y6sG85Uvw4AnaqM2WP9HNhfXWDbquFukLDA4CPb9BcuMQ4UNCYwIDkwmooBGZtAX2Q6yXdhUM6NMKaWcKm7GIAVA1F\/OrZ8o\/WCXKJGZNmm6yS6zQQmPp4NaUpjXb4fSkdnHEj9RIh+PsP7oOYdzm4dF3e1b9oQdHLUTBZ4UOH6spCnn1mCethDDw941yQjEDuXCJWOFoztB6MEEZwSt4Mdb1ZDZ2Gxty\/amSuyyVPhhVRQ58pdiHACSDxo5Np5cARl2Q0qVMvhKXfIlt2tMXRW395SWajjgaLiwMLw59aGWJqAYagqLFsKpA6yCY4dMFpilO9FJuIl8RMQIuR2CEwOiPahLmIhkCTE7Bo9WEyLdOiVajqVo\/uWi2WescHruuMM6KeR3e3oLERGBFJ0LNMNw0TaDIIX1jjjmVi7OBAyT7viKi3LA+fANuRCcxsmiF5ILPFGpJab7Nsxo6hBkOCovJkImI08aM7XDFELfhYEb\/Y6vFup14QKle+PSNETDA+o7Zh3drNztXHsDi2t00LWTIiC9TxhdfjZNasFjG5EAB3BLgGqQ850gI4fFOICEcepzMZRGfZOjOJoPJYIoxj1zQfNHGau8EfGhpLp2crpt3a5QBrCKrk0qTOZvepnS8lJzw7JTgsOII1RpjKOscXDkKfRkZSIokDHmFpxSFmqvEqO+MpAIB9fYO0X+bkw0yYfRYxnBFhEeqJwEEn1J4RzHC4QciIewFXDTezOFZYhAFtJXHcdnhomJisXdDjIaCCHOmJX1SaSJIml0+Ww4RHo9tMDQsAg1n8ZMqeTgrwNXz29RmGoycTfgIc6daymTU1qohv\/DU\/0cSv79IIEVJTAmiLadZZ6NY4u8MH\/HCLEHTNffmBAz7jrg+7bAEgmEUQdomhqKX4CbOpnThWfwBj05liHD+6xHBcXxISOwgYUhHoRI6jQRjYCT5h47cKKsXeutaMr9uxoWQW5g54Zl9cWNpY2\/C3dL7FvrNV5YfwgAcQo2h\/oHr86DHfMnCjhBa2fc4B01UFe3V2rG6sL2ysz28tTs9VojfWK3LxoM0qH0+rakdgMug6IjwpIMOCu1CZ4tcthinxqB0qkutjAa9FqWRjyi+\/qgcwjWQvOgZZ4K7wt92nNwQSAQkCcgQBhBLb3xpYackW0xnGHBpfzxCIEPP66aefWli4DTO7tlm3fUyLc21jfbLSzLGqHxp5gckdsZSGhMKBZlBqDh+qa54mWe7Hc5oQlhRPZdLhMgQAAZEDo3GN1hDJCIOs0dLChDzDcII2AaZ\/MhEk0jiIRDS5CWGzcyNy0eJYH38oY52vXr1KUSJSOwIQLe87G5vtQ+w71lwW9MQUv\/XXWzoXOQcNO7JQl9jtSquALZdLjJ5rHhUFSGyyTIxroUIIBoMJmyROhjJCRsuKdjqJ0\/epIRHUQqU3JMSilKNZiUA8Nbr2P2EBXLhwAbHWKt9y4UOcRHBjka2Ws9JttbUVeeNMednpttKqUneLKRcpMX7LabtMUedLQ3ANxs2bN+Ulw3HA8mJIhjD10MQSqiFai0pokmb7VLw8VhFYWhKR7Ha7MWHIGVgcE8iO8C0sy5JFxrSYcdxKxneca7nMShxds9bfnaUKt+clBVMjIyQqtkaiklONR3z7iqQUp0aIKR+moDVFpgEfwjOEMBjwDcdpUwLUOj\/EY4nASiLIQUOfGvcaIrNouKXAECBinGZVU\/bxgW\/WneXCTP1mhpXXZ0MxJV9OCkeMgufRMI7EdrC+CVTfeukJRRAgJmYW+SVcobTyNgVnAs6UWd6BJBDMPRFRSYwR1qc9lggSEaJgcyYRyQjpTEkIIsgkhYzPMHhV7TbwV3fqhoIwvidaD8rz0zP+nEIVWENMTTwWWXj2C2H2ubNrTDkpJMJO8YyrSYeiMMt+5ch51MQChjyQZoMwqUQHFXfEkiaEFvy0qKARaaYQwzvLJjlIR4fFSNDRKGvstlfjVSboZH3b2\/jtbdXubYI1B448076NF1PEoLT4MpUlxfdUSsZQhLRYINZKZsaZirabRI4gxmYuT4GEEzzMEmgAh84UpoZIM0FLi4Sp0HoCNdFaXYQUuIuRggSUHGTw8dTNdU803SUlBY1uW6ZdvKwA3HSTL9CtHrMizHkWf2ZVhGaoT\/wRYJbW8WNHHB\/AqAUwIklMY7wuK62CUlOskQGvjpN2yTQkIDuEGaRuw5rKYWTIMi9mkxFHOGFghq0hawIzpyHSAl3fk4o2RSZTXBqaNuQs9WzzS0FyB+70\/IIhxBomr1KmhwnQWGAERzloxOIiTLgjJhE4TCFwggRHY1YvBab0mQpm1lgmb1gI2uoG\/HhPvRIRHeGBpZHGRJhOXqLTXXbmKCMlxp\/d4RNHR2CWkfv19TICnwAMyeTegUelroL4EipCdjSzW5vrhk5WVxnJpcUCMIbBxhQ8yUsQsgaAZqnxE3niom7x2cHkS8+IKXSi7qHVDuyJYIUcaUa7p4jGblempfUpNEUhKQpFqBqVHCMCSySsEYZJE6eVd6cIn1JHOB1lAZOwROjTEpLIrTNh3nnRDMXcg0FUGtpCkuGCMEhoFpjF6QajSAWeHgKiYk54MYSlJezeIzrtxCRAeJ85dq0Wkk9fJcKCg+vbInvbjvHhOZojECVC\/EmH3Gmw4gfc0uLREOxDj06fVCYeljXWDAMMnUDEnMhbHMNH2UkEU\/IirXqNYo8CnYpA7G9+RlnpPmquNXz\/Wvuuj8O6QwI\/8qI6d+6cQ9dFYW29Lh8lvVsvoxMqMUCtvwsqmoCQss4R8OoPyjI7qjhE2WlbNcEYpmBF2MHAYDYxJwv6yMcgmkd0ZMjT7V4qEVhpaD4oGBJCa+j0g5BfPGhtnB8jem68m3TL6JFJInxszLfcETZbKWnnWfpoSQSPXJAk5s\/FZIqdzOIjyGtojYykqHB9mDHOiFSiMc0yQpE8s1oU9bKgsU+yJwL\/sYowp7HIxH4iSAVUZgtJRaXFeoZgtaG3UvVu1gbJI4bX0U1\/WFUQHaXODttndmHetxE2d+r48Anqho8UPMXvbC5t13kR43otGUTAlvhdjyo329sk9SyINumTWfUvKUFIRaNLRp+k4AS2Pq3qRE34z13wjRs3DF2FmPALe+BSABS+6bnh9fHao\/pQI79SiSBpmRmYmq6vVCxU2PXo\/fLFlUf37331+S0Gk1OmEPDNzM89XFudsio+pNqtH7zEXL1X30V3dizOzfr7zYerdXkXJC0xy12GjDuGfT7gb5I1T\/rH62NnF8h86icoB4EbdnnhoL5JYSvgekhw4BTydrfiGiR9DXwddohegcnL0FMQAJ09X23Y8X++x+FvWGrWKRB9USFiWt\/10b584gskp06fvLDy0qef3LI+fbnQmsiFOu23SdrFTBFisuZw8bbFCSFsAIgVhrY1EEmopEhN5PligQB5NAFTtOjiUJFH\/OB8DGGrCBxT4Q83VBngaomJLVa2\/TjAaG97PUVsbnb4m8MUZBDrrU+MJEHQKLGXX35ZIiq81ojVv9P1R+yWlIwwKrz2Sq4y6MPU9TUrkEgSRnrCPKJzSUJ315LCqvIROT47iDELtSNG8Zb\/ctRaC3eUCIM2N5yIo2Flo3Zju8mKggwxYZNzJuwspilMwlkuQ4RZUJSfXLitcAVxNcURjCnHgd7bHFuPPDuAxxor25sbUMNJOIuBji6\/CFtDZuNXLjSp8XhuW2lUYpO6qbYdoHusJRH6oDWH3j8sjU1omeAVuK32h+49VJjcFmTNI18RtZvRwOUbv2JrtwxuEC9cuODjT4mQQcbxbTS0n6Kwy5gq4dFjuICmpalJusQqnJ6LVAT7pTvmUV5slnC4ZpNTui0LLhZ41RAiS10Eqh6fYpsdfeSXgb4nAlG52Ksn\/yQiU9YkhphIkwtTWQqBmU0DRSRuut1uen9FLDU8tb5GwG8cpCI4FTH1yq8\/OJmtX3VNfnEY4Z281SYpHZzihE\/AIy9d+wJfUsBD84ggJvKeC+pprI1mq34xy2DCG8ns\/2tO8427qHGTpzHfDNNo1T+t0WEOidkbJkUQ8z7KzYUNAqjkTm7V+bfqLBj93qA\/0pAyKkL09biHq+sVra\/U1mav3V7Xr5k5Q1+t2\/WVPH8J5i8QfT3Pd9jat5aIUZcCt7Yqwq6SVZzxRKQoMDXYtI4W+KcclqZNMF2y7SfE\/FuZy6np6tGSrMePJBXWY5dkFo0FdN6yuLOQguGobxcCullDfLiUAGFNUfiukeBjX2zqXDmo+VQBeWL6lNiRg\/UFaCmOmFOpTuLNes0xQhW8LQGjrrMig11PY2IUmqzHPYvsmiNNzp4EWsOBYKZ+tWWI2Wxhb41u6tYFjHBMmVHny8vLN2\/e9D5KPIbOCHwJEokYNBicIwgYPCH5bSO\/m3PkWP3hnuDlglPr8OBR\/ZZQkGTvuA0x5BFU28Hdvb97sSi+GGEZMK0UtK6w+mzxtmT15lUDI2LM5mJLrGJrEVWHTmNLS3W0VxbDyneZ0mwNMpJIPV3pwxG2T0YlSAoEqSLgdmYh\/EgWYUGW8dFbJpK+y49vMcgHpT5pZRniWCajRnz3mRcCrk3uZVuia1uZhaEhQQ4t2yT8sBIjGlGJ6FwmtASpx4e7tyRC4ZvSKBPowYfoUwiIVdbMdH1FxHeiFIW81EJM1xoyG9ckuZEarqu8Dx5hVpD+xJkuseonZyTUiZBv5xCQGkxr5BKvcvyVk7pzwXYpjR0yPeYONeVgKg2\/vLe2f1iGy0rXF1s7J4arRkK1JkkWdZFgwsocAl88giRjNvTSYr2SslyffPKJ+pcdjxh6AoJJLpQcDiO5XnYAZjVDpgjkI7LUl1LCl9lTz52QZdcm6capxLXXP8CAhNPCrA7dOYhwusDwxqZzM0EurW6xmwn83HJyIE6g+5KaMQwTYuBc2OGWEcMLy\/UayrUD1mvXrrnzEZsw\/Pgfy+iy0+5i2VEI3Dhs3b\/4b67A725urD+ovwirz4eoqARTkzvtznJmTiG82H7SEQDbhGWZskCWhrAo9FrBH9GGnGaIb4iuA6MERzomejONNkWmiKla\/HB6jwiCnBHJiPq0etKBefnSKzIiYOvmSPdJZ\/NWNikWAnuleWeqtZqXbupkeGREk1lBOjjMSgoBmT13+szFixe9FPPI66eAidkdsqCsWW7RxluSIuAhNaba7JCmghFBvQl98GV5wZLWjs5jLhm4w6FMnqQ4oRQqXYSbSC8j9MQUf65BlloWlpeXfcPS7\/zFfu\/5RmsNAKy1XKxOTDwIXENZaADqWduaux6\/\/PIrly5cOHHc38+4ayj8pliwZMHWwsaohtPwPpaITGW27tsyDiGYFH+P1nVr0s2JEp7wA\/PTXl2Z6iYIWwe5AFTpqny3el9+cRvtDF9aPGSJMGUkr3a9ocx6+vPL6MqgANyoS2JLpVuAOiOZ3dmsK0K7gsz7lQa1r\/x8Mc2HSSsr9bOyp04e39mi2LYMH+3eoWp3yor2yARf2RkPs+c3QvraGi2F9WMt1oRjifEQm3SQANO7uM2Nzd2t7Yn53en2UUVyASuV2Zn5E8eXHA3raw\/vfH3Pf44INXzy5ClnpPPDB9x7u3M+3b18acXferz55ptf3f5idn727v37wLma3v7yC89gwD3w\/fttbyVcQdtnP1w7pPZ25+fcSdQWWpxfOH\/urL+HlgVPVQ4r70n8IiG0qhl4B07ZrFNzWOBR\/Pm3pgQluXqYhR\/5KrMkrEpz1Jrd0mlpqmQqVg+DDiLLxB+ByFQ17tVVwxXBueB7tSyrBffUp0\/X37GrFOo5QV0UXnv1PziRpr\/85S8+5ay1G72bZ13at7fq7NhYrzcxS+2lvtcuSwsHNlYfqYLvvfHa8vIy4y44rXS3Zmfq1BCV\/t9p3NW+aqdhpUqzMlKgzIb6bHcWZDLl72wypZIj5gdNHGweJdrR8Mis2xsnWb7RYXmkSe2QkQhL8b3vfS\/3V9evX\/\/01i12MJnyuomFdndQy4lJzDpVIpaWLl269Morr\/iRkGSWTeuhUWyoq\/u3EsGiNWRORngVBkIKLPi4jziLJ+6JiY0mGQeEa4E4ERYTaAeBZtkJTNVWGy6TZhl3cCpsSfELLO9\/+KEMUiTpnZUv4aovsUtEVojKiaP1LP\/Tn\/6Uiosjj5gwBIwhAmB9z0UnIvNt+pwRw31IEswN6y6BhsmOXuTShPNwdfhfXCEjWdbT4ehmyREoNSQtoyzo0WREJUjIrCQO+XpJOTv30vn6csTLV66oC3\/E7klkYXdHzTtiANhpn7C6+3DK\/Ocbr\/\/gBz\/wUw1tC1d9sZNQHckgodO409DfJvInZIY7SwlNFVhYEmxxBrrg8dESkaznSg4NBBJB3sfceQdFy5\/9CkYi1IXUBZLgyed2iE3vOALioD9wWzpIXsA3btz49JZr6+fOCHXmgMV\/4403\/DLHykvnjx074gCm6\/0rvz2G0MlCYEtEn\/1ORKVWi46lADqLb4uW43Z3YFbMaYsH6wfg0Ji8otVCOErXIudoaOVji02uPnqAFhzLclGZnZzy1Qm63Pk+unS88fobV65cee+D9\/2m8mG\/H7Tri3j1FRlZwF+Y9Ylx\/keHCiZTGmBg6xkp7r\/d6qQc5aF8GFp\/2zhhGybmXhE4QnIVwBe\/HaQhRGg7pBxUDZTNWj0vYrKpoEhafP4M3eOxmU\/JvJ63ufxApN+hunvHNXVyfa1+YMY9mKepA8fqe+wMcK2xoyGyDEw19r\/b1aa1AvLrXlAwUiAM1pP1eJV4UEQuKqsqSAIId0rOeVnAIZCLhRcN0bI1XPrrOl8\/EFX3PEmQ2mVntr6y7g9M67Mp++JXv\/rVO++9axdurG95m7C0WN+8\/O1vf3vBn1mf8LNXD2W5SmDIRoUtEZzCFrpYreGPyKf8y4hA4HffJNcI8lr9Ebd\/LEKON+DIQazg5YKaxl4TLgdqQc+9WVjlQpDMeS\/CdJJoKBdk6uhpixl5\/EAr9xN7jkwVeP1f1\/\/+9787HtrxNDU\/VythY\/KL4xy9cP5Fm24EJAaGvjG\/89EYLb0QLAkCvHoXbkmlVjnIQoQgwAG3BVMhCSrxz7TfCxYnE7JA3ZzT8fz587aAAKKllwU5bHd4ZYd8D8K+WFtf86cZejvirbfegsHdl8pTEY5mbyOshyL103UOy\/\/6r\/\/jJhI2P0PXjYQQzBOcDAk\/lW8HmOqR8kIMvLqVdptj0Oqifpfl7NnTHqDxR6talV4nuf8fva1mSGlopb5U3\/2SCFnwJyqVs7rQPAaD7+SizLZilgUSrjgff\/yxcpCmpamD7l38cYMrrssnDi9ef3\/44YcuH15Zkc+fVj5m+hmDhPPNSeWGCaHrmkKLgECs3ABZFWgfffQRrvUhlGTTIS0AyPT+lBufpHtqYqa4hNgXZRSRDBgKu5m1G\/3alJ1cJ7wdxALCK6fq2z3bxzdvuvQ6mHDcX0gEyyYdloxjWsB33333N7\/5jYOTLw8sgW4qDaRwnuhzKj3BNFTCEPLiYAIy6rVywEEoNqmysH\/605\/4DohETohmaIbyvwkABE4unG6K6ZKx5nKNT6zRNuGOLSURjEiWKYREEDYEwv9zjUfe\/QUk9YZupl5AS6uGUC+\/+93v1A6z0loYWkOEDvFET\/EJToaC5845ICOeYpMINwp1p+Q0yIb6yU9+4n\/ezYVAUXh+iia1OGYCXL8CwAfC0EErHm8Ti1\/bQXFVIggYAuypDXSuWeASv2Sm6pRqAlWjMYvjIx\/JkdbKtn\/a7SO+3ylgc3l5mYq09iwkVK6fFfBT+ZisiZlhu8MSAmbhU8n1qTm7KyvLboccGYa\/\/\/3vTdPhiW9q+tKfqBcQhkFQaHwloD38mIWVipAR5NusLyvXuUUFM4ngW0uoqpGcI8TQvFwoSaY8ZfvZBnqWi6KDs9T9zyI0yzHI\/rMSQeypiWDZrlERgQcGC5g2SX2KDQOgYpAF1g1fe+3Vpxr6bxyMye+DqJP+aa3bqc+WJXN0xnu7MYhPShA7T78odJPdTueEEOcTnAzJ29FudqRAyFKAb2nrtHByOK5IaLg4+hxOUf7f7KuIvkt7VsD\/jQ3lYJaiRCCGUnVAYklJchOJlPpTbUX5qVNPZT4L6LPsPKvUn2r8f8ZMpIBp8m7562byF7\/4hYrQ5Ak4zYRt6YD4Tm5STd9eBYinCqcenzr1VOazKuhZ9uF0AjgmhdwOgbpc\/PrXv\/7\/6oByFAc8ZAIAAAAASUVORK5CYII=\" alt=\"\" width=\"131\" height=\"173\">Donner un nom \u00e0 un lyc\u00e9e implique de choisir une personnalit\u00e9 qui emporte une large adh\u00e9sion et qui soit originaire de la r\u00e9gion ou est implant\u00e9 l\u2019\u00e9tablissement.Ancrer no<span style=\"color: #000000; font-family: Verdana, Arial, Helvetica, sans-serif;\">s \u00e9l\u00e8ves dans leur terroir culturel, leur donner le sentiment d\u2019appartenir \u00e0 une communaut\u00e9 d\u2019o\u00f9 ont \u00e9merg\u00e9 des hommes et des femmes de valeur comme partout ailleurs dans le monde pouvant servir de mod\u00e8les.Raymond N\u00c9RIS na\u00eet au Marin le 09 Ao\u00fbt 1926.&nbsp;<\/span><br \/>\nTr\u00e8s t\u00f4t ce principal de coll\u00e8ge se lance dans la vie politique.<br \/>\nPremier magistrat de la commune, Raymond N\u00c9RIS poursuit la politique d\u2019 \u00e9quipement entreprise par son pr\u00e9d\u00e9cesseur.C\u2019est sous sa mandature que fut pos\u00e9e la premi\u00e8re pierre de la cit\u00e9 administrative .<br \/>\nEn 1975 en pr\u00e9sence du Ministre de l\u2019 \u00c9ducation Nationale, Raymond N\u00c9RIS inaugure la cit\u00e9 scolaire du Marin qui pouvait accueillir 1165 \u00e9l\u00e8ves r\u00e9partis entre le C.E.T.(l&rsquo;actuel LP ) et le C.E.S. (l\u2019actuel coll\u00e8ge).<br \/>\n1976 Nomm\u00e9 le 16 D\u00e9cembre Officier du M\u00c9RITE ET D\u00c9VOUEMENT FRAN\u00c7AIS, pour services exceptionnels rendus \u00e0 la collectivit\u00e9 humaine.<br \/>\n1980 Promu le 1er Ao\u00fbt, Officier des PALMES ACAD\u00c9MIQUES, pour services rendus \u00e0 l\u2019\u00e9ducation.<br \/>\nRaymond N\u00c9RIS meurt le 17 Octobre 1981.<\/td>\n<\/tr>\n<\/tbody>\n<\/table>\n","protected":false},"excerpt":{"rendered":"<p>&nbsp; Donner un nom \u00e0 un lyc\u00e9e implique de choisir une personnalit\u00e9 qui emporte une large adh\u00e9sion et qui soit originaire de la r\u00e9gion ou est implant\u00e9 l\u2019\u00e9tablissement.Ancrer nos \u00e9l\u00e8ves dans leur terroir culturel, leur donner le sentiment d\u2019appartenir \u00e0 &hellip; <a href=\"https:\/\/site.ac-martinique.fr\/lyc-raymondneris\/?page_id=62\">Continuer la lecture <span class=\"meta-nav\">&rarr;<\/span><\/a><\/p>\n","protected":false},"author":101,"featured_media":0,"parent":0,"menu_order":0,"comment_status":"closed","ping_status":"closed","template":"","meta":{"footnotes":""},"class_list":["post-62","page","type-page","status-publish","hentry"],"_links":{"self":[{"href":"https:\/\/site.ac-martinique.fr\/lyc-raymondneris\/index.php?rest_route=\/wp\/v2\/pages\/62","targetHints":{"allow":["GET"]}}],"collection":[{"href":"https:\/\/site.ac-martinique.fr\/lyc-raymondneris\/index.php?rest_route=\/wp\/v2\/pages"}],"about":[{"href":"https:\/\/site.ac-martinique.fr\/lyc-raymondneris\/index.php?rest_route=\/wp\/v2\/types\/page"}],"author":[{"embeddable":true,"href":"https:\/\/site.ac-martinique.fr\/lyc-raymondneris\/index.php?rest_route=\/wp\/v2\/users\/101"}],"replies":[{"embeddable":true,"href":"https:\/\/site.ac-martinique.fr\/lyc-raymondneris\/index.php?rest_route=%2Fwp%2Fv2%2Fcomments&post=62"}],"version-history":[{"count":5,"href":"https:\/\/site.ac-martinique.fr\/lyc-raymondneris\/index.php?rest_route=\/wp\/v2\/pages\/62\/revisions"}],"predecessor-version":[{"id":4178,"href":"https:\/\/site.ac-martinique.fr\/lyc-raymondneris\/index.php?rest_route=\/wp\/v2\/pages\/62\/revisions\/4178"}],"wp:attachment":[{"href":"https:\/\/site.ac-martinique.fr\/lyc-raymondneris\/index.php?rest_route=%2Fwp%2Fv2%2Fmedia&parent=62"}],"curies":[{"name":"wp","href":"https:\/\/api.w.org\/{rel}","templated":true}]}}