{"id":115,"date":"2023-07-11T15:40:07","date_gmt":"2023-07-11T19:40:07","guid":{"rendered":"https:\/\/site.ac-martinique.fr\/manuels-numeriques\/?page_id=115"},"modified":"2023-08-31T11:01:47","modified_gmt":"2023-08-31T15:01:47","slug":"acces-aux-manuels-numeriques-lib-manuels","status":"publish","type":"page","link":"https:\/\/site.ac-martinique.fr\/manuels-numeriques\/acces-aux-manuels-numeriques-lib-manuels\/","title":{"rendered":"T\u00e9l\u00e9charger son manuel num\u00e9rique avec Lib Manuels \/ Flex manuel \/ Manuel num\u00e9rique max"},"content":{"rendered":"\n<h4 class=\"wp-block-heading has-vivid-cyan-blue-color has-text-color\">Etape 1 : Se connecter \u00e0 Colibri<\/h4>\n\n\n\n<h4 class=\"wp-block-heading has-vivid-purple-color has-text-color\">Je suis \u00e9l\u00e8ve :<\/h4>\n\n\n\n<p>Utiliser ses identifiants Educonnect, \u00e0 l&rsquo;adresse : <a href=\"https:\/\/colibri.ac-martinique.fr\">https:\/\/colibri.ac-martinique.fr<\/a>.<br><em>En cas d&rsquo;oubli, sur la page Educonnect, si vous avez renseign\u00e9 une adresse mail \u00e0 l&rsquo;activation de votre compte, cliquez sur \u00ab\u00a0Identifiant oubli\u00e9\u00a0\u00bb ou Mot de passe oubli\u00e9\u00a0\u00bb sinon contacter l&rsquo;administration de son \u00e9tablissement.<\/em><\/p>\n\n\n\n<h4 class=\"wp-block-heading has-vivid-purple-color has-text-color\">Je suis enseignant :<\/h4>\n\n\n\n<div class=\"wp-block-group\"><div class=\"wp-block-group__inner-container is-layout-constrained wp-block-group-is-layout-constrained\">\n<div class=\"wp-block-group\"><div class=\"wp-block-group__inner-container is-layout-constrained wp-block-group-is-layout-constrained\">\n<p>Utiliser ses identifiants acad\u00e9miques, \u00e0 l&rsquo;adresse : <a href=\"https:\/\/colibri.ac-martinique.fr\/\">https:\/\/colibri.ac-martinique.fr<\/a>.<br><em>En cas d&rsquo;oubli, vous pouvez r\u00e9cup\u00e9rer vos identifiants \u00e0 l&rsquo;adresse url suivante : <a rel=\"noreferrer noopener\" href=\"https:\/\/mina.ac-martinique.fr\/\" target=\"_blank\">https:\/\/mina.ac-martinique.fr\/<\/a><\/em><\/p>\n<\/div><\/div>\n<\/div><\/div>\n\n\n\n<div class=\"wp-block-uagb-separator uagb-block-7873b027\"><div class=\"wp-block-uagb-separator__inner\" style=\"--my-background-image:\"><\/div><\/div>\n\n\n\n<h4 class=\"wp-block-heading has-vivid-cyan-blue-color has-text-color\">Etape 2 : Acc\u00e9der \u00e0 la liste de ses manuels<\/h4>\n\n\n\n<div class=\"wp-block-group\"><div class=\"wp-block-group__inner-container is-layout-constrained wp-block-group-is-layout-constrained\">\n<div class=\"wp-block-group\"><div class=\"wp-block-group__inner-container is-layout-constrained wp-block-group-is-layout-constrained\">\n<p>Cliquer sur l&rsquo;onglet \u00ab\u00a0Mes applis\u00a0\u00bb. <\/p>\n\n\n<div class=\"wp-block-image\">\n<figure class=\"aligncenter size-full\"><img loading=\"lazy\" decoding=\"async\" width=\"704\" height=\"124\" src=\"https:\/\/site.ac-martinique.fr\/manuels-numeriques\/wp-content\/uploads\/sites\/133\/2023\/08\/Capture-decran-2023-08-28-a-11.05.26.png\" alt=\"\" class=\"wp-image-718\" srcset=\"https:\/\/site.ac-martinique.fr\/manuels-numeriques\/wp-content\/uploads\/sites\/133\/2023\/08\/Capture-decran-2023-08-28-a-11.05.26.png 704w, https:\/\/site.ac-martinique.fr\/manuels-numeriques\/wp-content\/uploads\/sites\/133\/2023\/08\/Capture-decran-2023-08-28-a-11.05.26-300x53.png 300w, https:\/\/site.ac-martinique.fr\/manuels-numeriques\/wp-content\/uploads\/sites\/133\/2023\/08\/Capture-decran-2023-08-28-a-11.05.26-150x26.png 150w, https:\/\/site.ac-martinique.fr\/manuels-numeriques\/wp-content\/uploads\/sites\/133\/2023\/08\/Capture-decran-2023-08-28-a-11.05.26-250x44.png 250w\" sizes=\"auto, (max-width: 704px) 100vw, 704px\" \/><\/figure>\n<\/div>\n\n\n<hr class=\"wp-block-separator has-alpha-channel-opacity\"\/>\n\n\n\n<p>Cliquer sur l&rsquo;application \u00ab\u00a0Mediacentre GAR\u00a0\u00bb.<\/p>\n\n\n<div class=\"wp-block-image\">\n<figure class=\"aligncenter size-full is-resized\"><img loading=\"lazy\" decoding=\"async\" src=\"https:\/\/site.ac-martinique.fr\/manuels-numeriques\/wp-content\/uploads\/sites\/133\/2023\/08\/Capture-decran-2023-08-28-a-11.06.00.png\" alt=\"\" class=\"wp-image-719\" style=\"width:165px;height:138px\" width=\"165\" height=\"138\" srcset=\"https:\/\/site.ac-martinique.fr\/manuels-numeriques\/wp-content\/uploads\/sites\/133\/2023\/08\/Capture-decran-2023-08-28-a-11.06.00.png 279w, https:\/\/site.ac-martinique.fr\/manuels-numeriques\/wp-content\/uploads\/sites\/133\/2023\/08\/Capture-decran-2023-08-28-a-11.06.00-150x125.png 150w, https:\/\/site.ac-martinique.fr\/manuels-numeriques\/wp-content\/uploads\/sites\/133\/2023\/08\/Capture-decran-2023-08-28-a-11.06.00-180x150.png 180w\" sizes=\"auto, (max-width: 165px) 100vw, 165px\" \/><\/figure>\n<\/div><\/div><\/div>\n<\/div><\/div>\n\n\n\n<hr class=\"wp-block-separator has-alpha-channel-opacity\"\/>\n\n\n\n<p>L&rsquo;ensemble des manuels num\u00e9riques et des ressources qui vous ont \u00e9t\u00e9 attribu\u00e9s sont disponibles dans le \u00ab&nbsp;Mediacentre GAR&nbsp;\u00bb. <\/p>\n\n\n<div class=\"wp-block-image\">\n<figure class=\"aligncenter size-large\"><img loading=\"lazy\" decoding=\"async\" width=\"1024\" height=\"413\" src=\"https:\/\/site.ac-martinique.fr\/manuels-numeriques\/wp-content\/uploads\/sites\/133\/2023\/08\/ecran-mediacentre-1024x413.png\" alt=\"\" class=\"wp-image-766\" srcset=\"https:\/\/site.ac-martinique.fr\/manuels-numeriques\/wp-content\/uploads\/sites\/133\/2023\/08\/ecran-mediacentre-1024x413.png 1024w, https:\/\/site.ac-martinique.fr\/manuels-numeriques\/wp-content\/uploads\/sites\/133\/2023\/08\/ecran-mediacentre-300x121.png 300w, https:\/\/site.ac-martinique.fr\/manuels-numeriques\/wp-content\/uploads\/sites\/133\/2023\/08\/ecran-mediacentre-768x310.png 768w, https:\/\/site.ac-martinique.fr\/manuels-numeriques\/wp-content\/uploads\/sites\/133\/2023\/08\/ecran-mediacentre-150x60.png 150w, https:\/\/site.ac-martinique.fr\/manuels-numeriques\/wp-content\/uploads\/sites\/133\/2023\/08\/ecran-mediacentre-250x101.png 250w, https:\/\/site.ac-martinique.fr\/manuels-numeriques\/wp-content\/uploads\/sites\/133\/2023\/08\/ecran-mediacentre.png 1285w\" sizes=\"auto, (max-width: 1024px) 100vw, 1024px\" \/><\/figure>\n<\/div>\n\n\n<hr class=\"wp-block-separator has-alpha-channel-opacity\"\/>\n\n\n\n<p>S&rsquo;il y en a beaucoup, une barre de recherche permet de retrouver rapidement un manuel en indiquant le nom ou un mot cl\u00e9 de celui-ci.<\/p>\n\n\n<div class=\"wp-block-image\">\n<figure class=\"aligncenter size-full is-resized\"><img loading=\"lazy\" decoding=\"async\" src=\"https:\/\/site.ac-martinique.fr\/manuels-numeriques\/wp-content\/uploads\/sites\/133\/2023\/08\/Capture-decran-2023-08-23-a-10.04.49-1.png\" alt=\"\" class=\"wp-image-709\" style=\"width:829px;height:79px\" width=\"829\" height=\"79\" srcset=\"https:\/\/site.ac-martinique.fr\/manuels-numeriques\/wp-content\/uploads\/sites\/133\/2023\/08\/Capture-decran-2023-08-23-a-10.04.49-1.png 954w, https:\/\/site.ac-martinique.fr\/manuels-numeriques\/wp-content\/uploads\/sites\/133\/2023\/08\/Capture-decran-2023-08-23-a-10.04.49-1-300x29.png 300w, https:\/\/site.ac-martinique.fr\/manuels-numeriques\/wp-content\/uploads\/sites\/133\/2023\/08\/Capture-decran-2023-08-23-a-10.04.49-1-768x73.png 768w, https:\/\/site.ac-martinique.fr\/manuels-numeriques\/wp-content\/uploads\/sites\/133\/2023\/08\/Capture-decran-2023-08-23-a-10.04.49-1-150x14.png 150w, https:\/\/site.ac-martinique.fr\/manuels-numeriques\/wp-content\/uploads\/sites\/133\/2023\/08\/Capture-decran-2023-08-23-a-10.04.49-1-250x24.png 250w\" sizes=\"auto, (max-width: 829px) 100vw, 829px\" \/><\/figure>\n<\/div>\n\n\n<div class=\"wp-block-uagb-separator uagb-block-2f71aa58\"><div class=\"wp-block-uagb-separator__inner\" style=\"--my-background-image:\"><\/div><\/div>\n\n\n\n<h4 class=\"wp-block-heading has-vivid-cyan-blue-color has-text-color\">\u00c9tape 3 : Ouvrir le manuel num\u00e9rique<\/h4>\n\n\n\n<p>Cliquez sur le manuel \u00e0 t\u00e9l\u00e9charger de l&rsquo;un des \u00e9diteurs suivant :<\/p>\n\n\n\n<ul class=\"wp-block-list\">\n<li>BELIN<\/li>\n\n\n\n<li>DELAGRAVE<\/li>\n\n\n\n<li>MAGNARD<\/li>\n\n\n\n<li>VUIBERT.<\/li>\n<\/ul>\n\n\n\n<p><em>L\u2019\u00e9diteur est indiqu\u00e9 en dessous du titre du manuel.<\/em><\/p>\n\n\n<div class=\"wp-block-image\">\n<figure class=\"aligncenter size-full\"><img loading=\"lazy\" decoding=\"async\" width=\"408\" height=\"216\" src=\"https:\/\/site.ac-martinique.fr\/manuels-numeriques\/wp-content\/uploads\/sites\/133\/2023\/08\/editeur-1.png\" alt=\"\" class=\"wp-image-937\" srcset=\"https:\/\/site.ac-martinique.fr\/manuels-numeriques\/wp-content\/uploads\/sites\/133\/2023\/08\/editeur-1.png 408w, https:\/\/site.ac-martinique.fr\/manuels-numeriques\/wp-content\/uploads\/sites\/133\/2023\/08\/editeur-1-300x159.png 300w, https:\/\/site.ac-martinique.fr\/manuels-numeriques\/wp-content\/uploads\/sites\/133\/2023\/08\/editeur-1-150x79.png 150w, https:\/\/site.ac-martinique.fr\/manuels-numeriques\/wp-content\/uploads\/sites\/133\/2023\/08\/editeur-1-250x132.png 250w\" sizes=\"auto, (max-width: 408px) 100vw, 408px\" \/><\/figure>\n<\/div>\n\n\n<div class=\"wp-block-uagb-separator uagb-block-abb91189\"><div class=\"wp-block-uagb-separator__inner\" style=\"--my-background-image:\"><\/div><\/div>\n\n\n\n<h4 class=\"wp-block-heading\">Le manuel s&rsquo;ouvre dans votre navigateur avec l&rsquo;un des reader : Lib Manuel ou Flex Manuel ou Manuel num\u00e9rique max :<\/h4>\n\n\n\n<p class=\"has-text-align-center\"><strong>Mon manuel s&rsquo;ouvre avec \u00ab\u00a0LibManuels\u00a0\u00bb<\/strong><\/p>\n\n\n<div class=\"wp-block-image\">\n<figure class=\"aligncenter size-full\"><img loading=\"lazy\" decoding=\"async\" width=\"1004\" height=\"468\" src=\"https:\/\/site.ac-martinique.fr\/manuels-numeriques\/wp-content\/uploads\/sites\/133\/2023\/08\/libmanuel0-1.png\" alt=\"\" class=\"wp-image-855\" srcset=\"https:\/\/site.ac-martinique.fr\/manuels-numeriques\/wp-content\/uploads\/sites\/133\/2023\/08\/libmanuel0-1.png 1004w, https:\/\/site.ac-martinique.fr\/manuels-numeriques\/wp-content\/uploads\/sites\/133\/2023\/08\/libmanuel0-1-300x140.png 300w, https:\/\/site.ac-martinique.fr\/manuels-numeriques\/wp-content\/uploads\/sites\/133\/2023\/08\/libmanuel0-1-768x358.png 768w, https:\/\/site.ac-martinique.fr\/manuels-numeriques\/wp-content\/uploads\/sites\/133\/2023\/08\/libmanuel0-1-150x70.png 150w, https:\/\/site.ac-martinique.fr\/manuels-numeriques\/wp-content\/uploads\/sites\/133\/2023\/08\/libmanuel0-1-250x117.png 250w\" sizes=\"auto, (max-width: 1004px) 100vw, 1004px\" \/><\/figure>\n<\/div>\n\n\n<hr class=\"wp-block-separator has-alpha-channel-opacity\"\/>\n\n\n\n<div class=\"wp-block-buttons is-content-justification-space-between is-layout-flex wp-container-core-buttons-is-layout-d3c43caa wp-block-buttons-is-layout-flex\">\n<div class=\"wp-block-button has-custom-width wp-block-button__width-100 has-custom-font-size is-style-fill has-medium-font-size\"><a class=\"wp-block-button__link has-white-color has-text-color has-text-align-center wp-element-button\" href=\"https:\/\/site.ac-martinique.fr\/manuels-numeriques\/je-telecharge-mon-manuel-numerique-avec-lapplication-lib-manuel\/\" style=\"border-radius:17px\"><strong>Cliquer ici pour passer \u00e0 l&rsquo;\u00e9tape 4 avec \u00ab\u00a0LibManuels\u00a0\u00bb<\/strong><\/a><\/div>\n<\/div>\n\n\n\n<div class=\"wp-block-uagb-separator uagb-block-69917f19\"><div class=\"wp-block-uagb-separator__inner\" style=\"--my-background-image:\"><\/div><\/div>\n\n\n\n<p class=\"has-text-align-center\"><strong><strong>Mon manuel s&rsquo;ouvre avec \u00ab\u00a0<\/strong>Flexmanuels\u00a0\u00bb<\/strong><\/p>\n\n\n<div class=\"wp-block-image\">\n<figure class=\"aligncenter size-full\"><img loading=\"lazy\" decoding=\"async\" width=\"1006\" height=\"470\" src=\"https:\/\/site.ac-martinique.fr\/manuels-numeriques\/wp-content\/uploads\/sites\/133\/2023\/08\/Flexmanuel0.png\" alt=\"\" class=\"wp-image-848\" srcset=\"https:\/\/site.ac-martinique.fr\/manuels-numeriques\/wp-content\/uploads\/sites\/133\/2023\/08\/Flexmanuel0.png 1006w, https:\/\/site.ac-martinique.fr\/manuels-numeriques\/wp-content\/uploads\/sites\/133\/2023\/08\/Flexmanuel0-300x140.png 300w, https:\/\/site.ac-martinique.fr\/manuels-numeriques\/wp-content\/uploads\/sites\/133\/2023\/08\/Flexmanuel0-768x359.png 768w, https:\/\/site.ac-martinique.fr\/manuels-numeriques\/wp-content\/uploads\/sites\/133\/2023\/08\/Flexmanuel0-150x70.png 150w, https:\/\/site.ac-martinique.fr\/manuels-numeriques\/wp-content\/uploads\/sites\/133\/2023\/08\/Flexmanuel0-250x117.png 250w\" sizes=\"auto, (max-width: 1006px) 100vw, 1006px\" \/><\/figure>\n<\/div>\n\n\n<hr class=\"wp-block-separator has-alpha-channel-opacity\"\/>\n\n\n\n<div class=\"wp-block-buttons is-content-justification-space-between is-layout-flex wp-container-core-buttons-is-layout-d3c43caa wp-block-buttons-is-layout-flex\">\n<div class=\"wp-block-button has-custom-width wp-block-button__width-100 has-custom-font-size is-style-fill has-medium-font-size\"><a class=\"wp-block-button__link has-white-color has-text-color has-text-align-center wp-element-button\" href=\"https:\/\/site.ac-martinique.fr\/manuels-numeriques\/je-telecharge-mon-manuel-numerique-avec-lapplication-flex-manuel\/\" style=\"border-radius:17px\"><strong>Cliquer ici pour passer \u00e0 l&rsquo;\u00e9tape 4 avec \u00ab\u00a0Flexmanuels\u00a0\u00bb<\/strong><\/a><\/div>\n<\/div>\n\n\n\n<div class=\"wp-block-uagb-separator uagb-block-440ef430\"><div class=\"wp-block-uagb-separator__inner\" style=\"--my-background-image:\"><\/div><\/div>\n\n\n\n<p class=\"has-text-align-center\"><strong><strong>Mon manuel s&rsquo;ouvre avec \u00ab\u00a0<\/strong>Manuel num\u00e9rique max\u00a0\u00bb<\/strong><\/p>\n\n\n\n<figure class=\"wp-block-image size-full\"><img loading=\"lazy\" decoding=\"async\" width=\"1006\" height=\"391\" src=\"https:\/\/site.ac-martinique.fr\/manuels-numeriques\/wp-content\/uploads\/sites\/133\/2023\/08\/manuelmax0.png\" alt=\"\" class=\"wp-image-858\" srcset=\"https:\/\/site.ac-martinique.fr\/manuels-numeriques\/wp-content\/uploads\/sites\/133\/2023\/08\/manuelmax0.png 1006w, https:\/\/site.ac-martinique.fr\/manuels-numeriques\/wp-content\/uploads\/sites\/133\/2023\/08\/manuelmax0-300x117.png 300w, https:\/\/site.ac-martinique.fr\/manuels-numeriques\/wp-content\/uploads\/sites\/133\/2023\/08\/manuelmax0-768x298.png 768w, https:\/\/site.ac-martinique.fr\/manuels-numeriques\/wp-content\/uploads\/sites\/133\/2023\/08\/manuelmax0-150x58.png 150w, https:\/\/site.ac-martinique.fr\/manuels-numeriques\/wp-content\/uploads\/sites\/133\/2023\/08\/manuelmax0-250x97.png 250w\" sizes=\"auto, (max-width: 1006px) 100vw, 1006px\" \/><\/figure>\n\n\n\n<hr class=\"wp-block-separator has-alpha-channel-opacity\"\/>\n\n\n\n<div class=\"wp-block-buttons is-content-justification-space-between is-layout-flex wp-container-core-buttons-is-layout-d3c43caa wp-block-buttons-is-layout-flex\">\n<div class=\"wp-block-button has-custom-width wp-block-button__width-100 has-custom-font-size is-style-fill has-medium-font-size\"><a class=\"wp-block-button__link has-white-color has-text-color has-text-align-center wp-element-button\" href=\"https:\/\/site.ac-martinique.fr\/manuels-numeriques\/je-telecharge-mon-manuel-numerique-avec-lapplication-manuel-numerique-max\/\" style=\"border-radius:17px\"><strong>Cliquer ici pour passer \u00e0 l&rsquo;\u00e9tape 4 avec \u00ab\u00a0Manuel num\u00e9rique max\u00a0\u00bb<\/strong><\/a><\/div>\n<\/div>\n\n\n\n<div class=\"wp-block-uagb-separator uagb-block-7dc1bbf0\"><div class=\"wp-block-uagb-separator__inner\" style=\"--my-background-image:\"><\/div><\/div>\n","protected":false},"excerpt":{"rendered":"<p>Etape 1 : Se connecter \u00e0 Colibri Je suis \u00e9l\u00e8ve : Utiliser ses identifiants Educonnect, \u00e0 l&rsquo;adresse : https:\/\/colibri.ac-martinique.fr.En cas d&rsquo;oubli, sur la page Educonnect, si vous avez renseign\u00e9 une adresse mail \u00e0 l&rsquo;activation de votre compte, cliquez sur \u00ab\u00a0Identifiant oubli\u00e9\u00a0\u00bb ou Mot de passe oubli\u00e9\u00a0\u00bb sinon contacter l&rsquo;administration de&#8230; <a class=\"continue-reading-link\" href=\"https:\/\/site.ac-martinique.fr\/manuels-numeriques\/acces-aux-manuels-numeriques-lib-manuels\/\"> Continue reading <span class=\"meta-nav\">&rarr; <\/span><\/a><\/p>\n","protected":false},"author":79,"featured_media":0,"parent":0,"menu_order":0,"comment_status":"closed","ping_status":"closed","template":"","meta":{"_uag_custom_page_level_css":"","_themeisle_gutenberg_block_has_review":false,"footnotes":""},"class_list":["post-115","page","type-page","status-publish","hentry"],"uagb_featured_image_src":{"full":false,"thumbnail":false,"medium":false,"medium_large":false,"large":false,"1536x1536":false,"2048x2048":false,"post-thumbnail":false,"header":false,"slider":false,"custom":false},"uagb_author_info":{"display_name":"Alexandre BAVARIN","author_link":"https:\/\/site.ac-martinique.fr\/manuels-numeriques\/author\/webgm\/"},"uagb_comment_info":0,"uagb_excerpt":"Etape 1 : Se connecter \u00e0 Colibri Je suis \u00e9l\u00e8ve : Utiliser ses identifiants Educonnect, \u00e0 l&rsquo;adresse : https:\/\/colibri.ac-martinique.fr.En cas d&rsquo;oubli, sur la page Educonnect, si vous avez renseign\u00e9 une adresse mail \u00e0 l&rsquo;activation de votre compte, cliquez sur \u00ab\u00a0Identifiant oubli\u00e9\u00a0\u00bb ou Mot de passe oubli\u00e9\u00a0\u00bb sinon contacter l&rsquo;administration de... Continue reading &rarr;","_links":{"self":[{"href":"https:\/\/site.ac-martinique.fr\/manuels-numeriques\/wp-json\/wp\/v2\/pages\/115","targetHints":{"allow":["GET"]}}],"collection":[{"href":"https:\/\/site.ac-martinique.fr\/manuels-numeriques\/wp-json\/wp\/v2\/pages"}],"about":[{"href":"https:\/\/site.ac-martinique.fr\/manuels-numeriques\/wp-json\/wp\/v2\/types\/page"}],"author":[{"embeddable":true,"href":"https:\/\/site.ac-martinique.fr\/manuels-numeriques\/wp-json\/wp\/v2\/users\/79"}],"replies":[{"embeddable":true,"href":"https:\/\/site.ac-martinique.fr\/manuels-numeriques\/wp-json\/wp\/v2\/comments?post=115"}],"version-history":[{"count":96,"href":"https:\/\/site.ac-martinique.fr\/manuels-numeriques\/wp-json\/wp\/v2\/pages\/115\/revisions"}],"predecessor-version":[{"id":1125,"href":"https:\/\/site.ac-martinique.fr\/manuels-numeriques\/wp-json\/wp\/v2\/pages\/115\/revisions\/1125"}],"wp:attachment":[{"href":"https:\/\/site.ac-martinique.fr\/manuels-numeriques\/wp-json\/wp\/v2\/media?parent=115"}],"curies":[{"name":"wp","href":"https:\/\/api.w.org\/{rel}","templated":true}]}}