{"id":1295,"date":"2023-09-05T12:48:04","date_gmt":"2023-09-05T16:48:04","guid":{"rendered":"https:\/\/site.ac-martinique.fr\/manuels-numeriques\/?page_id=1295"},"modified":"2023-09-11T10:49:20","modified_gmt":"2023-09-11T14:49:20","slug":"le-coin-du-telechargement","status":"publish","type":"page","link":"https:\/\/site.ac-martinique.fr\/manuels-numeriques\/le-coin-du-telechargement\/","title":{"rendered":"Tutoriels \u00e0 t\u00e9l\u00e9charger"},"content":{"rendered":"\n<p>Vous pouvez t\u00e9l\u00e9charger les diff\u00e9rents tutoriels consultables sur ce site afin de pouvoir les utiliser hors ligne :<\/p>\n\n\n\n<ul class=\"has-medium-font-size wp-block-list\">\n<li><\/li>\n<\/ul>\n\n\n\n<div class=\"wp-block-group\"><div class=\"wp-block-group__inner-container is-layout-constrained wp-block-group-is-layout-constrained\">\n<div class=\"wp-block-uagb-call-to-action uagb-block-3f37fce7 wp-block-button\"><div class=\"uagb-cta__wrap\"><h3 class=\"uagb-cta__title\">Comment t\u00e9l\u00e9charger ses manuels num\u00e9riques sur son ordinateur.<\/h3><\/div><div class=\"uagb-cta__buttons\"><a href=\"https:\/\/nuage03.apps.education.fr\/index.php\/s\/kpgHJ3LGzpdHTF3\" class=\"uagb-cta__button-link-wrapper wp-block-button__link\" target=\"_blank\" rel=\"noopener noreferrer\">T\u00e9l\u00e9charger<svg xmlns=\"https:\/\/www.w3.org\/2000\/svg\" viewBox=\"0 0 512 512\"><path d=\"M504.3 273.6l-112.1 104c-6.992 6.484-17.18 8.218-25.94 4.406c-8.758-3.812-14.42-12.45-14.42-21.1L351.9 288H32C14.33 288 .0002 273.7 .0002 255.1S14.33 224 32 224h319.9l0-72c0-9.547 5.66-18.19 14.42-22c8.754-3.809 18.95-2.075 25.94 4.41l112.1 104C514.6 247.9 514.6 264.1 504.3 273.6z\"><\/path><\/svg><\/a><\/div><\/div>\n\n\n\n<div class=\"wp-block-uagb-call-to-action uagb-block-43e26267 wp-block-button\"><div class=\"uagb-cta__wrap\"><h3 class=\"uagb-cta__title\">Comment consulter ses manuels num\u00e9riques en ligne.<\/h3><\/div><div class=\"uagb-cta__buttons\"><a href=\"https:\/\/nuage03.apps.education.fr\/index.php\/s\/EjorXDAFRX5LoKQ\" class=\"uagb-cta__button-link-wrapper wp-block-button__link\" target=\"_blank\" rel=\"noopener noreferrer\">T\u00e9l\u00e9charger<svg xmlns=\"https:\/\/www.w3.org\/2000\/svg\" viewBox=\"0 0 512 512\"><path d=\"M504.3 273.6l-112.1 104c-6.992 6.484-17.18 8.218-25.94 4.406c-8.758-3.812-14.42-12.45-14.42-21.1L351.9 288H32C14.33 288 .0002 273.7 .0002 255.1S14.33 224 32 224h319.9l0-72c0-9.547 5.66-18.19 14.42-22c8.754-3.809 18.95-2.075 25.94 4.41l112.1 104C514.6 247.9 514.6 264.1 504.3 273.6z\"><\/path><\/svg><\/a><\/div><\/div>\n\n\n\n<div class=\"wp-block-uagb-call-to-action uagb-block-59da7a1f wp-block-button\"><div class=\"uagb-cta__wrap\"><h3 class=\"uagb-cta__title\">Comment consulter ses manuels num\u00e9riques hors ligne.<\/h3><\/div><div class=\"uagb-cta__buttons\"><a href=\"https:\/\/nuage03.apps.education.fr\/index.php\/s\/77D9294xMbfnrTY\" class=\"uagb-cta__button-link-wrapper wp-block-button__link\" target=\"_blank\" rel=\"noopener noreferrer\">T\u00e9l\u00e9charger<svg xmlns=\"https:\/\/www.w3.org\/2000\/svg\" viewBox=\"0 0 512 512\"><path d=\"M504.3 273.6l-112.1 104c-6.992 6.484-17.18 8.218-25.94 4.406c-8.758-3.812-14.42-12.45-14.42-21.1L351.9 288H32C14.33 288 .0002 273.7 .0002 255.1S14.33 224 32 224h319.9l0-72c0-9.547 5.66-18.19 14.42-22c8.754-3.809 18.95-2.075 25.94 4.41l112.1 104C514.6 247.9 514.6 264.1 504.3 273.6z\"><\/path><\/svg><\/a><\/div><\/div>\n<\/div><\/div>\n","protected":false},"excerpt":{"rendered":"<p>Vous pouvez t\u00e9l\u00e9charger les diff\u00e9rents tutoriels consultables sur ce site afin de pouvoir les utiliser hors ligne :<\/p>\n","protected":false},"author":79,"featured_media":0,"parent":0,"menu_order":0,"comment_status":"closed","ping_status":"closed","template":"","meta":{"_uag_custom_page_level_css":"","_themeisle_gutenberg_block_has_review":false,"footnotes":""},"class_list":["post-1295","page","type-page","status-publish","hentry"],"uagb_featured_image_src":{"full":false,"thumbnail":false,"medium":false,"medium_large":false,"large":false,"1536x1536":false,"2048x2048":false,"post-thumbnail":false,"header":false,"slider":false,"custom":false},"uagb_author_info":{"display_name":"Alexandre BAVARIN","author_link":"https:\/\/site.ac-martinique.fr\/manuels-numeriques\/author\/webgm\/"},"uagb_comment_info":0,"uagb_excerpt":"Vous pouvez t\u00e9l\u00e9charger les diff\u00e9rents tutoriels consultables sur ce site afin de pouvoir les utiliser hors ligne :","_links":{"self":[{"href":"https:\/\/site.ac-martinique.fr\/manuels-numeriques\/wp-json\/wp\/v2\/pages\/1295","targetHints":{"allow":["GET"]}}],"collection":[{"href":"https:\/\/site.ac-martinique.fr\/manuels-numeriques\/wp-json\/wp\/v2\/pages"}],"about":[{"href":"https:\/\/site.ac-martinique.fr\/manuels-numeriques\/wp-json\/wp\/v2\/types\/page"}],"author":[{"embeddable":true,"href":"https:\/\/site.ac-martinique.fr\/manuels-numeriques\/wp-json\/wp\/v2\/users\/79"}],"replies":[{"embeddable":true,"href":"https:\/\/site.ac-martinique.fr\/manuels-numeriques\/wp-json\/wp\/v2\/comments?post=1295"}],"version-history":[{"count":18,"href":"https:\/\/site.ac-martinique.fr\/manuels-numeriques\/wp-json\/wp\/v2\/pages\/1295\/revisions"}],"predecessor-version":[{"id":1420,"href":"https:\/\/site.ac-martinique.fr\/manuels-numeriques\/wp-json\/wp\/v2\/pages\/1295\/revisions\/1420"}],"wp:attachment":[{"href":"https:\/\/site.ac-martinique.fr\/manuels-numeriques\/wp-json\/wp\/v2\/media?parent=1295"}],"curies":[{"name":"wp","href":"https:\/\/api.w.org\/{rel}","templated":true}]}}