{"id":136,"date":"2023-07-11T17:02:41","date_gmt":"2023-07-11T21:02:41","guid":{"rendered":"https:\/\/site.ac-martinique.fr\/manuels-numeriques\/?page_id=136"},"modified":"2023-09-05T07:09:05","modified_gmt":"2023-09-05T11:09:05","slug":"telecharger-les-manuels-numeriques2","status":"publish","type":"page","link":"https:\/\/site.ac-martinique.fr\/manuels-numeriques\/telecharger-les-manuels-numeriques2\/","title":{"rendered":"T\u00e9l\u00e9charger ses manuels num\u00e9riques"},"content":{"rendered":"\n<p>Pour consulter les\u00a0manuels num\u00e9riques hors ligne, Il est n\u00e9cessaire de les t\u00e9l\u00e9charger. Il est possible de les t\u00e9l\u00e9charger sur plusieurs \u00e9quipements num\u00e9riques (ordinateur, smartphone, ordinateur de maison, &#8230;). Toutefois, le m\u00eame manuel num\u00e9rique est limit\u00e9 \u00e0 3 t\u00e9l\u00e9chargements pour la plupart des \u00e9diteurs.<\/p>\n\n\n\n<div class=\"wp-block-media-text alignwide is-stacked-on-mobile\" style=\"grid-template-columns:20% auto\"><figure class=\"wp-block-media-text__media\"><img loading=\"lazy\" decoding=\"async\" width=\"2084\" height=\"1389\" src=\"https:\/\/site.ac-martinique.fr\/manuels-numeriques\/wp-content\/uploads\/sites\/133\/2023\/07\/jeune-femme-joyeuse-pose-dans-mur-trou-papier-jaune-dechire-emotionnel-expressif-edited.jpg\" alt=\"\" class=\"wp-image-499 size-full\" srcset=\"https:\/\/site.ac-martinique.fr\/manuels-numeriques\/wp-content\/uploads\/sites\/133\/2023\/07\/jeune-femme-joyeuse-pose-dans-mur-trou-papier-jaune-dechire-emotionnel-expressif-edited.jpg 2084w, https:\/\/site.ac-martinique.fr\/manuels-numeriques\/wp-content\/uploads\/sites\/133\/2023\/07\/jeune-femme-joyeuse-pose-dans-mur-trou-papier-jaune-dechire-emotionnel-expressif-edited-300x200.jpg 300w, https:\/\/site.ac-martinique.fr\/manuels-numeriques\/wp-content\/uploads\/sites\/133\/2023\/07\/jeune-femme-joyeuse-pose-dans-mur-trou-papier-jaune-dechire-emotionnel-expressif-edited-1024x683.jpg 1024w, https:\/\/site.ac-martinique.fr\/manuels-numeriques\/wp-content\/uploads\/sites\/133\/2023\/07\/jeune-femme-joyeuse-pose-dans-mur-trou-papier-jaune-dechire-emotionnel-expressif-edited-768x512.jpg 768w, https:\/\/site.ac-martinique.fr\/manuels-numeriques\/wp-content\/uploads\/sites\/133\/2023\/07\/jeune-femme-joyeuse-pose-dans-mur-trou-papier-jaune-dechire-emotionnel-expressif-edited-1536x1024.jpg 1536w, https:\/\/site.ac-martinique.fr\/manuels-numeriques\/wp-content\/uploads\/sites\/133\/2023\/07\/jeune-femme-joyeuse-pose-dans-mur-trou-papier-jaune-dechire-emotionnel-expressif-edited-2048x1365.jpg 2048w, https:\/\/site.ac-martinique.fr\/manuels-numeriques\/wp-content\/uploads\/sites\/133\/2023\/07\/jeune-femme-joyeuse-pose-dans-mur-trou-papier-jaune-dechire-emotionnel-expressif-edited-150x100.jpg 150w, https:\/\/site.ac-martinique.fr\/manuels-numeriques\/wp-content\/uploads\/sites\/133\/2023\/07\/jeune-femme-joyeuse-pose-dans-mur-trou-papier-jaune-dechire-emotionnel-expressif-edited-225x150.jpg 225w\" sizes=\"auto, (max-width: 2084px) 100vw, 2084px\" \/><\/figure><div class=\"wp-block-media-text__content\">\n<h3 class=\"wp-block-heading\">En r\u00e9sum\u00e9, voil\u00e0 ce qu&rsquo;il convient de faire :<\/h3>\n\n\n\n<ol class=\"wp-block-list\">\n<li>Ouvrir le manuel \u00e0 partir de Colibri.<\/li>\n\n\n\n<li>Ouvrir le manuel dans l&rsquo;application.<br>Si besoin, installer l&rsquo;application apr\u00e8s l&rsquo;avoir t\u00e9l\u00e9charg\u00e9e.<\/li>\n\n\n\n<li>T\u00e9l\u00e9charger le manuel dans l&rsquo;application.<br>Le manuel est d\u00e9sormais disponible sans connexion.<\/li>\n<\/ol>\n<\/div><\/div>\n\n\n\n<div class=\"wp-block-uagb-separator uagb-block-3af09eda\"><div class=\"wp-block-uagb-separator__inner\" style=\"--my-background-image:\"><\/div><\/div>\n\n\n\n<div class=\"wp-block-group alignfull\"><div class=\"wp-block-group__inner-container is-layout-flow wp-block-group-is-layout-flow\">\n<div class=\"wp-block-columns tw-cols-stack-sm is-layout-flex wp-container-core-columns-is-layout-abceabcf wp-block-columns-is-layout-flex\">\n<div class=\"wp-block-column is-layout-flow wp-block-column-is-layout-flow\" style=\"--col-width:20%;flex-basis:20%\">\n<figure class=\"wp-block-image size-full is-style-rounded\"><img loading=\"lazy\" decoding=\"async\" width=\"800\" height=\"804\" src=\"https:\/\/site.ac-martinique.fr\/manuels-numeriques\/wp-content\/uploads\/sites\/133\/2023\/08\/heureux-jeune-homme-portant-casquette-aide-ordinateur-portable2.png\" alt=\"\" class=\"wp-image-810\" srcset=\"https:\/\/site.ac-martinique.fr\/manuels-numeriques\/wp-content\/uploads\/sites\/133\/2023\/08\/heureux-jeune-homme-portant-casquette-aide-ordinateur-portable2.png 800w, https:\/\/site.ac-martinique.fr\/manuels-numeriques\/wp-content\/uploads\/sites\/133\/2023\/08\/heureux-jeune-homme-portant-casquette-aide-ordinateur-portable2-150x150.png 150w, https:\/\/site.ac-martinique.fr\/manuels-numeriques\/wp-content\/uploads\/sites\/133\/2023\/08\/heureux-jeune-homme-portant-casquette-aide-ordinateur-portable2-768x772.png 768w, https:\/\/site.ac-martinique.fr\/manuels-numeriques\/wp-content\/uploads\/sites\/133\/2023\/08\/heureux-jeune-homme-portant-casquette-aide-ordinateur-portable2-149x150.png 149w\" sizes=\"auto, (max-width: 800px) 100vw, 800px\" \/><\/figure>\n<\/div>\n\n\n\n<div class=\"wp-block-column is-layout-flow wp-block-column-is-layout-flow\" style=\"--col-width:80%;flex-basis:80%\">\n<h3 class=\"wp-block-heading\"><strong>Comment t\u00e9l\u00e9charger mes manuels num\u00e9riques sur mon ordinateur  ?<\/strong><\/h3>\n\n\n\n<p class=\"tw-mb-0\">Pour consulter les\u00a0manuels num\u00e9riques hors ligne (sans connexion internet), il est n\u00e9cessaire les t\u00e9l\u00e9charger sur son \u00e9quipement num\u00e9rique.<\/p>\n\n\n\n<div class=\"wp-block-uagb-marketing-button uagb-marketing-btn__align-center uagb-marketing-btn__align-text-center uagb-marketing-btn__icon-after uagb-block-1222fc17 wp-block-button\"><a href=\"https:\/\/site.ac-martinique.fr\/manuels-numeriques\/telecharger-ses-manuels-numeriques-sur-son-ordinateur\/\" class=\"uagb-marketing-btn__link wp-block-button__link\" target=\"\" rel=\"noopener noreferrer\"><span class=\"uagb-marketing-btn__title\">Pas \u00e0 pas <\/span><svg xmlns=\"https:\/\/www.w3.org\/2000\/svg\" viewBox=\"0 0 512 512\"><path d=\"M384 320c-17.67 0-32 14.33-32 32v96H64V160h96c17.67 0 32-14.32 32-32s-14.33-32-32-32L64 96c-35.35 0-64 28.65-64 64V448c0 35.34 28.65 64 64 64h288c35.35 0 64-28.66 64-64v-96C416 334.3 401.7 320 384 320zM488 0H352c-12.94 0-24.62 7.797-29.56 19.75c-4.969 11.97-2.219 25.72 6.938 34.88L370.8 96L169.4 297.4c-12.5 12.5-12.5 32.75 0 45.25C175.6 348.9 183.8 352 192 352s16.38-3.125 22.62-9.375L416 141.3l41.38 41.38c9.156 9.141 22.88 11.84 34.88 6.938C504.2 184.6 512 172.9 512 160V24C512 10.74 501.3 0 488 0z\"><\/path><\/svg><p class=\"uagb-marketing-btn__prefix\"><\/p><\/a><\/div>\n<\/div>\n<\/div>\n\n\n\n<div class=\"wp-block-uagb-separator uagb-block-d8f6f681\"><div class=\"wp-block-uagb-separator__inner\" style=\"--my-background-image:\"><\/div><\/div>\n<\/div><\/div>\n\n\n\n<div class=\"wp-block-columns tw-cols-stack-sm is-layout-flex wp-container-core-columns-is-layout-abceabcf wp-block-columns-is-layout-flex\">\n<div class=\"wp-block-column is-layout-flow wp-block-column-is-layout-flow\" style=\"--col-width:20%;flex-basis:20%\">\n<figure class=\"wp-block-image size-full is-style-rounded\"><img loading=\"lazy\" decoding=\"async\" width=\"708\" height=\"808\" src=\"https:\/\/site.ac-martinique.fr\/manuels-numeriques\/wp-content\/uploads\/sites\/133\/2023\/08\/concept-livraison-portrait-handsome-african-american-delivery-man-messagerie-boite-montrant-tablette-vous-pour-verifier-commande-isole-fond-studio-gris-espace-copie2.png\" alt=\"\" class=\"wp-image-812\" srcset=\"https:\/\/site.ac-martinique.fr\/manuels-numeriques\/wp-content\/uploads\/sites\/133\/2023\/08\/concept-livraison-portrait-handsome-african-american-delivery-man-messagerie-boite-montrant-tablette-vous-pour-verifier-commande-isole-fond-studio-gris-espace-copie2.png 708w, https:\/\/site.ac-martinique.fr\/manuels-numeriques\/wp-content\/uploads\/sites\/133\/2023\/08\/concept-livraison-portrait-handsome-african-american-delivery-man-messagerie-boite-montrant-tablette-vous-pour-verifier-commande-isole-fond-studio-gris-espace-copie2-263x300.png 263w, https:\/\/site.ac-martinique.fr\/manuels-numeriques\/wp-content\/uploads\/sites\/133\/2023\/08\/concept-livraison-portrait-handsome-african-american-delivery-man-messagerie-boite-montrant-tablette-vous-pour-verifier-commande-isole-fond-studio-gris-espace-copie2-131x150.png 131w\" sizes=\"auto, (max-width: 708px) 100vw, 708px\" \/><\/figure>\n<\/div>\n\n\n\n<div class=\"wp-block-column is-layout-flow wp-block-column-is-layout-flow\" style=\"--col-width:80%;flex-basis:80%\">\n<h3 class=\"wp-block-heading\"><strong>Comment t\u00e9l\u00e9charger mes manuels num\u00e9riques sur une tablette ou un smartphone  ?<\/strong><\/h3>\n\n\n\n<p>Il est possible d\u2019installer un manuel num\u00e9rique sur plusieurs \u00e9quipements num\u00e9riques (tablette, smartphone, ordinateur de maison,\u2026).<\/p>\n\n\n\n<p>Si vous disposez d\u2019une tablette ou d&rsquo;un smartphone, vous pouvez t\u00e9l\u00e9charger votre manuel num\u00e9rique sur ces \u00e9quipements et les consulter hors ligne&#8230;<\/p>\n\n\n\n<div class=\"wp-block-uagb-marketing-button uagb-marketing-btn__align-center uagb-marketing-btn__align-text-center uagb-marketing-btn__icon-after uagb-block-84701a1a wp-block-button\"><a href=\"https:\/\/site.ac-martinique.fr\/manuels-numeriques\/telecharger-ses-manuels-numeriques-sur-une-tablette-ou-smartphone\/\" class=\"uagb-marketing-btn__link wp-block-button__link\" target=\"\" rel=\"noopener noreferrer\"><span class=\"uagb-marketing-btn__title\">Pas \u00e0 pas <\/span><svg xmlns=\"https:\/\/www.w3.org\/2000\/svg\" viewBox=\"0 0 512 512\"><path d=\"M384 320c-17.67 0-32 14.33-32 32v96H64V160h96c17.67 0 32-14.32 32-32s-14.33-32-32-32L64 96c-35.35 0-64 28.65-64 64V448c0 35.34 28.65 64 64 64h288c35.35 0 64-28.66 64-64v-96C416 334.3 401.7 320 384 320zM488 0H352c-12.94 0-24.62 7.797-29.56 19.75c-4.969 11.97-2.219 25.72 6.938 34.88L370.8 96L169.4 297.4c-12.5 12.5-12.5 32.75 0 45.25C175.6 348.9 183.8 352 192 352s16.38-3.125 22.62-9.375L416 141.3l41.38 41.38c9.156 9.141 22.88 11.84 34.88 6.938C504.2 184.6 512 172.9 512 160V24C512 10.74 501.3 0 488 0z\"><\/path><\/svg><p class=\"uagb-marketing-btn__prefix\"><\/p><\/a><\/div>\n<\/div>\n<\/div>\n","protected":false},"excerpt":{"rendered":"<p>Pour consulter les\u00a0manuels num\u00e9riques hors ligne, Il est n\u00e9cessaire de les t\u00e9l\u00e9charger. Il est possible de les t\u00e9l\u00e9charger sur plusieurs \u00e9quipements num\u00e9riques (ordinateur, smartphone, ordinateur de maison, &#8230;). Toutefois, le m\u00eame manuel num\u00e9rique est limit\u00e9 \u00e0 3 t\u00e9l\u00e9chargements pour la plupart des \u00e9diteurs. Comment t\u00e9l\u00e9charger mes manuels num\u00e9riques sur mon&#8230; <a class=\"continue-reading-link\" href=\"https:\/\/site.ac-martinique.fr\/manuels-numeriques\/telecharger-les-manuels-numeriques2\/\"> Continue reading <span class=\"meta-nav\">&rarr; <\/span><\/a><\/p>\n","protected":false},"author":79,"featured_media":0,"parent":0,"menu_order":0,"comment_status":"closed","ping_status":"closed","template":"","meta":{"_uag_custom_page_level_css":"","_themeisle_gutenberg_block_has_review":false,"footnotes":""},"class_list":["post-136","page","type-page","status-publish","hentry"],"uagb_featured_image_src":{"full":false,"thumbnail":false,"medium":false,"medium_large":false,"large":false,"1536x1536":false,"2048x2048":false,"post-thumbnail":false,"header":false,"slider":false,"custom":false},"uagb_author_info":{"display_name":"Alexandre BAVARIN","author_link":"https:\/\/site.ac-martinique.fr\/manuels-numeriques\/author\/webgm\/"},"uagb_comment_info":0,"uagb_excerpt":"Pour consulter les\u00a0manuels num\u00e9riques hors ligne, Il est n\u00e9cessaire de les t\u00e9l\u00e9charger. Il est possible de les t\u00e9l\u00e9charger sur plusieurs \u00e9quipements num\u00e9riques (ordinateur, smartphone, ordinateur de maison, &#8230;). Toutefois, le m\u00eame manuel num\u00e9rique est limit\u00e9 \u00e0 3 t\u00e9l\u00e9chargements pour la plupart des \u00e9diteurs. Comment t\u00e9l\u00e9charger mes manuels num\u00e9riques sur mon... Continue reading &rarr;","_links":{"self":[{"href":"https:\/\/site.ac-martinique.fr\/manuels-numeriques\/wp-json\/wp\/v2\/pages\/136","targetHints":{"allow":["GET"]}}],"collection":[{"href":"https:\/\/site.ac-martinique.fr\/manuels-numeriques\/wp-json\/wp\/v2\/pages"}],"about":[{"href":"https:\/\/site.ac-martinique.fr\/manuels-numeriques\/wp-json\/wp\/v2\/types\/page"}],"author":[{"embeddable":true,"href":"https:\/\/site.ac-martinique.fr\/manuels-numeriques\/wp-json\/wp\/v2\/users\/79"}],"replies":[{"embeddable":true,"href":"https:\/\/site.ac-martinique.fr\/manuels-numeriques\/wp-json\/wp\/v2\/comments?post=136"}],"version-history":[{"count":87,"href":"https:\/\/site.ac-martinique.fr\/manuels-numeriques\/wp-json\/wp\/v2\/pages\/136\/revisions"}],"predecessor-version":[{"id":1250,"href":"https:\/\/site.ac-martinique.fr\/manuels-numeriques\/wp-json\/wp\/v2\/pages\/136\/revisions\/1250"}],"wp:attachment":[{"href":"https:\/\/site.ac-martinique.fr\/manuels-numeriques\/wp-json\/wp\/v2\/media?parent=136"}],"curies":[{"name":"wp","href":"https:\/\/api.w.org\/{rel}","templated":true}]}}