{"id":26,"date":"2023-07-10T14:42:16","date_gmt":"2023-07-10T18:42:16","guid":{"rendered":"https:\/\/site.ac-martinique.fr\/manuels-numeriques\/?page_id=26"},"modified":"2023-09-01T15:11:07","modified_gmt":"2023-09-01T19:11:07","slug":"comment-acceder-aux-manuels-numeriques","status":"publish","type":"page","link":"https:\/\/site.ac-martinique.fr\/manuels-numeriques\/comment-acceder-aux-manuels-numeriques\/","title":{"rendered":"Consulter ses manuels num\u00e9riques"},"content":{"rendered":"\n<p>Pour un \u00e9l\u00e8ve ou un enseignant, l&rsquo;acc\u00e8s \u00e0 ses manuels num\u00e9riques s&rsquo;effectue :<\/p>\n\n\n\n<ul class=\"wp-block-list\">\n<li>Soit en ligne, en passant par Colibri et le Mediacentre. Les \u00e9l\u00e8ves s&rsquo;identifient avec leur compte Educonnect et les enseignants se connectent avec leur compte acad\u00e9mique.<\/li>\n\n\n\n<li>soit hors ligne apr\u00e8s les avoir t\u00e9l\u00e9charg\u00e9s sur son ordinateur ou sa tablette ou encore son smartphone.<\/li>\n<\/ul>\n\n\n\n<div class=\"wp-block-uagb-separator uagb-block-baebbad2\"><div class=\"wp-block-uagb-separator__inner\" style=\"--my-background-image:\"><\/div><\/div>\n\n\n\n<div class=\"wp-block-group alignfull\"><div class=\"wp-block-group__inner-container is-layout-flow wp-block-group-is-layout-flow\">\n<div class=\"wp-block-columns tw-cols-stack-sm is-layout-flex wp-container-core-columns-is-layout-abceabcf wp-block-columns-is-layout-flex\">\n<div class=\"wp-block-column is-layout-flow wp-block-column-is-layout-flow\" style=\"--col-width:20%;flex-basis:20%\">\n<figure class=\"wp-block-image size-full is-style-rounded\"><img loading=\"lazy\" decoding=\"async\" width=\"445\" height=\"445\" src=\"https:\/\/site.ac-martinique.fr\/manuels-numeriques\/wp-content\/uploads\/sites\/133\/2023\/07\/istockphoto-1184299091-612x612-1-edited.jpg\" alt=\"\" class=\"wp-image-586\" srcset=\"https:\/\/site.ac-martinique.fr\/manuels-numeriques\/wp-content\/uploads\/sites\/133\/2023\/07\/istockphoto-1184299091-612x612-1-edited.jpg 445w, https:\/\/site.ac-martinique.fr\/manuels-numeriques\/wp-content\/uploads\/sites\/133\/2023\/07\/istockphoto-1184299091-612x612-1-edited-300x300.jpg 300w, https:\/\/site.ac-martinique.fr\/manuels-numeriques\/wp-content\/uploads\/sites\/133\/2023\/07\/istockphoto-1184299091-612x612-1-edited-150x150.jpg 150w\" sizes=\"auto, (max-width: 445px) 100vw, 445px\" \/><\/figure>\n<\/div>\n\n\n\n<div class=\"wp-block-column is-layout-flow wp-block-column-is-layout-flow\" style=\"--col-width:80%;flex-basis:80%\">\n<h3 class=\"wp-block-heading has-vivid-red-color has-text-color\">Des applications pour utiliser ses manuels num\u00e9riques.<\/h3>\n\n\n\n<p>Les \u00e9diteurs ont d\u00e9velopp\u00e9 des applications, aussi appel\u00e9es \u00ab\u00a0readers\u00a0\u00bb, pour lire leurs propres manuels. Il existe diverses applications dont les principales sont : Educadhoc, BiblioManuel, LelivreScolaire, FlexManuels, Libmanuels, manuel num\u00e9rique max.<\/p>\n\n\n\n<div class=\"wp-block-uagb-marketing-button uagb-marketing-btn__align-center uagb-marketing-btn__align-text-center uagb-marketing-btn__icon-after uagb-block-edbf4a52 wp-block-button\"><a href=\"https:\/\/site.ac-martinique.fr\/manuels-numeriques\/acceder-aux-manuels-numeriques-via-un-reader\/\" class=\"uagb-marketing-btn__link wp-block-button__link\" target=\"\" rel=\"noopener noreferrer\"><span class=\"uagb-marketing-btn__title\">Exemples d&rsquo;aper\u00e7u de manuels num\u00e9riques <\/span><svg xmlns=\"https:\/\/www.w3.org\/2000\/svg\" viewBox=\"0 0 512 512\"><path d=\"M384 320c-17.67 0-32 14.33-32 32v96H64V160h96c17.67 0 32-14.32 32-32s-14.33-32-32-32L64 96c-35.35 0-64 28.65-64 64V448c0 35.34 28.65 64 64 64h288c35.35 0 64-28.66 64-64v-96C416 334.3 401.7 320 384 320zM488 0H352c-12.94 0-24.62 7.797-29.56 19.75c-4.969 11.97-2.219 25.72 6.938 34.88L370.8 96L169.4 297.4c-12.5 12.5-12.5 32.75 0 45.25C175.6 348.9 183.8 352 192 352s16.38-3.125 22.62-9.375L416 141.3l41.38 41.38c9.156 9.141 22.88 11.84 34.88 6.938C504.2 184.6 512 172.9 512 160V24C512 10.74 501.3 0 488 0z\"><\/path><\/svg><p class=\"uagb-marketing-btn__prefix\"><\/p><\/a><\/div>\n<\/div>\n<\/div>\n\n\n\n<div class=\"wp-block-uagb-separator uagb-block-d137c128\"><div class=\"wp-block-uagb-separator__inner\" style=\"--my-background-image:\"><\/div><\/div>\n<\/div><\/div>\n\n\n\n<div class=\"wp-block-group alignfull\"><div class=\"wp-block-group__inner-container is-layout-flow wp-block-group-is-layout-flow\">\n<div class=\"wp-block-columns tw-cols-stack-sm is-layout-flex wp-container-core-columns-is-layout-abceabcf wp-block-columns-is-layout-flex\">\n<div class=\"wp-block-column is-layout-flow wp-block-column-is-layout-flow\" style=\"--col-width:20%;flex-basis:20%\">\n<figure class=\"wp-block-image size-full is-style-default\"><img loading=\"lazy\" decoding=\"async\" width=\"212\" height=\"216\" src=\"https:\/\/site.ac-martinique.fr\/manuels-numeriques\/wp-content\/uploads\/sites\/133\/2023\/08\/gar.jpg\" alt=\"\" class=\"wp-image-607\" srcset=\"https:\/\/site.ac-martinique.fr\/manuels-numeriques\/wp-content\/uploads\/sites\/133\/2023\/08\/gar.jpg 212w, https:\/\/site.ac-martinique.fr\/manuels-numeriques\/wp-content\/uploads\/sites\/133\/2023\/08\/gar-147x150.jpg 147w\" sizes=\"auto, (max-width: 212px) 100vw, 212px\" \/><\/figure>\n<\/div>\n\n\n\n<div class=\"wp-block-column is-layout-flow wp-block-column-is-layout-flow\" style=\"--col-width:80%;flex-basis:80%\">\n<h3 class=\"wp-block-heading has-vivid-red-color has-text-color\">Qu&rsquo;est ce que le M\u00e9diacentre ?<\/h3>\n\n\n\n<p>Dans l\u2019ENT Colibri, les \u00e9l\u00e8ves et les enseignants disposent d\u2019une page de pr\u00e9sentation des ressources appel\u00e9e&nbsp;<strong>M\u00e9diacentre<\/strong>. Les ressources num\u00e9riques sont affich\u00e9es sous forme de visuel et description. Le M\u00e9diacentre est un service du <strong>GAR<\/strong>, le Gestionnaire d&rsquo;Acc\u00e8s aux Ressources, qui prot\u00e8ge les donn\u00e9es \u00e0 caract\u00e8re personnel des \u00e9l\u00e8ves et des enseignants. Il agit tel un filtre s\u00e9curisant en contr\u00f4lant les donn\u00e9es \u00e9chang\u00e9es avec les fournisseurs de ressources.&nbsp;<\/p>\n<\/div>\n<\/div>\n\n\n\n<div class=\"wp-block-uagb-separator uagb-block-78eae37a\"><div class=\"wp-block-uagb-separator__inner\" style=\"--my-background-image:\"><\/div><\/div>\n<\/div><\/div>\n\n\n\n<div class=\"wp-block-group alignfull\"><div class=\"wp-block-group__inner-container is-layout-flow wp-block-group-is-layout-flow\">\n<div class=\"wp-block-columns tw-cols-stack-sm is-layout-flex wp-container-core-columns-is-layout-abceabcf wp-block-columns-is-layout-flex\">\n<div class=\"wp-block-column is-layout-flow wp-block-column-is-layout-flow\" style=\"--col-width:20%;flex-basis:20%\"><div class=\"wp-block-image\">\n<figure class=\"aligncenter size-full\"><img loading=\"lazy\" decoding=\"async\" width=\"449\" height=\"316\" src=\"https:\/\/site.ac-martinique.fr\/manuels-numeriques\/wp-content\/uploads\/sites\/133\/2023\/08\/c.jpg\" alt=\"\" class=\"wp-image-609\" srcset=\"https:\/\/site.ac-martinique.fr\/manuels-numeriques\/wp-content\/uploads\/sites\/133\/2023\/08\/c.jpg 449w, https:\/\/site.ac-martinique.fr\/manuels-numeriques\/wp-content\/uploads\/sites\/133\/2023\/08\/c-300x211.jpg 300w, https:\/\/site.ac-martinique.fr\/manuels-numeriques\/wp-content\/uploads\/sites\/133\/2023\/08\/c-150x106.jpg 150w, https:\/\/site.ac-martinique.fr\/manuels-numeriques\/wp-content\/uploads\/sites\/133\/2023\/08\/c-213x150.jpg 213w\" sizes=\"auto, (max-width: 449px) 100vw, 449px\" \/><\/figure>\n<\/div>\n\n\n<figure class=\"wp-block-image size-full\"><img loading=\"lazy\" decoding=\"async\" width=\"260\" height=\"72\" src=\"https:\/\/site.ac-martinique.fr\/manuels-numeriques\/wp-content\/uploads\/sites\/133\/2023\/07\/educonnect.jpg\" alt=\"\" class=\"wp-image-555\" srcset=\"https:\/\/site.ac-martinique.fr\/manuels-numeriques\/wp-content\/uploads\/sites\/133\/2023\/07\/educonnect.jpg 260w, https:\/\/site.ac-martinique.fr\/manuels-numeriques\/wp-content\/uploads\/sites\/133\/2023\/07\/educonnect-150x42.jpg 150w, https:\/\/site.ac-martinique.fr\/manuels-numeriques\/wp-content\/uploads\/sites\/133\/2023\/07\/educonnect-250x69.jpg 250w\" sizes=\"auto, (max-width: 260px) 100vw, 260px\" \/><\/figure>\n<\/div>\n\n\n\n<div class=\"wp-block-column is-layout-flow wp-block-column-is-layout-flow\" style=\"--col-width:80%;flex-basis:80%\">\n<h3 class=\"wp-block-heading\"><strong>Comment consulter ses manuels num\u00e9riques<\/strong> <strong>en ligne<\/strong> ?<\/h3>\n\n\n\n<div class=\"wp-block-uagb-marketing-button uagb-marketing-btn__align-center uagb-marketing-btn__align-text-center uagb-marketing-btn__icon-after uagb-block-7525875d wp-block-button\"><a href=\"\/\/site.ac-martinique.fr\/manuels-numeriques\/accedez-aux-manuels-numeriques-via-colibri\/\" class=\"uagb-marketing-btn__link wp-block-button__link\" target=\"\" rel=\"noopener noreferrer\"><span class=\"uagb-marketing-btn__title\">Pas \u00e0 pas <\/span><svg xmlns=\"https:\/\/www.w3.org\/2000\/svg\" viewBox=\"0 0 512 512\"><path d=\"M384 320c-17.67 0-32 14.33-32 32v96H64V160h96c17.67 0 32-14.32 32-32s-14.33-32-32-32L64 96c-35.35 0-64 28.65-64 64V448c0 35.34 28.65 64 64 64h288c35.35 0 64-28.66 64-64v-96C416 334.3 401.7 320 384 320zM488 0H352c-12.94 0-24.62 7.797-29.56 19.75c-4.969 11.97-2.219 25.72 6.938 34.88L370.8 96L169.4 297.4c-12.5 12.5-12.5 32.75 0 45.25C175.6 348.9 183.8 352 192 352s16.38-3.125 22.62-9.375L416 141.3l41.38 41.38c9.156 9.141 22.88 11.84 34.88 6.938C504.2 184.6 512 172.9 512 160V24C512 10.74 501.3 0 488 0z\"><\/path><\/svg><p class=\"uagb-marketing-btn__prefix\"><\/p><\/a><\/div>\n<\/div>\n<\/div>\n<\/div><\/div>\n\n\n\n<div class=\"wp-block-group alignfull\"><div class=\"wp-block-group__inner-container is-layout-flow wp-block-group-is-layout-flow\">\n<div class=\"wp-block-uagb-separator uagb-block-1870a628\"><div class=\"wp-block-uagb-separator__inner\" style=\"--my-background-image:\"><\/div><\/div>\n<\/div><\/div>\n\n\n\n<div class=\"wp-block-columns tw-cols-stack-sm is-layout-flex wp-container-core-columns-is-layout-abceabcf wp-block-columns-is-layout-flex\">\n<div class=\"wp-block-column is-layout-flow wp-block-column-is-layout-flow\" style=\"--col-width:20%;flex-basis:20%\">\n<figure class=\"wp-block-image size-full\"><img loading=\"lazy\" decoding=\"async\" width=\"358\" height=\"368\" src=\"https:\/\/site.ac-martinique.fr\/manuels-numeriques\/wp-content\/uploads\/sites\/133\/2023\/08\/no-connexion.png\" alt=\"\" class=\"wp-image-1003\" srcset=\"https:\/\/site.ac-martinique.fr\/manuels-numeriques\/wp-content\/uploads\/sites\/133\/2023\/08\/no-connexion.png 358w, https:\/\/site.ac-martinique.fr\/manuels-numeriques\/wp-content\/uploads\/sites\/133\/2023\/08\/no-connexion-292x300.png 292w, https:\/\/site.ac-martinique.fr\/manuels-numeriques\/wp-content\/uploads\/sites\/133\/2023\/08\/no-connexion-146x150.png 146w\" sizes=\"auto, (max-width: 358px) 100vw, 358px\" \/><\/figure>\n<\/div>\n\n\n\n<div class=\"wp-block-column is-layout-flow wp-block-column-is-layout-flow\" style=\"--col-width:80%;flex-basis:80%\">\n<h3 class=\"wp-block-heading\">Comment consulter ses manuels num\u00e9rique sans connexion internet ?<\/h3>\n\n\n\n<p class=\"tw-mb-0\">Les manuels num\u00e9riques peuvent \u00eatre utilis\u00e9s et consulter sans connexion internet. <strong>Attention<\/strong>, il n\u00e9cessaire de les t\u00e9l\u00e9charger en amont (voir rubrique <strong><a href=\"https:\/\/site.ac-martinique.fr\/manuels-numeriques\/telecharger-les-manuels-numeriques2\/\" target=\"_blank\" rel=\"noreferrer noopener\">\u00ab\u00a0T\u00e9l\u00e9charger ses manuels num\u00e9riques\u00a0\u00bb<\/a><\/strong>).<\/p>\n\n\n\n<div class=\"wp-block-uagb-marketing-button uagb-marketing-btn__align-center uagb-marketing-btn__align-text-center uagb-marketing-btn__icon-after uagb-block-fa74db82 wp-block-button\"><a href=\"https:\/\/site.ac-martinique.fr\/manuels-numeriques\/consulter-ses-manuels-sans-connexion\/\" class=\"uagb-marketing-btn__link wp-block-button__link\" target=\"\" rel=\"noopener noreferrer\"><span class=\"uagb-marketing-btn__title\">Pas \u00e0 pas<\/span><svg xmlns=\"https:\/\/www.w3.org\/2000\/svg\" viewBox=\"0 0 512 512\"><path d=\"M384 320c-17.67 0-32 14.33-32 32v96H64V160h96c17.67 0 32-14.32 32-32s-14.33-32-32-32L64 96c-35.35 0-64 28.65-64 64V448c0 35.34 28.65 64 64 64h288c35.35 0 64-28.66 64-64v-96C416 334.3 401.7 320 384 320zM488 0H352c-12.94 0-24.62 7.797-29.56 19.75c-4.969 11.97-2.219 25.72 6.938 34.88L370.8 96L169.4 297.4c-12.5 12.5-12.5 32.75 0 45.25C175.6 348.9 183.8 352 192 352s16.38-3.125 22.62-9.375L416 141.3l41.38 41.38c9.156 9.141 22.88 11.84 34.88 6.938C504.2 184.6 512 172.9 512 160V24C512 10.74 501.3 0 488 0z\"><\/path><\/svg><p class=\"uagb-marketing-btn__prefix\"><\/p><\/a><\/div>\n<\/div>\n<\/div>\n\n\n\n<div class=\"wp-block-uagb-separator uagb-block-f91eaeb0\"><div class=\"wp-block-uagb-separator__inner\" style=\"--my-background-image:\"><\/div><\/div>\n","protected":false},"excerpt":{"rendered":"<p>Pour un \u00e9l\u00e8ve ou un enseignant, l&rsquo;acc\u00e8s \u00e0 ses manuels num\u00e9riques s&rsquo;effectue : Des applications pour utiliser ses manuels num\u00e9riques. Les \u00e9diteurs ont d\u00e9velopp\u00e9 des applications, aussi appel\u00e9es \u00ab\u00a0readers\u00a0\u00bb, pour lire leurs propres manuels. Il existe diverses applications dont les principales sont : Educadhoc, BiblioManuel, LelivreScolaire, FlexManuels, Libmanuels, manuel num\u00e9rique&#8230; <a class=\"continue-reading-link\" href=\"https:\/\/site.ac-martinique.fr\/manuels-numeriques\/comment-acceder-aux-manuels-numeriques\/\"> Continue reading <span class=\"meta-nav\">&rarr; <\/span><\/a><\/p>\n","protected":false},"author":79,"featured_media":0,"parent":0,"menu_order":0,"comment_status":"closed","ping_status":"closed","template":"","meta":{"_uag_custom_page_level_css":"","_themeisle_gutenberg_block_has_review":false,"footnotes":""},"class_list":["post-26","page","type-page","status-publish","hentry"],"uagb_featured_image_src":{"full":false,"thumbnail":false,"medium":false,"medium_large":false,"large":false,"1536x1536":false,"2048x2048":false,"post-thumbnail":false,"header":false,"slider":false,"custom":false},"uagb_author_info":{"display_name":"Alexandre BAVARIN","author_link":"https:\/\/site.ac-martinique.fr\/manuels-numeriques\/author\/webgm\/"},"uagb_comment_info":0,"uagb_excerpt":"Pour un \u00e9l\u00e8ve ou un enseignant, l&rsquo;acc\u00e8s \u00e0 ses manuels num\u00e9riques s&rsquo;effectue : Des applications pour utiliser ses manuels num\u00e9riques. Les \u00e9diteurs ont d\u00e9velopp\u00e9 des applications, aussi appel\u00e9es \u00ab\u00a0readers\u00a0\u00bb, pour lire leurs propres manuels. Il existe diverses applications dont les principales sont : Educadhoc, BiblioManuel, LelivreScolaire, FlexManuels, Libmanuels, manuel num\u00e9rique... Continue reading &rarr;","_links":{"self":[{"href":"https:\/\/site.ac-martinique.fr\/manuels-numeriques\/wp-json\/wp\/v2\/pages\/26","targetHints":{"allow":["GET"]}}],"collection":[{"href":"https:\/\/site.ac-martinique.fr\/manuels-numeriques\/wp-json\/wp\/v2\/pages"}],"about":[{"href":"https:\/\/site.ac-martinique.fr\/manuels-numeriques\/wp-json\/wp\/v2\/types\/page"}],"author":[{"embeddable":true,"href":"https:\/\/site.ac-martinique.fr\/manuels-numeriques\/wp-json\/wp\/v2\/users\/79"}],"replies":[{"embeddable":true,"href":"https:\/\/site.ac-martinique.fr\/manuels-numeriques\/wp-json\/wp\/v2\/comments?post=26"}],"version-history":[{"count":82,"href":"https:\/\/site.ac-martinique.fr\/manuels-numeriques\/wp-json\/wp\/v2\/pages\/26\/revisions"}],"predecessor-version":[{"id":1188,"href":"https:\/\/site.ac-martinique.fr\/manuels-numeriques\/wp-json\/wp\/v2\/pages\/26\/revisions\/1188"}],"wp:attachment":[{"href":"https:\/\/site.ac-martinique.fr\/manuels-numeriques\/wp-json\/wp\/v2\/media?parent=26"}],"curies":[{"name":"wp","href":"https:\/\/api.w.org\/{rel}","templated":true}]}}