{"id":319,"date":"2023-07-19T09:37:54","date_gmt":"2023-07-19T13:37:54","guid":{"rendered":"https:\/\/site.ac-martinique.fr\/manuels-numeriques\/?page_id=319"},"modified":"2023-09-06T06:44:59","modified_gmt":"2023-09-06T10:44:59","slug":"je-telecharge-mon-manuel-numerique-avec-lapplication-manuel-numerique-max","status":"publish","type":"page","link":"https:\/\/site.ac-martinique.fr\/manuels-numeriques\/je-telecharge-mon-manuel-numerique-avec-lapplication-manuel-numerique-max\/","title":{"rendered":"Je t\u00e9l\u00e9charge mon manuel num\u00e9rique avec \u00ab\u00a0Manuel num\u00e9rique  Max\u00a0\u00bb."},"content":{"rendered":"\n<p><em>Le manuel est ouvert dans votre navigateur avec l\u2019application Manuel num\u00e9rique Max.<\/em><\/p>\n\n\n<div class=\"wp-block-image\">\n<figure class=\"aligncenter size-full\"><img loading=\"lazy\" decoding=\"async\" width=\"1006\" height=\"391\" src=\"https:\/\/site.ac-martinique.fr\/manuels-numeriques\/wp-content\/uploads\/sites\/133\/2023\/08\/manuelmax0.png\" alt=\"\" class=\"wp-image-858\" srcset=\"https:\/\/site.ac-martinique.fr\/manuels-numeriques\/wp-content\/uploads\/sites\/133\/2023\/08\/manuelmax0.png 1006w, https:\/\/site.ac-martinique.fr\/manuels-numeriques\/wp-content\/uploads\/sites\/133\/2023\/08\/manuelmax0-300x117.png 300w, https:\/\/site.ac-martinique.fr\/manuels-numeriques\/wp-content\/uploads\/sites\/133\/2023\/08\/manuelmax0-768x298.png 768w, https:\/\/site.ac-martinique.fr\/manuels-numeriques\/wp-content\/uploads\/sites\/133\/2023\/08\/manuelmax0-150x58.png 150w, https:\/\/site.ac-martinique.fr\/manuels-numeriques\/wp-content\/uploads\/sites\/133\/2023\/08\/manuelmax0-250x97.png 250w\" sizes=\"auto, (max-width: 1006px) 100vw, 1006px\" \/><\/figure>\n<\/div>\n\n\n<div class=\"wp-block-uagb-separator uagb-block-6702ccad\"><div class=\"wp-block-uagb-separator__inner\" style=\"--my-background-image:\"><\/div><\/div>\n\n\n\n<div class=\"wp-block-group\"><div class=\"wp-block-group__inner-container is-layout-constrained wp-block-group-is-layout-constrained\">\n<div class=\"wp-block-columns tw-cols-stack-sm is-layout-flex wp-container-core-columns-is-layout-abceabcf wp-block-columns-is-layout-flex\">\n<div class=\"wp-block-column is-layout-flow wp-block-column-is-layout-flow\" style=\"--col-width:20%;flex-basis:20%\">\n<figure class=\"wp-block-image size-large is-resized\"><img loading=\"lazy\" decoding=\"async\" src=\"https:\/\/site.ac-martinique.fr\/manuels-numeriques\/wp-content\/uploads\/sites\/133\/2023\/07\/jeune-femme-joyeuse-pose-dans-mur-trou-papier-jaune-dechire-emotionnel-expressif-1024x683.jpg\" alt=\"\" class=\"wp-image-263\" style=\"width:212px;height:141px\" width=\"212\" height=\"141\" srcset=\"https:\/\/site.ac-martinique.fr\/manuels-numeriques\/wp-content\/uploads\/sites\/133\/2023\/07\/jeune-femme-joyeuse-pose-dans-mur-trou-papier-jaune-dechire-emotionnel-expressif-1024x683.jpg 1024w, https:\/\/site.ac-martinique.fr\/manuels-numeriques\/wp-content\/uploads\/sites\/133\/2023\/07\/jeune-femme-joyeuse-pose-dans-mur-trou-papier-jaune-dechire-emotionnel-expressif-300x200.jpg 300w, https:\/\/site.ac-martinique.fr\/manuels-numeriques\/wp-content\/uploads\/sites\/133\/2023\/07\/jeune-femme-joyeuse-pose-dans-mur-trou-papier-jaune-dechire-emotionnel-expressif-768x512.jpg 768w, https:\/\/site.ac-martinique.fr\/manuels-numeriques\/wp-content\/uploads\/sites\/133\/2023\/07\/jeune-femme-joyeuse-pose-dans-mur-trou-papier-jaune-dechire-emotionnel-expressif-1536x1024.jpg 1536w, https:\/\/site.ac-martinique.fr\/manuels-numeriques\/wp-content\/uploads\/sites\/133\/2023\/07\/jeune-femme-joyeuse-pose-dans-mur-trou-papier-jaune-dechire-emotionnel-expressif-2048x1365.jpg 2048w, https:\/\/site.ac-martinique.fr\/manuels-numeriques\/wp-content\/uploads\/sites\/133\/2023\/07\/jeune-femme-joyeuse-pose-dans-mur-trou-papier-jaune-dechire-emotionnel-expressif-150x100.jpg 150w, https:\/\/site.ac-martinique.fr\/manuels-numeriques\/wp-content\/uploads\/sites\/133\/2023\/07\/jeune-femme-joyeuse-pose-dans-mur-trou-papier-jaune-dechire-emotionnel-expressif-225x150.jpg 225w\" sizes=\"auto, (max-width: 212px) 100vw, 212px\" \/><\/figure>\n<\/div>\n\n\n\n<div class=\"wp-block-column is-layout-flow wp-block-column-is-layout-flow\" style=\"--col-width:80%;flex-basis:80%\">\n<h3 class=\"wp-block-heading\">Avant d&rsquo;aller plus loin !<\/h3>\n\n\n\n<p class=\"tw-mb-0\">Si vous avez d\u00e9j\u00e0 t\u00e9l\u00e9charg\u00e9 et install\u00e9 l&rsquo;application sur votre ordinateur, passez \u00e0 <a href=\"#etape6\">l&rsquo;\u00e9tape 6<\/a> directement.<\/p>\n<\/div>\n<\/div>\n<\/div><\/div>\n\n\n\n<div class=\"wp-block-uagb-separator uagb-block-68b44973\"><div class=\"wp-block-uagb-separator__inner\" style=\"--my-background-image:\"><\/div><\/div>\n\n\n\n<h4 class=\"wp-block-heading has-vivid-cyan-blue-color has-text-color\">Etape 4 : T\u00e9l\u00e9charger l\u2019application<\/h4>\n\n\n\n<p>Cliquer sur le pictogramme avec le symbole des 3 petits points verticaux.<\/p>\n\n\n<div class=\"wp-block-image\">\n<figure class=\"aligncenter size-full\"><img loading=\"lazy\" decoding=\"async\" width=\"443\" height=\"322\" src=\"https:\/\/site.ac-martinique.fr\/manuels-numeriques\/wp-content\/uploads\/sites\/133\/2023\/08\/max1.png\" alt=\"\" class=\"wp-image-1041\" srcset=\"https:\/\/site.ac-martinique.fr\/manuels-numeriques\/wp-content\/uploads\/sites\/133\/2023\/08\/max1.png 443w, https:\/\/site.ac-martinique.fr\/manuels-numeriques\/wp-content\/uploads\/sites\/133\/2023\/08\/max1-300x218.png 300w, https:\/\/site.ac-martinique.fr\/manuels-numeriques\/wp-content\/uploads\/sites\/133\/2023\/08\/max1-150x109.png 150w, https:\/\/site.ac-martinique.fr\/manuels-numeriques\/wp-content\/uploads\/sites\/133\/2023\/08\/max1-206x150.png 206w\" sizes=\"auto, (max-width: 443px) 100vw, 443px\" \/><\/figure>\n<\/div>\n\n\n<p>Puis, cliquer sur \u00a0\u00bb Ouvrir dans l&rsquo;application\u00a0\u00bb.<\/p>\n\n\n<div class=\"wp-block-image\">\n<figure class=\"aligncenter size-full\"><img loading=\"lazy\" decoding=\"async\" width=\"543\" height=\"320\" src=\"https:\/\/site.ac-martinique.fr\/manuels-numeriques\/wp-content\/uploads\/sites\/133\/2023\/08\/max2.png\" alt=\"\" class=\"wp-image-1042\" srcset=\"https:\/\/site.ac-martinique.fr\/manuels-numeriques\/wp-content\/uploads\/sites\/133\/2023\/08\/max2.png 543w, https:\/\/site.ac-martinique.fr\/manuels-numeriques\/wp-content\/uploads\/sites\/133\/2023\/08\/max2-300x177.png 300w, https:\/\/site.ac-martinique.fr\/manuels-numeriques\/wp-content\/uploads\/sites\/133\/2023\/08\/max2-150x88.png 150w, https:\/\/site.ac-martinique.fr\/manuels-numeriques\/wp-content\/uploads\/sites\/133\/2023\/08\/max2-250x147.png 250w\" sizes=\"auto, (max-width: 543px) 100vw, 543px\" \/><\/figure>\n<\/div>\n\n\n<hr class=\"wp-block-separator has-alpha-channel-opacity\"\/>\n\n\n\n<p>Une fen\u00eatre s&rsquo;ouvre au milieu de votre \u00e9cran. Cliquer sur \u00a0\u00bb Installer l&rsquo;application Windows\u00a0\u00bb. <\/p>\n\n\n<div class=\"wp-block-image\">\n<figure class=\"aligncenter size-full\"><img loading=\"lazy\" decoding=\"async\" width=\"783\" height=\"424\" src=\"https:\/\/site.ac-martinique.fr\/manuels-numeriques\/wp-content\/uploads\/sites\/133\/2023\/08\/max3.png\" alt=\"\" class=\"wp-image-1044\" srcset=\"https:\/\/site.ac-martinique.fr\/manuels-numeriques\/wp-content\/uploads\/sites\/133\/2023\/08\/max3.png 783w, https:\/\/site.ac-martinique.fr\/manuels-numeriques\/wp-content\/uploads\/sites\/133\/2023\/08\/max3-300x162.png 300w, https:\/\/site.ac-martinique.fr\/manuels-numeriques\/wp-content\/uploads\/sites\/133\/2023\/08\/max3-768x416.png 768w, https:\/\/site.ac-martinique.fr\/manuels-numeriques\/wp-content\/uploads\/sites\/133\/2023\/08\/max3-150x81.png 150w, https:\/\/site.ac-martinique.fr\/manuels-numeriques\/wp-content\/uploads\/sites\/133\/2023\/08\/max3-250x135.png 250w\" sizes=\"auto, (max-width: 783px) 100vw, 783px\" \/><\/figure>\n<\/div>\n\n\n<p>Le t\u00e9l\u00e9chargement se lance.<\/p>\n\n\n\n<div class=\"wp-block-uagb-separator uagb-block-863d1db8\"><div class=\"wp-block-uagb-separator__inner\" style=\"--my-background-image:\"><\/div><\/div>\n\n\n\n<h4 class=\"wp-block-heading has-vivid-cyan-blue-color has-text-color\">Etape 5 : Installer l\u2019application<\/h4>\n\n\n\n<p>Le fichier \u00e9tant t\u00e9l\u00e9charg\u00e9, il faut l\u2019ex\u00e9cuter pour installer l\u2019application sur votre ordinateur. Cliquer 2 fois sur l\u2019onglet de l\u2019application en bas \u00e0 gauche (navigateur chrome). Une fen\u00eatre s\u2019ouvre au milieu de votre \u00e9cran.<\/p>\n\n\n\n<hr class=\"wp-block-separator has-alpha-channel-opacity\"\/>\n\n\n\n<p>L\u2019option \u00ab&nbsp;Juste pour moi (Utilisateur)&nbsp;\u00bb doit \u00eatre coch\u00e9. Cliquer sur \u00ab\u00a0suivant\u00a0\u00bb et suivre l\u2019assistant de l\u2019installation. Le logiciel s\u2019installe en quelques minutes.<\/p>\n\n\n<div class=\"wp-block-image\">\n<figure class=\"aligncenter size-full\"><img loading=\"lazy\" decoding=\"async\" width=\"579\" height=\"395\" src=\"https:\/\/site.ac-martinique.fr\/manuels-numeriques\/wp-content\/uploads\/sites\/133\/2023\/08\/max4.png\" alt=\"\" class=\"wp-image-1046\" srcset=\"https:\/\/site.ac-martinique.fr\/manuels-numeriques\/wp-content\/uploads\/sites\/133\/2023\/08\/max4.png 579w, https:\/\/site.ac-martinique.fr\/manuels-numeriques\/wp-content\/uploads\/sites\/133\/2023\/08\/max4-300x205.png 300w, https:\/\/site.ac-martinique.fr\/manuels-numeriques\/wp-content\/uploads\/sites\/133\/2023\/08\/max4-150x102.png 150w, https:\/\/site.ac-martinique.fr\/manuels-numeriques\/wp-content\/uploads\/sites\/133\/2023\/08\/max4-220x150.png 220w\" sizes=\"auto, (max-width: 579px) 100vw, 579px\" \/><\/figure>\n<\/div>\n\n\n<div class=\"wp-block-uagb-separator uagb-block-ee3e0ab2\"><div class=\"wp-block-uagb-separator__inner\" style=\"--my-background-image:\"><\/div><\/div>\n\n\n\n<h4 class=\"wp-block-heading has-vivid-cyan-blue-color has-text-color\" id=\"etape6\">Etape 6 : T\u00e9l\u00e9charger le manuel<\/h4>\n\n\n\n<p>Une fois l&rsquo;installation termin\u00e9e, cliquer sur le pictogramme avec le symbole des 3 petits points verticaux \u00e0 nouveau.<\/p>\n\n\n<div class=\"wp-block-image\">\n<figure class=\"aligncenter size-full\"><img loading=\"lazy\" decoding=\"async\" width=\"443\" height=\"322\" src=\"https:\/\/site.ac-martinique.fr\/manuels-numeriques\/wp-content\/uploads\/sites\/133\/2023\/08\/max1.png\" alt=\"\" class=\"wp-image-1041\" srcset=\"https:\/\/site.ac-martinique.fr\/manuels-numeriques\/wp-content\/uploads\/sites\/133\/2023\/08\/max1.png 443w, https:\/\/site.ac-martinique.fr\/manuels-numeriques\/wp-content\/uploads\/sites\/133\/2023\/08\/max1-300x218.png 300w, https:\/\/site.ac-martinique.fr\/manuels-numeriques\/wp-content\/uploads\/sites\/133\/2023\/08\/max1-150x109.png 150w, https:\/\/site.ac-martinique.fr\/manuels-numeriques\/wp-content\/uploads\/sites\/133\/2023\/08\/max1-206x150.png 206w\" sizes=\"auto, (max-width: 443px) 100vw, 443px\" \/><\/figure>\n<\/div>\n\n\n<hr class=\"wp-block-separator has-alpha-channel-opacity\"\/>\n\n\n\n<p>Puis, cliquer sur \u00a0\u00bb Ouvrir dans l&rsquo;application\u00a0\u00bb.<\/p>\n\n\n\n<p><figure class=\"wp-block-image aligncenter size-full\"><img loading=\"lazy\" decoding=\"async\" width=\"543\" height=\"320\" class=\"wp-image-1042\" src=\"https:\/\/site.ac-martinique.fr\/manuels-numeriques\/wp-content\/uploads\/sites\/133\/2023\/08\/max2.png\" alt=\"\" srcset=\"https:\/\/site.ac-martinique.fr\/manuels-numeriques\/wp-content\/uploads\/sites\/133\/2023\/08\/max2.png 543w, https:\/\/site.ac-martinique.fr\/manuels-numeriques\/wp-content\/uploads\/sites\/133\/2023\/08\/max2-300x177.png 300w, https:\/\/site.ac-martinique.fr\/manuels-numeriques\/wp-content\/uploads\/sites\/133\/2023\/08\/max2-150x88.png 150w, https:\/\/site.ac-martinique.fr\/manuels-numeriques\/wp-content\/uploads\/sites\/133\/2023\/08\/max2-250x147.png 250w\" sizes=\"auto, (max-width: 543px) 100vw, 543px\" \/><\/figure><\/p>\n\n\n\n<hr class=\"wp-block-separator has-alpha-channel-opacity\"\/>\n\n\n\n<p>Une nouvelle fen\u00eatre s&rsquo;ouvre. Cliquer sur \u00ab\u00a0Ouvrir Manuel num\u00e9rique max\u00a0\u00bb.<\/p>\n\n\n<div class=\"wp-block-image\">\n<figure class=\"aligncenter size-full\"><img loading=\"lazy\" decoding=\"async\" width=\"802\" height=\"400\" src=\"https:\/\/site.ac-martinique.fr\/manuels-numeriques\/wp-content\/uploads\/sites\/133\/2023\/08\/max5-1.png\" alt=\"\" class=\"wp-image-1050\" srcset=\"https:\/\/site.ac-martinique.fr\/manuels-numeriques\/wp-content\/uploads\/sites\/133\/2023\/08\/max5-1.png 802w, https:\/\/site.ac-martinique.fr\/manuels-numeriques\/wp-content\/uploads\/sites\/133\/2023\/08\/max5-1-300x150.png 300w, https:\/\/site.ac-martinique.fr\/manuels-numeriques\/wp-content\/uploads\/sites\/133\/2023\/08\/max5-1-768x383.png 768w, https:\/\/site.ac-martinique.fr\/manuels-numeriques\/wp-content\/uploads\/sites\/133\/2023\/08\/max5-1-150x75.png 150w, https:\/\/site.ac-martinique.fr\/manuels-numeriques\/wp-content\/uploads\/sites\/133\/2023\/08\/max5-1-250x125.png 250w\" sizes=\"auto, (max-width: 802px) 100vw, 802px\" \/><\/figure>\n<\/div>\n\n\n<hr class=\"wp-block-separator has-alpha-channel-opacity\"\/>\n\n\n\n<p>Le manuel s\u2019ouvre avec l\u2019application. <\/p>\n\n\n<div class=\"wp-block-image\">\n<figure class=\"aligncenter size-full\"><img loading=\"lazy\" decoding=\"async\" width=\"1006\" height=\"391\" src=\"https:\/\/site.ac-martinique.fr\/manuels-numeriques\/wp-content\/uploads\/sites\/133\/2023\/08\/manuelmax0.png\" alt=\"\" class=\"wp-image-858\" srcset=\"https:\/\/site.ac-martinique.fr\/manuels-numeriques\/wp-content\/uploads\/sites\/133\/2023\/08\/manuelmax0.png 1006w, https:\/\/site.ac-martinique.fr\/manuels-numeriques\/wp-content\/uploads\/sites\/133\/2023\/08\/manuelmax0-300x117.png 300w, https:\/\/site.ac-martinique.fr\/manuels-numeriques\/wp-content\/uploads\/sites\/133\/2023\/08\/manuelmax0-768x298.png 768w, https:\/\/site.ac-martinique.fr\/manuels-numeriques\/wp-content\/uploads\/sites\/133\/2023\/08\/manuelmax0-150x58.png 150w, https:\/\/site.ac-martinique.fr\/manuels-numeriques\/wp-content\/uploads\/sites\/133\/2023\/08\/manuelmax0-250x97.png 250w\" sizes=\"auto, (max-width: 1006px) 100vw, 1006px\" \/><\/figure>\n<\/div>\n\n\n<hr class=\"wp-block-separator has-alpha-channel-opacity\"\/>\n\n\n\n<p>Cliquer sur le pictogramme avec le symbole des 3 petits points verticaux.<\/p>\n\n\n<div class=\"wp-block-image\">\n<figure class=\"aligncenter size-full\"><img loading=\"lazy\" decoding=\"async\" width=\"443\" height=\"322\" src=\"https:\/\/site.ac-martinique.fr\/manuels-numeriques\/wp-content\/uploads\/sites\/133\/2023\/08\/max1.png\" alt=\"\" class=\"wp-image-1041\" srcset=\"https:\/\/site.ac-martinique.fr\/manuels-numeriques\/wp-content\/uploads\/sites\/133\/2023\/08\/max1.png 443w, https:\/\/site.ac-martinique.fr\/manuels-numeriques\/wp-content\/uploads\/sites\/133\/2023\/08\/max1-300x218.png 300w, https:\/\/site.ac-martinique.fr\/manuels-numeriques\/wp-content\/uploads\/sites\/133\/2023\/08\/max1-150x109.png 150w, https:\/\/site.ac-martinique.fr\/manuels-numeriques\/wp-content\/uploads\/sites\/133\/2023\/08\/max1-206x150.png 206w\" sizes=\"auto, (max-width: 443px) 100vw, 443px\" \/><\/figure>\n<\/div>\n\n\n<hr class=\"wp-block-separator has-alpha-channel-opacity\"\/>\n\n\n\n<p>Cliquer sur \u00a0\u00bb T\u00e9l\u00e9charger le manuel\u00a0\u00bb.<\/p>\n\n\n<div class=\"wp-block-image\">\n<figure class=\"aligncenter size-full\"><img loading=\"lazy\" decoding=\"async\" width=\"537\" height=\"339\" src=\"https:\/\/site.ac-martinique.fr\/manuels-numeriques\/wp-content\/uploads\/sites\/133\/2023\/08\/max6.png\" alt=\"\" class=\"wp-image-1051\" srcset=\"https:\/\/site.ac-martinique.fr\/manuels-numeriques\/wp-content\/uploads\/sites\/133\/2023\/08\/max6.png 537w, https:\/\/site.ac-martinique.fr\/manuels-numeriques\/wp-content\/uploads\/sites\/133\/2023\/08\/max6-300x189.png 300w, https:\/\/site.ac-martinique.fr\/manuels-numeriques\/wp-content\/uploads\/sites\/133\/2023\/08\/max6-150x95.png 150w, https:\/\/site.ac-martinique.fr\/manuels-numeriques\/wp-content\/uploads\/sites\/133\/2023\/08\/max6-238x150.png 238w\" sizes=\"auto, (max-width: 537px) 100vw, 537px\" \/><\/figure>\n<\/div>\n\n\n<hr class=\"wp-block-separator has-alpha-channel-opacity\"\/>\n\n\n\n<p>Le t\u00e9l\u00e9chargement du manuel se lance. <\/p>\n\n\n<div class=\"wp-block-image\">\n<figure class=\"aligncenter size-full\"><img loading=\"lazy\" decoding=\"async\" width=\"537\" height=\"377\" src=\"https:\/\/site.ac-martinique.fr\/manuels-numeriques\/wp-content\/uploads\/sites\/133\/2023\/08\/max7.png\" alt=\"\" class=\"wp-image-1052\" srcset=\"https:\/\/site.ac-martinique.fr\/manuels-numeriques\/wp-content\/uploads\/sites\/133\/2023\/08\/max7.png 537w, https:\/\/site.ac-martinique.fr\/manuels-numeriques\/wp-content\/uploads\/sites\/133\/2023\/08\/max7-300x211.png 300w, https:\/\/site.ac-martinique.fr\/manuels-numeriques\/wp-content\/uploads\/sites\/133\/2023\/08\/max7-150x105.png 150w, https:\/\/site.ac-martinique.fr\/manuels-numeriques\/wp-content\/uploads\/sites\/133\/2023\/08\/max7-214x150.png 214w\" sizes=\"auto, (max-width: 537px) 100vw, 537px\" \/><\/figure>\n<\/div>\n\n\n<p>Le t\u00e9l\u00e9chargement termin\u00e9, votre manuel est d\u00e9sormais accessible depuis l\u2019application sans connexion internet.<\/p>\n\n\n\n<div class=\"wp-block-uagb-separator uagb-block-b5f8dd32\"><div class=\"wp-block-uagb-separator__inner\" style=\"--my-background-image:\"><\/div><\/div>\n","protected":false},"excerpt":{"rendered":"<p>Le manuel est ouvert dans votre navigateur avec l\u2019application Manuel num\u00e9rique Max. Avant d&rsquo;aller plus loin ! Si vous avez d\u00e9j\u00e0 t\u00e9l\u00e9charg\u00e9 et install\u00e9 l&rsquo;application sur votre ordinateur, passez \u00e0 l&rsquo;\u00e9tape 6 directement. Etape 4 : T\u00e9l\u00e9charger l\u2019application Cliquer sur le pictogramme avec le symbole des 3 petits points verticaux&#8230;. <a class=\"continue-reading-link\" href=\"https:\/\/site.ac-martinique.fr\/manuels-numeriques\/je-telecharge-mon-manuel-numerique-avec-lapplication-manuel-numerique-max\/\"> Continue reading <span class=\"meta-nav\">&rarr; <\/span><\/a><\/p>\n","protected":false},"author":79,"featured_media":0,"parent":0,"menu_order":0,"comment_status":"closed","ping_status":"closed","template":"","meta":{"_uag_custom_page_level_css":"","_themeisle_gutenberg_block_has_review":false,"footnotes":""},"class_list":["post-319","page","type-page","status-publish","hentry"],"uagb_featured_image_src":{"full":false,"thumbnail":false,"medium":false,"medium_large":false,"large":false,"1536x1536":false,"2048x2048":false,"post-thumbnail":false,"header":false,"slider":false,"custom":false},"uagb_author_info":{"display_name":"Alexandre BAVARIN","author_link":"https:\/\/site.ac-martinique.fr\/manuels-numeriques\/author\/webgm\/"},"uagb_comment_info":0,"uagb_excerpt":"Le manuel est ouvert dans votre navigateur avec l\u2019application Manuel num\u00e9rique Max. Avant d&rsquo;aller plus loin ! Si vous avez d\u00e9j\u00e0 t\u00e9l\u00e9charg\u00e9 et install\u00e9 l&rsquo;application sur votre ordinateur, passez \u00e0 l&rsquo;\u00e9tape 6 directement. Etape 4 : T\u00e9l\u00e9charger l\u2019application Cliquer sur le pictogramme avec le symbole des 3 petits points verticaux.... Continue reading &rarr;","_links":{"self":[{"href":"https:\/\/site.ac-martinique.fr\/manuels-numeriques\/wp-json\/wp\/v2\/pages\/319","targetHints":{"allow":["GET"]}}],"collection":[{"href":"https:\/\/site.ac-martinique.fr\/manuels-numeriques\/wp-json\/wp\/v2\/pages"}],"about":[{"href":"https:\/\/site.ac-martinique.fr\/manuels-numeriques\/wp-json\/wp\/v2\/types\/page"}],"author":[{"embeddable":true,"href":"https:\/\/site.ac-martinique.fr\/manuels-numeriques\/wp-json\/wp\/v2\/users\/79"}],"replies":[{"embeddable":true,"href":"https:\/\/site.ac-martinique.fr\/manuels-numeriques\/wp-json\/wp\/v2\/comments?post=319"}],"version-history":[{"count":19,"href":"https:\/\/site.ac-martinique.fr\/manuels-numeriques\/wp-json\/wp\/v2\/pages\/319\/revisions"}],"predecessor-version":[{"id":1308,"href":"https:\/\/site.ac-martinique.fr\/manuels-numeriques\/wp-json\/wp\/v2\/pages\/319\/revisions\/1308"}],"wp:attachment":[{"href":"https:\/\/site.ac-martinique.fr\/manuels-numeriques\/wp-json\/wp\/v2\/media?parent=319"}],"curies":[{"name":"wp","href":"https:\/\/api.w.org\/{rel}","templated":true}]}}