{"id":74,"date":"2023-07-11T10:38:57","date_gmt":"2023-07-11T14:38:57","guid":{"rendered":"https:\/\/site.ac-martinique.fr\/manuels-numeriques\/?page_id=74"},"modified":"2023-09-08T09:29:17","modified_gmt":"2023-09-08T13:29:17","slug":"accedez-aux-manuels-numeriques-via-colibri","status":"publish","type":"page","link":"https:\/\/site.ac-martinique.fr\/manuels-numeriques\/accedez-aux-manuels-numeriques-via-colibri\/","title":{"rendered":"Pas \u00e0 pas &#8211; Consulter ses manuels en ligne"},"content":{"rendered":"\n<p><strong>Pour consulter ses manuels <\/strong>en ligne, une connexion internet est n\u00e9cessaire. Les manuels num\u00e9riques attribu\u00e9s \u00e0 chaque \u00e9l\u00e8ve et \u00e0 chaque enseignant, sont regroup\u00e9s dans le Mediacentre GAR de chaque compte Colibri. Ils sont accessibles depuis un ordinateur, une tablette, ou un smartphone.<\/p>\n\n\n\n<div class=\"wp-block-uagb-separator uagb-block-c3f34f3d\"><div class=\"wp-block-uagb-separator__inner\" style=\"--my-background-image:\"><\/div><\/div>\n\n\n\n<h4 class=\"wp-block-heading has-vivid-cyan-blue-color has-text-color\">Etape 1 : Se connecter \u00e0 Colibri<\/h4>\n\n\n\n<h4 class=\"wp-block-heading has-vivid-purple-color has-text-color\">El\u00e8ves :<\/h4>\n\n\n\n<p>Utiliser ses identifiants Educonnect, \u00e0 l&rsquo;adresse : <a href=\"https:\/\/colibri.ac-martinique.fr\">https:\/\/colibri.ac-martinique.fr<\/a>.<br><em>En cas d&rsquo;oubli, sur la page Educonnect, si vous avez renseign\u00e9 une adresse mail \u00e0 l&rsquo;activation de votre compte, cliquez sur \u00ab\u00a0Identifiant oubli\u00e9\u00a0\u00bb ou Mot de passe oubli\u00e9\u00a0\u00bb sinon contacter l&rsquo;administration de son \u00e9tablissement.<\/em><\/p>\n\n\n\n<h4 class=\"wp-block-heading has-vivid-purple-color has-text-color\">Enseignants :<\/h4>\n\n\n\n<div class=\"wp-block-group\"><div class=\"wp-block-group__inner-container is-layout-constrained wp-block-group-is-layout-constrained\">\n<div class=\"wp-block-group\"><div class=\"wp-block-group__inner-container is-layout-constrained wp-block-group-is-layout-constrained\">\n<p>Utiliser ses identifiants acad\u00e9miques, \u00e0 l&rsquo;adresse : <a href=\"https:\/\/colibri.ac-martinique.fr\/\">https:\/\/colibri.ac-martinique.fr<\/a>.<br><em>En cas d&rsquo;oubli, vous pouvez r\u00e9cup\u00e9rer vos identifiants \u00e0 l&rsquo;adresse url suivante : <a rel=\"noreferrer noopener\" href=\"https:\/\/mina.ac-martinique.fr\/\" target=\"_blank\">https:\/\/mina.ac-martinique.fr\/<\/a><\/em><\/p>\n<\/div><\/div>\n<\/div><\/div>\n\n\n\n<div class=\"wp-block-uagb-separator uagb-block-e6fefac6\"><div class=\"wp-block-uagb-separator__inner\" style=\"--my-background-image:\"><\/div><\/div>\n\n\n\n<h4 class=\"wp-block-heading has-vivid-cyan-blue-color has-text-color\">Etape 2 : Acc\u00e9der \u00e0 sa liste de manuels num\u00e9riques<\/h4>\n\n\n\n<div class=\"wp-block-group\"><div class=\"wp-block-group__inner-container is-layout-constrained wp-block-group-is-layout-constrained\">\n<div class=\"wp-block-group\"><div class=\"wp-block-group__inner-container is-layout-constrained wp-block-group-is-layout-constrained\">\n<p>Cliquer sur l&rsquo;onglet \u00ab\u00a0Mes applis\u00a0\u00bb.<\/p>\n\n\n<div class=\"wp-block-image\">\n<figure class=\"aligncenter size-full\"><img loading=\"lazy\" decoding=\"async\" width=\"704\" height=\"124\" src=\"https:\/\/site.ac-martinique.fr\/manuels-numeriques\/wp-content\/uploads\/sites\/133\/2023\/08\/Capture-decran-2023-08-28-a-11.05.26.png\" alt=\"\" class=\"wp-image-718\" srcset=\"https:\/\/site.ac-martinique.fr\/manuels-numeriques\/wp-content\/uploads\/sites\/133\/2023\/08\/Capture-decran-2023-08-28-a-11.05.26.png 704w, https:\/\/site.ac-martinique.fr\/manuels-numeriques\/wp-content\/uploads\/sites\/133\/2023\/08\/Capture-decran-2023-08-28-a-11.05.26-300x53.png 300w, https:\/\/site.ac-martinique.fr\/manuels-numeriques\/wp-content\/uploads\/sites\/133\/2023\/08\/Capture-decran-2023-08-28-a-11.05.26-150x26.png 150w, https:\/\/site.ac-martinique.fr\/manuels-numeriques\/wp-content\/uploads\/sites\/133\/2023\/08\/Capture-decran-2023-08-28-a-11.05.26-250x44.png 250w\" sizes=\"auto, (max-width: 704px) 100vw, 704px\" \/><\/figure>\n<\/div>\n\n\n<hr class=\"wp-block-separator has-alpha-channel-opacity\"\/>\n\n\n\n<p>Puis, cliquer sur l&rsquo;application \u00ab\u00a0Mediacentre GAR\u00a0\u00bb.<\/p>\n\n\n<div class=\"wp-block-image\">\n<figure class=\"aligncenter size-full is-resized\"><img loading=\"lazy\" decoding=\"async\" src=\"https:\/\/site.ac-martinique.fr\/manuels-numeriques\/wp-content\/uploads\/sites\/133\/2023\/08\/Capture-decran-2023-08-28-a-11.06.00.png\" alt=\"\" class=\"wp-image-719\" style=\"width:165px;height:138px\" width=\"165\" height=\"138\" srcset=\"https:\/\/site.ac-martinique.fr\/manuels-numeriques\/wp-content\/uploads\/sites\/133\/2023\/08\/Capture-decran-2023-08-28-a-11.06.00.png 279w, https:\/\/site.ac-martinique.fr\/manuels-numeriques\/wp-content\/uploads\/sites\/133\/2023\/08\/Capture-decran-2023-08-28-a-11.06.00-150x125.png 150w, https:\/\/site.ac-martinique.fr\/manuels-numeriques\/wp-content\/uploads\/sites\/133\/2023\/08\/Capture-decran-2023-08-28-a-11.06.00-180x150.png 180w\" sizes=\"auto, (max-width: 165px) 100vw, 165px\" \/><\/figure>\n<\/div><\/div><\/div>\n<\/div><\/div>\n\n\n\n<hr class=\"wp-block-separator has-alpha-channel-opacity\"\/>\n\n\n\n<p>Tous les manuels num\u00e9riques qui vous ont \u00e9t\u00e9 attribu\u00e9s sont disponibles dans le \u00ab\u00a0Mediacentre GAR\u00a0\u00bb. Une barre de recherche vous permet de retrouver rapidement votre manuel en indiquant le nom ou un mot cl\u00e9 de celui-ci. Si vous ne voyez pas certains manuels, contacter le r\u00e9f\u00e9rent GAR de votre \u00e9tablissement (souvent le professeur documentaliste).<\/p>\n\n\n<div class=\"wp-block-image\">\n<figure class=\"aligncenter size-large\"><img loading=\"lazy\" decoding=\"async\" width=\"1024\" height=\"413\" src=\"https:\/\/site.ac-martinique.fr\/manuels-numeriques\/wp-content\/uploads\/sites\/133\/2023\/08\/ecran-mediacentre-1024x413.png\" alt=\"\" class=\"wp-image-766\" srcset=\"https:\/\/site.ac-martinique.fr\/manuels-numeriques\/wp-content\/uploads\/sites\/133\/2023\/08\/ecran-mediacentre-1024x413.png 1024w, https:\/\/site.ac-martinique.fr\/manuels-numeriques\/wp-content\/uploads\/sites\/133\/2023\/08\/ecran-mediacentre-300x121.png 300w, https:\/\/site.ac-martinique.fr\/manuels-numeriques\/wp-content\/uploads\/sites\/133\/2023\/08\/ecran-mediacentre-768x310.png 768w, https:\/\/site.ac-martinique.fr\/manuels-numeriques\/wp-content\/uploads\/sites\/133\/2023\/08\/ecran-mediacentre-150x60.png 150w, https:\/\/site.ac-martinique.fr\/manuels-numeriques\/wp-content\/uploads\/sites\/133\/2023\/08\/ecran-mediacentre-250x101.png 250w, https:\/\/site.ac-martinique.fr\/manuels-numeriques\/wp-content\/uploads\/sites\/133\/2023\/08\/ecran-mediacentre.png 1285w\" sizes=\"auto, (max-width: 1024px) 100vw, 1024px\" \/><\/figure>\n<\/div>\n\n\n<div class=\"wp-block-uagb-separator uagb-block-cc241b53\"><div class=\"wp-block-uagb-separator__inner\" style=\"--my-background-image:\"><\/div><\/div>\n\n\n\n<h4 class=\"wp-block-heading has-vivid-cyan-blue-color has-text-color\">Etape 3 : Ouvrir le manuel num\u00e9rique souhait\u00e9<\/h4>\n\n\n\n<p>Cliquer sur le manuel  \u00e0 ouvrir. Dans l&rsquo;exemple ci-dessous, nous souhaitons ouvrir le manuel num\u00e9rique \u00ab\u00a0Sciences num\u00e9riques et technologie 2nde\u00a0\u00bb de l&rsquo;\u00e9diteur Foucher.<\/p>\n\n\n<div class=\"wp-block-image\">\n<figure class=\"aligncenter size-full\"><img loading=\"lazy\" decoding=\"async\" width=\"527\" height=\"233\" src=\"https:\/\/site.ac-martinique.fr\/manuels-numeriques\/wp-content\/uploads\/sites\/133\/2023\/08\/educadoc2.png\" alt=\"\" class=\"wp-image-839\" srcset=\"https:\/\/site.ac-martinique.fr\/manuels-numeriques\/wp-content\/uploads\/sites\/133\/2023\/08\/educadoc2.png 527w, https:\/\/site.ac-martinique.fr\/manuels-numeriques\/wp-content\/uploads\/sites\/133\/2023\/08\/educadoc2-300x133.png 300w, https:\/\/site.ac-martinique.fr\/manuels-numeriques\/wp-content\/uploads\/sites\/133\/2023\/08\/educadoc2-150x66.png 150w, https:\/\/site.ac-martinique.fr\/manuels-numeriques\/wp-content\/uploads\/sites\/133\/2023\/08\/educadoc2-250x111.png 250w\" sizes=\"auto, (max-width: 527px) 100vw, 527px\" \/><\/figure>\n<\/div>\n\n\n<hr class=\"wp-block-separator has-alpha-channel-opacity\"\/>\n\n\n\n<p>Le manuel s&rsquo;ouvre dans le navigateur web avec une interface propre \u00e0 l&rsquo;\u00e9diteur.<\/p>\n\n\n\n<figure class=\"wp-block-image size-large\"><img loading=\"lazy\" decoding=\"async\" width=\"1024\" height=\"484\" src=\"https:\/\/site.ac-martinique.fr\/manuels-numeriques\/wp-content\/uploads\/sites\/133\/2023\/08\/educadoc1-1024x484.png\" alt=\"\" class=\"wp-image-840\" srcset=\"https:\/\/site.ac-martinique.fr\/manuels-numeriques\/wp-content\/uploads\/sites\/133\/2023\/08\/educadoc1-1024x484.png 1024w, https:\/\/site.ac-martinique.fr\/manuels-numeriques\/wp-content\/uploads\/sites\/133\/2023\/08\/educadoc1-300x142.png 300w, https:\/\/site.ac-martinique.fr\/manuels-numeriques\/wp-content\/uploads\/sites\/133\/2023\/08\/educadoc1-768x363.png 768w, https:\/\/site.ac-martinique.fr\/manuels-numeriques\/wp-content\/uploads\/sites\/133\/2023\/08\/educadoc1-150x71.png 150w, https:\/\/site.ac-martinique.fr\/manuels-numeriques\/wp-content\/uploads\/sites\/133\/2023\/08\/educadoc1-250x118.png 250w, https:\/\/site.ac-martinique.fr\/manuels-numeriques\/wp-content\/uploads\/sites\/133\/2023\/08\/educadoc1.png 1075w\" sizes=\"auto, (max-width: 1024px) 100vw, 1024px\" \/><\/figure>\n\n\n\n<p>Les principales interfaces sont Educadhoc, BiblioManuel, LibManuels, Flex Manuel, Manuel num\u00e9rique Max,  LelivreScolaire&#8230;<\/p>\n\n\n\n<div class=\"wp-block-uagb-separator uagb-block-4b22321a\"><div class=\"wp-block-uagb-separator__inner\" style=\"--my-background-image:\"><\/div><\/div>\n\n\n\n<h3 class=\"wp-block-heading has-vivid-red-color has-text-color\">Aper\u00e7us des diff\u00e9rentes applications<\/h3>\n\n\n\n<p><em>Quelques exemples<\/em><\/p>\n\n\n\n<figure class=\"wp-block-table\"><table><thead><tr><th><strong>Editeurs<\/strong><\/th><th><strong>Applications<\/strong><\/th><\/tr><\/thead><tbody><tr><td>BORDAS \/ LEROBERT \/ NATHAN<\/td><td>Bibliomanuels<\/td><\/tr><tr><td>BELIN \/ DELAGRAVE \/ MAGNARD \/ VUIBERT<\/td><td>Lib Manuels \/ Flex manuel \/ Manuel num\u00e9rique max<\/td><\/tr><tr><td>LELIVRESCOLAIRE<\/td><td>Lelivrescolaire<\/td><\/tr><tr><td>FOUCHER \/ HACHETTE \/ HATIER \/ DIDIER \/ DOC\u00c9O \/ FONTAINEPICARD \/ LEG\u00c9NIE.<\/td><td>Educadhoc<\/td><\/tr><\/tbody><\/table><\/figure>\n\n\n\n<h3 class=\"wp-block-heading\"><mark style=\"background-color:rgba(0, 0, 0, 0)\" class=\"has-inline-color has-vivid-purple-color\">Bibliomanuels<\/mark><\/h3>\n\n\n<div class=\"wp-block-image\">\n<figure class=\"aligncenter size-large\"><img loading=\"lazy\" decoding=\"async\" width=\"1024\" height=\"441\" src=\"https:\/\/site.ac-martinique.fr\/manuels-numeriques\/wp-content\/uploads\/sites\/133\/2023\/08\/bibliomanuel0-1024x441.png\" alt=\"\" class=\"wp-image-773\" srcset=\"https:\/\/site.ac-martinique.fr\/manuels-numeriques\/wp-content\/uploads\/sites\/133\/2023\/08\/bibliomanuel0-1024x441.png 1024w, https:\/\/site.ac-martinique.fr\/manuels-numeriques\/wp-content\/uploads\/sites\/133\/2023\/08\/bibliomanuel0-300x129.png 300w, https:\/\/site.ac-martinique.fr\/manuels-numeriques\/wp-content\/uploads\/sites\/133\/2023\/08\/bibliomanuel0-768x331.png 768w, https:\/\/site.ac-martinique.fr\/manuels-numeriques\/wp-content\/uploads\/sites\/133\/2023\/08\/bibliomanuel0-150x65.png 150w, https:\/\/site.ac-martinique.fr\/manuels-numeriques\/wp-content\/uploads\/sites\/133\/2023\/08\/bibliomanuel0-250x108.png 250w, https:\/\/site.ac-martinique.fr\/manuels-numeriques\/wp-content\/uploads\/sites\/133\/2023\/08\/bibliomanuel0.png 1108w\" sizes=\"auto, (max-width: 1024px) 100vw, 1024px\" \/><\/figure>\n<\/div>\n\n\n<hr class=\"wp-block-separator has-alpha-channel-opacity\"\/>\n\n\n\n<h3 class=\"wp-block-heading has-vivid-purple-color has-text-color\">Lib Manuels<\/h3>\n\n\n<div class=\"wp-block-image\">\n<figure class=\"aligncenter size-full\"><img loading=\"lazy\" decoding=\"async\" width=\"1004\" height=\"468\" src=\"https:\/\/site.ac-martinique.fr\/manuels-numeriques\/wp-content\/uploads\/sites\/133\/2023\/08\/libmanuel0-1.png\" alt=\"\" class=\"wp-image-855\" srcset=\"https:\/\/site.ac-martinique.fr\/manuels-numeriques\/wp-content\/uploads\/sites\/133\/2023\/08\/libmanuel0-1.png 1004w, https:\/\/site.ac-martinique.fr\/manuels-numeriques\/wp-content\/uploads\/sites\/133\/2023\/08\/libmanuel0-1-300x140.png 300w, https:\/\/site.ac-martinique.fr\/manuels-numeriques\/wp-content\/uploads\/sites\/133\/2023\/08\/libmanuel0-1-768x358.png 768w, https:\/\/site.ac-martinique.fr\/manuels-numeriques\/wp-content\/uploads\/sites\/133\/2023\/08\/libmanuel0-1-150x70.png 150w, https:\/\/site.ac-martinique.fr\/manuels-numeriques\/wp-content\/uploads\/sites\/133\/2023\/08\/libmanuel0-1-250x117.png 250w\" sizes=\"auto, (max-width: 1004px) 100vw, 1004px\" \/><\/figure>\n<\/div>\n\n\n<hr class=\"wp-block-separator has-alpha-channel-opacity\"\/>\n\n\n\n<h3 class=\"wp-block-heading\"><mark style=\"background-color:rgba(0, 0, 0, 0)\" class=\"has-inline-color has-vivid-purple-color\">FlexManuels<\/mark><\/h3>\n\n\n<div class=\"wp-block-image\">\n<figure class=\"aligncenter size-full\"><img loading=\"lazy\" decoding=\"async\" width=\"1006\" height=\"470\" src=\"https:\/\/site.ac-martinique.fr\/manuels-numeriques\/wp-content\/uploads\/sites\/133\/2023\/08\/Flexmanuel0.png\" alt=\"\" class=\"wp-image-848\" srcset=\"https:\/\/site.ac-martinique.fr\/manuels-numeriques\/wp-content\/uploads\/sites\/133\/2023\/08\/Flexmanuel0.png 1006w, https:\/\/site.ac-martinique.fr\/manuels-numeriques\/wp-content\/uploads\/sites\/133\/2023\/08\/Flexmanuel0-300x140.png 300w, https:\/\/site.ac-martinique.fr\/manuels-numeriques\/wp-content\/uploads\/sites\/133\/2023\/08\/Flexmanuel0-768x359.png 768w, https:\/\/site.ac-martinique.fr\/manuels-numeriques\/wp-content\/uploads\/sites\/133\/2023\/08\/Flexmanuel0-150x70.png 150w, https:\/\/site.ac-martinique.fr\/manuels-numeriques\/wp-content\/uploads\/sites\/133\/2023\/08\/Flexmanuel0-250x117.png 250w\" sizes=\"auto, (max-width: 1006px) 100vw, 1006px\" \/><\/figure>\n<\/div>\n\n\n<hr class=\"wp-block-separator has-alpha-channel-opacity\"\/>\n\n\n\n<h3 class=\"wp-block-heading\"><mark style=\"background-color:rgba(0, 0, 0, 0)\" class=\"has-inline-color has-vivid-purple-color\">Manuel num\u00e9rique max<\/mark><\/h3>\n\n\n<div class=\"wp-block-image\">\n<figure class=\"aligncenter size-full\"><img loading=\"lazy\" decoding=\"async\" width=\"1006\" height=\"391\" src=\"https:\/\/site.ac-martinique.fr\/manuels-numeriques\/wp-content\/uploads\/sites\/133\/2023\/08\/manuelmax0.png\" alt=\"\" class=\"wp-image-858\" srcset=\"https:\/\/site.ac-martinique.fr\/manuels-numeriques\/wp-content\/uploads\/sites\/133\/2023\/08\/manuelmax0.png 1006w, https:\/\/site.ac-martinique.fr\/manuels-numeriques\/wp-content\/uploads\/sites\/133\/2023\/08\/manuelmax0-300x117.png 300w, https:\/\/site.ac-martinique.fr\/manuels-numeriques\/wp-content\/uploads\/sites\/133\/2023\/08\/manuelmax0-768x298.png 768w, https:\/\/site.ac-martinique.fr\/manuels-numeriques\/wp-content\/uploads\/sites\/133\/2023\/08\/manuelmax0-150x58.png 150w, https:\/\/site.ac-martinique.fr\/manuels-numeriques\/wp-content\/uploads\/sites\/133\/2023\/08\/manuelmax0-250x97.png 250w\" sizes=\"auto, (max-width: 1006px) 100vw, 1006px\" \/><\/figure>\n<\/div>\n\n\n<hr class=\"wp-block-separator has-alpha-channel-opacity\"\/>\n\n\n\n<h3 class=\"wp-block-heading\"><mark style=\"background-color:rgba(0, 0, 0, 0)\" class=\"has-inline-color has-vivid-purple-color\">Lelivrescolaire<\/mark><\/h3>\n\n\n\n<figure class=\"wp-block-image size-large\"><img loading=\"lazy\" decoding=\"async\" width=\"1024\" height=\"487\" src=\"https:\/\/site.ac-martinique.fr\/manuels-numeriques\/wp-content\/uploads\/sites\/133\/2023\/09\/lelivrescolaire0-1-1024x487.png\" alt=\"\" class=\"wp-image-1410\" srcset=\"https:\/\/site.ac-martinique.fr\/manuels-numeriques\/wp-content\/uploads\/sites\/133\/2023\/09\/lelivrescolaire0-1-1024x487.png 1024w, https:\/\/site.ac-martinique.fr\/manuels-numeriques\/wp-content\/uploads\/sites\/133\/2023\/09\/lelivrescolaire0-1-300x143.png 300w, https:\/\/site.ac-martinique.fr\/manuels-numeriques\/wp-content\/uploads\/sites\/133\/2023\/09\/lelivrescolaire0-1-768x365.png 768w, https:\/\/site.ac-martinique.fr\/manuels-numeriques\/wp-content\/uploads\/sites\/133\/2023\/09\/lelivrescolaire0-1-150x71.png 150w, https:\/\/site.ac-martinique.fr\/manuels-numeriques\/wp-content\/uploads\/sites\/133\/2023\/09\/lelivrescolaire0-1-250x119.png 250w, https:\/\/site.ac-martinique.fr\/manuels-numeriques\/wp-content\/uploads\/sites\/133\/2023\/09\/lelivrescolaire0-1.png 1283w\" sizes=\"auto, (max-width: 1024px) 100vw, 1024px\" \/><\/figure>\n\n\n\n<hr class=\"wp-block-separator has-alpha-channel-opacity\"\/>\n\n\n\n<h3 class=\"wp-block-heading\"><mark style=\"background-color:rgba(0, 0, 0, 0)\" class=\"has-inline-color has-vivid-purple-color\">Educadhoc<\/mark><\/h3>\n\n\n<div class=\"wp-block-image\">\n<figure class=\"aligncenter size-full\"><img loading=\"lazy\" decoding=\"async\" width=\"1006\" height=\"547\" src=\"https:\/\/site.ac-martinique.fr\/manuels-numeriques\/wp-content\/uploads\/sites\/133\/2023\/08\/educadoc1-1.png\" alt=\"\" class=\"wp-image-850\" srcset=\"https:\/\/site.ac-martinique.fr\/manuels-numeriques\/wp-content\/uploads\/sites\/133\/2023\/08\/educadoc1-1.png 1006w, https:\/\/site.ac-martinique.fr\/manuels-numeriques\/wp-content\/uploads\/sites\/133\/2023\/08\/educadoc1-1-300x163.png 300w, https:\/\/site.ac-martinique.fr\/manuels-numeriques\/wp-content\/uploads\/sites\/133\/2023\/08\/educadoc1-1-768x418.png 768w, https:\/\/site.ac-martinique.fr\/manuels-numeriques\/wp-content\/uploads\/sites\/133\/2023\/08\/educadoc1-1-150x82.png 150w, https:\/\/site.ac-martinique.fr\/manuels-numeriques\/wp-content\/uploads\/sites\/133\/2023\/08\/educadoc1-1-250x136.png 250w\" sizes=\"auto, (max-width: 1006px) 100vw, 1006px\" \/><\/figure>\n<\/div>","protected":false},"excerpt":{"rendered":"<p>Pour consulter ses manuels en ligne, une connexion internet est n\u00e9cessaire. Les manuels num\u00e9riques attribu\u00e9s \u00e0 chaque \u00e9l\u00e8ve et \u00e0 chaque enseignant, sont regroup\u00e9s dans le Mediacentre GAR de chaque compte Colibri. Ils sont accessibles depuis un ordinateur, une tablette, ou un smartphone. Etape 1 : Se connecter \u00e0 Colibri&#8230; <a class=\"continue-reading-link\" href=\"https:\/\/site.ac-martinique.fr\/manuels-numeriques\/accedez-aux-manuels-numeriques-via-colibri\/\"> Continue reading <span class=\"meta-nav\">&rarr; <\/span><\/a><\/p>\n","protected":false},"author":79,"featured_media":0,"parent":0,"menu_order":0,"comment_status":"closed","ping_status":"closed","template":"","meta":{"_uag_custom_page_level_css":"","_themeisle_gutenberg_block_has_review":false,"footnotes":""},"class_list":["post-74","page","type-page","status-publish","hentry"],"uagb_featured_image_src":{"full":false,"thumbnail":false,"medium":false,"medium_large":false,"large":false,"1536x1536":false,"2048x2048":false,"post-thumbnail":false,"header":false,"slider":false,"custom":false},"uagb_author_info":{"display_name":"Alexandre BAVARIN","author_link":"https:\/\/site.ac-martinique.fr\/manuels-numeriques\/author\/webgm\/"},"uagb_comment_info":0,"uagb_excerpt":"Pour consulter ses manuels en ligne, une connexion internet est n\u00e9cessaire. Les manuels num\u00e9riques attribu\u00e9s \u00e0 chaque \u00e9l\u00e8ve et \u00e0 chaque enseignant, sont regroup\u00e9s dans le Mediacentre GAR de chaque compte Colibri. Ils sont accessibles depuis un ordinateur, une tablette, ou un smartphone. Etape 1 : Se connecter \u00e0 Colibri... Continue reading &rarr;","_links":{"self":[{"href":"https:\/\/site.ac-martinique.fr\/manuels-numeriques\/wp-json\/wp\/v2\/pages\/74","targetHints":{"allow":["GET"]}}],"collection":[{"href":"https:\/\/site.ac-martinique.fr\/manuels-numeriques\/wp-json\/wp\/v2\/pages"}],"about":[{"href":"https:\/\/site.ac-martinique.fr\/manuels-numeriques\/wp-json\/wp\/v2\/types\/page"}],"author":[{"embeddable":true,"href":"https:\/\/site.ac-martinique.fr\/manuels-numeriques\/wp-json\/wp\/v2\/users\/79"}],"replies":[{"embeddable":true,"href":"https:\/\/site.ac-martinique.fr\/manuels-numeriques\/wp-json\/wp\/v2\/comments?post=74"}],"version-history":[{"count":90,"href":"https:\/\/site.ac-martinique.fr\/manuels-numeriques\/wp-json\/wp\/v2\/pages\/74\/revisions"}],"predecessor-version":[{"id":1412,"href":"https:\/\/site.ac-martinique.fr\/manuels-numeriques\/wp-json\/wp\/v2\/pages\/74\/revisions\/1412"}],"wp:attachment":[{"href":"https:\/\/site.ac-martinique.fr\/manuels-numeriques\/wp-json\/wp\/v2\/media?parent=74"}],"curies":[{"name":"wp","href":"https:\/\/api.w.org\/{rel}","templated":true}]}}