{"id":819,"date":"2023-08-28T16:37:14","date_gmt":"2023-08-28T20:37:14","guid":{"rendered":"https:\/\/site.ac-martinique.fr\/manuels-numeriques\/?page_id=819"},"modified":"2023-08-31T12:37:35","modified_gmt":"2023-08-31T16:37:35","slug":"telecharger-ses-manuels-numeriques-sur-son-ordinateur","status":"publish","type":"page","link":"https:\/\/site.ac-martinique.fr\/manuels-numeriques\/telecharger-ses-manuels-numeriques-sur-son-ordinateur\/","title":{"rendered":"T\u00e9l\u00e9charger ses manuels num\u00e9riques sur son ordinateur"},"content":{"rendered":"\n<div class=\"wp-block-group alignfull\"><div class=\"wp-block-group__inner-container is-layout-flow wp-block-group-is-layout-flow\">\n<div class=\"wp-block-columns tw-cols-stack-sm is-layout-flex wp-container-core-columns-is-layout-abceabcf wp-block-columns-is-layout-flex\">\n<div class=\"wp-block-column is-layout-flow wp-block-column-is-layout-flow\" style=\"--col-width:80%;flex-basis:80%\">\n<h3 class=\"wp-block-heading has-vivid-red-color has-text-color\">A SAVOIR !<\/h3>\n\n\n\n<p class=\"tw-mb-0\">Les m\u00e9thodes de t\u00e9l\u00e9chargement des manuels num\u00e9riques sont diff\u00e9rentes d&rsquo;un groupement d&rsquo;\u00e9diteurs \u00e0 l&rsquo;autre et donc d&rsquo;une <a href=\"https:\/\/site.ac-martinique.fr\/manuels-numeriques\/acceder-aux-manuels-numeriques-via-un-reader\/\">application (reader)<\/a> \u00e0 l&rsquo;autre.<\/p>\n<\/div>\n<\/div>\n<\/div><\/div>\n\n\n\n<p><em>L\u2019\u00e9diteur est indiqu\u00e9 en dessous du titre du manuel (encadr\u00e9 en rouge dans l\u2019image ci-dessous).<\/em><\/p>\n\n\n<div class=\"wp-block-image\">\n<figure class=\"aligncenter size-full is-resized\"><img loading=\"lazy\" decoding=\"async\" src=\"https:\/\/site.ac-martinique.fr\/manuels-numeriques\/wp-content\/uploads\/sites\/133\/2023\/08\/Capture-decran-2023-08-28-a-10.59.15-1.png\" alt=\"\" class=\"wp-image-712\" style=\"width:362px;height:158px\" width=\"362\" height=\"158\" srcset=\"https:\/\/site.ac-martinique.fr\/manuels-numeriques\/wp-content\/uploads\/sites\/133\/2023\/08\/Capture-decran-2023-08-28-a-10.59.15-1.png 666w, https:\/\/site.ac-martinique.fr\/manuels-numeriques\/wp-content\/uploads\/sites\/133\/2023\/08\/Capture-decran-2023-08-28-a-10.59.15-1-300x131.png 300w, https:\/\/site.ac-martinique.fr\/manuels-numeriques\/wp-content\/uploads\/sites\/133\/2023\/08\/Capture-decran-2023-08-28-a-10.59.15-1-150x66.png 150w, https:\/\/site.ac-martinique.fr\/manuels-numeriques\/wp-content\/uploads\/sites\/133\/2023\/08\/Capture-decran-2023-08-28-a-10.59.15-1-250x109.png 250w\" sizes=\"auto, (max-width: 362px) 100vw, 362px\" \/><\/figure>\n<\/div>\n\n\n<div class=\"wp-block-uagb-separator uagb-block-a34d8d5b\"><div class=\"wp-block-uagb-separator__inner\" style=\"--my-background-image:\"><\/div><\/div>\n\n\n\n<h4 class=\"wp-block-heading has-black-color has-text-color\">T\u00e9l\u00e9charger son manuel num\u00e9rique avec l&rsquo;application associ\u00e9e \u00e0 l&rsquo;\u00e9diteur.<\/h4>\n\n\n\n<figure class=\"wp-block-table is-style-stripes\"><table><thead><tr><th class=\"has-text-align-left\" data-align=\"left\"><strong>Editeurs<\/strong><\/th><th class=\"has-text-align-left\" data-align=\"left\">T\u00e9l\u00e9charger le manuel<\/th><\/tr><\/thead><tbody><tr><td class=\"has-text-align-left\" data-align=\"left\">BORDAS<br>LEROBERT<br>NATHAN<\/td><td class=\"has-text-align-left\" data-align=\"left\"><a href=\"https:\/\/site.ac-martinique.fr\/manuels-numeriques\/acces-aux-manuels-biblio-manuels\/\">avec Bibliomanuels<\/a><\/td><\/tr><tr><td class=\"has-text-align-left\" data-align=\"left\">BELIN<br>DELAGRAVE<br>MAGNARD<br>VUIBERT<\/td><td class=\"has-text-align-left\" data-align=\"left\"><a href=\"https:\/\/site.ac-martinique.fr\/manuels-numeriques\/acces-aux-manuels-numeriques-lib-manuels\/\">avec Lib Manuels <\/a><br><a href=\"https:\/\/site.ac-martinique.fr\/manuels-numeriques\/acces-aux-manuels-numeriques-lib-manuels\/\">ou Flex manuel <\/a><br><a href=\"https:\/\/site.ac-martinique.fr\/manuels-numeriques\/acces-aux-manuels-numeriques-lib-manuels\/\">ou Manuel num\u00e9rique max<\/a><\/td><\/tr><tr><td class=\"has-text-align-left\" data-align=\"left\">LELIVRESCOLAIRE<\/td><td class=\"has-text-align-left\" data-align=\"left\"><a href=\"https:\/\/site.ac-martinique.fr\/manuels-numeriques\/acces-aux-manuels-numeriques-lelivrescolaire\/\">avec Lelivrescolaire<\/a><\/td><\/tr><tr><td class=\"has-text-align-left\" data-align=\"left\">FOUCHER<br>HACHETTE<br>HATIER<br>DIDIER<br>DOC\u00c9O<br>FONTAINEPICARD<br>LEG\u00c9NIE<\/td><td class=\"has-text-align-left\" data-align=\"left\"><a href=\"https:\/\/site.ac-martinique.fr\/manuels-numeriques\/acces-aux-manuels-educadhoc\/\">avec Educadhoc<\/a><\/td><\/tr><\/tbody><\/table><\/figure>\n","protected":false},"excerpt":{"rendered":"<p>A SAVOIR ! Les m\u00e9thodes de t\u00e9l\u00e9chargement des manuels num\u00e9riques sont diff\u00e9rentes d&rsquo;un groupement d&rsquo;\u00e9diteurs \u00e0 l&rsquo;autre et donc d&rsquo;une application (reader) \u00e0 l&rsquo;autre. L\u2019\u00e9diteur est indiqu\u00e9 en dessous du titre du manuel (encadr\u00e9 en rouge dans l\u2019image ci-dessous). T\u00e9l\u00e9charger son manuel num\u00e9rique avec l&rsquo;application associ\u00e9e \u00e0 l&rsquo;\u00e9diteur. Editeurs T\u00e9l\u00e9charger&#8230; <a class=\"continue-reading-link\" href=\"https:\/\/site.ac-martinique.fr\/manuels-numeriques\/telecharger-ses-manuels-numeriques-sur-son-ordinateur\/\"> Continue reading <span class=\"meta-nav\">&rarr; <\/span><\/a><\/p>\n","protected":false},"author":79,"featured_media":0,"parent":0,"menu_order":0,"comment_status":"closed","ping_status":"closed","template":"","meta":{"_uag_custom_page_level_css":"","_themeisle_gutenberg_block_has_review":false,"footnotes":""},"class_list":["post-819","page","type-page","status-publish","hentry"],"uagb_featured_image_src":{"full":false,"thumbnail":false,"medium":false,"medium_large":false,"large":false,"1536x1536":false,"2048x2048":false,"post-thumbnail":false,"header":false,"slider":false,"custom":false},"uagb_author_info":{"display_name":"Alexandre BAVARIN","author_link":"https:\/\/site.ac-martinique.fr\/manuels-numeriques\/author\/webgm\/"},"uagb_comment_info":0,"uagb_excerpt":"A SAVOIR ! Les m\u00e9thodes de t\u00e9l\u00e9chargement des manuels num\u00e9riques sont diff\u00e9rentes d&rsquo;un groupement d&rsquo;\u00e9diteurs \u00e0 l&rsquo;autre et donc d&rsquo;une application (reader) \u00e0 l&rsquo;autre. L\u2019\u00e9diteur est indiqu\u00e9 en dessous du titre du manuel (encadr\u00e9 en rouge dans l\u2019image ci-dessous). T\u00e9l\u00e9charger son manuel num\u00e9rique avec l&rsquo;application associ\u00e9e \u00e0 l&rsquo;\u00e9diteur. Editeurs T\u00e9l\u00e9charger... Continue reading &rarr;","_links":{"self":[{"href":"https:\/\/site.ac-martinique.fr\/manuels-numeriques\/wp-json\/wp\/v2\/pages\/819","targetHints":{"allow":["GET"]}}],"collection":[{"href":"https:\/\/site.ac-martinique.fr\/manuels-numeriques\/wp-json\/wp\/v2\/pages"}],"about":[{"href":"https:\/\/site.ac-martinique.fr\/manuels-numeriques\/wp-json\/wp\/v2\/types\/page"}],"author":[{"embeddable":true,"href":"https:\/\/site.ac-martinique.fr\/manuels-numeriques\/wp-json\/wp\/v2\/users\/79"}],"replies":[{"embeddable":true,"href":"https:\/\/site.ac-martinique.fr\/manuels-numeriques\/wp-json\/wp\/v2\/comments?post=819"}],"version-history":[{"count":16,"href":"https:\/\/site.ac-martinique.fr\/manuels-numeriques\/wp-json\/wp\/v2\/pages\/819\/revisions"}],"predecessor-version":[{"id":1521,"href":"https:\/\/site.ac-martinique.fr\/manuels-numeriques\/wp-json\/wp\/v2\/pages\/819\/revisions\/1521"}],"wp:attachment":[{"href":"https:\/\/site.ac-martinique.fr\/manuels-numeriques\/wp-json\/wp\/v2\/media?parent=819"}],"curies":[{"name":"wp","href":"https:\/\/api.w.org\/{rel}","templated":true}]}}