{"id":984,"date":"2023-08-30T10:54:48","date_gmt":"2023-08-30T14:54:48","guid":{"rendered":"https:\/\/site.ac-martinique.fr\/manuels-numeriques\/?page_id=984"},"modified":"2023-09-12T09:01:16","modified_gmt":"2023-09-12T13:01:16","slug":"consulter-ses-manuels-sans-connexion","status":"publish","type":"page","link":"https:\/\/site.ac-martinique.fr\/manuels-numeriques\/consulter-ses-manuels-sans-connexion\/","title":{"rendered":"Consulter ses manuels num\u00e9riques sans connexion internet"},"content":{"rendered":"\n<div class=\"wp-block-group\"><div class=\"wp-block-group__inner-container is-layout-constrained wp-block-group-is-layout-constrained\">\n<div class=\"wp-block-columns tw-cols-stack-sm is-layout-flex wp-container-core-columns-is-layout-abceabcf wp-block-columns-is-layout-flex\">\n<div class=\"wp-block-column is-layout-flow wp-block-column-is-layout-flow\" style=\"--col-width:20%;flex-basis:20%\">\n<figure class=\"wp-block-image size-large is-resized\"><img loading=\"lazy\" decoding=\"async\" src=\"https:\/\/site.ac-martinique.fr\/manuels-numeriques\/wp-content\/uploads\/sites\/133\/2023\/07\/jeune-femme-joyeuse-pose-dans-mur-trou-papier-jaune-dechire-emotionnel-expressif-edited-2-1024x683.jpg\" alt=\"\" class=\"wp-image-510\" style=\"width:212px;height:141px\" width=\"212\" height=\"141\" srcset=\"https:\/\/site.ac-martinique.fr\/manuels-numeriques\/wp-content\/uploads\/sites\/133\/2023\/07\/jeune-femme-joyeuse-pose-dans-mur-trou-papier-jaune-dechire-emotionnel-expressif-edited-2-1024x683.jpg 1024w, https:\/\/site.ac-martinique.fr\/manuels-numeriques\/wp-content\/uploads\/sites\/133\/2023\/07\/jeune-femme-joyeuse-pose-dans-mur-trou-papier-jaune-dechire-emotionnel-expressif-edited-2-300x200.jpg 300w, https:\/\/site.ac-martinique.fr\/manuels-numeriques\/wp-content\/uploads\/sites\/133\/2023\/07\/jeune-femme-joyeuse-pose-dans-mur-trou-papier-jaune-dechire-emotionnel-expressif-edited-2-768x512.jpg 768w, https:\/\/site.ac-martinique.fr\/manuels-numeriques\/wp-content\/uploads\/sites\/133\/2023\/07\/jeune-femme-joyeuse-pose-dans-mur-trou-papier-jaune-dechire-emotionnel-expressif-edited-2-1536x1024.jpg 1536w, https:\/\/site.ac-martinique.fr\/manuels-numeriques\/wp-content\/uploads\/sites\/133\/2023\/07\/jeune-femme-joyeuse-pose-dans-mur-trou-papier-jaune-dechire-emotionnel-expressif-edited-2-2048x1365.jpg 2048w, https:\/\/site.ac-martinique.fr\/manuels-numeriques\/wp-content\/uploads\/sites\/133\/2023\/07\/jeune-femme-joyeuse-pose-dans-mur-trou-papier-jaune-dechire-emotionnel-expressif-edited-2-150x100.jpg 150w, https:\/\/site.ac-martinique.fr\/manuels-numeriques\/wp-content\/uploads\/sites\/133\/2023\/07\/jeune-femme-joyeuse-pose-dans-mur-trou-papier-jaune-dechire-emotionnel-expressif-edited-2-225x150.jpg 225w\" sizes=\"auto, (max-width: 212px) 100vw, 212px\" \/><\/figure>\n<\/div>\n\n\n\n<div class=\"wp-block-column is-layout-flow wp-block-column-is-layout-flow\" style=\"--col-width:80%;flex-basis:80%\">\n<h3 class=\"wp-block-heading\">Avant d&rsquo;aller plus loin !<\/h3>\n\n\n\n<p class=\"tw-mb-0\">Pour consulter son manuel num\u00e9rique hors ligne (sans connexion internet), il faut imp\u00e9rativement l&rsquo;avoir t\u00e9l\u00e9charg\u00e9 en amont sur son \u00e9quipement num\u00e9rique <strong>(voir rubrique <a href=\"https:\/\/site.ac-martinique.fr\/manuels-numeriques\/telecharger-les-manuels-numeriques2\/\">\u00ab\u00a0T\u00e9l\u00e9charger ses manuels num\u00e9riques\u00a0\u00bb<\/a>)<\/strong>.<\/p>\n\n\n\n<p>Les manuels num\u00e9riques s&rsquo;ouvrent dans des applications aussi appel\u00e9s <a href=\"https:\/\/site.ac-martinique.fr\/manuels-numeriques\/acceder-aux-manuels-numeriques-via-un-reader\/\">readers<\/a>. Chaque \u00e9diteur ou groupement d&rsquo;\u00e9diteurs propose sa propre application (Educadhoc, Bibliomanuel, Libmanuels, &#8230;.). Ces applications sont install\u00e9es lors du t\u00e9l\u00e9chargement du manuel num\u00e9rique.<\/p>\n<\/div>\n<\/div>\n<\/div><\/div>\n\n\n\n<div class=\"wp-block-uagb-separator uagb-block-13f21a88\"><div class=\"wp-block-uagb-separator__inner\" style=\"--my-background-image:\"><\/div><\/div>\n\n\n\n<h4 class=\"wp-block-heading has-vivid-cyan-blue-color has-text-color\">Etape 1 : Ouvrir l&rsquo;application<\/h4>\n\n\n\n<p>La ou les applications install\u00e9es sont accessibles via des raccourcis visibles sur l&rsquo;espace \u00ab\u00a0Bureau\u00a0\u00bb de votre ordinateur.<\/p>\n\n\n\n<p>Ouvrir l&rsquo;application dans lequel s&rsquo;ouvre le manuel num\u00e9rique en cliquant sur le raccourci correspondant  (exemple avec Educadhoc) :<\/p>\n\n\n<div class=\"wp-block-image\">\n<figure class=\"aligncenter size-full\"><img loading=\"lazy\" decoding=\"async\" width=\"677\" height=\"162\" src=\"https:\/\/site.ac-martinique.fr\/manuels-numeriques\/wp-content\/uploads\/sites\/133\/2023\/09\/logo-reader-avec-lelivrescolaire.png\" alt=\"\" class=\"wp-image-1494\" srcset=\"https:\/\/site.ac-martinique.fr\/manuels-numeriques\/wp-content\/uploads\/sites\/133\/2023\/09\/logo-reader-avec-lelivrescolaire.png 677w, https:\/\/site.ac-martinique.fr\/manuels-numeriques\/wp-content\/uploads\/sites\/133\/2023\/09\/logo-reader-avec-lelivrescolaire-300x72.png 300w, https:\/\/site.ac-martinique.fr\/manuels-numeriques\/wp-content\/uploads\/sites\/133\/2023\/09\/logo-reader-avec-lelivrescolaire-150x36.png 150w, https:\/\/site.ac-martinique.fr\/manuels-numeriques\/wp-content\/uploads\/sites\/133\/2023\/09\/logo-reader-avec-lelivrescolaire-250x60.png 250w\" sizes=\"auto, (max-width: 677px) 100vw, 677px\" \/><\/figure>\n<\/div>\n\n\n<hr class=\"wp-block-separator has-alpha-channel-opacity\"\/>\n\n\n\n<p>L&rsquo;application s&rsquo;ouvre. <\/p>\n\n\n\n<figure class=\"wp-block-image size-large\"><img loading=\"lazy\" decoding=\"async\" width=\"1024\" height=\"480\" src=\"https:\/\/site.ac-martinique.fr\/manuels-numeriques\/wp-content\/uploads\/sites\/133\/2023\/09\/educadoc25-1024x480.png\" alt=\"\" class=\"wp-image-1271\" srcset=\"https:\/\/site.ac-martinique.fr\/manuels-numeriques\/wp-content\/uploads\/sites\/133\/2023\/09\/educadoc25-1024x480.png 1024w, https:\/\/site.ac-martinique.fr\/manuels-numeriques\/wp-content\/uploads\/sites\/133\/2023\/09\/educadoc25-300x141.png 300w, https:\/\/site.ac-martinique.fr\/manuels-numeriques\/wp-content\/uploads\/sites\/133\/2023\/09\/educadoc25-768x360.png 768w, https:\/\/site.ac-martinique.fr\/manuels-numeriques\/wp-content\/uploads\/sites\/133\/2023\/09\/educadoc25-150x70.png 150w, https:\/\/site.ac-martinique.fr\/manuels-numeriques\/wp-content\/uploads\/sites\/133\/2023\/09\/educadoc25-250x117.png 250w, https:\/\/site.ac-martinique.fr\/manuels-numeriques\/wp-content\/uploads\/sites\/133\/2023\/09\/educadoc25.png 1283w\" sizes=\"auto, (max-width: 1024px) 100vw, 1024px\" \/><\/figure>\n\n\n\n<div class=\"wp-block-uagb-separator uagb-block-2c14b14a\"><div class=\"wp-block-uagb-separator__inner\" style=\"--my-background-image:\"><\/div><\/div>\n\n\n\n<h4 class=\"wp-block-heading has-vivid-cyan-blue-color has-text-color\">Etape 2 : Ouvrir le manuel num\u00e9rique<\/h4>\n\n\n\n<p>Les manuels num\u00e9riques pr\u00e9alablement t\u00e9l\u00e9charg\u00e9s sont visibles dans l&rsquo;espace biblioth\u00e8que de l&rsquo;application. <\/p>\n\n\n\n<p>Acc\u00e9der \u00e0 l&rsquo;espace \u00ab\u00a0Biblioth\u00e8que\u00a0\u00bb de l&rsquo;application (si besoin) et cliquer sur le manuel \u00e0 ouvrir.<\/p>\n\n\n<div class=\"wp-block-image\">\n<figure class=\"aligncenter size-full\"><img loading=\"lazy\" decoding=\"async\" width=\"218\" height=\"337\" src=\"https:\/\/site.ac-martinique.fr\/manuels-numeriques\/wp-content\/uploads\/sites\/133\/2023\/09\/educadoc26.png\" alt=\"\" class=\"wp-image-1272\" srcset=\"https:\/\/site.ac-martinique.fr\/manuels-numeriques\/wp-content\/uploads\/sites\/133\/2023\/09\/educadoc26.png 218w, https:\/\/site.ac-martinique.fr\/manuels-numeriques\/wp-content\/uploads\/sites\/133\/2023\/09\/educadoc26-194x300.png 194w, https:\/\/site.ac-martinique.fr\/manuels-numeriques\/wp-content\/uploads\/sites\/133\/2023\/09\/educadoc26-97x150.png 97w\" sizes=\"auto, (max-width: 218px) 100vw, 218px\" \/><\/figure>\n<\/div>\n\n\n<p>Le manuel s&rsquo;ouvre alors.<\/p>\n\n\n<div class=\"wp-block-image\">\n<figure class=\"aligncenter size-large\"><img loading=\"lazy\" decoding=\"async\" width=\"1024\" height=\"545\" src=\"https:\/\/site.ac-martinique.fr\/manuels-numeriques\/wp-content\/uploads\/sites\/133\/2023\/09\/educadoc27-1024x545.png\" alt=\"\" class=\"wp-image-1273\" srcset=\"https:\/\/site.ac-martinique.fr\/manuels-numeriques\/wp-content\/uploads\/sites\/133\/2023\/09\/educadoc27-1024x545.png 1024w, https:\/\/site.ac-martinique.fr\/manuels-numeriques\/wp-content\/uploads\/sites\/133\/2023\/09\/educadoc27-300x160.png 300w, https:\/\/site.ac-martinique.fr\/manuels-numeriques\/wp-content\/uploads\/sites\/133\/2023\/09\/educadoc27-768x409.png 768w, https:\/\/site.ac-martinique.fr\/manuels-numeriques\/wp-content\/uploads\/sites\/133\/2023\/09\/educadoc27-150x80.png 150w, https:\/\/site.ac-martinique.fr\/manuels-numeriques\/wp-content\/uploads\/sites\/133\/2023\/09\/educadoc27-250x133.png 250w, https:\/\/site.ac-martinique.fr\/manuels-numeriques\/wp-content\/uploads\/sites\/133\/2023\/09\/educadoc27.png 1283w\" sizes=\"auto, (max-width: 1024px) 100vw, 1024px\" \/><\/figure>\n<\/div>\n\n\n<hr class=\"wp-block-separator has-alpha-channel-opacity\"\/>\n\n\n\n<h3 class=\"wp-block-heading has-vivid-red-color has-text-color\">Aper\u00e7us des diff\u00e9rentes applications sans connexion internet<\/h3>\n\n\n\n<p><em>Quelques exemples<\/em><\/p>\n\n\n\n<figure class=\"wp-block-table\"><table><thead><tr><th><strong>Editeurs<\/strong><\/th><th><strong>Applications<\/strong><\/th><\/tr><\/thead><tbody><tr><td>BORDAS \/ LEROBERT \/ NATHAN<\/td><td>Bibliomanuels<\/td><\/tr><tr><td>BELIN \/ DELAGRAVE \/ MAGNARD \/ VUIBERT<\/td><td>Lib Manuels \/ Flex manuel \/ Manuel num\u00e9rique max<\/td><\/tr><tr><td>LELIVRESCOLAIRE<\/td><td>Lelivrescolaire<\/td><\/tr><tr><td>FOUCHER \/ HACHETTE \/ HATIER \/ DIDIER \/ DOC\u00c9O \/ FONTAINEPICARD \/ LEG\u00c9NIE.<\/td><td>Educadhoc<\/td><\/tr><\/tbody><\/table><\/figure>\n\n\n\n<h3 class=\"wp-block-heading\"><mark style=\"background-color:rgba(0, 0, 0, 0)\" class=\"has-inline-color has-vivid-purple-color\">Bibliomanuels<\/mark><\/h3>\n\n\n<div class=\"wp-block-image\">\n<figure class=\"aligncenter size-large\"><img loading=\"lazy\" decoding=\"async\" width=\"1024\" height=\"573\" src=\"https:\/\/site.ac-martinique.fr\/manuels-numeriques\/wp-content\/uploads\/sites\/133\/2023\/09\/bibliomanuel-hors-ligne-1024x573.png\" alt=\"\" class=\"wp-image-1227\" srcset=\"https:\/\/site.ac-martinique.fr\/manuels-numeriques\/wp-content\/uploads\/sites\/133\/2023\/09\/bibliomanuel-hors-ligne-1024x573.png 1024w, https:\/\/site.ac-martinique.fr\/manuels-numeriques\/wp-content\/uploads\/sites\/133\/2023\/09\/bibliomanuel-hors-ligne-300x168.png 300w, https:\/\/site.ac-martinique.fr\/manuels-numeriques\/wp-content\/uploads\/sites\/133\/2023\/09\/bibliomanuel-hors-ligne-768x430.png 768w, https:\/\/site.ac-martinique.fr\/manuels-numeriques\/wp-content\/uploads\/sites\/133\/2023\/09\/bibliomanuel-hors-ligne-150x84.png 150w, https:\/\/site.ac-martinique.fr\/manuels-numeriques\/wp-content\/uploads\/sites\/133\/2023\/09\/bibliomanuel-hors-ligne-250x140.png 250w, https:\/\/site.ac-martinique.fr\/manuels-numeriques\/wp-content\/uploads\/sites\/133\/2023\/09\/bibliomanuel-hors-ligne.png 1283w\" sizes=\"auto, (max-width: 1024px) 100vw, 1024px\" \/><\/figure>\n<\/div>\n\n\n<div class=\"wp-block-uagb-separator uagb-block-2fb7940c\"><div class=\"wp-block-uagb-separator__inner\" style=\"--my-background-image:\"><\/div><\/div>\n\n\n\n<h3 class=\"wp-block-heading\"><mark style=\"background-color:rgba(0, 0, 0, 0)\" class=\"has-inline-color has-vivid-purple-color\">Educadhoc<\/mark><\/h3>\n\n\n<div class=\"wp-block-image\">\n<figure class=\"aligncenter size-large\"><img loading=\"lazy\" decoding=\"async\" width=\"1024\" height=\"480\" src=\"https:\/\/site.ac-martinique.fr\/manuels-numeriques\/wp-content\/uploads\/sites\/133\/2023\/09\/educadoc25-1024x480.png\" alt=\"\" class=\"wp-image-1271\" srcset=\"https:\/\/site.ac-martinique.fr\/manuels-numeriques\/wp-content\/uploads\/sites\/133\/2023\/09\/educadoc25-1024x480.png 1024w, https:\/\/site.ac-martinique.fr\/manuels-numeriques\/wp-content\/uploads\/sites\/133\/2023\/09\/educadoc25-300x141.png 300w, https:\/\/site.ac-martinique.fr\/manuels-numeriques\/wp-content\/uploads\/sites\/133\/2023\/09\/educadoc25-768x360.png 768w, https:\/\/site.ac-martinique.fr\/manuels-numeriques\/wp-content\/uploads\/sites\/133\/2023\/09\/educadoc25-150x70.png 150w, https:\/\/site.ac-martinique.fr\/manuels-numeriques\/wp-content\/uploads\/sites\/133\/2023\/09\/educadoc25-250x117.png 250w, https:\/\/site.ac-martinique.fr\/manuels-numeriques\/wp-content\/uploads\/sites\/133\/2023\/09\/educadoc25.png 1283w\" sizes=\"auto, (max-width: 1024px) 100vw, 1024px\" \/><\/figure>\n<\/div>\n\n\n<div class=\"wp-block-uagb-separator uagb-block-77989ed9\"><div class=\"wp-block-uagb-separator__inner\" style=\"--my-background-image:\"><\/div><\/div>\n\n\n\n<h3 class=\"wp-block-heading\"><mark style=\"background-color:rgba(0, 0, 0, 0)\" class=\"has-inline-color has-vivid-purple-color\">Manuel num\u00e9rique max<\/mark><\/h3>\n\n\n\n<figure class=\"wp-block-image size-large\"><img loading=\"lazy\" decoding=\"async\" width=\"1024\" height=\"539\" src=\"https:\/\/site.ac-martinique.fr\/manuels-numeriques\/wp-content\/uploads\/sites\/133\/2023\/09\/max8-1024x539.png\" alt=\"\" class=\"wp-image-1276\" srcset=\"https:\/\/site.ac-martinique.fr\/manuels-numeriques\/wp-content\/uploads\/sites\/133\/2023\/09\/max8-1024x539.png 1024w, https:\/\/site.ac-martinique.fr\/manuels-numeriques\/wp-content\/uploads\/sites\/133\/2023\/09\/max8-300x158.png 300w, https:\/\/site.ac-martinique.fr\/manuels-numeriques\/wp-content\/uploads\/sites\/133\/2023\/09\/max8-768x404.png 768w, https:\/\/site.ac-martinique.fr\/manuels-numeriques\/wp-content\/uploads\/sites\/133\/2023\/09\/max8-150x79.png 150w, https:\/\/site.ac-martinique.fr\/manuels-numeriques\/wp-content\/uploads\/sites\/133\/2023\/09\/max8-250x132.png 250w, https:\/\/site.ac-martinique.fr\/manuels-numeriques\/wp-content\/uploads\/sites\/133\/2023\/09\/max8.png 1283w\" sizes=\"auto, (max-width: 1024px) 100vw, 1024px\" \/><\/figure>\n\n\n\n<hr class=\"wp-block-separator has-alpha-channel-opacity\"\/>\n\n\n\n<p>Cliquer sur \u00ab\u00a0Mes manuels t\u00e9l\u00e9charg\u00e9s\u00a0\u00bb.<\/p>\n\n\n<div class=\"wp-block-image\">\n<figure class=\"aligncenter size-full\"><img loading=\"lazy\" decoding=\"async\" width=\"683\" height=\"449\" src=\"https:\/\/site.ac-martinique.fr\/manuels-numeriques\/wp-content\/uploads\/sites\/133\/2023\/09\/max10.png\" alt=\"\" class=\"wp-image-1278\" srcset=\"https:\/\/site.ac-martinique.fr\/manuels-numeriques\/wp-content\/uploads\/sites\/133\/2023\/09\/max10.png 683w, https:\/\/site.ac-martinique.fr\/manuels-numeriques\/wp-content\/uploads\/sites\/133\/2023\/09\/max10-300x197.png 300w, https:\/\/site.ac-martinique.fr\/manuels-numeriques\/wp-content\/uploads\/sites\/133\/2023\/09\/max10-150x99.png 150w, https:\/\/site.ac-martinique.fr\/manuels-numeriques\/wp-content\/uploads\/sites\/133\/2023\/09\/max10-228x150.png 228w\" sizes=\"auto, (max-width: 683px) 100vw, 683px\" \/><\/figure>\n<\/div>\n\n\n<p>Les manuels num\u00e9riques t\u00e9l\u00e9charg\u00e9s et disponible hors connexion s&rsquo;affichent \u00e0 l&rsquo;\u00e9cran.<\/p>\n\n\n\n<div class=\"wp-block-uagb-separator uagb-block-96cdd959\"><div class=\"wp-block-uagb-separator__inner\" style=\"--my-background-image:\"><\/div><\/div>\n\n\n\n<h3 class=\"wp-block-heading has-vivid-purple-color has-text-color\">Lelivrescolaire.fr<\/h3>\n\n\n<div class=\"wp-block-image\">\n<figure class=\"aligncenter size-large\"><img loading=\"lazy\" decoding=\"async\" width=\"1024\" height=\"540\" src=\"https:\/\/site.ac-martinique.fr\/manuels-numeriques\/wp-content\/uploads\/sites\/133\/2023\/09\/Capture-decran-2023-09-12-084433-1024x540.png\" alt=\"\" class=\"wp-image-1496\" srcset=\"https:\/\/site.ac-martinique.fr\/manuels-numeriques\/wp-content\/uploads\/sites\/133\/2023\/09\/Capture-decran-2023-09-12-084433-1024x540.png 1024w, https:\/\/site.ac-martinique.fr\/manuels-numeriques\/wp-content\/uploads\/sites\/133\/2023\/09\/Capture-decran-2023-09-12-084433-300x158.png 300w, https:\/\/site.ac-martinique.fr\/manuels-numeriques\/wp-content\/uploads\/sites\/133\/2023\/09\/Capture-decran-2023-09-12-084433-768x405.png 768w, https:\/\/site.ac-martinique.fr\/manuels-numeriques\/wp-content\/uploads\/sites\/133\/2023\/09\/Capture-decran-2023-09-12-084433-1536x810.png 1536w, https:\/\/site.ac-martinique.fr\/manuels-numeriques\/wp-content\/uploads\/sites\/133\/2023\/09\/Capture-decran-2023-09-12-084433-150x79.png 150w, https:\/\/site.ac-martinique.fr\/manuels-numeriques\/wp-content\/uploads\/sites\/133\/2023\/09\/Capture-decran-2023-09-12-084433-250x132.png 250w, https:\/\/site.ac-martinique.fr\/manuels-numeriques\/wp-content\/uploads\/sites\/133\/2023\/09\/Capture-decran-2023-09-12-084433.png 1920w\" sizes=\"auto, (max-width: 1024px) 100vw, 1024px\" \/><\/figure>\n<\/div>\n\n\n<hr class=\"wp-block-separator has-alpha-channel-opacity\"\/>\n\n\n\n<p><em>Remarque : les manuels num\u00e9riques consultables hors connexion sont rep\u00e9r\u00e9s avec une coche bleue.<\/em><\/p>\n\n\n<div class=\"wp-block-image\">\n<figure class=\"aligncenter size-large\"><img loading=\"lazy\" decoding=\"async\" width=\"1024\" height=\"575\" src=\"https:\/\/site.ac-martinique.fr\/manuels-numeriques\/wp-content\/uploads\/sites\/133\/2023\/09\/lelivrescolaire20-1024x575.png\" alt=\"\" class=\"wp-image-1484\" srcset=\"https:\/\/site.ac-martinique.fr\/manuels-numeriques\/wp-content\/uploads\/sites\/133\/2023\/09\/lelivrescolaire20-1024x575.png 1024w, https:\/\/site.ac-martinique.fr\/manuels-numeriques\/wp-content\/uploads\/sites\/133\/2023\/09\/lelivrescolaire20-300x169.png 300w, https:\/\/site.ac-martinique.fr\/manuels-numeriques\/wp-content\/uploads\/sites\/133\/2023\/09\/lelivrescolaire20-768x431.png 768w, https:\/\/site.ac-martinique.fr\/manuels-numeriques\/wp-content\/uploads\/sites\/133\/2023\/09\/lelivrescolaire20-150x84.png 150w, https:\/\/site.ac-martinique.fr\/manuels-numeriques\/wp-content\/uploads\/sites\/133\/2023\/09\/lelivrescolaire20-250x140.png 250w, https:\/\/site.ac-martinique.fr\/manuels-numeriques\/wp-content\/uploads\/sites\/133\/2023\/09\/lelivrescolaire20.png 1141w\" sizes=\"auto, (max-width: 1024px) 100vw, 1024px\" \/><\/figure>\n<\/div>\n\n\n<div class=\"wp-block-uagb-separator uagb-block-aae2fffd\"><div class=\"wp-block-uagb-separator__inner\" style=\"--my-background-image:\"><\/div><\/div>\n\n\n\n<h3 class=\"wp-block-heading has-vivid-purple-color has-text-color\">Lib Manuels<\/h3>\n\n\n\n<p><em>En cours de construction<\/em><\/p>\n\n\n\n<div class=\"wp-block-uagb-separator uagb-block-a84ef38f\"><div class=\"wp-block-uagb-separator__inner\" style=\"--my-background-image:\"><\/div><\/div>\n\n\n\n<h3 class=\"wp-block-heading\"><mark style=\"background-color:rgba(0, 0, 0, 0)\" class=\"has-inline-color has-vivid-purple-color\">FlexManuels<\/mark><\/h3>\n\n\n\n<p><em>En cours de construction<\/em><\/p>\n\n\n\n<div class=\"wp-block-uagb-separator uagb-block-0b1178c2\"><div class=\"wp-block-uagb-separator__inner\" style=\"--my-background-image:\"><\/div><\/div>\n","protected":false},"excerpt":{"rendered":"<p>Avant d&rsquo;aller plus loin ! Pour consulter son manuel num\u00e9rique hors ligne (sans connexion internet), il faut imp\u00e9rativement l&rsquo;avoir t\u00e9l\u00e9charg\u00e9 en amont sur son \u00e9quipement num\u00e9rique (voir rubrique \u00ab\u00a0T\u00e9l\u00e9charger ses manuels num\u00e9riques\u00a0\u00bb). Les manuels num\u00e9riques s&rsquo;ouvrent dans des applications aussi appel\u00e9s readers. Chaque \u00e9diteur ou groupement d&rsquo;\u00e9diteurs propose sa propre&#8230; <a class=\"continue-reading-link\" href=\"https:\/\/site.ac-martinique.fr\/manuels-numeriques\/consulter-ses-manuels-sans-connexion\/\"> Continue reading <span class=\"meta-nav\">&rarr; <\/span><\/a><\/p>\n","protected":false},"author":79,"featured_media":0,"parent":0,"menu_order":0,"comment_status":"closed","ping_status":"closed","template":"","meta":{"_uag_custom_page_level_css":"","_themeisle_gutenberg_block_has_review":false,"footnotes":""},"class_list":["post-984","page","type-page","status-publish","hentry"],"uagb_featured_image_src":{"full":false,"thumbnail":false,"medium":false,"medium_large":false,"large":false,"1536x1536":false,"2048x2048":false,"post-thumbnail":false,"header":false,"slider":false,"custom":false},"uagb_author_info":{"display_name":"Alexandre BAVARIN","author_link":"https:\/\/site.ac-martinique.fr\/manuels-numeriques\/author\/webgm\/"},"uagb_comment_info":0,"uagb_excerpt":"Avant d&rsquo;aller plus loin ! Pour consulter son manuel num\u00e9rique hors ligne (sans connexion internet), il faut imp\u00e9rativement l&rsquo;avoir t\u00e9l\u00e9charg\u00e9 en amont sur son \u00e9quipement num\u00e9rique (voir rubrique \u00ab\u00a0T\u00e9l\u00e9charger ses manuels num\u00e9riques\u00a0\u00bb). Les manuels num\u00e9riques s&rsquo;ouvrent dans des applications aussi appel\u00e9s readers. Chaque \u00e9diteur ou groupement d&rsquo;\u00e9diteurs propose sa propre... Continue reading &rarr;","_links":{"self":[{"href":"https:\/\/site.ac-martinique.fr\/manuels-numeriques\/wp-json\/wp\/v2\/pages\/984","targetHints":{"allow":["GET"]}}],"collection":[{"href":"https:\/\/site.ac-martinique.fr\/manuels-numeriques\/wp-json\/wp\/v2\/pages"}],"about":[{"href":"https:\/\/site.ac-martinique.fr\/manuels-numeriques\/wp-json\/wp\/v2\/types\/page"}],"author":[{"embeddable":true,"href":"https:\/\/site.ac-martinique.fr\/manuels-numeriques\/wp-json\/wp\/v2\/users\/79"}],"replies":[{"embeddable":true,"href":"https:\/\/site.ac-martinique.fr\/manuels-numeriques\/wp-json\/wp\/v2\/comments?post=984"}],"version-history":[{"count":23,"href":"https:\/\/site.ac-martinique.fr\/manuels-numeriques\/wp-json\/wp\/v2\/pages\/984\/revisions"}],"predecessor-version":[{"id":1499,"href":"https:\/\/site.ac-martinique.fr\/manuels-numeriques\/wp-json\/wp\/v2\/pages\/984\/revisions\/1499"}],"wp:attachment":[{"href":"https:\/\/site.ac-martinique.fr\/manuels-numeriques\/wp-json\/wp\/v2\/media?parent=984"}],"curies":[{"name":"wp","href":"https:\/\/api.w.org\/{rel}","templated":true}]}}