{"id":1115,"date":"2017-03-09T22:35:03","date_gmt":"2017-03-10T01:35:03","guid":{"rendered":"\/mathematiques\/?page_id=1115"},"modified":"2018-03-10T09:31:58","modified_gmt":"2018-03-10T12:31:58","slug":"semaine-des-maths-2017","status":"publish","type":"page","link":"https:\/\/site.ac-martinique.fr\/mathematiques\/?page_id=1115","title":{"rendered":"Semaine des maths 2017"},"content":{"rendered":"<p>&nbsp;<\/p>\n<h3><span style=\"color: #0000ff;\"><strong>Semaine des maths<\/strong><\/span><\/h3>\n<ul>\n<li><strong>Lundi 13 mars 2017\u00a0:<\/strong>\n<ul>\n<li>Le grand public est invit\u00e9 \u00e0 la <strong>c<\/strong><strong>onf\u00e9rence de lancement<\/strong> de la <strong>6<sup>\u00e8me<\/sup> \u00e9dition<\/strong> de la semaine des math\u00e9matiques, de 18h \u00e0 19h30 \u00e0 la salle polyvalente de l\u2019<strong>ESPE<\/strong>, sur le th\u00e8me<strong> \u00ab\u00a0Math\u00e9matiques et Musique\u00a0\u00bb. <\/strong>M. Jo\u00ebl FORTICT, Professeur d\u2019Education musicale \u00e0 l&rsquo;ESPE, nous fera d\u00e9couvrir les liens qu&rsquo;entretiennent ces deux disciplines.<\/li>\n<\/ul>\n<\/li>\n<li><strong>Jeudi 16 mars 2017\u00a0:<\/strong>\n<ul>\n<li>Les enseignants de math\u00e9matiques et de technologie sont convi\u00e9s \u00e0 participer \u00e0 un <strong>a<\/strong><strong>telier <\/strong>intitul\u00e9 <strong>\u00ab\u00a0Regards crois\u00e9s sur l\u2019algorithmique et la programmation\u00a0\u00bb<\/strong> de 14h \u00e0 16h \u00e0 la salle polyvalente de l\u2019<strong>ESPE<\/strong> Apr\u00e8s une pr\u00e9sentation crois\u00e9e de la place de l&rsquo;algorithmique et de la programmation dans les programmes de math\u00e9matiques et de technologie, les enseignants de ces deux disciplines \u00e9changeront sur une articulation de leur l&rsquo;enseignement sur ce th\u00e8me.<\/li>\n<\/ul>\n<\/li>\n<li><strong>Vendredi 17 mars 2017\u00a0: <\/strong>\n<ul>\n<li><strong>Le public <\/strong><strong>(<\/strong>notamment des parents d&rsquo;\u00e9l\u00e8ves) est invit\u00e9 \u00e0<strong> une rencontre sur le th\u00e8me \u00ab\u00a0Math\u00e9matiques et vie quotidienne\u00a0\u00bb <\/strong>de 17h \u00e0 19h au <strong>Coll\u00e8ge DILLON 2<\/strong>.<\/li>\n<\/ul>\n<\/li>\n<li><strong>Samedi 18 mars 2017\u00a0:<\/strong>\n<ul>\n<li>Une animation<strong> \u00ab jeux math\u00e9matiques et logiques<\/strong> <strong>\u00bb<\/strong>, organis\u00e9e par l\u2019IREM des Antilles, l&rsquo;Association Promomaths, et le Carbet des Sciences en partenariat avec la Kazajeux, \u00e0 la <strong>GALLERIA<\/strong> de 10h \u00e0 18h30.<\/li>\n<\/ul>\n<\/li>\n<\/ul>\n","protected":false},"excerpt":{"rendered":"<p>&nbsp; Semaine des maths Lundi 13 mars 2017\u00a0: Le grand public est invit\u00e9 \u00e0 la conf\u00e9rence de lancement de la 6\u00e8me \u00e9dition de la semaine des math\u00e9matiques, de 18h \u00e0 19h30 \u00e0 la salle polyvalente de l\u2019ESPE, sur le th\u00e8me \u00ab\u00a0Math\u00e9matiques et Musique\u00a0\u00bb. M. Jo\u00ebl FORTICT, Professeur d\u2019Education musicale \u00e0 l&rsquo;ESPE, nous fera d\u00e9couvrir les [&hellip;]<\/p>\n","protected":false},"author":74,"featured_media":0,"parent":0,"menu_order":0,"comment_status":"closed","ping_status":"closed","template":"","meta":{"footnotes":""},"class_list":["post-1115","page","type-page","status-publish","hentry"],"_links":{"self":[{"href":"https:\/\/site.ac-martinique.fr\/mathematiques\/index.php?rest_route=\/wp\/v2\/pages\/1115","targetHints":{"allow":["GET"]}}],"collection":[{"href":"https:\/\/site.ac-martinique.fr\/mathematiques\/index.php?rest_route=\/wp\/v2\/pages"}],"about":[{"href":"https:\/\/site.ac-martinique.fr\/mathematiques\/index.php?rest_route=\/wp\/v2\/types\/page"}],"author":[{"embeddable":true,"href":"https:\/\/site.ac-martinique.fr\/mathematiques\/index.php?rest_route=\/wp\/v2\/users\/74"}],"replies":[{"embeddable":true,"href":"https:\/\/site.ac-martinique.fr\/mathematiques\/index.php?rest_route=%2Fwp%2Fv2%2Fcomments&post=1115"}],"version-history":[{"count":3,"href":"https:\/\/site.ac-martinique.fr\/mathematiques\/index.php?rest_route=\/wp\/v2\/pages\/1115\/revisions"}],"predecessor-version":[{"id":1274,"href":"https:\/\/site.ac-martinique.fr\/mathematiques\/index.php?rest_route=\/wp\/v2\/pages\/1115\/revisions\/1274"}],"wp:attachment":[{"href":"https:\/\/site.ac-martinique.fr\/mathematiques\/index.php?rest_route=%2Fwp%2Fv2%2Fmedia&parent=1115"}],"curies":[{"name":"wp","href":"https:\/\/api.w.org\/{rel}","templated":true}]}}