{"id":213,"date":"2014-01-11T10:26:27","date_gmt":"2014-01-11T13:26:27","guid":{"rendered":"\/mathematiques\/?page_id=213"},"modified":"2014-01-11T10:26:27","modified_gmt":"2014-01-11T13:26:27","slug":"problemes-complexes","status":"publish","type":"page","link":"https:\/\/site.ac-martinique.fr\/mathematiques\/?page_id=213","title":{"rendered":"Probl\u00e8mes complexes"},"content":{"rendered":"<p>Une formation sur l&rsquo;ensemble de l&rsquo;acad\u00e9mie sur les probl\u00e8mes complexes c&rsquo;est d\u00e9roul\u00e9e et se conclura en mai par une analyse de pratique. Vous trouverez ici les probl\u00e8mes complexes analys\u00e9s et ceux qui ont \u00e9t\u00e9 \u00e9labor\u00e9 par les stagiaires.<\/p>\n","protected":false},"excerpt":{"rendered":"<p>Une formation sur l&rsquo;ensemble de l&rsquo;acad\u00e9mie sur les probl\u00e8mes complexes c&rsquo;est d\u00e9roul\u00e9e et se conclura en mai par une analyse de pratique. Vous trouverez ici les probl\u00e8mes complexes analys\u00e9s et ceux qui ont \u00e9t\u00e9 \u00e9labor\u00e9 par les stagiaires.<\/p>\n","protected":false},"author":74,"featured_media":0,"parent":0,"menu_order":0,"comment_status":"closed","ping_status":"closed","template":"","meta":{"footnotes":""},"class_list":["post-213","page","type-page","status-publish","hentry"],"_links":{"self":[{"href":"https:\/\/site.ac-martinique.fr\/mathematiques\/index.php?rest_route=\/wp\/v2\/pages\/213","targetHints":{"allow":["GET"]}}],"collection":[{"href":"https:\/\/site.ac-martinique.fr\/mathematiques\/index.php?rest_route=\/wp\/v2\/pages"}],"about":[{"href":"https:\/\/site.ac-martinique.fr\/mathematiques\/index.php?rest_route=\/wp\/v2\/types\/page"}],"author":[{"embeddable":true,"href":"https:\/\/site.ac-martinique.fr\/mathematiques\/index.php?rest_route=\/wp\/v2\/users\/74"}],"replies":[{"embeddable":true,"href":"https:\/\/site.ac-martinique.fr\/mathematiques\/index.php?rest_route=%2Fwp%2Fv2%2Fcomments&post=213"}],"version-history":[{"count":1,"href":"https:\/\/site.ac-martinique.fr\/mathematiques\/index.php?rest_route=\/wp\/v2\/pages\/213\/revisions"}],"predecessor-version":[{"id":215,"href":"https:\/\/site.ac-martinique.fr\/mathematiques\/index.php?rest_route=\/wp\/v2\/pages\/213\/revisions\/215"}],"wp:attachment":[{"href":"https:\/\/site.ac-martinique.fr\/mathematiques\/index.php?rest_route=%2Fwp%2Fv2%2Fmedia&parent=213"}],"curies":[{"name":"wp","href":"https:\/\/api.w.org\/{rel}","templated":true}]}}