{"id":33,"date":"2013-12-04T12:26:36","date_gmt":"2013-12-04T15:26:36","guid":{"rendered":"\/mathematiques\/?page_id=33"},"modified":"2019-09-30T11:50:46","modified_gmt":"2019-09-30T14:50:46","slug":"inspection-pedagogique-regionale","status":"publish","type":"page","link":"https:\/\/site.ac-martinique.fr\/mathematiques\/?page_id=33","title":{"rendered":"Inspection P\u00e9dagogique R\u00e9gionale"},"content":{"rendered":"<p><img loading=\"lazy\" decoding=\"async\" class=\"alignnone size-full wp-image-1661\" src=\"\/mathematiques\/wp-content\/uploads\/sites\/18\/2013\/12\/visuel-accompagnement.001.png\" alt=\"\" width=\"850\" height=\"68\" srcset=\"https:\/\/site.ac-martinique.fr\/mathematiques\/wp-content\/uploads\/sites\/18\/2013\/12\/visuel-accompagnement.001.png 850w, https:\/\/site.ac-martinique.fr\/mathematiques\/wp-content\/uploads\/sites\/18\/2013\/12\/visuel-accompagnement.001-300x24.png 300w, https:\/\/site.ac-martinique.fr\/mathematiques\/wp-content\/uploads\/sites\/18\/2013\/12\/visuel-accompagnement.001-768x61.png 768w, https:\/\/site.ac-martinique.fr\/mathematiques\/wp-content\/uploads\/sites\/18\/2013\/12\/visuel-accompagnement.001-600x48.png 600w, https:\/\/site.ac-martinique.fr\/mathematiques\/wp-content\/uploads\/sites\/18\/2013\/12\/visuel-accompagnement.001-730x58.png 730w\" sizes=\"auto, (max-width: 850px) 100vw, 850px\" \/><\/p>\n<p>Dans ce cadre, vous devrez nous envoyer par mail ou mettre \u00e0 notre disposition\u00a0:<\/p>\n<ul>\n<li>un lien vers la version num\u00e9rique du cahier de textes (d\u00e8s connaissance de la date de la visite)\u00a0;<\/li>\n<li>les progressions annuelles pr\u00e9vues (vous pr\u00e9ciserez si ces progressions sont le fruit d\u2019une r\u00e9flexion individuelle ou d\u2019un travail en \u00e9quipe)\u00a0;<\/li>\n<li>les documents utilis\u00e9s dans votre enseignement, notamment sur l\u2019int\u00e9gration des TICE\u00a0;<\/li>\n<li>les \u00e9nonc\u00e9s de toutes les \u00e9valuations (interrogations \u00e9crites, devoirs en classe ou \u00e0 r\u00e9diger en temps libre)\u00a0de la classe visit\u00e9e ;<\/li>\n<li>les relev\u00e9s des notes de vos \u00e9l\u00e8ves.<\/li>\n<\/ul>\n<p>Vous pourrez y joindre, si vous le souhaitez, tout autre document que vous jugerez utile. En particulier, vous pourrez nous faire part des exp\u00e9rimentations et des innovations que vous mettez en \u0153uvre.<\/p>\n<p><a href=\"http:\/\/cache.media.education.gouv.fr\/file\/09_-_septembre\/55\/2\/2017_guide_RV_carriere_enseignants_education_psyEN_V3_804552.pdf\">Le guide du rendez-vous de carri\u00e8re<\/a><\/p>\n<p>Les IA- IPR<\/p>\n<p>&nbsp;<\/p>\n<p>les liens utiles :<\/p>\n<ul>\n<li>Plan VILLANI-TOROSSIAN<span class=\"Apple-converted-space\">\u00a0 :\u00a0<\/span><a href=\"http:\/\/cache.media.education.gouv.fr\/file\/Fevrier\/19\/0\/Rapport_Villani_Torossian_21_mesures_pour_enseignement_des_mathematiques_896190.pdf\">\u00ab 21 mesures pour l\u2019enseignement des math\u00e9matiques \u00bb<\/a>.<span class=\"Apple-converted-space\">\u00a0<\/span><\/li>\n<li><a href=\"\/mathematiques\/?page_id=1340\"><b>Plan \u00ab math\u00e9matiques \u00bb<span class=\"Apple-converted-space\">\u00a0acad\u00e9mique\u00a0<\/span><\/b><\/a><\/li>\n<li>Ajustements aux programmes de cycle 3 et de cycle 4: <a href=\"https:\/\/www.education.gouv.fr\/pid285\/bulletin_officiel.html?cid_bo=132987\">bulletin officiel n\u00b030 du 26 juillet 201<\/a>8<span class=\"Apple-converted-space\">\u00a0<\/span><\/li>\n<li><a href=\"https:\/\/eduscol.education.fr\/pid38211\/attendus-et-reperes.html\">Rep\u00e8res annuels de progression et des attendus de fin d\u2019ann\u00e9e<span class=\"Apple-converted-space\">\u00a0coll\u00e8ge<\/span><\/a><\/li>\n<li>Les nouveaux programmes de <a href=\"https:\/\/eduscol.education.fr\/cid144119\/mathematiques-bac-2021.html\">lyc\u00e9e et des ressources<\/a><span class=\"Apple-converted-space\">\u00a0<\/span><\/li>\n<li>ressources compl\u00e9mentaires en<a href=\"http:\/\/algorithmique-et-programmation-lycee2019.fr\/\"> algorithmique et programmation lyc\u00e9e<\/a>\u00a0:<\/li>\n<\/ul>\n<p><a href=\"\/mathematiques\/?p=1690\"><img loading=\"lazy\" decoding=\"async\" class=\"alignnone wp-image-1692 aligncenter\" src=\"\/mathematiques\/wp-content\/uploads\/sites\/18\/2019\/09\/Le-test-de-positionnement-de-d\u00e9but-de-seconde.png\" alt=\"\" width=\"230\" height=\"54\" srcset=\"https:\/\/site.ac-martinique.fr\/mathematiques\/wp-content\/uploads\/sites\/18\/2019\/09\/Le-test-de-positionnement-de-d\u00e9but-de-seconde.png 725w, https:\/\/site.ac-martinique.fr\/mathematiques\/wp-content\/uploads\/sites\/18\/2019\/09\/Le-test-de-positionnement-de-d\u00e9but-de-seconde-300x70.png 300w, https:\/\/site.ac-martinique.fr\/mathematiques\/wp-content\/uploads\/sites\/18\/2019\/09\/Le-test-de-positionnement-de-d\u00e9but-de-seconde-600x141.png 600w\" sizes=\"auto, (max-width: 230px) 100vw, 230px\" \/><\/a><\/p>\n<p><a href=\"\/mathematiques\/?p=1700\"><img loading=\"lazy\" decoding=\"async\" class=\"alignnone wp-image-1703 aligncenter\" src=\"\/mathematiques\/wp-content\/uploads\/sites\/18\/2019\/09\/evaluations-de-d\u00e9but-de-seconde.png\" alt=\"\" width=\"227\" height=\"55\" srcset=\"https:\/\/site.ac-martinique.fr\/mathematiques\/wp-content\/uploads\/sites\/18\/2019\/09\/evaluations-de-d\u00e9but-de-seconde.png 727w, https:\/\/site.ac-martinique.fr\/mathematiques\/wp-content\/uploads\/sites\/18\/2019\/09\/evaluations-de-d\u00e9but-de-seconde-300x73.png 300w, https:\/\/site.ac-martinique.fr\/mathematiques\/wp-content\/uploads\/sites\/18\/2019\/09\/evaluations-de-d\u00e9but-de-seconde-600x145.png 600w\" sizes=\"auto, (max-width: 227px) 100vw, 227px\" \/><\/a><\/p>\n","protected":false},"excerpt":{"rendered":"<p>Dans ce cadre, vous devrez nous envoyer par mail ou mettre \u00e0 notre disposition\u00a0: un lien vers la version num\u00e9rique du cahier de textes (d\u00e8s connaissance de la date de la visite)\u00a0; les progressions annuelles pr\u00e9vues (vous pr\u00e9ciserez si ces progressions sont le fruit d\u2019une r\u00e9flexion individuelle ou d\u2019un travail en \u00e9quipe)\u00a0; les documents utilis\u00e9s [&hellip;]<\/p>\n","protected":false},"author":74,"featured_media":0,"parent":0,"menu_order":0,"comment_status":"closed","ping_status":"closed","template":"","meta":{"footnotes":""},"class_list":["post-33","page","type-page","status-publish","hentry"],"_links":{"self":[{"href":"https:\/\/site.ac-martinique.fr\/mathematiques\/index.php?rest_route=\/wp\/v2\/pages\/33","targetHints":{"allow":["GET"]}}],"collection":[{"href":"https:\/\/site.ac-martinique.fr\/mathematiques\/index.php?rest_route=\/wp\/v2\/pages"}],"about":[{"href":"https:\/\/site.ac-martinique.fr\/mathematiques\/index.php?rest_route=\/wp\/v2\/types\/page"}],"author":[{"embeddable":true,"href":"https:\/\/site.ac-martinique.fr\/mathematiques\/index.php?rest_route=\/wp\/v2\/users\/74"}],"replies":[{"embeddable":true,"href":"https:\/\/site.ac-martinique.fr\/mathematiques\/index.php?rest_route=%2Fwp%2Fv2%2Fcomments&post=33"}],"version-history":[{"count":23,"href":"https:\/\/site.ac-martinique.fr\/mathematiques\/index.php?rest_route=\/wp\/v2\/pages\/33\/revisions"}],"predecessor-version":[{"id":1714,"href":"https:\/\/site.ac-martinique.fr\/mathematiques\/index.php?rest_route=\/wp\/v2\/pages\/33\/revisions\/1714"}],"wp:attachment":[{"href":"https:\/\/site.ac-martinique.fr\/mathematiques\/index.php?rest_route=%2Fwp%2Fv2%2Fmedia&parent=33"}],"curies":[{"name":"wp","href":"https:\/\/api.w.org\/{rel}","templated":true}]}}