{"id":441,"date":"2014-02-24T20:06:29","date_gmt":"2014-02-24T23:06:29","guid":{"rendered":"\/mathematiques\/?page_id=441"},"modified":"2018-06-19T22:29:43","modified_gmt":"2018-06-20T01:29:43","slug":"autres-prise-en-main","status":"publish","type":"page","link":"https:\/\/site.ac-martinique.fr\/mathematiques\/?page_id=441","title":{"rendered":"Autres prises en main"},"content":{"rendered":"<p>Vous trouverez ici des didacticiels vous permettant de d\u00e9buter sur diff\u00e9rents supports :<\/p>\n<ul>\n<li>R\u00e9aliser l&rsquo;algorithmes d&rsquo;Euclide (vid\u00e9os) : avec <a href=\"https:\/\/youtu.be\/3oT4wnqQ1cU\" target=\"_blank\" rel=\"noopener noreferrer\">Excel<\/a>, avec <a href=\"https:\/\/youtu.be\/RxNO5fbykpM\" target=\"_blank\" rel=\"noopener noreferrer\">OpenOfficeCalc<\/a>\u00a0(M. Gar\u00e7on)<\/li>\n<li>Cr\u00e9ation d&rsquo;une <a href=\"\/mathematiques\/wp-content\/uploads\/sites\/18\/2014\/02\/Labomep_cr\u00e9ation-dune-s\u00e9ance.mp4\" target=\"_blank\" rel=\"noopener noreferrer\">s\u00e9ance avec Labomep<\/a><\/li>\n<li>Prise en main de <a href=\"\/mathematiques\/wp-content\/uploads\/sites\/18\/2014\/02\/Primaths_Prise-en-main.mp4\" target=\"_blank\" rel=\"noopener noreferrer\">PriMaths\u00a0<\/a><\/li>\n<li>Introduction au <a href=\"\/mathematiques\/wp-content\/uploads\/sites\/18\/2014\/06\/IntroPython.pdf\" target=\"_blank\" rel=\"noopener noreferrer\">langage Python<\/a>\u00a0(V. Tolleron)<\/li>\n<\/ul>\n","protected":false},"excerpt":{"rendered":"<p>Vous trouverez ici des didacticiels vous permettant de d\u00e9buter sur diff\u00e9rents supports : R\u00e9aliser l&rsquo;algorithmes d&rsquo;Euclide (vid\u00e9os) : avec Excel, avec OpenOfficeCalc\u00a0(M. Gar\u00e7on) Cr\u00e9ation d&rsquo;une s\u00e9ance avec Labomep Prise en main de PriMaths\u00a0 Introduction au langage Python\u00a0(V. Tolleron)<\/p>\n","protected":false},"author":74,"featured_media":0,"parent":0,"menu_order":0,"comment_status":"closed","ping_status":"closed","template":"","meta":{"footnotes":""},"class_list":["post-441","page","type-page","status-publish","hentry"],"_links":{"self":[{"href":"https:\/\/site.ac-martinique.fr\/mathematiques\/index.php?rest_route=\/wp\/v2\/pages\/441","targetHints":{"allow":["GET"]}}],"collection":[{"href":"https:\/\/site.ac-martinique.fr\/mathematiques\/index.php?rest_route=\/wp\/v2\/pages"}],"about":[{"href":"https:\/\/site.ac-martinique.fr\/mathematiques\/index.php?rest_route=\/wp\/v2\/types\/page"}],"author":[{"embeddable":true,"href":"https:\/\/site.ac-martinique.fr\/mathematiques\/index.php?rest_route=\/wp\/v2\/users\/74"}],"replies":[{"embeddable":true,"href":"https:\/\/site.ac-martinique.fr\/mathematiques\/index.php?rest_route=%2Fwp%2Fv2%2Fcomments&post=441"}],"version-history":[{"count":10,"href":"https:\/\/site.ac-martinique.fr\/mathematiques\/index.php?rest_route=\/wp\/v2\/pages\/441\/revisions"}],"predecessor-version":[{"id":1327,"href":"https:\/\/site.ac-martinique.fr\/mathematiques\/index.php?rest_route=\/wp\/v2\/pages\/441\/revisions\/1327"}],"wp:attachment":[{"href":"https:\/\/site.ac-martinique.fr\/mathematiques\/index.php?rest_route=%2Fwp%2Fv2%2Fmedia&parent=441"}],"curies":[{"name":"wp","href":"https:\/\/api.w.org\/{rel}","templated":true}]}}