{"id":564,"date":"2014-05-29T17:48:22","date_gmt":"2014-05-29T20:48:22","guid":{"rendered":"\/mathematiques\/?page_id=564"},"modified":"2014-05-30T19:45:46","modified_gmt":"2014-05-30T22:45:46","slug":"epreuve-pratique-2nd","status":"publish","type":"page","link":"https:\/\/site.ac-martinique.fr\/mathematiques\/?page_id=564","title":{"rendered":"\u00c9preuves pratiques 2nd"},"content":{"rendered":"<p>Chacune des 13 \u00e9preuves se compose d&rsquo;une fiche enseignant et d&rsquo;une fiche \u00e9l\u00e8ve, format <em><span style=\"text-decoration: underline;\">pdf<\/span><\/em>\u00a0<img loading=\"lazy\" decoding=\"async\" class=\" wp-image-611 alignnone\" alt=\"pdf\" src=\"\/mathematiques\/wp-content\/uploads\/sites\/18\/2014\/05\/pdf.png\" width=\"29\" height=\"29\" \/><br \/>\nLes fichiers issus de <span style=\"text-decoration: underline;\"><em>G\u00e9ospace<\/em><\/span> <a href=\"\/mathematiques\/wp-content\/uploads\/sites\/18\/2014\/05\/Geoplan-Geospace.jpg\"><img loading=\"lazy\" decoding=\"async\" class=\"alignnone  wp-image-634\" alt=\"Geoplan-Geospace\" src=\"\/mathematiques\/wp-content\/uploads\/sites\/18\/2014\/05\/Geoplan-Geospace.jpg\" width=\"30\" height=\"30\" \/><\/a>\u00a0doivent \u00eatre renomm\u00e9s avec l&rsquo;extension \u00ab\u00a0g3w\u00a0\u00bb en remplacement de \u00ab\u00a0zip\u00a0\u00bb<\/p>\n<div title=\"Page 1\">\n<ul>\n<li>Ensemble de milieux dans un cercle \u00a0: \u00a0<strong> <a href=\"\/mathematiques\/wp-content\/uploads\/sites\/18\/2014\/05\/S01_Fiche_prof.pdf\" target=\"_blank\">prof<\/a> \u00a0 &#8211; \u00a0 <a href=\"\/mathematiques\/wp-content\/uploads\/sites\/18\/2014\/05\/S01_milieux_et_cercles.pdf\" target=\"_blank\">\u00e9l\u00e8ve<\/a><\/strong><\/li>\n<li>Comparaison de volumes de pyramides\u00a0\u00a0: \u00a0<strong> <a href=\"\/mathematiques\/wp-content\/uploads\/sites\/18\/2014\/05\/S02_Fiche_prof.pdf\" target=\"_blank\">prof<\/a> \u00a0 &#8211; \u00a0 <a href=\"\/mathematiques\/wp-content\/uploads\/sites\/18\/2014\/05\/S02_Comparaison_de_volumes1.pdf\" target=\"_blank\">\u00e9l\u00e8ve<\/a>\u00a0 &#8211; \u00a0<a href=\"\/mathematiques\/wp-content\/uploads\/sites\/18\/2014\/05\/pavedroit.zip\">g3w<\/a><\/strong><\/li>\n<li>L\u2019enclos \u00e0 poules\u00a0\u00a0: \u00a0 <strong><a href=\"\/mathematiques\/wp-content\/uploads\/sites\/18\/2014\/05\/S03_Fiche_prof.pdf\" target=\"_blank\">prof<\/a> \u00a0 &#8211; \u00a0 <a href=\"\/mathematiques\/wp-content\/uploads\/sites\/18\/2014\/05\/S03_EnclosPoules.pdf\" target=\"_blank\">\u00e9l\u00e8ve<\/a><\/strong><\/li>\n<li>Une propri\u00e9t\u00e9 de la parabole\u00a0\u00a0: \u00a0 <strong><a href=\"\/mathematiques\/wp-content\/uploads\/sites\/18\/2014\/05\/S04_Fiche_prof.pdf\" target=\"_blank\">prof<\/a> \u00a0 &#8211; \u00a0 <a href=\"\/mathematiques\/wp-content\/uploads\/sites\/18\/2014\/05\/S04_Une_Pte_parabole.pdf\" target=\"_blank\">\u00e9l\u00e8ve<\/a><\/strong><\/li>\n<li>\u00c9tude d\u2019un ensemble de points mobiles\u00a0\u00a0: \u00a0 <strong><a href=\"\/mathematiques\/wp-content\/uploads\/sites\/18\/2014\/05\/S05_Fiche_prof.pdf\" target=\"_blank\">prof<\/a> \u00a0 &#8211; \u00a0 <a href=\"\/mathematiques\/wp-content\/uploads\/sites\/18\/2014\/05\/S05_Etude_pt_mobile.pdf\" target=\"_blank\">\u00e9l\u00e8ve<\/a><\/strong><\/li>\n<li>Aire d\u2019un polygone\u00a0\u00a0: \u00a0 <strong><a href=\"\/mathematiques\/wp-content\/uploads\/sites\/18\/2014\/05\/S06_Fiche_prof.pdf\" target=\"_blank\">prof<\/a> \u00a0 &#8211; \u00a0 <a href=\"\/mathematiques\/wp-content\/uploads\/sites\/18\/2014\/05\/S06_Aire_polygone.pdf\" target=\"_blank\">\u00e9l\u00e8ve<\/a><\/strong><\/li>\n<li>Aire d\u2019un polygone bis\u00a0\u00a0: \u00a0<strong> <a href=\"\/mathematiques\/wp-content\/uploads\/sites\/18\/2014\/05\/S07_Fiche_prof.pdf\" target=\"_blank\">prof<\/a> \u00a0 &#8211; \u00a0 <a href=\"\/mathematiques\/wp-content\/uploads\/sites\/18\/2014\/05\/S07_Aire_polygone_bis.pdf\" target=\"_blank\">\u00e9l\u00e8ve<\/a><\/strong><\/li>\n<li>Lancer de deux d\u00e9s\u00a0\u00a0: \u00a0 <strong><a href=\"\/mathematiques\/wp-content\/uploads\/sites\/18\/2014\/05\/S08_Fiche_prof.pdf\" target=\"_blank\">prof<\/a> \u00a0 &#8211; \u00a0 <a href=\"\/mathematiques\/wp-content\/uploads\/sites\/18\/2014\/05\/S08_Lancer_deux_d\u00e9s.pdf\" target=\"_blank\">\u00e9l\u00e8ve<\/a><\/strong><\/li>\n<li>Monopoly\u00a0\u00a0: \u00a0 <strong><a href=\"\/mathematiques\/wp-content\/uploads\/sites\/18\/2014\/05\/S09_Fiche_prof.pdf\" target=\"_blank\">prof<\/a> \u00a0 &#8211; \u00a0 <a href=\"\/mathematiques\/wp-content\/uploads\/sites\/18\/2014\/05\/S09_Monopoly.pdf\" target=\"_blank\">\u00e9l\u00e8ve<\/a><\/strong><\/li>\n<li>Le Diabolo\u00a0\u00a0: \u00a0 <strong><a href=\"\/mathematiques\/wp-content\/uploads\/sites\/18\/2014\/05\/S10_Fiche_prof.pdf\" target=\"_blank\">prof<\/a> \u00a0 &#8211; \u00a0 <a href=\"\/mathematiques\/wp-content\/uploads\/sites\/18\/2014\/05\/S10_Diabolo.pdf\" target=\"_blank\">\u00e9l\u00e8ve\u00a0<\/a>\u00a0 &#8211; \u00a0<a href=\"\/mathematiques\/wp-content\/uploads\/sites\/18\/2014\/05\/diabolo.zip\"><strong>g3w<\/strong><\/a><strong><\/strong><\/strong><\/li>\n<li>Le Diabolo bis\u00a0\u00a0: \u00a0 <strong><a href=\"\/mathematiques\/wp-content\/uploads\/sites\/18\/2014\/05\/S11_Fiche_prof.pdf\" target=\"_blank\">prof<\/a> \u00a0 &#8211; \u00a0 <a href=\"\/mathematiques\/wp-content\/uploads\/sites\/18\/2014\/05\/S11_Diabolo_bis.pdf\" target=\"_blank\">\u00e9l\u00e8ve<\/a>\u00a0 &#8211; \u00a0<strong><a href=\"\/mathematiques\/wp-content\/uploads\/sites\/18\/2014\/05\/diabolo.zip\"><strong>g3w<\/strong><\/a><\/strong><\/strong><\/li>\n<li>Optimisation dans un rectangle\u00a0\u00a0: \u00a0<strong> <a href=\"\/mathematiques\/wp-content\/uploads\/sites\/18\/2014\/05\/S12_Fiche_prof.pdf\" target=\"_blank\">prof<\/a> \u00a0 &#8211; \u00a0 <a href=\"\/mathematiques\/wp-content\/uploads\/sites\/18\/2014\/05\/S12_OptiRectangle.pdf\" target=\"_blank\">\u00e9l\u00e8ve<\/a><\/strong><\/li>\n<li>Ensemble des sommets d\u2019une famille de paraboles\u00a0\u00a0: \u00a0 <strong><a href=\"\/mathematiques\/wp-content\/uploads\/sites\/18\/2014\/05\/S13_Fiche_prof.pdf\" target=\"_blank\">prof<\/a> \u00a0 &#8211; \u00a0 <a href=\"\/mathematiques\/wp-content\/uploads\/sites\/18\/2014\/05\/S13_Sommets_parabole.pdf\" target=\"_blank\">\u00e9l\u00e8ve<\/a><\/strong><\/li>\n<\/ul>\n<\/div>\n<p>&nbsp;<\/p>\n","protected":false},"excerpt":{"rendered":"<p>Chacune des 13 \u00e9preuves se compose d&rsquo;une fiche enseignant et d&rsquo;une fiche \u00e9l\u00e8ve, format pdf\u00a0 Les fichiers issus de G\u00e9ospace \u00a0doivent \u00eatre renomm\u00e9s avec l&rsquo;extension \u00ab\u00a0g3w\u00a0\u00bb en remplacement de \u00ab\u00a0zip\u00a0\u00bb Ensemble de milieux dans un cercle \u00a0: \u00a0 prof \u00a0 &#8211; \u00a0 \u00e9l\u00e8ve Comparaison de volumes de pyramides\u00a0\u00a0: \u00a0 prof \u00a0 &#8211; \u00a0 \u00e9l\u00e8ve\u00a0 &#8211; [&hellip;]<\/p>\n","protected":false},"author":74,"featured_media":0,"parent":0,"menu_order":0,"comment_status":"closed","ping_status":"closed","template":"","meta":{"footnotes":""},"class_list":["post-564","page","type-page","status-publish","hentry"],"_links":{"self":[{"href":"https:\/\/site.ac-martinique.fr\/mathematiques\/index.php?rest_route=\/wp\/v2\/pages\/564","targetHints":{"allow":["GET"]}}],"collection":[{"href":"https:\/\/site.ac-martinique.fr\/mathematiques\/index.php?rest_route=\/wp\/v2\/pages"}],"about":[{"href":"https:\/\/site.ac-martinique.fr\/mathematiques\/index.php?rest_route=\/wp\/v2\/types\/page"}],"author":[{"embeddable":true,"href":"https:\/\/site.ac-martinique.fr\/mathematiques\/index.php?rest_route=\/wp\/v2\/users\/74"}],"replies":[{"embeddable":true,"href":"https:\/\/site.ac-martinique.fr\/mathematiques\/index.php?rest_route=%2Fwp%2Fv2%2Fcomments&post=564"}],"version-history":[{"count":24,"href":"https:\/\/site.ac-martinique.fr\/mathematiques\/index.php?rest_route=\/wp\/v2\/pages\/564\/revisions"}],"predecessor-version":[{"id":637,"href":"https:\/\/site.ac-martinique.fr\/mathematiques\/index.php?rest_route=\/wp\/v2\/pages\/564\/revisions\/637"}],"wp:attachment":[{"href":"https:\/\/site.ac-martinique.fr\/mathematiques\/index.php?rest_route=%2Fwp%2Fv2%2Fmedia&parent=564"}],"curies":[{"name":"wp","href":"https:\/\/api.w.org\/{rel}","templated":true}]}}