{"id":1084,"date":"2018-05-27T13:47:24","date_gmt":"2018-05-27T17:47:24","guid":{"rendered":"\/maths-sciences\/?page_id=1084"},"modified":"2021-09-16T11:59:08","modified_gmt":"2021-09-16T15:59:08","slug":"contact","status":"publish","type":"page","link":"https:\/\/site.ac-martinique.fr\/maths-sciences\/?page_id=1084","title":{"rendered":"Contact"},"content":{"rendered":"<p>Une question \u00e0 poser, une difficult\u00e9 pour acc\u00e9der \u00e0 l&rsquo;Esco sur Tribu ou autre ? Contactez le r\u00e9dacteur web :<\/p>\n<p><a href=\"mailto:julien.arrous@ac-martinique.fr?subject=HTML link\">Cliquez ici pour envoyer un e-mail<\/a><\/p>\n","protected":false},"excerpt":{"rendered":"<p>Une question \u00e0 poser, une difficult\u00e9 pour acc\u00e9der \u00e0 l&rsquo;Esco sur Tribu ou autre ? Contactez le r\u00e9dacteur web : Cliquez ici pour envoyer un e-mail<\/p>\n","protected":false},"author":75,"featured_media":0,"parent":0,"menu_order":7,"comment_status":"closed","ping_status":"closed","template":"","meta":{"footnotes":""},"class_list":["post-1084","page","type-page","status-publish","hentry"],"_links":{"self":[{"href":"https:\/\/site.ac-martinique.fr\/maths-sciences\/index.php?rest_route=\/wp\/v2\/pages\/1084","targetHints":{"allow":["GET"]}}],"collection":[{"href":"https:\/\/site.ac-martinique.fr\/maths-sciences\/index.php?rest_route=\/wp\/v2\/pages"}],"about":[{"href":"https:\/\/site.ac-martinique.fr\/maths-sciences\/index.php?rest_route=\/wp\/v2\/types\/page"}],"author":[{"embeddable":true,"href":"https:\/\/site.ac-martinique.fr\/maths-sciences\/index.php?rest_route=\/wp\/v2\/users\/75"}],"replies":[{"embeddable":true,"href":"https:\/\/site.ac-martinique.fr\/maths-sciences\/index.php?rest_route=%2Fwp%2Fv2%2Fcomments&post=1084"}],"version-history":[{"count":4,"href":"https:\/\/site.ac-martinique.fr\/maths-sciences\/index.php?rest_route=\/wp\/v2\/pages\/1084\/revisions"}],"predecessor-version":[{"id":1695,"href":"https:\/\/site.ac-martinique.fr\/maths-sciences\/index.php?rest_route=\/wp\/v2\/pages\/1084\/revisions\/1695"}],"wp:attachment":[{"href":"https:\/\/site.ac-martinique.fr\/maths-sciences\/index.php?rest_route=%2Fwp%2Fv2%2Fmedia&parent=1084"}],"curies":[{"name":"wp","href":"https:\/\/api.w.org\/{rel}","templated":true}]}}