{"id":318,"date":"2013-08-28T20:21:16","date_gmt":"2013-08-29T00:21:16","guid":{"rendered":"\/maths-sciences\/?page_id=318"},"modified":"2023-06-28T17:18:29","modified_gmt":"2023-06-28T21:18:29","slug":"ressources-pedagogiques-3","status":"publish","type":"page","link":"https:\/\/site.ac-martinique.fr\/maths-sciences\/?page_id=318","title":{"rendered":"Ressources P\u00e9dagogiques"},"content":{"rendered":"\n<p>Trouvez nos ressources en rejoignant l&rsquo;ESCO sur Tribu :<\/p>\n\n\n<div class=\"wp-block-image\">\n<figure class=\"aligncenter\"><a href=\"https:\/\/tribu.phm.education.gouv.fr\/portal\/auth\" target=\"_blank\" rel=\"noopener\"><img loading=\"lazy\" decoding=\"async\" width=\"387\" height=\"43\" src=\"\/maths-sciences\/wp-content\/uploads\/sites\/19\/2013\/08\/tribu2.gif\" alt=\"\" class=\"wp-image-1180\"\/><\/a><\/figure>\n<\/div>\n\n\n<p>Si vous n&rsquo;\u00eates pas inscrit, contactez le r\u00e9dacteur web.<\/p>\n\n\n\n<p>L&rsquo;identifiant et le mot de passe acad\u00e9miques sont n\u00e9cessaires pour se connecter.<\/p>\n\n\n\n<p><\/p>\n\n\n\n<div style=\"height:30px\" aria-hidden=\"true\" class=\"wp-block-spacer\"><\/div>\n\n\n\n<h2 class=\"wp-block-heading\"><strong>Tutoriels pour calculatrices<\/strong><\/h2>\n\n\n\n<p>Les documents ci-dessous pr\u00e9sentent les manipulations \u00e0 effectuer sur la Casio Graph 35, la TI 83 Pr\u00e9mium et la Numworks relativement aux statistiques \u00e0 une ou deux variables, les suites arithm\u00e9tiques, les fonctions (tableau de valeurs et trac\u00e9)<\/p>\n\n\n\n<p><a href=\"https:\/\/site.ac-martinique.fr\/maths-sciences\/wp-content\/uploads\/sites\/19\/2021\/04\/TUTORIEL-stats-2-var.pdf\" target=\"_blank\" rel=\"noreferrer noopener\">TUTORIEL stats 2 var<\/a><\/p>\n\n\n\n<p><a href=\"https:\/\/site.ac-martinique.fr\/maths-sciences\/wp-content\/uploads\/sites\/19\/2021\/04\/TUTORIEL-stats1var.pdf\" target=\"_blank\" rel=\"noreferrer noopener\">TUTORIEL stats1var<\/a><\/p>\n\n\n\n<p><a href=\"https:\/\/site.ac-martinique.fr\/maths-sciences\/?p=1391\" target=\"_blank\" rel=\"noreferrer noopener\">TUTORIEL suite arithm\u00e9tique<\/a><\/p>\n\n\n\n<p><a href=\"https:\/\/site.ac-martinique.fr\/maths-sciences\/wp-content\/uploads\/sites\/19\/2021\/04\/TUTORIEL-tableau-de-valeurs.pdf\" target=\"_blank\" rel=\"noreferrer noopener\">TUTORIEL tableau de valeurs<\/a><\/p>\n\n\n\n<p><a rel=\"noreferrer noopener\" href=\"https:\/\/site.ac-martinique.fr\/maths-sciences\/wp-content\/uploads\/sites\/19\/2021\/04\/TUTORIEL-tracer-une-courbe.pdf\" target=\"_blank\">TUTORIEL tracer une courbe<\/a><\/p>\n\n\n\n<p><\/p>\n\n\n\n<div style=\"height:30px\" aria-hidden=\"true\" class=\"wp-block-spacer\"><\/div>\n\n\n\n<p><\/p>\n","protected":false},"excerpt":{"rendered":"<p>Trouvez nos ressources en rejoignant l&rsquo;ESCO sur Tribu : Si vous n&rsquo;\u00eates pas inscrit, contactez le r\u00e9dacteur web. L&rsquo;identifiant et le mot de passe acad\u00e9miques sont n\u00e9cessaires pour se connecter. Tutoriels pour calculatrices Les documents ci-dessous pr\u00e9sentent les manipulations \u00e0 effectuer sur la Casio Graph 35, la TI 83 Pr\u00e9mium et la Numworks relativement aux &hellip; <a href=\"https:\/\/site.ac-martinique.fr\/maths-sciences\/?page_id=318\" class=\"more-link\">Continuer la lecture de <span class=\"screen-reader-text\">Ressources P\u00e9dagogiques<\/span> <span class=\"meta-nav\">&rarr;<\/span><\/a><\/p>\n","protected":false},"author":75,"featured_media":0,"parent":0,"menu_order":6,"comment_status":"closed","ping_status":"closed","template":"","meta":{"footnotes":""},"class_list":["post-318","page","type-page","status-publish","hentry"],"_links":{"self":[{"href":"https:\/\/site.ac-martinique.fr\/maths-sciences\/index.php?rest_route=\/wp\/v2\/pages\/318","targetHints":{"allow":["GET"]}}],"collection":[{"href":"https:\/\/site.ac-martinique.fr\/maths-sciences\/index.php?rest_route=\/wp\/v2\/pages"}],"about":[{"href":"https:\/\/site.ac-martinique.fr\/maths-sciences\/index.php?rest_route=\/wp\/v2\/types\/page"}],"author":[{"embeddable":true,"href":"https:\/\/site.ac-martinique.fr\/maths-sciences\/index.php?rest_route=\/wp\/v2\/users\/75"}],"replies":[{"embeddable":true,"href":"https:\/\/site.ac-martinique.fr\/maths-sciences\/index.php?rest_route=%2Fwp%2Fv2%2Fcomments&post=318"}],"version-history":[{"count":17,"href":"https:\/\/site.ac-martinique.fr\/maths-sciences\/index.php?rest_route=\/wp\/v2\/pages\/318\/revisions"}],"predecessor-version":[{"id":1945,"href":"https:\/\/site.ac-martinique.fr\/maths-sciences\/index.php?rest_route=\/wp\/v2\/pages\/318\/revisions\/1945"}],"wp:attachment":[{"href":"https:\/\/site.ac-martinique.fr\/maths-sciences\/index.php?rest_route=%2Fwp%2Fv2%2Fmedia&parent=318"}],"curies":[{"name":"wp","href":"https:\/\/api.w.org\/{rel}","templated":true}]}}