{"id":361,"date":"2013-08-28T22:20:01","date_gmt":"2013-08-28T22:20:01","guid":{"rendered":"\/maths-sciences\/?page_id=361"},"modified":"2025-10-02T12:55:35","modified_gmt":"2025-10-02T16:55:35","slug":"liens","status":"publish","type":"page","link":"https:\/\/site.ac-martinique.fr\/maths-sciences\/?page_id=361","title":{"rendered":"Liens"},"content":{"rendered":"<ul>\n<li>L&rsquo;Esco :\u00a0<a href=\"https:\/\/tribu.phm.education.gouv.fr\/portal\/auth\/pagemarker\/63\/cms\/default-domain\/workspaces\/esco-maths-sciences-matinik?scope=__nocache&amp;addToBreadcrumb=0&amp;displayLiveVersion=1&amp;pagePath=%252Ffoad%252Fhome-member&amp;pageParams=\" target=\"_blank\" rel=\"noopener\"><img loading=\"lazy\" decoding=\"async\" class=\"aligncenter size-full wp-image-1180\" src=\"\/maths-sciences\/wp-content\/uploads\/sites\/19\/2013\/08\/tribu2.gif\" alt=\"\" width=\"387\" height=\"43\" \/><\/a>Pour rappel, il suffit des identifiants acad\u00e9miques.<\/li>\n<\/ul>\n<p>Tribu est accessible via PIA :<\/p>\n<p style=\"text-align: center;\"><a href=\"https:\/\/portail.ac-martinique.fr\/eportail\/\" target=\"_blank\" rel=\"noopener\"><img loading=\"lazy\" decoding=\"async\" class=\"alignnone wp-image-1679 size-medium\" src=\"https:\/\/site.ac-martinique.fr\/maths-sciences\/wp-content\/uploads\/sites\/19\/2021\/09\/pia-300x32.jpg\" alt=\"\" width=\"300\" height=\"32\" srcset=\"https:\/\/site.ac-martinique.fr\/maths-sciences\/wp-content\/uploads\/sites\/19\/2021\/09\/pia-300x32.jpg 300w, https:\/\/site.ac-martinique.fr\/maths-sciences\/wp-content\/uploads\/sites\/19\/2021\/09\/pia.jpg 558w\" sizes=\"auto, (max-width: 300px) 100vw, 300px\" \/><\/a><\/p>\n<ul>\n<li>Sites acad\u00e9miques de Maths-sciences : <a title=\"Afficher\" href=\"http:\/\/eduscol.education.fr\/maths\/animation\/acces-aux-sites\/sites-academiques-mathsciences\" target=\"_blank\" rel=\"noopener\">Afficher<\/a><\/li>\n<\/ul>\n<ul>\n<li><a href=\"https:\/\/eduscol.education.fr\/\"><img loading=\"lazy\" decoding=\"async\" class=\"aligncenter wp-image-1685 size-full\" src=\"https:\/\/site.ac-martinique.fr\/maths-sciences\/wp-content\/uploads\/sites\/19\/2021\/09\/eduscol.png\" alt=\"\" width=\"246\" height=\"72\" \/><\/a><\/li>\n<\/ul>\n<ul>\n<li>\u00c9dubase :\u00a0<a href=\"https:\/\/edubase.eduscol.education.fr\/\" target=\"_blank\" rel=\"noopener\"><img loading=\"lazy\" decoding=\"async\" class=\"aligncenter size-full wp-image-1182\" src=\"\/maths-sciences\/wp-content\/uploads\/sites\/19\/2013\/08\/edubase.gif\" alt=\"\" width=\"116\" height=\"50\" \/><\/a><\/li>\n<\/ul>\n\n","protected":false},"excerpt":{"rendered":"<p>L&rsquo;Esco :\u00a0Pour rappel, il suffit des identifiants acad\u00e9miques. Tribu est accessible via PIA : Sites acad\u00e9miques de Maths-sciences : Afficher \u00c9dubase :\u00a0<\/p>\n","protected":false},"author":75,"featured_media":0,"parent":0,"menu_order":0,"comment_status":"closed","ping_status":"closed","template":"","meta":{"footnotes":""},"class_list":["post-361","page","type-page","status-publish","hentry"],"_links":{"self":[{"href":"https:\/\/site.ac-martinique.fr\/maths-sciences\/index.php?rest_route=\/wp\/v2\/pages\/361","targetHints":{"allow":["GET"]}}],"collection":[{"href":"https:\/\/site.ac-martinique.fr\/maths-sciences\/index.php?rest_route=\/wp\/v2\/pages"}],"about":[{"href":"https:\/\/site.ac-martinique.fr\/maths-sciences\/index.php?rest_route=\/wp\/v2\/types\/page"}],"author":[{"embeddable":true,"href":"https:\/\/site.ac-martinique.fr\/maths-sciences\/index.php?rest_route=\/wp\/v2\/users\/75"}],"replies":[{"embeddable":true,"href":"https:\/\/site.ac-martinique.fr\/maths-sciences\/index.php?rest_route=%2Fwp%2Fv2%2Fcomments&post=361"}],"version-history":[{"count":30,"href":"https:\/\/site.ac-martinique.fr\/maths-sciences\/index.php?rest_route=\/wp\/v2\/pages\/361\/revisions"}],"predecessor-version":[{"id":2271,"href":"https:\/\/site.ac-martinique.fr\/maths-sciences\/index.php?rest_route=\/wp\/v2\/pages\/361\/revisions\/2271"}],"wp:attachment":[{"href":"https:\/\/site.ac-martinique.fr\/maths-sciences\/index.php?rest_route=%2Fwp%2Fv2%2Fmedia&parent=361"}],"curies":[{"name":"wp","href":"https:\/\/api.w.org\/{rel}","templated":true}]}}