{"id":172,"date":"2022-01-09T19:17:07","date_gmt":"2022-01-09T23:17:07","guid":{"rendered":"https:\/\/site.ac-martinique.fr\/mdl\/?page_id=172"},"modified":"2023-01-03T14:20:02","modified_gmt":"2023-01-03T18:20:02","slug":"sinformer","status":"publish","type":"page","link":"https:\/\/site.ac-martinique.fr\/mdl\/?page_id=172","title":{"rendered":"Ressources institutionnelles"},"content":{"rendered":"\n<p><strong>Guide \u00ab\u00a0Pour enseigner la lecture et l\u2019\u00e9criture au CP\u00a0\u00bb<\/strong><\/p>\n\n\n\n<p>\u00ab\u00a0Pour enseigner la lecture et l\u2019\u00e9criture au CP\u00a0\u00bb est un guide fond\u00e9 sur l\u2019\u00e9tat de la recherche destin\u00e9 \u00e0 accompagner les enseignants de CP.<\/p>\n\n\n\n<p>Lors d\u2019une conf\u00e9rence de presse du 5 d\u00e9cembre 2017, le ministre de l\u2019\u00c9ducation nationale a annonc\u00e9 la mise \u00e0 disposition d\u2019un \u00ab&nbsp;\u00e9tat des lieux de la recherche&nbsp;\u00bb pour permettre d\u2019appuyer l\u2019enseignement de la lecture et de l\u2019\u00e9criture sur les r\u00e9sultats scientifiques les plus r\u00e9cents.<\/p>\n\n\n\n<p>Appuy\u00e9 \u00e0 la fois sur l\u2019\u00e9tat des connaissances issues de la recherche et les m\u00e9thodes, pratiques et gestes professionnels reconnus, cet outil p\u00e9dagogique destin\u00e9 aux enseignants pr\u00e9cise comment les apprentissages doivent \u00eatre conduits au cours pr\u00e9paratoire pour assurer la ma\u00eetrise des fondamentaux lire et \u00e9crire par tous les \u00e9l\u00e8ves.<br>Ce document a fait l\u2019objet d\u2019une relecture critique de plusieurs membres du Conseil scientifique de l\u2019\u00c9ducation nationale.<\/p>\n\n\n\n<p>Retrouvez ce guide en suivant le lien ci-dessous<\/p>\n\n\n\n<p>Voir en ligne :&nbsp;<a href=\"https:\/\/cache.media.eduscol.education.fr\/file\/Cycle_2\/17\/3\/Lecture-ecriture_2019_CP_web_1173173.pdf\" target=\"_blank\" rel=\"noreferrer noopener\">Le guide \u00ab\u00a0Pour enseigner la lecture et l\u2019\u00e9criture au CP\u00a0\u00bb<\/a><\/p>\n","protected":false},"excerpt":{"rendered":"<p>Guide \u00ab\u00a0Pour enseigner la lecture et l\u2019\u00e9criture au CP\u00a0\u00bb \u00ab\u00a0Pour enseigner la lecture et l\u2019\u00e9criture au CP\u00a0\u00bb est un guide fond\u00e9 sur l\u2019\u00e9tat de la recherche destin\u00e9 \u00e0 accompagner les enseignants de CP. Lors d\u2019une conf\u00e9rence de presse du 5 &hellip; <a href=\"https:\/\/site.ac-martinique.fr\/mdl\/?page_id=172\">Continuer la lecture <span class=\"meta-nav\">&rarr;<\/span><\/a><\/p>\n","protected":false},"author":244,"featured_media":0,"parent":0,"menu_order":0,"comment_status":"closed","ping_status":"closed","template":"","meta":{"footnotes":""},"class_list":["post-172","page","type-page","status-publish","hentry"],"_links":{"self":[{"href":"https:\/\/site.ac-martinique.fr\/mdl\/index.php?rest_route=\/wp\/v2\/pages\/172","targetHints":{"allow":["GET"]}}],"collection":[{"href":"https:\/\/site.ac-martinique.fr\/mdl\/index.php?rest_route=\/wp\/v2\/pages"}],"about":[{"href":"https:\/\/site.ac-martinique.fr\/mdl\/index.php?rest_route=\/wp\/v2\/types\/page"}],"author":[{"embeddable":true,"href":"https:\/\/site.ac-martinique.fr\/mdl\/index.php?rest_route=\/wp\/v2\/users\/244"}],"replies":[{"embeddable":true,"href":"https:\/\/site.ac-martinique.fr\/mdl\/index.php?rest_route=%2Fwp%2Fv2%2Fcomments&post=172"}],"version-history":[{"count":4,"href":"https:\/\/site.ac-martinique.fr\/mdl\/index.php?rest_route=\/wp\/v2\/pages\/172\/revisions"}],"predecessor-version":[{"id":326,"href":"https:\/\/site.ac-martinique.fr\/mdl\/index.php?rest_route=\/wp\/v2\/pages\/172\/revisions\/326"}],"wp:attachment":[{"href":"https:\/\/site.ac-martinique.fr\/mdl\/index.php?rest_route=%2Fwp%2Fv2%2Fmedia&parent=172"}],"curies":[{"name":"wp","href":"https:\/\/api.w.org\/{rel}","templated":true}]}}