{"id":191,"date":"2022-01-09T19:41:48","date_gmt":"2022-01-09T23:41:48","guid":{"rendered":"https:\/\/site.ac-martinique.fr\/mdl\/?page_id=191"},"modified":"2022-01-09T19:44:35","modified_gmt":"2022-01-09T23:44:35","slug":"la-nuit-de-la-lecture","status":"publish","type":"page","link":"https:\/\/site.ac-martinique.fr\/mdl\/?page_id=191","title":{"rendered":"La nuit de la lecture"},"content":{"rendered":"\n<p>Les prochaines Nuits de la lecture, se tiendront du&nbsp;<strong>20 au 23 janvier 2022<\/strong>, au cours de quatre soir\u00e9es, avec un temps fort le samedi 22 janvier.<\/p>\n\n\n\n<p>Objectifs<br>\u2022 R\u00e9affirmer, aupr\u00e8s de tous, la place essentielle du livre et de la lecture dans nos vies, comme l\u2019a souhait\u00e9 le Pr\u00e9sident de la R\u00e9publique en d\u00e9clarant la lecture \u00ab&nbsp;grande cause nationale&nbsp;\u00bb.<br>\u2022 Mettre en \u0153uvre le parcours d\u2019\u00e9ducation artistique et culturelle de l\u2019\u00e9l\u00e8ve.<br>\u2022 Soutenir et valoriser des actions men\u00e9es par les professeurs sur le territoire avec les partenaires locaux et nationaux<br>\u2022 Ouvrir les \u00e9tablissements scolaires sur d\u2019autres lieux (biblioth\u00e8ques, th\u00e9\u00e2tres, restaurants&#8230;) afin de promouvoir les actions en faveur du livre et de la lecture.<\/p>\n\n\n\n<p>Calendrier<br>Du jeudi 20 au dimanche 23 janvier 2022, le public sera invit\u00e9 \u00e0 se r\u00e9unir \u00e0 l\u2019occasion de milliers d\u2019\u00e9v\u00e9nements physiques dans les biblioth\u00e8ques, les m\u00e9diath\u00e8ques, les librairies et autres lieux publics et num\u00e9riques, autour du th\u00e8me de l\u2019amour qui \u00e9pouse l\u2019injonction de Victor Hugo&nbsp;: \u00ab\u00a0Aimons toujours&nbsp;! Aimons encore&nbsp;!\u00a0\u00bb<\/p>\n\n\n\n<p><br>Des actions possibles&nbsp;:<br>Rencontre avec un auteur \/ un illustrateur, chocolat\/caf\u00e9 litt\u00e9raire, des brigades d\u2019interventions po\u00e9tiques ou de lecture\/ qui permettent aux \u00e9l\u00e8ves d\u2019organiser des prestations de lecture impromptues dans les classes, dans les lieux publics, des lectures improvis\u00e9es, des lectures \u00e0 haute voix, des expositions d\u2019affiches, de kak\u00e9monos, des livres en bo\u00eetes, des kamishiba\u00efs\u2026<\/p>\n\n\n\n<p>Pour aller plus loin\u2026 Des ressources en ligne\u2026<br><img loading=\"lazy\" decoding=\"async\" width=\"21\" height=\"12\" src=\"\" alt=\"-\">&nbsp; La lecture grande cause nationale, lien vers la note de service du 16 11 2021.<br><a href=\"https:\/\/www.education.gouv.fr\/bo\/21\/Hebdo44\/MENE2133905N.htm\" target=\"_blank\" rel=\"noreferrer noopener\">https:\/\/www.education.gouv.fr\/bo\/21&#8230;<\/a><\/p>\n\n\n\n<p><img loading=\"lazy\" decoding=\"async\" width=\"21\" height=\"12\" src=\"\" alt=\"-\">&nbsp; Nuits de la lecture, pourquoi participer&nbsp;? lien vers le site du minist\u00e8re<br><a href=\"https:\/\/nuitdelalecture.culture.gouv.fr\/presentation-de-la-6e-edition\" target=\"_blank\" rel=\"noreferrer noopener\">https:\/\/nuitdelalecture.culture.gou&#8230;<\/a><\/p>\n\n\n\n<p><img loading=\"lazy\" decoding=\"async\" width=\"21\" height=\"12\" src=\"\" alt=\"-\">&nbsp; Nuits de la lecture, comment participer&nbsp;? lien vers le site du minist\u00e8re<br><a href=\"https:\/\/nuitdelalecture.culture.gouv.fr\/en-pratique\/organisateurs\/comment-participer\" target=\"_blank\" rel=\"noreferrer noopener\">https:\/\/nuitdelalecture.culture.gou&#8230;<\/a><\/p>\n\n\n\n<p><img loading=\"lazy\" decoding=\"async\" width=\"21\" height=\"12\" src=\"\" alt=\"-\">&nbsp; Nuits de la lecture, des ressources pour participer\u2026 lien vers le site du minist\u00e8re<br><a href=\"https:\/\/www.education.gouv.fr\/les-nuits-de-la-lecture-9968\" target=\"_blank\" rel=\"noreferrer noopener\">https:\/\/www.education.gouv.fr\/les-n&#8230;<\/a><img loading=\"lazy\" decoding=\"async\" width=\"21\" height=\"12\" src=\"\" alt=\"-\">&nbsp; La carte-programme pour d\u00e9couvrir les pr\u00e8s de 4 000 \u00e9v\u00e9nements physiques et num\u00e9riques d\u00e9j\u00e0 programm\u00e9s<br><a href=\"https:\/\/nuitdelalecture.culture.gouv.fr\/programme#\/search@47.3646485,1.4041901,5.32\" target=\"_blank\" rel=\"noreferrer noopener\">https:\/\/nuitdelalecture.culture.gou&#8230;<\/a><\/p>\n","protected":false},"excerpt":{"rendered":"<p>Les prochaines Nuits de la lecture, se tiendront du&nbsp;20 au 23 janvier 2022, au cours de quatre soir\u00e9es, avec un temps fort le samedi 22 janvier. Objectifs\u2022 R\u00e9affirmer, aupr\u00e8s de tous, la place essentielle du livre et de la lecture &hellip; <a href=\"https:\/\/site.ac-martinique.fr\/mdl\/?page_id=191\">Continuer la lecture <span class=\"meta-nav\">&rarr;<\/span><\/a><\/p>\n","protected":false},"author":244,"featured_media":0,"parent":0,"menu_order":0,"comment_status":"closed","ping_status":"closed","template":"","meta":{"footnotes":""},"class_list":["post-191","page","type-page","status-publish","hentry"],"_links":{"self":[{"href":"https:\/\/site.ac-martinique.fr\/mdl\/index.php?rest_route=\/wp\/v2\/pages\/191","targetHints":{"allow":["GET"]}}],"collection":[{"href":"https:\/\/site.ac-martinique.fr\/mdl\/index.php?rest_route=\/wp\/v2\/pages"}],"about":[{"href":"https:\/\/site.ac-martinique.fr\/mdl\/index.php?rest_route=\/wp\/v2\/types\/page"}],"author":[{"embeddable":true,"href":"https:\/\/site.ac-martinique.fr\/mdl\/index.php?rest_route=\/wp\/v2\/users\/244"}],"replies":[{"embeddable":true,"href":"https:\/\/site.ac-martinique.fr\/mdl\/index.php?rest_route=%2Fwp%2Fv2%2Fcomments&post=191"}],"version-history":[{"count":2,"href":"https:\/\/site.ac-martinique.fr\/mdl\/index.php?rest_route=\/wp\/v2\/pages\/191\/revisions"}],"predecessor-version":[{"id":205,"href":"https:\/\/site.ac-martinique.fr\/mdl\/index.php?rest_route=\/wp\/v2\/pages\/191\/revisions\/205"}],"wp:attachment":[{"href":"https:\/\/site.ac-martinique.fr\/mdl\/index.php?rest_route=%2Fwp%2Fv2%2Fmedia&parent=191"}],"curies":[{"name":"wp","href":"https:\/\/api.w.org\/{rel}","templated":true}]}}