{"id":192,"date":"2022-01-09T19:41:48","date_gmt":"2022-01-09T23:41:48","guid":{"rendered":"https:\/\/site.ac-martinique.fr\/mdl\/?page_id=192"},"modified":"2023-06-23T17:10:10","modified_gmt":"2023-06-23T21:10:10","slug":"semaine-de-la-lecture-a-voix-haute","status":"publish","type":"page","link":"https:\/\/site.ac-martinique.fr\/mdl\/?page_id=192","title":{"rendered":"Semaine de la lecture \u00e0 voix haute: A ma voix seule et sans limite !"},"content":{"rendered":"\n<p>\u00ab\u00a0A ma voix seule et sans limite\u00a0\u00bb est une action acad\u00e9mique pour promouvoir la lecture \u00e0 voix haute pour tous les \u00e9l\u00e8ves (y compris les \u00ab\u00a0petits lecteurs\u00a0\u00bb) et pour tous les niveaux du cycle 1 au cycle 3. <\/p>\n\n\n\n<p>Cette action est c\u00e9l\u00e9br\u00e9e chaque ann\u00e9e la 1\u00e8re semaine du mois de mai.<br>L&rsquo;objectif est de d\u00e9velopper le <strong>plaisir de lire<\/strong> et de <strong>partager<\/strong> \u00e0 travers des actions vari\u00e9es: <em>balade cont\u00e9e, slam, lecture \u00e0 plusieurs voix, lecture musicale, lecture au jardin, passeurs de lecture\u2026.<\/em><\/p>\n\n\n\n<p>Envie de vous lancer ? La mission met \u00e0 votre disposition une ressource p\u00e9dagogique pour travailler la lecture \u00e0 voix haute avec vos \u00e9l\u00e8ves tout au long de l&rsquo;ann\u00e9e. <\/p>\n\n\n\n<p>T\u00e9l\u00e9chargez le dossier p\u00e9dagogique ci-dessous:<\/p>\n\n\n\n<div data-wp-interactive=\"core\/file\" class=\"wp-block-file\"><object data-wp-bind--hidden=\"!state.hasPdfPreview\" hidden class=\"wp-block-file__embed\" data=\"https:\/\/site.ac-martinique.fr\/mdl\/wp-content\/uploads\/sites\/95\/2023\/06\/V260922-A-ma-voix-seule-et-sans-limite-Dossier-pedagogique.pdf\" type=\"application\/pdf\" style=\"width:100%;height:600px\" aria-label=\"Contenu embarqu\u00e9 A-ma-voix-seule-et-sans-limite-Dossier-pedagogique.\"><\/object><a id=\"wp-block-file--media-ab2061e0-cb02-44f5-a8fa-5ad76898d6d5\" href=\"https:\/\/site.ac-martinique.fr\/mdl\/wp-content\/uploads\/sites\/95\/2023\/06\/V260922-A-ma-voix-seule-et-sans-limite-Dossier-pedagogique.pdf\">A-ma-voix-seule-et-sans-limite-Dossier-pedagogique<\/a><a href=\"https:\/\/site.ac-martinique.fr\/mdl\/wp-content\/uploads\/sites\/95\/2023\/06\/V260922-A-ma-voix-seule-et-sans-limite-Dossier-pedagogique.pdf\" class=\"wp-block-file__button wp-element-button\" download aria-describedby=\"wp-block-file--media-ab2061e0-cb02-44f5-a8fa-5ad76898d6d5\">T\u00e9l\u00e9charger<\/a><\/div>\n\n\n\n<p> T\u00e9l\u00e9chargez la Fiche action \u00a0\u00bb A ma voix seule et sans limite\u00a0\u00bb<\/p>\n\n\n\n<div data-wp-interactive=\"core\/file\" class=\"wp-block-file\"><object data-wp-bind--hidden=\"!state.hasPdfPreview\" hidden class=\"wp-block-file__embed\" data=\"https:\/\/site.ac-martinique.fr\/mdl\/wp-content\/uploads\/sites\/95\/2023\/06\/fiche-action.pdf\" type=\"application\/pdf\" style=\"width:100%;height:600px\" aria-label=\"Contenu embarqu\u00e9 fiche-action.\"><\/object><a id=\"wp-block-file--media-ae24e891-d884-4e1b-b161-b61fedb1615c\" href=\"https:\/\/site.ac-martinique.fr\/mdl\/wp-content\/uploads\/sites\/95\/2023\/06\/fiche-action.pdf\">fiche-action<\/a><a href=\"https:\/\/site.ac-martinique.fr\/mdl\/wp-content\/uploads\/sites\/95\/2023\/06\/fiche-action.pdf\" class=\"wp-block-file__button wp-element-button\" download aria-describedby=\"wp-block-file--media-ae24e891-d884-4e1b-b161-b61fedb1615c\">T\u00e9l\u00e9charger<\/a><\/div>\n","protected":false},"excerpt":{"rendered":"<p>\u00ab\u00a0A ma voix seule et sans limite\u00a0\u00bb est une action acad\u00e9mique pour promouvoir la lecture \u00e0 voix haute pour tous les \u00e9l\u00e8ves (y compris les \u00ab\u00a0petits lecteurs\u00a0\u00bb) et pour tous les niveaux du cycle 1 au cycle 3. Cette action &hellip; <a href=\"https:\/\/site.ac-martinique.fr\/mdl\/?page_id=192\">Continuer la lecture <span class=\"meta-nav\">&rarr;<\/span><\/a><\/p>\n","protected":false},"author":244,"featured_media":0,"parent":0,"menu_order":0,"comment_status":"closed","ping_status":"closed","template":"","meta":{"footnotes":""},"class_list":["post-192","page","type-page","status-publish","hentry"],"_links":{"self":[{"href":"https:\/\/site.ac-martinique.fr\/mdl\/index.php?rest_route=\/wp\/v2\/pages\/192","targetHints":{"allow":["GET"]}}],"collection":[{"href":"https:\/\/site.ac-martinique.fr\/mdl\/index.php?rest_route=\/wp\/v2\/pages"}],"about":[{"href":"https:\/\/site.ac-martinique.fr\/mdl\/index.php?rest_route=\/wp\/v2\/types\/page"}],"author":[{"embeddable":true,"href":"https:\/\/site.ac-martinique.fr\/mdl\/index.php?rest_route=\/wp\/v2\/users\/244"}],"replies":[{"embeddable":true,"href":"https:\/\/site.ac-martinique.fr\/mdl\/index.php?rest_route=%2Fwp%2Fv2%2Fcomments&post=192"}],"version-history":[{"count":8,"href":"https:\/\/site.ac-martinique.fr\/mdl\/index.php?rest_route=\/wp\/v2\/pages\/192\/revisions"}],"predecessor-version":[{"id":493,"href":"https:\/\/site.ac-martinique.fr\/mdl\/index.php?rest_route=\/wp\/v2\/pages\/192\/revisions\/493"}],"wp:attachment":[{"href":"https:\/\/site.ac-martinique.fr\/mdl\/index.php?rest_route=%2Fwp%2Fv2%2Fmedia&parent=192"}],"curies":[{"name":"wp","href":"https:\/\/api.w.org\/{rel}","templated":true}]}}