{"id":2,"date":"2021-05-09T20:58:53","date_gmt":"2021-05-10T00:58:53","guid":{"rendered":"https:\/\/site.ac-martinique.fr\/mdl\/?page_id=2"},"modified":"2023-06-23T17:01:57","modified_gmt":"2023-06-23T21:01:57","slug":"page-d-exemple","status":"publish","type":"page","link":"https:\/\/site.ac-martinique.fr\/mdl\/?page_id=2","title":{"rendered":"Le mot de l&rsquo;inspectrice"},"content":{"rendered":"\n<p>\u00ab&nbsp;<strong><em>Il n\u2019est d\u00e9sir plus naturel que le d\u00e9sir de connaissance&nbsp;\u00bb<\/em><\/strong>, Michel de Montaigne &#8211; Essais<\/p>\n\n\n\n<p><\/p>\n\n\n\n<p><\/p>\n\n\n\n<p><strong>Bienvenue <\/strong>sur le site de la Mission \u00ab&nbsp;Maitrise de la langue&nbsp;\u00bb (MDL) du premier degr\u00e9 de l\u2019Acad\u00e9mie de la Martinique.<\/p>\n\n\n\n<p>Ce site a pour vocation de contribuer \u00e0 la proposition et \u00e0 la diffusion de contenus p\u00e9dagogiques et didactiques et de pratiques, adoss\u00e9s au cadre conceptuel de la Recherche. Les nombreuses interrogations sur les voies les mieux adapt\u00e9es pour enseigner \u00e0 apprendre \u00e0 parler, \u00e0 lire et \u00e0 \u00e9crire, nourrissent, sans discontinuer, la r\u00e9flexion sur les processus d\u2019\u00e9laboration des savoirs enseign\u00e9s, leurs modes de pr\u00e9sentation en classe (ou en formation) et bien entendu, leur int\u00e9gration par les apprenants.<\/p>\n\n\n\n<p>Ce site est, donc, un espace commun d\u2019\u00e9changes au service du d\u00e9veloppement professionnel et collectif de la communaut\u00e9 \u00e9ducative.<\/p>\n\n\n\n<p>Merci de vos contributions et observations. Bonne navigation<\/p>\n","protected":false},"excerpt":{"rendered":"<p>\u00ab&nbsp;Il n\u2019est d\u00e9sir plus naturel que le d\u00e9sir de connaissance&nbsp;\u00bb, Michel de Montaigne &#8211; Essais Bienvenue sur le site de la Mission \u00ab&nbsp;Maitrise de la langue&nbsp;\u00bb (MDL) du premier degr\u00e9 de l\u2019Acad\u00e9mie de la Martinique. Ce site a pour vocation &hellip; <a href=\"https:\/\/site.ac-martinique.fr\/mdl\/?page_id=2\">Continuer la lecture <span class=\"meta-nav\">&rarr;<\/span><\/a><\/p>\n","protected":false},"author":229,"featured_media":0,"parent":0,"menu_order":0,"comment_status":"closed","ping_status":"closed","template":"","meta":{"footnotes":""},"class_list":["post-2","page","type-page","status-publish","hentry"],"_links":{"self":[{"href":"https:\/\/site.ac-martinique.fr\/mdl\/index.php?rest_route=\/wp\/v2\/pages\/2","targetHints":{"allow":["GET"]}}],"collection":[{"href":"https:\/\/site.ac-martinique.fr\/mdl\/index.php?rest_route=\/wp\/v2\/pages"}],"about":[{"href":"https:\/\/site.ac-martinique.fr\/mdl\/index.php?rest_route=\/wp\/v2\/types\/page"}],"author":[{"embeddable":true,"href":"https:\/\/site.ac-martinique.fr\/mdl\/index.php?rest_route=\/wp\/v2\/users\/229"}],"replies":[{"embeddable":true,"href":"https:\/\/site.ac-martinique.fr\/mdl\/index.php?rest_route=%2Fwp%2Fv2%2Fcomments&post=2"}],"version-history":[{"count":7,"href":"https:\/\/site.ac-martinique.fr\/mdl\/index.php?rest_route=\/wp\/v2\/pages\/2\/revisions"}],"predecessor-version":[{"id":489,"href":"https:\/\/site.ac-martinique.fr\/mdl\/index.php?rest_route=\/wp\/v2\/pages\/2\/revisions\/489"}],"wp:attachment":[{"href":"https:\/\/site.ac-martinique.fr\/mdl\/index.php?rest_route=%2Fwp%2Fv2%2Fmedia&parent=2"}],"curies":[{"name":"wp","href":"https:\/\/api.w.org\/{rel}","templated":true}]}}