{"id":210,"date":"2022-01-09T19:55:58","date_gmt":"2022-01-09T23:55:58","guid":{"rendered":"https:\/\/site.ac-martinique.fr\/mdl\/?page_id=210"},"modified":"2023-06-20T10:14:36","modified_gmt":"2023-06-20T14:14:36","slug":"les-guides-eduscol-cp-ce1","status":"publish","type":"page","link":"https:\/\/site.ac-martinique.fr\/mdl\/?page_id=210","title":{"rendered":"Les Guides Eduscol CP\/CE1"},"content":{"rendered":"\n<p><strong>Guide \u00ab\u00a0Pour enseigner la lecture et l\u2019\u00e9criture au CP\u00a0\u00bb<\/strong><\/p>\n\n\n\n<p>\u00ab\u00a0Pour enseigner la lecture et l\u2019\u00e9criture au CP\u00a0\u00bb est un guide fond\u00e9 sur l\u2019\u00e9tat de la recherche destin\u00e9 \u00e0 accompagner les enseignants de CP.<\/p>\n\n\n\n<p>Lors d\u2019une conf\u00e9rence de presse du 5 d\u00e9cembre 2017, le ministre de l\u2019\u00c9ducation nationale a annonc\u00e9 la mise \u00e0 disposition d\u2019un \u00ab&nbsp;\u00e9tat des lieux de la recherche&nbsp;\u00bb pour permettre d\u2019appuyer l\u2019enseignement de la lecture et de l\u2019\u00e9criture sur les r\u00e9sultats scientifiques les plus r\u00e9cents.<\/p>\n\n\n\n<p>Appuy\u00e9 \u00e0 la fois sur l\u2019\u00e9tat des connaissances issues de la recherche et les m\u00e9thodes, pratiques et gestes professionnels reconnus, cet outil p\u00e9dagogique destin\u00e9 aux enseignants pr\u00e9cise comment les apprentissages doivent \u00eatre conduits au cours pr\u00e9paratoire pour assurer la ma\u00eetrise des fondamentaux lire et \u00e9crire par tous les \u00e9l\u00e8ves.<br>Ce document a fait l\u2019objet d\u2019une relecture critique de plusieurs membres du Conseil scientifique de l\u2019\u00c9ducation nationale.<\/p>\n\n\n\n<p><\/p>\n\n\n\n<div data-wp-interactive=\"core\/file\" class=\"wp-block-file\"><object data-wp-bind--hidden=\"!state.hasPdfPreview\" hidden class=\"wp-block-file__embed\" data=\"https:\/\/site.ac-martinique.fr\/mdl\/wp-content\/uploads\/sites\/95\/2023\/06\/Lecture-ecriture_2019_CP_web_1173173.pdf\" type=\"application\/pdf\" style=\"width:100%;height:600px\" aria-label=\"Contenu embarqu\u00e9 Guide pour enseigner La Lecture et l&apos;\u00e9criture au CP.\"><\/object><a id=\"wp-block-file--media-22a866b4-e7e9-479e-b2fe-d4bc7b5bce73\" href=\"https:\/\/site.ac-martinique.fr\/mdl\/wp-content\/uploads\/sites\/95\/2023\/06\/Lecture-ecriture_2019_CP_web_1173173.pdf\">Guide pour enseigner La Lecture et l&rsquo;\u00e9criture au CP<\/a><a href=\"https:\/\/site.ac-martinique.fr\/mdl\/wp-content\/uploads\/sites\/95\/2023\/06\/Lecture-ecriture_2019_CP_web_1173173.pdf\" class=\"wp-block-file__button wp-element-button\" download aria-describedby=\"wp-block-file--media-22a866b4-e7e9-479e-b2fe-d4bc7b5bce73\">T\u00e9l\u00e9charger<\/a><\/div>\n\n\n\n<p>Retrouvez \u00e9galement ce guide en suivant le lien ci-dessous:<br>En ligne :\u00a0<a rel=\"noreferrer noopener\" href=\"https:\/\/cache.media.eduscol.education.fr\/file\/Cycle_2\/17\/3\/Lecture-ecriture_2019_CP_web_1173173.pdf\" target=\"_blank\">Le guide \u00ab\u00a0Pour enseigner la lecture et l\u2019\u00e9criture au CP\u00a0\u00bb<\/a><\/p>\n\n\n\n<p><strong>Guide \u00ab\u00a0Pour enseigner la lecture et l\u2019\u00e9criture au CE1\u00a0\u00bb<\/strong><\/p>\n\n\n\n<p>Cet ouvrage s\u2019inscrit dans la continuit\u00e9 du guide pour le CP. Il pr\u00e9cise comment les apprentissages doivent \u00eatre conduits en CE1 pour consolider et d\u00e9velopper les comp\u00e9tences en lecture et en \u00e9criture.<a href=\"http:\/\/langue76.spip.ac-rouen.fr\/spip.php?article6#\"><\/a><a href=\"http:\/\/langue76.spip.ac-rouen.fr\/spip.php?article6#\"><\/a><a href=\"http:\/\/langue76.spip.ac-rouen.fr\/spip.php?article6#\"><\/a><\/p>\n\n\n\n<p>Au sommaire de ce guide&nbsp;:<\/p>\n\n\n\n<ol class=\"wp-block-list\">\n<li>Quelles consolidations des acquis en fluence au CE1&nbsp;?<\/li>\n\n\n\n<li>Lire \u00e0 voix haute<\/li>\n\n\n\n<li>Quels supports et quelle m\u00e9thode pour comprendre les textes&nbsp;?<\/li>\n\n\n\n<li>L\u2019\u00e9criture au CE1<\/li>\n\n\n\n<li>Comment conduire les \u00e9l\u00e8ves \u00e0 comprendre le fonctionnement de la langue pour mieux lire et \u00e9crire&nbsp;?<\/li>\n\n\n\n<li>Comment analyser et choisir un manuel de fran\u00e7ais pour le CE1&nbsp;?<\/li>\n\n\n\n<li>Bibliographie et outils de r\u00e9f\u00e9rence<\/li>\n<\/ol>\n\n\n\n<div data-wp-interactive=\"core\/file\" class=\"wp-block-file\"><object data-wp-bind--hidden=\"!state.hasPdfPreview\" hidden class=\"wp-block-file__embed\" data=\"https:\/\/site.ac-martinique.fr\/mdl\/wp-content\/uploads\/sites\/95\/2023\/06\/Livre_Lecture-ecriture_2019_CE1_web_1173175.pdf\" type=\"application\/pdf\" style=\"width:100%;height:600px\" aria-label=\"Contenu embarqu\u00e9 Pour enseigner la lecture et l&apos;\u00e9criture au CE1.\"><\/object><a id=\"wp-block-file--media-5ace888f-9a86-4419-8c30-cc271fba34b6\" href=\"https:\/\/site.ac-martinique.fr\/mdl\/wp-content\/uploads\/sites\/95\/2023\/06\/Livre_Lecture-ecriture_2019_CE1_web_1173175.pdf\">Pour enseigner la lecture et l&rsquo;\u00e9criture au CE1<\/a><a href=\"https:\/\/site.ac-martinique.fr\/mdl\/wp-content\/uploads\/sites\/95\/2023\/06\/Livre_Lecture-ecriture_2019_CE1_web_1173175.pdf\" class=\"wp-block-file__button wp-element-button\" download aria-describedby=\"wp-block-file--media-5ace888f-9a86-4419-8c30-cc271fba34b6\">T\u00e9l\u00e9charger<\/a><\/div>\n\n\n\n<p>Retrouvez \u00e9galement ce guide en suivant le lien ci-dessous: <br>En ligne :\u00a0<a rel=\"noreferrer noopener\" href=\"https:\/\/cache.media.eduscol.education.fr\/file\/Cycle_2\/17\/5\/Livre_Lecture-ecriture_2019_CE1_web_1173175.pdf\" target=\"_blank\">Le guide pour enseigner la lecture et l\u2019\u00e9criture au CE1<\/a><\/p>\n","protected":false},"excerpt":{"rendered":"<p>Guide \u00ab\u00a0Pour enseigner la lecture et l\u2019\u00e9criture au CP\u00a0\u00bb \u00ab\u00a0Pour enseigner la lecture et l\u2019\u00e9criture au CP\u00a0\u00bb est un guide fond\u00e9 sur l\u2019\u00e9tat de la recherche destin\u00e9 \u00e0 accompagner les enseignants de CP. Lors d\u2019une conf\u00e9rence de presse du 5 &hellip; <a href=\"https:\/\/site.ac-martinique.fr\/mdl\/?page_id=210\">Continuer la lecture <span class=\"meta-nav\">&rarr;<\/span><\/a><\/p>\n","protected":false},"author":244,"featured_media":0,"parent":0,"menu_order":0,"comment_status":"closed","ping_status":"closed","template":"","meta":{"footnotes":""},"class_list":["post-210","page","type-page","status-publish","hentry"],"_links":{"self":[{"href":"https:\/\/site.ac-martinique.fr\/mdl\/index.php?rest_route=\/wp\/v2\/pages\/210","targetHints":{"allow":["GET"]}}],"collection":[{"href":"https:\/\/site.ac-martinique.fr\/mdl\/index.php?rest_route=\/wp\/v2\/pages"}],"about":[{"href":"https:\/\/site.ac-martinique.fr\/mdl\/index.php?rest_route=\/wp\/v2\/types\/page"}],"author":[{"embeddable":true,"href":"https:\/\/site.ac-martinique.fr\/mdl\/index.php?rest_route=\/wp\/v2\/users\/244"}],"replies":[{"embeddable":true,"href":"https:\/\/site.ac-martinique.fr\/mdl\/index.php?rest_route=%2Fwp%2Fv2%2Fcomments&post=210"}],"version-history":[{"count":4,"href":"https:\/\/site.ac-martinique.fr\/mdl\/index.php?rest_route=\/wp\/v2\/pages\/210\/revisions"}],"predecessor-version":[{"id":421,"href":"https:\/\/site.ac-martinique.fr\/mdl\/index.php?rest_route=\/wp\/v2\/pages\/210\/revisions\/421"}],"wp:attachment":[{"href":"https:\/\/site.ac-martinique.fr\/mdl\/index.php?rest_route=%2Fwp%2Fv2%2Fmedia&parent=210"}],"curies":[{"name":"wp","href":"https:\/\/api.w.org\/{rel}","templated":true}]}}