{"id":212,"date":"2022-01-09T19:55:58","date_gmt":"2022-01-09T23:55:58","guid":{"rendered":"https:\/\/site.ac-martinique.fr\/mdl\/?page_id=212"},"modified":"2023-06-20T10:01:32","modified_gmt":"2023-06-20T14:01:32","slug":"guide-terminologie-grammaticale","status":"publish","type":"page","link":"https:\/\/site.ac-martinique.fr\/mdl\/?page_id=212","title":{"rendered":"Guides Grammaire du Fran\u00e7ais"},"content":{"rendered":"\n<p>2 ouvrages sur le th\u00e8me de la grammaire.<\/p>\n\n\n\n<ul class=\"wp-block-list\">\n<li>Le guide de <strong>terminologie grammaticale<\/strong>.<a href=\"http:\/\/langue76.spip.ac-rouen.fr\/spip.php?article25#\"><\/a><a href=\"http:\/\/langue76.spip.ac-rouen.fr\/spip.php?article25#\"><\/a><a href=\"http:\/\/langue76.spip.ac-rouen.fr\/spip.php?article25#\"><\/a><br>Cet ouvrage de terminologie grammaticale est destin\u00e9 prioritairement aux professeurs du premier degr\u00e9 et aux professeurs de lettres.<\/li>\n<\/ul>\n\n\n\n<p>Il constitue un outil de formation visant \u00e0 donner aux enseignants les moyens de s\u2019approprier un savoir grammatical solide<br>Pour en savoir plus\u00a0:<br><a rel=\"noreferrer noopener\" href=\"https:\/\/eduscol.education.fr\/cid153085\/grammaire-francais.html\" target=\"_blank\">https:\/\/eduscol.education.fr\/cid153085\/grammaire-francais.html<\/a><\/p>\n\n\n\n<div data-wp-interactive=\"core\/file\" class=\"wp-block-file\"><object data-wp-bind--hidden=\"!state.hasPdfPreview\" hidden class=\"wp-block-file__embed\" data=\"https:\/\/site.ac-martinique.fr\/mdl\/wp-content\/uploads\/sites\/95\/2023\/06\/terminologie-grammaticale.pdf\" type=\"application\/pdf\" style=\"width:100%;height:600px\" aria-label=\"Contenu embarqu\u00e9 Grammaire du Fran\u00e7ais - Terminologie-grammaticale.\"><\/object><a id=\"wp-block-file--media-0fbb0673-85f7-4bae-90f4-8e095a82ed90\" href=\"https:\/\/site.ac-martinique.fr\/mdl\/wp-content\/uploads\/sites\/95\/2023\/06\/terminologie-grammaticale.pdf\">Grammaire du Fran\u00e7ais &#8211; Terminologie-grammaticale<\/a><a href=\"https:\/\/site.ac-martinique.fr\/mdl\/wp-content\/uploads\/sites\/95\/2023\/06\/terminologie-grammaticale.pdf\" class=\"wp-block-file__button wp-element-button\" download aria-describedby=\"wp-block-file--media-0fbb0673-85f7-4bae-90f4-8e095a82ed90\">T\u00e9l\u00e9charger<\/a><\/div>\n\n\n\n<p><\/p>\n\n\n\n<ul class=\"wp-block-list\">\n<li>Le guide <strong>La grammaire du Fran\u00e7ais du CP \u00e0 la 6\u00e8me<\/strong>.<br>Ce deuxi\u00e8me volume est consacr\u00e9 aux contenus grammaticaux des programmes des cycles 2 et 3 et pr\u00e9sente une approche r\u00e9flexive et didactis\u00e9e des contenus grammaticaux \u00e0 enseigner.<br>Le guide est organis\u00e9 an 6 chapitres. Pour chaque notion grammaticale, le guide pr\u00e9sente:<br>&#8211; les d\u00e9finitions pour le professeur<br>&#8211; ce que les \u00e9l\u00e8ves doivent retenir et ma\u00eetriser<br>&#8211; des rep\u00e8res pour une progression <strong>\u00a0<\/strong><br>&#8211; les d\u00e9marches d\u2019apprentissage <strong>\u00a0<\/strong><br>&#8211; une s\u00e9lection de corpus pour la s\u00e9ance<\/li>\n<\/ul>\n\n\n\n<div data-wp-interactive=\"core\/file\" class=\"wp-block-file\"><object data-wp-bind--hidden=\"!state.hasPdfPreview\" hidden class=\"wp-block-file__embed\" data=\"https:\/\/site.ac-martinique.fr\/mdl\/wp-content\/uploads\/sites\/95\/2023\/06\/guide-grammaire_cp-6e.pdf\" type=\"application\/pdf\" style=\"width:100%;height:600px\" aria-label=\"Contenu embarqu\u00e9 guide-La grammaire du Frna\u00e7ais du cp \u00e0  la 6\u00e8me .\"><\/object><a id=\"wp-block-file--media-a6c40d33-3015-4082-9cb3-e277a406d532\" href=\"https:\/\/site.ac-martinique.fr\/mdl\/wp-content\/uploads\/sites\/95\/2023\/06\/guide-grammaire_cp-6e.pdf\">guide-La grammaire du Frna\u00e7ais du cp \u00e0  la 6\u00e8me <\/a><a href=\"https:\/\/site.ac-martinique.fr\/mdl\/wp-content\/uploads\/sites\/95\/2023\/06\/guide-grammaire_cp-6e.pdf\" class=\"wp-block-file__button wp-element-button\" download aria-describedby=\"wp-block-file--media-a6c40d33-3015-4082-9cb3-e277a406d532\">T\u00e9l\u00e9charger<\/a><\/div>\n","protected":false},"excerpt":{"rendered":"<p>2 ouvrages sur le th\u00e8me de la grammaire. Il constitue un outil de formation visant \u00e0 donner aux enseignants les moyens de s\u2019approprier un savoir grammatical solidePour en savoir plus\u00a0:https:\/\/eduscol.education.fr\/cid153085\/grammaire-francais.html<\/p>\n","protected":false},"author":433,"featured_media":0,"parent":0,"menu_order":0,"comment_status":"closed","ping_status":"closed","template":"","meta":{"footnotes":""},"class_list":["post-212","page","type-page","status-publish","hentry"],"_links":{"self":[{"href":"https:\/\/site.ac-martinique.fr\/mdl\/index.php?rest_route=\/wp\/v2\/pages\/212","targetHints":{"allow":["GET"]}}],"collection":[{"href":"https:\/\/site.ac-martinique.fr\/mdl\/index.php?rest_route=\/wp\/v2\/pages"}],"about":[{"href":"https:\/\/site.ac-martinique.fr\/mdl\/index.php?rest_route=\/wp\/v2\/types\/page"}],"author":[{"embeddable":true,"href":"https:\/\/site.ac-martinique.fr\/mdl\/index.php?rest_route=\/wp\/v2\/users\/433"}],"replies":[{"embeddable":true,"href":"https:\/\/site.ac-martinique.fr\/mdl\/index.php?rest_route=%2Fwp%2Fv2%2Fcomments&post=212"}],"version-history":[{"count":4,"href":"https:\/\/site.ac-martinique.fr\/mdl\/index.php?rest_route=\/wp\/v2\/pages\/212\/revisions"}],"predecessor-version":[{"id":417,"href":"https:\/\/site.ac-martinique.fr\/mdl\/index.php?rest_route=\/wp\/v2\/pages\/212\/revisions\/417"}],"wp:attachment":[{"href":"https:\/\/site.ac-martinique.fr\/mdl\/index.php?rest_route=%2Fwp%2Fv2%2Fmedia&parent=212"}],"curies":[{"name":"wp","href":"https:\/\/api.w.org\/{rel}","templated":true}]}}