{"id":312,"date":"2023-01-02T13:18:50","date_gmt":"2023-01-02T17:18:50","guid":{"rendered":"https:\/\/site.ac-martinique.fr\/mdl\/?page_id=312"},"modified":"2023-06-22T09:02:23","modified_gmt":"2023-06-22T13:02:23","slug":"lexique","status":"publish","type":"page","link":"https:\/\/site.ac-martinique.fr\/mdl\/?page_id=312","title":{"rendered":"Lexique"},"content":{"rendered":"\n<p>Dans cette rubrique, les enseignants pourront retrouver  des ressources p\u00e9dagogiques favorisant la mise en ouvre efficiente et efficace de l&rsquo;enseignement du lexique: <\/p>\n\n\n\n<p> <\/p>\n\n\n\n<ul class=\"wp-block-list\">\n<li><strong>Le g\u00e9nially Lexique <\/strong>: cet outil acad\u00e9mique intilul\u00e9 \u00ab\u00a0<em>des essentiels pour enseigner le lexique \u00e0 l&rsquo;\u00e9cole primaire<\/em>\u00a0\u00bb  a \u00e9t\u00e9 \u00e9labor\u00e9  par la mission Maitrise de la langue avec l&rsquo;\u00e9troite collaboration  des  R\u00e9f\u00e9rents fran\u00e7ais  de circonscription et des  maitres formateurs intervenant dans le cadre du  Plan fran\u00e7ais . On y retrouve des principes d\u2019enseignement, des activit\u00e9s et des ressources utiles \u00e0 la r\u00e9ussite des apprentissages du lexique.<\/li>\n<\/ul>\n\n\n\n<div data-wp-interactive=\"core\/file\" class=\"wp-block-file\"><object data-wp-bind--hidden=\"!state.hasPdfPreview\" hidden class=\"wp-block-file__embed\" data=\"https:\/\/site.ac-martinique.fr\/mdl\/wp-content\/uploads\/sites\/95\/2023\/06\/genially-LEXIQUE.pdf\" type=\"application\/pdf\" style=\"width:100%;height:600px\" aria-label=\"Contenu embarqu\u00e9 genially-LEXIQUE.\"><\/object><a id=\"wp-block-file--media-6eb56872-89d6-4631-a0af-cd1c715adc3f\" href=\"https:\/\/site.ac-martinique.fr\/mdl\/wp-content\/uploads\/sites\/95\/2023\/06\/genially-LEXIQUE.pdf\">genially-LEXIQUE<\/a><a href=\"https:\/\/site.ac-martinique.fr\/mdl\/wp-content\/uploads\/sites\/95\/2023\/06\/genially-LEXIQUE.pdf\" class=\"wp-block-file__button wp-element-button\" download aria-describedby=\"wp-block-file--media-6eb56872-89d6-4631-a0af-cd1c715adc3f\">T\u00e9l\u00e9charger<\/a><\/div>\n","protected":false},"excerpt":{"rendered":"<p>Dans cette rubrique, les enseignants pourront retrouver des ressources p\u00e9dagogiques favorisant la mise en ouvre efficiente et efficace de l&rsquo;enseignement du lexique:<\/p>\n","protected":false},"author":243,"featured_media":0,"parent":0,"menu_order":0,"comment_status":"closed","ping_status":"closed","template":"","meta":{"footnotes":""},"class_list":["post-312","page","type-page","status-publish","hentry"],"_links":{"self":[{"href":"https:\/\/site.ac-martinique.fr\/mdl\/index.php?rest_route=\/wp\/v2\/pages\/312","targetHints":{"allow":["GET"]}}],"collection":[{"href":"https:\/\/site.ac-martinique.fr\/mdl\/index.php?rest_route=\/wp\/v2\/pages"}],"about":[{"href":"https:\/\/site.ac-martinique.fr\/mdl\/index.php?rest_route=\/wp\/v2\/types\/page"}],"author":[{"embeddable":true,"href":"https:\/\/site.ac-martinique.fr\/mdl\/index.php?rest_route=\/wp\/v2\/users\/243"}],"replies":[{"embeddable":true,"href":"https:\/\/site.ac-martinique.fr\/mdl\/index.php?rest_route=%2Fwp%2Fv2%2Fcomments&post=312"}],"version-history":[{"count":4,"href":"https:\/\/site.ac-martinique.fr\/mdl\/index.php?rest_route=\/wp\/v2\/pages\/312\/revisions"}],"predecessor-version":[{"id":479,"href":"https:\/\/site.ac-martinique.fr\/mdl\/index.php?rest_route=\/wp\/v2\/pages\/312\/revisions\/479"}],"wp:attachment":[{"href":"https:\/\/site.ac-martinique.fr\/mdl\/index.php?rest_route=%2Fwp%2Fv2%2Fmedia&parent=312"}],"curies":[{"name":"wp","href":"https:\/\/api.w.org\/{rel}","templated":true}]}}