{"id":403,"date":"2023-06-01T11:37:08","date_gmt":"2023-06-01T15:37:08","guid":{"rendered":"https:\/\/site.ac-martinique.fr\/mdl\/?page_id=403"},"modified":"2023-06-29T22:24:45","modified_gmt":"2023-06-30T02:24:45","slug":"carte-des-rfc","status":"publish","type":"page","link":"https:\/\/site.ac-martinique.fr\/mdl\/?page_id=403","title":{"rendered":"Carte des RFC"},"content":{"rendered":"\n<p>La mise en oeuvre du Plan Fran\u00e7ais est assur\u00e9e par 10 R\u00e9f\u00e9rents Fran\u00e7ais de Circonscription avec la collaboration de PEMF.<\/p>\n\n\n\n<p>T\u00e9l\u00e9charger ici la carte des RFC 2022-2023 de l&rsquo;acad\u00e9mie Martinique<\/p>\n\n\n\n<div data-wp-interactive=\"core\/file\" class=\"wp-block-file\"><object data-wp-bind--hidden=\"!state.hasPdfPreview\" hidden class=\"wp-block-file__embed\" data=\"https:\/\/site.ac-martinique.fr\/mdl\/wp-content\/uploads\/sites\/95\/2023\/06\/CARTE-RFC-22-23-1.pdf\" type=\"application\/pdf\" style=\"width:100%;height:600px\" aria-label=\"Contenu embarqu\u00e9 CARTE-RFC-22-23-1.\"><\/object><a id=\"wp-block-file--media-65dd8bd2-a497-40e3-a6eb-57c192e6d7df\" href=\"https:\/\/site.ac-martinique.fr\/mdl\/wp-content\/uploads\/sites\/95\/2023\/06\/CARTE-RFC-22-23-1.pdf\">CARTE-RFC-22-23-1<\/a><a href=\"https:\/\/site.ac-martinique.fr\/mdl\/wp-content\/uploads\/sites\/95\/2023\/06\/CARTE-RFC-22-23-1.pdf\" class=\"wp-block-file__button wp-element-button\" download aria-describedby=\"wp-block-file--media-65dd8bd2-a497-40e3-a6eb-57c192e6d7df\">T\u00e9l\u00e9charger<\/a><\/div>\n","protected":false},"excerpt":{"rendered":"<p>La mise en oeuvre du Plan Fran\u00e7ais est assur\u00e9e par 10 R\u00e9f\u00e9rents Fran\u00e7ais de Circonscription avec la collaboration de PEMF. T\u00e9l\u00e9charger ici la carte des RFC 2022-2023 de l&rsquo;acad\u00e9mie Martinique<\/p>\n","protected":false},"author":433,"featured_media":0,"parent":400,"menu_order":0,"comment_status":"closed","ping_status":"closed","template":"","meta":{"footnotes":""},"class_list":["post-403","page","type-page","status-publish","hentry"],"_links":{"self":[{"href":"https:\/\/site.ac-martinique.fr\/mdl\/index.php?rest_route=\/wp\/v2\/pages\/403","targetHints":{"allow":["GET"]}}],"collection":[{"href":"https:\/\/site.ac-martinique.fr\/mdl\/index.php?rest_route=\/wp\/v2\/pages"}],"about":[{"href":"https:\/\/site.ac-martinique.fr\/mdl\/index.php?rest_route=\/wp\/v2\/types\/page"}],"author":[{"embeddable":true,"href":"https:\/\/site.ac-martinique.fr\/mdl\/index.php?rest_route=\/wp\/v2\/users\/433"}],"replies":[{"embeddable":true,"href":"https:\/\/site.ac-martinique.fr\/mdl\/index.php?rest_route=%2Fwp%2Fv2%2Fcomments&post=403"}],"version-history":[{"count":5,"href":"https:\/\/site.ac-martinique.fr\/mdl\/index.php?rest_route=\/wp\/v2\/pages\/403\/revisions"}],"predecessor-version":[{"id":553,"href":"https:\/\/site.ac-martinique.fr\/mdl\/index.php?rest_route=\/wp\/v2\/pages\/403\/revisions\/553"}],"up":[{"embeddable":true,"href":"https:\/\/site.ac-martinique.fr\/mdl\/index.php?rest_route=\/wp\/v2\/pages\/400"}],"wp:attachment":[{"href":"https:\/\/site.ac-martinique.fr\/mdl\/index.php?rest_route=%2Fwp%2Fv2%2Fmedia&parent=403"}],"curies":[{"name":"wp","href":"https:\/\/api.w.org\/{rel}","templated":true}]}}