{"id":437,"date":"2023-06-20T11:46:24","date_gmt":"2023-06-20T15:46:24","guid":{"rendered":"https:\/\/site.ac-martinique.fr\/mdl\/?page_id=437"},"modified":"2023-06-20T11:47:50","modified_gmt":"2023-06-20T15:47:50","slug":"presentation-du-plan-francais","status":"publish","type":"page","link":"https:\/\/site.ac-martinique.fr\/mdl\/?page_id=437","title":{"rendered":"Pr\u00e9sentation du Plan Fran\u00e7ais"},"content":{"rendered":"\n<p>Le Plan fran\u00e7ais s&rsquo;inscrit dans le cadre du sch\u00e9ma directeur de la formation continue des personnels et en respecte les grands principes&nbsp;:<\/p>\n\n\n\n<ul class=\"wp-block-list\">\n<li>la continuit\u00e9 entre formation initiale, formation continu\u00e9e et formation continue&nbsp;;<\/li>\n\n\n\n<li>la proximit\u00e9, avec des actions de formation men\u00e9es au plus pr\u00e8s des classes&nbsp;;<\/li>\n\n\n\n<li>la valorisation des comp\u00e9tences des personnels.<\/li>\n<\/ul>\n\n\n\n<p>L&rsquo;accompagnement de la formation continue dans la cadre du Plan Fran\u00e7ais s&rsquo;\u00e9tablit au sein de constellations et au coeur des pratiques de classe.<\/p>\n\n\n\n<p>Pour plus d&rsquo;informations, rendez-vous sur Eduscol.<br>Cliquez sur le lien: <a href=\"https:\/\/eduscol.education.fr\/1853\/plan-de-formation-en-francais-premier-degre\">https:\/\/eduscol.education.fr\/1853\/plan-de-formation-en-francais-premier-degre<\/a> <\/p>\n\n\n\n<p>Pour les formateurs, t\u00e9l\u00e9chargez le guide <\/p>\n\n\n\n<div data-wp-interactive=\"core\/file\" class=\"wp-block-file\"><object data-wp-bind--hidden=\"!state.hasPdfPreview\" hidden class=\"wp-block-file__embed\" data=\"https:\/\/site.ac-martinique.fr\/mdl\/wp-content\/uploads\/sites\/95\/2023\/06\/Guide_plan_francais.pdf\" type=\"application\/pdf\" style=\"width:100%;height:600px\" aria-label=\"Contenu embarqu\u00e9 Guide_plan_francais.\"><\/object><a id=\"wp-block-file--media-3ddc3a10-d97d-45d3-b28b-135883e74521\" href=\"https:\/\/site.ac-martinique.fr\/mdl\/wp-content\/uploads\/sites\/95\/2023\/06\/Guide_plan_francais.pdf\">Guide_plan_francais<\/a><a href=\"https:\/\/site.ac-martinique.fr\/mdl\/wp-content\/uploads\/sites\/95\/2023\/06\/Guide_plan_francais.pdf\" class=\"wp-block-file__button wp-element-button\" download aria-describedby=\"wp-block-file--media-3ddc3a10-d97d-45d3-b28b-135883e74521\">T\u00e9l\u00e9charger<\/a><\/div>\n","protected":false},"excerpt":{"rendered":"<p>Le Plan fran\u00e7ais s&rsquo;inscrit dans le cadre du sch\u00e9ma directeur de la formation continue des personnels et en respecte les grands principes&nbsp;: L&rsquo;accompagnement de la formation continue dans la cadre du Plan Fran\u00e7ais s&rsquo;\u00e9tablit au sein de constellations et au &hellip; <a href=\"https:\/\/site.ac-martinique.fr\/mdl\/?page_id=437\">Continuer la lecture <span class=\"meta-nav\">&rarr;<\/span><\/a><\/p>\n","protected":false},"author":433,"featured_media":0,"parent":0,"menu_order":0,"comment_status":"closed","ping_status":"closed","template":"","meta":{"footnotes":""},"class_list":["post-437","page","type-page","status-publish","hentry"],"_links":{"self":[{"href":"https:\/\/site.ac-martinique.fr\/mdl\/index.php?rest_route=\/wp\/v2\/pages\/437","targetHints":{"allow":["GET"]}}],"collection":[{"href":"https:\/\/site.ac-martinique.fr\/mdl\/index.php?rest_route=\/wp\/v2\/pages"}],"about":[{"href":"https:\/\/site.ac-martinique.fr\/mdl\/index.php?rest_route=\/wp\/v2\/types\/page"}],"author":[{"embeddable":true,"href":"https:\/\/site.ac-martinique.fr\/mdl\/index.php?rest_route=\/wp\/v2\/users\/433"}],"replies":[{"embeddable":true,"href":"https:\/\/site.ac-martinique.fr\/mdl\/index.php?rest_route=%2Fwp%2Fv2%2Fcomments&post=437"}],"version-history":[{"count":2,"href":"https:\/\/site.ac-martinique.fr\/mdl\/index.php?rest_route=\/wp\/v2\/pages\/437\/revisions"}],"predecessor-version":[{"id":442,"href":"https:\/\/site.ac-martinique.fr\/mdl\/index.php?rest_route=\/wp\/v2\/pages\/437\/revisions\/442"}],"wp:attachment":[{"href":"https:\/\/site.ac-martinique.fr\/mdl\/index.php?rest_route=%2Fwp%2Fv2%2Fmedia&parent=437"}],"curies":[{"name":"wp","href":"https:\/\/api.w.org\/{rel}","templated":true}]}}