{"id":446,"date":"2023-06-20T20:37:17","date_gmt":"2023-06-21T00:37:17","guid":{"rendered":"https:\/\/site.ac-martinique.fr\/mdl\/?page_id=446"},"modified":"2023-06-28T19:45:43","modified_gmt":"2023-06-28T23:45:43","slug":"projet-cesaire-nous-laminaires-1913-2023","status":"publish","type":"page","link":"https:\/\/site.ac-martinique.fr\/mdl\/?page_id=446","title":{"rendered":"Projet C\u00e9saire :Nous laminaires, 1913-2023"},"content":{"rendered":"\n<p>Dans le cadre de la c\u00e9l\u00e9bration des 110 ans de naissance d\u2019Aim\u00e9 C\u00e9saire et des 41 ans de son recueil \u00ab&nbsp;Moi, laminaire\u2026&nbsp;\u00bb, Colette C\u00e9saire, professeure, com\u00e9dienne et artiste sp\u00e9cialiste de l\u2019\u0153uvre de C\u00e9saire a \u00e9labor\u00e9 un projet pluridimensionnel pour \u00ab&nbsp;c\u00e9l\u00e9brer l\u2019ancrage d\u2019Aim\u00e9 C\u00e9saire dans sa Terre natale et donner \u00e0 entendre ses textes d\u2019une mani\u00e8re neuve&nbsp;\u00bb.Les misions Maitrise de la langue et EAC l&rsquo;accompagne dans sa r\u00e9flexion en proposant un projet acad\u00e9mique pour l&rsquo;ann\u00e9e scolaire 2023-2024. Il s&rsquo;agira de tenter de r\u00e9pondre \u00e0 la question suivante : <strong>Comment rendre accessible et promouvoir les po\u00e8mes C\u00e9sairiens \u00e0 un jeune public&nbsp;?<\/strong><\/p>\n\n\n\n<p>Ce projet se d\u00e9cline en trois axes majeurs&nbsp;:<\/p>\n\n\n\n<ul class=\"wp-block-list\">\n<li>Exploitation d\u2019un album illustr\u00e9 de po\u00e8mes de C\u00e9saire&nbsp;: lecture et compr\u00e9hension des po\u00e8mes &#8211; appropriation du lexique \u2013 \u00e9coute de podcasts associant voix-mots du po\u00e8te et sons de la flore et de la faune<\/li>\n\n\n\n<li>Visite d\u2019une exposition de cr\u00e9ation photographique et sonore mettant en valeur les po\u00e8mes de C\u00e9saire \u00e0 la Fondation Cl\u00e9ment<\/li>\n\n\n\n<li>Mise en place dans les \u00e9coles d\u2019un \u00e9v\u00e9nement pluridisciplinaire autour des po\u00e8mes \u00e9tudi\u00e9s lors de l\u2019action acad\u00e9mique \u00ab&nbsp;A ma voix seule et sans limite&nbsp;\u00bb<\/li>\n<\/ul>\n\n\n\n<p><em>Projet r\u00e9dig\u00e9 par Colette C\u00e9saire <\/em>:  <a rel=\"noreferrer noopener\" href=\"https:\/\/www.calameo.com\/read\/004018033e17a61ddf44d\" data-type=\"URL\" data-id=\"https:\/\/www.calameo.com\/read\/004018033e17a61ddf44d\" target=\"_blank\">https:\/\/www.calameo.com\/read\/004018033e17a61ddf44d<\/a><\/p>\n\n\n\n<p> T\u00e9l\u00e9charhez la <em>Fiche action r<\/em>\u00e9dig\u00e9e par les missions Maitrise de la langue et Education Artistique et Culturelle<\/p>\n\n\n\n<div data-wp-interactive=\"core\/file\" class=\"wp-block-file\"><object data-wp-bind--hidden=\"!state.hasPdfPreview\" hidden class=\"wp-block-file__embed\" data=\"https:\/\/site.ac-martinique.fr\/mdl\/wp-content\/uploads\/sites\/95\/2023\/06\/vf-260623-VF-PROJET-CESAIRE-2023-2024-fiche-action-.pdf\" type=\"application\/pdf\" style=\"width:100%;height:600px\" aria-label=\"Contenu embarqu\u00e9 vf-260623-VF-PROJET-CESAIRE-2023-2024-fiche-action-.\"><\/object><a id=\"wp-block-file--media-08c8c145-9b9a-460d-8bf2-4c13e821e76d\" href=\"https:\/\/site.ac-martinique.fr\/mdl\/wp-content\/uploads\/sites\/95\/2023\/06\/vf-260623-VF-PROJET-CESAIRE-2023-2024-fiche-action-.pdf\">vf-260623-VF-PROJET-CESAIRE-2023-2024-fiche-action-<\/a><a href=\"https:\/\/site.ac-martinique.fr\/mdl\/wp-content\/uploads\/sites\/95\/2023\/06\/vf-260623-VF-PROJET-CESAIRE-2023-2024-fiche-action-.pdf\" class=\"wp-block-file__button wp-element-button\" download aria-describedby=\"wp-block-file--media-08c8c145-9b9a-460d-8bf2-4c13e821e76d\">T\u00e9l\u00e9charger<\/a><\/div>\n","protected":false},"excerpt":{"rendered":"<p>Dans le cadre de la c\u00e9l\u00e9bration des 110 ans de naissance d\u2019Aim\u00e9 C\u00e9saire et des 41 ans de son recueil \u00ab&nbsp;Moi, laminaire\u2026&nbsp;\u00bb, Colette C\u00e9saire, professeure, com\u00e9dienne et artiste sp\u00e9cialiste de l\u2019\u0153uvre de C\u00e9saire a \u00e9labor\u00e9 un projet pluridimensionnel pour \u00ab&nbsp;c\u00e9l\u00e9brer &hellip; <a href=\"https:\/\/site.ac-martinique.fr\/mdl\/?page_id=446\">Continuer la lecture <span class=\"meta-nav\">&rarr;<\/span><\/a><\/p>\n","protected":false},"author":243,"featured_media":0,"parent":66,"menu_order":3,"comment_status":"closed","ping_status":"closed","template":"","meta":{"footnotes":""},"class_list":["post-446","page","type-page","status-publish","hentry"],"_links":{"self":[{"href":"https:\/\/site.ac-martinique.fr\/mdl\/index.php?rest_route=\/wp\/v2\/pages\/446","targetHints":{"allow":["GET"]}}],"collection":[{"href":"https:\/\/site.ac-martinique.fr\/mdl\/index.php?rest_route=\/wp\/v2\/pages"}],"about":[{"href":"https:\/\/site.ac-martinique.fr\/mdl\/index.php?rest_route=\/wp\/v2\/types\/page"}],"author":[{"embeddable":true,"href":"https:\/\/site.ac-martinique.fr\/mdl\/index.php?rest_route=\/wp\/v2\/users\/243"}],"replies":[{"embeddable":true,"href":"https:\/\/site.ac-martinique.fr\/mdl\/index.php?rest_route=%2Fwp%2Fv2%2Fcomments&post=446"}],"version-history":[{"count":6,"href":"https:\/\/site.ac-martinique.fr\/mdl\/index.php?rest_route=\/wp\/v2\/pages\/446\/revisions"}],"predecessor-version":[{"id":509,"href":"https:\/\/site.ac-martinique.fr\/mdl\/index.php?rest_route=\/wp\/v2\/pages\/446\/revisions\/509"}],"up":[{"embeddable":true,"href":"https:\/\/site.ac-martinique.fr\/mdl\/index.php?rest_route=\/wp\/v2\/pages\/66"}],"wp:attachment":[{"href":"https:\/\/site.ac-martinique.fr\/mdl\/index.php?rest_route=%2Fwp%2Fv2%2Fmedia&parent=446"}],"curies":[{"name":"wp","href":"https:\/\/api.w.org\/{rel}","templated":true}]}}