{"id":498,"date":"2023-06-27T09:45:38","date_gmt":"2023-06-27T13:45:38","guid":{"rendered":"https:\/\/site.ac-martinique.fr\/mdl\/?page_id=498"},"modified":"2023-06-27T09:45:38","modified_gmt":"2023-06-27T13:45:38","slug":"etude-de-la-langue-demarche-video-sequence","status":"publish","type":"page","link":"https:\/\/site.ac-martinique.fr\/mdl\/?page_id=498","title":{"rendered":"Etude de la langue: d\u00e9marche, vid\u00e9o, s\u00e9quence"},"content":{"rendered":"\n<p><strong>La d\u00e9marche<\/strong><br>Vous trouverez ci-dessous un diaporama sur  l&rsquo;enseignement de l&rsquo;\u00e9tude de la langue aux cycles 2 et 3. Il pr\u00e9sente de mani\u00e8re synth\u00e9tique les principes cl\u00e9s, la d\u00e9marche et les attendus.<\/p>\n\n\n\n<div data-wp-interactive=\"core\/file\" class=\"wp-block-file\"><object data-wp-bind--hidden=\"!state.hasPdfPreview\" hidden class=\"wp-block-file__embed\" data=\"https:\/\/site.ac-martinique.fr\/mdl\/wp-content\/uploads\/sites\/95\/2023\/06\/diapo-synthetique-principes-cles-enseignement-grammaire.pdf\" type=\"application\/pdf\" style=\"width:100%;height:600px\" aria-label=\"Contenu embarqu\u00e9 diapo-synthetique-principes-cles-enseignement-grammaire.\"><\/object><a id=\"wp-block-file--media-816c5bc0-1d3f-4ae1-8103-3b5a1c21bf30\" href=\"https:\/\/site.ac-martinique.fr\/mdl\/wp-content\/uploads\/sites\/95\/2023\/06\/diapo-synthetique-principes-cles-enseignement-grammaire.pdf\">diapo-synthetique-principes-cles-enseignement-grammaire<\/a><a href=\"https:\/\/site.ac-martinique.fr\/mdl\/wp-content\/uploads\/sites\/95\/2023\/06\/diapo-synthetique-principes-cles-enseignement-grammaire.pdf\" class=\"wp-block-file__button wp-element-button\" download aria-describedby=\"wp-block-file--media-816c5bc0-1d3f-4ae1-8103-3b5a1c21bf30\">T\u00e9l\u00e9charger<\/a><\/div>\n\n\n\n<p><\/p>\n\n\n\n<p><strong>Grammaire: un exemple en vid\u00e9o<\/strong><br>Vid\u00e9o BSD: s\u00e9ance de tri de mots au CE2<\/p>\n\n\n\n<p>Cliquez sur <a href=\"https:\/\/www.reseau-canope.fr\/BSD\/sequence.aspx?bloc=886147\">https:\/\/www.reseau-canope.fr\/BSD\/sequence.aspx?bloc=886147<\/a><\/p>\n\n\n\n<p><\/p>\n\n\n\n<p><strong>Grammaire: S\u00e9quence<\/strong><br>A t\u00e9l\u00e9charger la fiche s\u00e9quence propos\u00e9e par la BSD intitul\u00e9e \u00ab\u00a0Tri de mots CE2: des tris individuels au tri n\u00e9goci\u00e9 \u00ab\u00a0<\/p>\n\n\n\n<div data-wp-interactive=\"core\/file\" class=\"wp-block-file\"><object data-wp-bind--hidden=\"!state.hasPdfPreview\" hidden class=\"wp-block-file__embed\" data=\"https:\/\/site.ac-martinique.fr\/mdl\/wp-content\/uploads\/sites\/95\/2023\/06\/BSD-fiche-prepa-tri-de-mots.pdf\" type=\"application\/pdf\" style=\"width:100%;height:600px\" aria-label=\"Contenu embarqu\u00e9 BSD-fiche-prepa-tri-de-mots.\"><\/object><a id=\"wp-block-file--media-8fa4c211-988c-4898-82e7-40e6ec5297d5\" href=\"https:\/\/site.ac-martinique.fr\/mdl\/wp-content\/uploads\/sites\/95\/2023\/06\/BSD-fiche-prepa-tri-de-mots.pdf\">BSD-fiche-prepa-tri-de-mots<\/a><a href=\"https:\/\/site.ac-martinique.fr\/mdl\/wp-content\/uploads\/sites\/95\/2023\/06\/BSD-fiche-prepa-tri-de-mots.pdf\" class=\"wp-block-file__button wp-element-button\" download aria-describedby=\"wp-block-file--media-8fa4c211-988c-4898-82e7-40e6ec5297d5\">T\u00e9l\u00e9charger<\/a><\/div>\n","protected":false},"excerpt":{"rendered":"<p>La d\u00e9marcheVous trouverez ci-dessous un diaporama sur l&rsquo;enseignement de l&rsquo;\u00e9tude de la langue aux cycles 2 et 3. Il pr\u00e9sente de mani\u00e8re synth\u00e9tique les principes cl\u00e9s, la d\u00e9marche et les attendus. Grammaire: un exemple en vid\u00e9oVid\u00e9o BSD: s\u00e9ance de tri &hellip; <a href=\"https:\/\/site.ac-martinique.fr\/mdl\/?page_id=498\">Continuer la lecture <span class=\"meta-nav\">&rarr;<\/span><\/a><\/p>\n","protected":false},"author":433,"featured_media":0,"parent":0,"menu_order":0,"comment_status":"closed","ping_status":"closed","template":"","meta":{"footnotes":""},"class_list":["post-498","page","type-page","status-publish","hentry"],"_links":{"self":[{"href":"https:\/\/site.ac-martinique.fr\/mdl\/index.php?rest_route=\/wp\/v2\/pages\/498","targetHints":{"allow":["GET"]}}],"collection":[{"href":"https:\/\/site.ac-martinique.fr\/mdl\/index.php?rest_route=\/wp\/v2\/pages"}],"about":[{"href":"https:\/\/site.ac-martinique.fr\/mdl\/index.php?rest_route=\/wp\/v2\/types\/page"}],"author":[{"embeddable":true,"href":"https:\/\/site.ac-martinique.fr\/mdl\/index.php?rest_route=\/wp\/v2\/users\/433"}],"replies":[{"embeddable":true,"href":"https:\/\/site.ac-martinique.fr\/mdl\/index.php?rest_route=%2Fwp%2Fv2%2Fcomments&post=498"}],"version-history":[{"count":1,"href":"https:\/\/site.ac-martinique.fr\/mdl\/index.php?rest_route=\/wp\/v2\/pages\/498\/revisions"}],"predecessor-version":[{"id":502,"href":"https:\/\/site.ac-martinique.fr\/mdl\/index.php?rest_route=\/wp\/v2\/pages\/498\/revisions\/502"}],"wp:attachment":[{"href":"https:\/\/site.ac-martinique.fr\/mdl\/index.php?rest_route=%2Fwp%2Fv2%2Fmedia&parent=498"}],"curies":[{"name":"wp","href":"https:\/\/api.w.org\/{rel}","templated":true}]}}