{"id":537,"date":"2023-06-29T08:12:14","date_gmt":"2023-06-29T12:12:14","guid":{"rendered":"https:\/\/site.ac-martinique.fr\/mdl\/?page_id=537"},"modified":"2023-06-29T21:59:50","modified_gmt":"2023-06-30T01:59:50","slug":"langage-oral","status":"publish","type":"page","link":"https:\/\/site.ac-martinique.fr\/mdl\/?page_id=537","title":{"rendered":"Langage oral"},"content":{"rendered":"\n<p>Dans cette rubrique, les \u00e9quipes enseignantes pourront trouver des ressources pour les aider \u00e0 enseigner le langage oral.<\/p>\n\n\n\n<ul class=\"wp-block-list\">\n<li><strong>Les 3 entr\u00e9es didactiques<\/strong> : dans le tableau ci-dessous, vous trouverez les entr\u00e9es didactiques \u00e0 partir desquelles sera organis\u00e9e l&rsquo;enseignement du langage oral dans la classe <\/li>\n<\/ul>\n\n\n\n<ul class=\"wp-block-list\">\n<li><strong>La d\u00e9marche spirale <\/strong>: dans le tableau ci-dessous , vous trouverez une proposition de d\u00e9marche d&rsquo;enseignement spiralaire  pour enseigner le langage oral <\/li>\n<\/ul>\n\n\n\n<ul class=\"wp-block-list\">\n<li><strong>Exemples d&rsquo;activit\u00e9s <\/strong>pour travailler le langage oral dans toutes les disciplines aux cycles 2 et 3 <\/li>\n<\/ul>\n\n\n\n<h2 class=\"wp-block-heading\"><strong>Langage oral \u00e0 la maternelle<\/strong><\/h2>\n\n\n\n<p>T\u00e9l\u00e9chargez une ressource Cycle 1 pour le langage oral. Il s&rsquo;agit d&rsquo;une ressource Eduscol Mobiliser le Langage dans toutes ses dimensions: Fiches rep\u00e8res<\/p>\n\n\n\n<div data-wp-interactive=\"core\/file\" class=\"wp-block-file\"><object data-wp-bind--hidden=\"!state.hasPdfPreview\" hidden class=\"wp-block-file__embed\" data=\"https:\/\/site.ac-martinique.fr\/mdl\/wp-content\/uploads\/sites\/95\/2023\/06\/Ress_c1_langage_fiches-repere_456406.pdf\" type=\"application\/pdf\" style=\"width:100%;height:600px\" aria-label=\"Contenu embarqu\u00e9 Ress_c1_langage_fiches-repere_456406.\"><\/object><a id=\"wp-block-file--media-772abf66-618a-4ea6-84c5-d6f8c4086339\" href=\"https:\/\/site.ac-martinique.fr\/mdl\/wp-content\/uploads\/sites\/95\/2023\/06\/Ress_c1_langage_fiches-repere_456406.pdf\">Ress_c1_langage_fiches-repere_456406<\/a><a href=\"https:\/\/site.ac-martinique.fr\/mdl\/wp-content\/uploads\/sites\/95\/2023\/06\/Ress_c1_langage_fiches-repere_456406.pdf\" class=\"wp-block-file__button wp-element-button\" download aria-describedby=\"wp-block-file--media-772abf66-618a-4ea6-84c5-d6f8c4086339\">T\u00e9l\u00e9charger<\/a><\/div>\n\n\n\n<p>La ressource suivante pr\u00e9sente 4 tableaux d&rsquo;indicateurs :<br>&#8211; les indicateurs de vigilance <br>&#8211; les indicateurs de progr\u00e8s<br>&#8211; des rep\u00e8res relatifs au d\u00e9veloppement du langage<br>&#8211; des \u00e9l\u00e9ments de progressivit\u00e9 de la SP \u00e0 la SG<\/p>\n\n\n\n<p><\/p>\n\n\n\n<div data-wp-interactive=\"core\/file\" class=\"wp-block-file\"><object data-wp-bind--hidden=\"!state.hasPdfPreview\" hidden class=\"wp-block-file__embed\" data=\"https:\/\/site.ac-martinique.fr\/mdl\/wp-content\/uploads\/sites\/95\/2023\/06\/Ress_c1_langage_oral_tableaux_456413.pdf\" type=\"application\/pdf\" style=\"width:100%;height:600px\" aria-label=\"Contenu embarqu\u00e9 Ress_c1_langage_oral_tableaux_456413.\"><\/object><a id=\"wp-block-file--media-8e27c294-ff9c-42cf-abec-1180c2c17f20\" href=\"https:\/\/site.ac-martinique.fr\/mdl\/wp-content\/uploads\/sites\/95\/2023\/06\/Ress_c1_langage_oral_tableaux_456413.pdf\">Ress_c1_langage_oral_tableaux_456413<\/a><a href=\"https:\/\/site.ac-martinique.fr\/mdl\/wp-content\/uploads\/sites\/95\/2023\/06\/Ress_c1_langage_oral_tableaux_456413.pdf\" class=\"wp-block-file__button wp-element-button\" download aria-describedby=\"wp-block-file--media-8e27c294-ff9c-42cf-abec-1180c2c17f20\">T\u00e9l\u00e9charger<\/a><\/div>\n","protected":false},"excerpt":{"rendered":"<p>Dans cette rubrique, les \u00e9quipes enseignantes pourront trouver des ressources pour les aider \u00e0 enseigner le langage oral. Langage oral \u00e0 la maternelle T\u00e9l\u00e9chargez une ressource Cycle 1 pour le langage oral. Il s&rsquo;agit d&rsquo;une ressource Eduscol Mobiliser le Langage &hellip; <a href=\"https:\/\/site.ac-martinique.fr\/mdl\/?page_id=537\">Continuer la lecture <span class=\"meta-nav\">&rarr;<\/span><\/a><\/p>\n","protected":false},"author":243,"featured_media":0,"parent":311,"menu_order":0,"comment_status":"closed","ping_status":"closed","template":"","meta":{"footnotes":""},"class_list":["post-537","page","type-page","status-publish","hentry"],"_links":{"self":[{"href":"https:\/\/site.ac-martinique.fr\/mdl\/index.php?rest_route=\/wp\/v2\/pages\/537","targetHints":{"allow":["GET"]}}],"collection":[{"href":"https:\/\/site.ac-martinique.fr\/mdl\/index.php?rest_route=\/wp\/v2\/pages"}],"about":[{"href":"https:\/\/site.ac-martinique.fr\/mdl\/index.php?rest_route=\/wp\/v2\/types\/page"}],"author":[{"embeddable":true,"href":"https:\/\/site.ac-martinique.fr\/mdl\/index.php?rest_route=\/wp\/v2\/users\/243"}],"replies":[{"embeddable":true,"href":"https:\/\/site.ac-martinique.fr\/mdl\/index.php?rest_route=%2Fwp%2Fv2%2Fcomments&post=537"}],"version-history":[{"count":5,"href":"https:\/\/site.ac-martinique.fr\/mdl\/index.php?rest_route=\/wp\/v2\/pages\/537\/revisions"}],"predecessor-version":[{"id":549,"href":"https:\/\/site.ac-martinique.fr\/mdl\/index.php?rest_route=\/wp\/v2\/pages\/537\/revisions\/549"}],"up":[{"embeddable":true,"href":"https:\/\/site.ac-martinique.fr\/mdl\/index.php?rest_route=\/wp\/v2\/pages\/311"}],"wp:attachment":[{"href":"https:\/\/site.ac-martinique.fr\/mdl\/index.php?rest_route=%2Fwp%2Fv2%2Fmedia&parent=537"}],"curies":[{"name":"wp","href":"https:\/\/api.w.org\/{rel}","templated":true}]}}