{"id":67,"date":"2021-10-03T12:09:57","date_gmt":"2021-10-03T16:09:57","guid":{"rendered":"https:\/\/site.ac-martinique.fr\/mdl\/?page_id=67"},"modified":"2023-10-18T16:29:49","modified_gmt":"2023-10-18T20:29:49","slug":"transat-jacques-vabre","status":"publish","type":"page","link":"https:\/\/site.ac-martinique.fr\/mdl\/?page_id=67","title":{"rendered":"Projet P\u00e9dagogique Transat Jacques Vabre"},"content":{"rendered":"\n<p>La<strong> dict\u00e9e<\/strong> a marqu\u00e9 le lancement du projet Transat Jacques Vabre ce lundi 16 octobre 2023. Les premi\u00e8res voiles devraient appara\u00eetre dans la baie de Fort-de-France \u00e0 partir du 12 novembre. <br>Cette ann\u00e9e, 40 classes de Martinique se sont inscrites au projet. <br>En compl\u00e9ment des nombreuses actions entreprises en classe, la mission Ma\u00eetrise de la langue de l&rsquo;acad\u00e9mie de Martinique propose aux enseignants un <strong>support p\u00e9dagogique<\/strong> destin\u00e9 \u00e0 r\u00e9activer les connaissances orthographiques des \u00e9l\u00e8ves et \u00e0 favoriser l&rsquo;installation de l&rsquo;univers de r\u00e9f\u00e9rence du monde maritime.<\/p>\n\n\n\n<p>Ci-dessous le lien du Genially<br><a href=\"https:\/\/view.genial.ly\/6150d0e11bf3500d4b64bb60\/presentation-transat-jacques-vabre-dictee-4-octobre-2021\">https:\/\/view.genial.ly\/6150d0e11bf3500d4b64bb60\/presentation-transat-jacques-vabre-dictee-4-octobre-2021<\/a><\/p>\n\n\n\n<figure class=\"wp-block-gallery has-nested-images columns-default is-cropped wp-block-gallery-1 is-layout-flex wp-block-gallery-is-layout-flex\">\n<figure class=\"wp-block-image size-large\"><img loading=\"lazy\" decoding=\"async\" width=\"1024\" height=\"443\" data-id=\"561\" src=\"https:\/\/site.ac-martinique.fr\/mdl\/wp-content\/uploads\/sites\/95\/2023\/10\/Capture-genially-1024x443.png\" alt=\"\" class=\"wp-image-561\" srcset=\"https:\/\/site.ac-martinique.fr\/mdl\/wp-content\/uploads\/sites\/95\/2023\/10\/Capture-genially-1024x443.png 1024w, https:\/\/site.ac-martinique.fr\/mdl\/wp-content\/uploads\/sites\/95\/2023\/10\/Capture-genially-300x130.png 300w, https:\/\/site.ac-martinique.fr\/mdl\/wp-content\/uploads\/sites\/95\/2023\/10\/Capture-genially-768x332.png 768w, https:\/\/site.ac-martinique.fr\/mdl\/wp-content\/uploads\/sites\/95\/2023\/10\/Capture-genially.png 1335w\" sizes=\"auto, (max-width: 1024px) 100vw, 1024px\" \/><\/figure>\n<\/figure>\n\n\n\n<p><a href=\"https:\/\/www.transatjacquesvabre.org\/le-parcours\" data-type=\"link\" data-id=\"https:\/\/www.transatjacquesvabre.org\/le-parcours\">L<\/a>e <strong>site internet de La transat Jacques Vabre<\/strong> facilite \u00e9galement l&rsquo;exploitation p\u00e9dagogique de cet \u00e9venement: pr\u00e9sentation du parcours, des skippers, des bateaux, d&rsquo;un kit p\u00e9dagogique..<br><a href=\"https:\/\/www.transatjacquesvabre.org\/\" data-type=\"link\" data-id=\"https:\/\/www.transatjacquesvabre.org\/\">https:\/\/www.transatjacquesvabre.org\/<\/a><\/p>\n","protected":false},"excerpt":{"rendered":"<p>La dict\u00e9e a marqu\u00e9 le lancement du projet Transat Jacques Vabre ce lundi 16 octobre 2023. Les premi\u00e8res voiles devraient appara\u00eetre dans la baie de Fort-de-France \u00e0 partir du 12 novembre. Cette ann\u00e9e, 40 classes de Martinique se sont inscrites &hellip; <a href=\"https:\/\/site.ac-martinique.fr\/mdl\/?page_id=67\">Continuer la lecture <span class=\"meta-nav\">&rarr;<\/span><\/a><\/p>\n","protected":false},"author":433,"featured_media":0,"parent":0,"menu_order":0,"comment_status":"closed","ping_status":"closed","template":"","meta":{"footnotes":""},"class_list":["post-67","page","type-page","status-publish","hentry"],"_links":{"self":[{"href":"https:\/\/site.ac-martinique.fr\/mdl\/index.php?rest_route=\/wp\/v2\/pages\/67","targetHints":{"allow":["GET"]}}],"collection":[{"href":"https:\/\/site.ac-martinique.fr\/mdl\/index.php?rest_route=\/wp\/v2\/pages"}],"about":[{"href":"https:\/\/site.ac-martinique.fr\/mdl\/index.php?rest_route=\/wp\/v2\/types\/page"}],"author":[{"embeddable":true,"href":"https:\/\/site.ac-martinique.fr\/mdl\/index.php?rest_route=\/wp\/v2\/users\/433"}],"replies":[{"embeddable":true,"href":"https:\/\/site.ac-martinique.fr\/mdl\/index.php?rest_route=%2Fwp%2Fv2%2Fcomments&post=67"}],"version-history":[{"count":4,"href":"https:\/\/site.ac-martinique.fr\/mdl\/index.php?rest_route=\/wp\/v2\/pages\/67\/revisions"}],"predecessor-version":[{"id":564,"href":"https:\/\/site.ac-martinique.fr\/mdl\/index.php?rest_route=\/wp\/v2\/pages\/67\/revisions\/564"}],"wp:attachment":[{"href":"https:\/\/site.ac-martinique.fr\/mdl\/index.php?rest_route=%2Fwp%2Fv2%2Fmedia&parent=67"}],"curies":[{"name":"wp","href":"https:\/\/api.w.org\/{rel}","templated":true}]}}