{"id":70,"date":"2021-10-03T12:09:57","date_gmt":"2021-10-03T16:09:57","guid":{"rendered":"https:\/\/site.ac-martinique.fr\/mdl\/?page_id=70"},"modified":"2023-06-28T21:18:05","modified_gmt":"2023-06-29T01:18:05","slug":"production-decrits","status":"publish","type":"page","link":"https:\/\/site.ac-martinique.fr\/mdl\/?page_id=70","title":{"rendered":"Production d&rsquo;\u00e9crits"},"content":{"rendered":"\n<p>Dans cette rubrique, les enseignants pourront retrouver quelques pistes pour les aider \u00e0 mettre en ouvre l&rsquo;enseignement de la production d&rsquo;\u00e9crits dans leur classe<\/p>\n\n\n\n<ul class=\"wp-block-list\">\n<li><strong>En cliquant sur le lien ci-apr\u00e8s, vous trouverez dans le padlet quelques pistes d&rsquo;activit\u00e9s pour enseigner la production d&rsquo;\u00e9crits <\/strong><\/li>\n<\/ul>\n\n\n\n<p><a href=\"https:\/\/padlet.com\/pascal_optaly\/ogs7ihnnw9xbi5an\">Production d&rsquo;\u00e9crits (padlet.com)<\/a> : <\/p>\n\n\n\n<ul class=\"wp-block-list\">\n<li><strong>Vous trouverez ci-apr\u00e8s un diaporama interactif pr\u00e9sentant  les retours d&rsquo;exp\u00e9rimentation men\u00e9s par des enseignantes de cycle 3 autour des \u00e9crits de travail dans diff\u00e9rentes disciplines <\/strong><\/li>\n<\/ul>\n\n\n\n<div data-wp-interactive=\"core\/file\" class=\"wp-block-file\"><object data-wp-bind--hidden=\"!state.hasPdfPreview\" hidden class=\"wp-block-file__embed\" data=\"https:\/\/site.ac-martinique.fr\/mdl\/wp-content\/uploads\/sites\/95\/2023\/06\/les-ecrits-de-travail-retour-dexperimentations.pdf\" type=\"application\/pdf\" style=\"width:100%;height:600px\" aria-label=\"Contenu embarqu\u00e9 les-ecrits-de-travail-retour-dexperimentations.\"><\/object><a id=\"wp-block-file--media-9343cffe-e0b9-4520-9853-aebad38805bd\" href=\"https:\/\/site.ac-martinique.fr\/mdl\/wp-content\/uploads\/sites\/95\/2023\/06\/les-ecrits-de-travail-retour-dexperimentations.pdf\">les-ecrits-de-travail-retour-dexperimentations<\/a><a href=\"https:\/\/site.ac-martinique.fr\/mdl\/wp-content\/uploads\/sites\/95\/2023\/06\/les-ecrits-de-travail-retour-dexperimentations.pdf\" class=\"wp-block-file__button wp-element-button\" download aria-describedby=\"wp-block-file--media-9343cffe-e0b9-4520-9853-aebad38805bd\">T\u00e9l\u00e9charger<\/a><\/div>\n\n\n\n<ul class=\"wp-block-list\">\n<li><strong>Vous trouverez ci-apr\u00e8s quelques exemples de jeux d&rsquo;\u00e9criture  pour le cycle 2<\/strong><\/li>\n<\/ul>\n\n\n\n<div data-wp-interactive=\"core\/file\" class=\"wp-block-file\"><object data-wp-bind--hidden=\"!state.hasPdfPreview\" hidden class=\"wp-block-file__embed\" data=\"https:\/\/site.ac-martinique.fr\/mdl\/wp-content\/uploads\/sites\/95\/2023\/06\/exemples-de-jeu-decriture-au-cycle-2.pdf\" type=\"application\/pdf\" style=\"width:100%;height:600px\" aria-label=\"Contenu embarqu\u00e9 exemples-de-jeu-decriture-au-cycle-2.\"><\/object><a id=\"wp-block-file--media-2dc90114-f129-42d8-9dc7-3667eb0e8229\" href=\"https:\/\/site.ac-martinique.fr\/mdl\/wp-content\/uploads\/sites\/95\/2023\/06\/exemples-de-jeu-decriture-au-cycle-2.pdf\">exemples-de-jeu-decriture-au-cycle-2<\/a><a href=\"https:\/\/site.ac-martinique.fr\/mdl\/wp-content\/uploads\/sites\/95\/2023\/06\/exemples-de-jeu-decriture-au-cycle-2.pdf\" class=\"wp-block-file__button wp-element-button\" download aria-describedby=\"wp-block-file--media-2dc90114-f129-42d8-9dc7-3667eb0e8229\">T\u00e9l\u00e9charger<\/a><\/div>\n\n\n\n<ul class=\"wp-block-list\">\n<li><strong>En cliquant sur le lien suivant, vous trouverez <a rel=\"noreferrer noopener\" href=\"https:\/\/www.reseau-canope.fr\/BSD\/sequence.aspx?bloc=886172#:~:text=Cette%20production%20d'%C3%A9crit%20s,%2C%20mise%20en%20texte%2C%20r%C3%A9vision.\" data-type=\"URL\" data-id=\"https:\/\/www.reseau-canope.fr\/BSD\/sequence.aspx?bloc=886172#:~:text=Cette%20production%20d'%C3%A9crit%20s,%2C%20mise%20en%20texte%2C%20r%C3%A9vision.\" target=\"_blank\">une vid\u00e9o<\/a> pr\u00e9sentant un  exemple d&rsquo;enseignement explicite d&rsquo;une d\u00e9marche de production d&rsquo;\u00e9crit au cycle 2<\/strong><\/li>\n<\/ul>\n","protected":false},"excerpt":{"rendered":"<p>Dans cette rubrique, les enseignants pourront retrouver quelques pistes pour les aider \u00e0 mettre en ouvre l&rsquo;enseignement de la production d&rsquo;\u00e9crits dans leur classe Production d&rsquo;\u00e9crits (padlet.com) :<\/p>\n","protected":false},"author":244,"featured_media":0,"parent":0,"menu_order":0,"comment_status":"closed","ping_status":"closed","template":"","meta":{"footnotes":""},"class_list":["post-70","page","type-page","status-publish","hentry"],"_links":{"self":[{"href":"https:\/\/site.ac-martinique.fr\/mdl\/index.php?rest_route=\/wp\/v2\/pages\/70","targetHints":{"allow":["GET"]}}],"collection":[{"href":"https:\/\/site.ac-martinique.fr\/mdl\/index.php?rest_route=\/wp\/v2\/pages"}],"about":[{"href":"https:\/\/site.ac-martinique.fr\/mdl\/index.php?rest_route=\/wp\/v2\/types\/page"}],"author":[{"embeddable":true,"href":"https:\/\/site.ac-martinique.fr\/mdl\/index.php?rest_route=\/wp\/v2\/users\/244"}],"replies":[{"embeddable":true,"href":"https:\/\/site.ac-martinique.fr\/mdl\/index.php?rest_route=%2Fwp%2Fv2%2Fcomments&post=70"}],"version-history":[{"count":9,"href":"https:\/\/site.ac-martinique.fr\/mdl\/index.php?rest_route=\/wp\/v2\/pages\/70\/revisions"}],"predecessor-version":[{"id":528,"href":"https:\/\/site.ac-martinique.fr\/mdl\/index.php?rest_route=\/wp\/v2\/pages\/70\/revisions\/528"}],"wp:attachment":[{"href":"https:\/\/site.ac-martinique.fr\/mdl\/index.php?rest_route=%2Fwp%2Fv2%2Fmedia&parent=70"}],"curies":[{"name":"wp","href":"https:\/\/api.w.org\/{rel}","templated":true}]}}