{"id":243,"date":"2013-08-24T11:14:39","date_gmt":"2013-08-24T14:44:39","guid":{"rendered":"\/missionmaitrisedelalangue\/?page_id=243"},"modified":"2017-06-27T12:00:57","modified_gmt":"2017-06-27T15:30:57","slug":"bilan","status":"publish","type":"page","link":"https:\/\/site.ac-martinique.fr\/missionmaitrisedelalangue\/?page_id=243","title":{"rendered":"Bilan"},"content":{"rendered":"<p><span style=\"text-decoration: underline\"><strong>Bilan de l\u2019\u00e9valuation de suivi de cohorte en ma\u00eetrise de la langue:<\/strong><\/span><\/p>\n<p><a href=\"\/missionmaitrisedelalangue\/wp-content\/uploads\/sites\/32\/2016\/11\/Bilan-de-l\u2019\u00e9valuation-de-suivi-de-cohorte-en-GS.ppsx\" target=\"_blank\">Grande section<\/a>\u00a0<b> \u00a0 \u00a0 \u00a0 \u00a0 \u00a0 \u00a0<\/b><\/p>\n<p><a href=\"\/missionmaitrisedelalangue\/wp-content\/uploads\/sites\/32\/2016\/11\/Bilan-de-l\u2019\u00e9valuation-de-suivi-de-cohorte-CE2.ppsx\" target=\"_blank\">CE2<\/a><\/p>\n<p><span style=\"text-decoration: underline\"><strong>Autres \u00e9valuations acad\u00e9miques:<\/strong><\/span><\/p>\n<p><a href=\"\/missionmaitrisedelalangue\/wp-content\/uploads\/sites\/32\/2016\/11\/Bilan-Evaluation-CR-de-rentr\u00e9e.pdf\" target=\"_blank\">Bilan de l\u2019\u00e9valuation en fin de p\u00e9riode 1 au CP<\/a><\/p>\n<p><a href=\"\/missionmaitrisedelalangue\/wp-content\/uploads\/sites\/32\/2017\/02\/TEST-ACADEMIQUE-DE-FLUENCE-AU-CE.pdf\" target=\"_blank\">Test acad\u00e9mique de fluence au CE<\/a><\/p>\n<p>&nbsp;<\/p>\n","protected":false},"excerpt":{"rendered":"<p>Bilan de l\u2019\u00e9valuation de suivi de cohorte en ma\u00eetrise de la langue: Grande section\u00a0 \u00a0 \u00a0 \u00a0 \u00a0 \u00a0 \u00a0 CE2 Autres \u00e9valuations acad\u00e9miques: Bilan de l\u2019\u00e9valuation en fin de p\u00e9riode 1 au CP Test acad\u00e9mique de fluence au CE &hellip; <a href=\"https:\/\/site.ac-martinique.fr\/missionmaitrisedelalangue\/?page_id=243\">Continuer la lecture <span class=\"meta-nav\">&rarr;<\/span><\/a><\/p>\n","protected":false},"author":90,"featured_media":0,"parent":127,"menu_order":0,"comment_status":"closed","ping_status":"closed","template":"","meta":{"footnotes":""},"class_list":["post-243","page","type-page","status-publish","hentry"],"_links":{"self":[{"href":"https:\/\/site.ac-martinique.fr\/missionmaitrisedelalangue\/index.php?rest_route=\/wp\/v2\/pages\/243","targetHints":{"allow":["GET"]}}],"collection":[{"href":"https:\/\/site.ac-martinique.fr\/missionmaitrisedelalangue\/index.php?rest_route=\/wp\/v2\/pages"}],"about":[{"href":"https:\/\/site.ac-martinique.fr\/missionmaitrisedelalangue\/index.php?rest_route=\/wp\/v2\/types\/page"}],"author":[{"embeddable":true,"href":"https:\/\/site.ac-martinique.fr\/missionmaitrisedelalangue\/index.php?rest_route=\/wp\/v2\/users\/90"}],"replies":[{"embeddable":true,"href":"https:\/\/site.ac-martinique.fr\/missionmaitrisedelalangue\/index.php?rest_route=%2Fwp%2Fv2%2Fcomments&post=243"}],"version-history":[{"count":11,"href":"https:\/\/site.ac-martinique.fr\/missionmaitrisedelalangue\/index.php?rest_route=\/wp\/v2\/pages\/243\/revisions"}],"predecessor-version":[{"id":708,"href":"https:\/\/site.ac-martinique.fr\/missionmaitrisedelalangue\/index.php?rest_route=\/wp\/v2\/pages\/243\/revisions\/708"}],"up":[{"embeddable":true,"href":"https:\/\/site.ac-martinique.fr\/missionmaitrisedelalangue\/index.php?rest_route=\/wp\/v2\/pages\/127"}],"wp:attachment":[{"href":"https:\/\/site.ac-martinique.fr\/missionmaitrisedelalangue\/index.php?rest_route=%2Fwp%2Fv2%2Fmedia&parent=243"}],"curies":[{"name":"wp","href":"https:\/\/api.w.org\/{rel}","templated":true}]}}