{"id":456,"date":"2016-09-13T11:32:58","date_gmt":"2016-09-13T15:02:58","guid":{"rendered":"\/missionmaitrisedelalangue\/?page_id=456"},"modified":"2017-06-27T11:54:37","modified_gmt":"2017-06-27T15:24:37","slug":"petits-champions-de-la-lecture","status":"publish","type":"page","link":"https:\/\/site.ac-martinique.fr\/missionmaitrisedelalangue\/?page_id=456","title":{"rendered":"Petits champions de la lecture"},"content":{"rendered":"<p>A l\u2019initiative du syndicat national de l\u2019\u00e9dition (SNE), l\u2019association <em>Les petits champions de la lecture<\/em>, pr\u00e9sid\u00e9e par Antoine Gallimard, organise un grand concours national de lecture \u00e0 voix haute, destin\u00e9 gratuitement aux \u00e9l\u00e8ves de classe de CM2.<\/p>\n<p>Cette proposition s\u2019inscrit dans les actions de promotion de la lecture oralis\u00e9e, en conformit\u00e9 avec les programmes du premier degr\u00e9. Elle valorise la lecture et l\u2019acquisition par les \u00e9l\u00e8ves de comp\u00e9tences encore trop souvent consid\u00e9r\u00e9es comme se d\u00e9veloppant spontan\u00e9ment\u00a0: prise de parole et ma\u00eetrise de soi dans des situations vari\u00e9es de langage oral.<\/p>\n<p>L\u2019action se d\u00e9roule tout au long de l\u2019ann\u00e9e scolaire. Elle engage les \u00e9l\u00e8ves \u00e0 lire \u00e0 voix haute un texte qu\u2019ils ont choisi et \u00e0 b\u00e9n\u00e9ficier d\u2019aide et de conseils pour devenir de bons lecteurs, acqu\u00e9rir aisance et confiance en eux, g\u00e9rer stress et timidit\u00e9.<\/p>\n<p>Le syndicat national de l\u2019\u00e9dition (SNE) en est le principal organisateur.<\/p>\n<p>L\u2019op\u00e9ration est relay\u00e9e sur Eduscol sur les pages d\u00e9di\u00e9es des s\u00e9lections de r\u00e9f\u00e9rences de litt\u00e9rature pour les cycles 2 et 3 de l\u2019\u00e9cole, et sur celles d\u2019autres ressources p\u00e9dagogiques concernant la lecture \u00e0 haute voix.<\/p>\n<p>Le site des <a href=\"http:\/\/lespetitschampionsdelalecture.fr\/\" target=\"_blank\"><em>Petits champions de la lecture<\/em><\/a>, donne acc\u00e8s \u00e0 toutes les informations sur l\u2019organisation de l\u2019op\u00e9ration \u00e0 destination du milieu scolaire et propose des ressources pour aider les enseignants \u00e0 conduire leurs projets (sur inscription \u00e0 l\u2019aide d\u2019une adresse acad\u00e9mique).<\/p>\n<p>&nbsp;<\/p>\n","protected":false},"excerpt":{"rendered":"<p>A l\u2019initiative du syndicat national de l\u2019\u00e9dition (SNE), l\u2019association Les petits champions de la lecture, pr\u00e9sid\u00e9e par Antoine Gallimard, organise un grand concours national de lecture \u00e0 voix haute, destin\u00e9 gratuitement aux \u00e9l\u00e8ves de classe de CM2. Cette proposition s\u2019inscrit &hellip; <a href=\"https:\/\/site.ac-martinique.fr\/missionmaitrisedelalangue\/?page_id=456\">Continuer la lecture <span class=\"meta-nav\">&rarr;<\/span><\/a><\/p>\n","protected":false},"author":90,"featured_media":0,"parent":454,"menu_order":2,"comment_status":"closed","ping_status":"closed","template":"","meta":{"footnotes":""},"class_list":["post-456","page","type-page","status-publish","hentry"],"_links":{"self":[{"href":"https:\/\/site.ac-martinique.fr\/missionmaitrisedelalangue\/index.php?rest_route=\/wp\/v2\/pages\/456","targetHints":{"allow":["GET"]}}],"collection":[{"href":"https:\/\/site.ac-martinique.fr\/missionmaitrisedelalangue\/index.php?rest_route=\/wp\/v2\/pages"}],"about":[{"href":"https:\/\/site.ac-martinique.fr\/missionmaitrisedelalangue\/index.php?rest_route=\/wp\/v2\/types\/page"}],"author":[{"embeddable":true,"href":"https:\/\/site.ac-martinique.fr\/missionmaitrisedelalangue\/index.php?rest_route=\/wp\/v2\/users\/90"}],"replies":[{"embeddable":true,"href":"https:\/\/site.ac-martinique.fr\/missionmaitrisedelalangue\/index.php?rest_route=%2Fwp%2Fv2%2Fcomments&post=456"}],"version-history":[{"count":18,"href":"https:\/\/site.ac-martinique.fr\/missionmaitrisedelalangue\/index.php?rest_route=\/wp\/v2\/pages\/456\/revisions"}],"predecessor-version":[{"id":704,"href":"https:\/\/site.ac-martinique.fr\/missionmaitrisedelalangue\/index.php?rest_route=\/wp\/v2\/pages\/456\/revisions\/704"}],"up":[{"embeddable":true,"href":"https:\/\/site.ac-martinique.fr\/missionmaitrisedelalangue\/index.php?rest_route=\/wp\/v2\/pages\/454"}],"wp:attachment":[{"href":"https:\/\/site.ac-martinique.fr\/missionmaitrisedelalangue\/index.php?rest_route=%2Fwp%2Fv2%2Fmedia&parent=456"}],"curies":[{"name":"wp","href":"https:\/\/api.w.org\/{rel}","templated":true}]}}