{"id":470,"date":"2016-09-13T12:05:07","date_gmt":"2016-09-13T15:35:07","guid":{"rendered":"\/missionmaitrisedelalangue\/?page_id=470"},"modified":"2016-11-16T16:18:57","modified_gmt":"2016-11-16T19:48:57","slug":"pour-acceder-au-stade-orthographique-2","status":"publish","type":"page","link":"https:\/\/site.ac-martinique.fr\/missionmaitrisedelalangue\/?page_id=470","title":{"rendered":"liste des phon\u00e8mes"},"content":{"rendered":"<p><a href=\"\/missionmaitrisedelalangue\/wp-content\/uploads\/sites\/32\/2016\/11\/le-phon\u00e8me-y-.doc\" target=\"_blank\">Le phon\u00e8me [y]<\/a><\/p>\n<p><a href=\"\/missionmaitrisedelalangue\/wp-content\/uploads\/sites\/32\/2016\/11\/le-phon\u00e8me-w\u025b\u0303.doc\" target=\"_blank\">Le phon\u00e8me [w\u025b\u0303]<\/a><\/p>\n<p><a href=\"\/missionmaitrisedelalangue\/wp-content\/uploads\/sites\/32\/2016\/11\/le-phon\u00e8me-wa.doc\" target=\"_blank\">Le phon\u00e8me [wa]<\/a><\/p>\n<p><a href=\"\/missionmaitrisedelalangue\/wp-content\/uploads\/sites\/32\/2016\/11\/le-phon\u00e8me-v.doc\" target=\"_blank\">Le phon\u00e8me [v]<\/a><\/p>\n<p><a href=\"\/missionmaitrisedelalangue\/wp-content\/uploads\/sites\/32\/2016\/11\/le-phon\u00e8me-s.odt\" target=\"_blank\">Le phon\u00e8me [s]<\/a><\/p>\n<p><a href=\"\/missionmaitrisedelalangue\/wp-content\/uploads\/sites\/32\/2016\/11\/le-phon\u00e8me-r.doc\" target=\"_blank\">Le phon\u00e8me [r]<\/a><\/p>\n<p><a href=\"\/missionmaitrisedelalangue\/wp-content\/uploads\/sites\/32\/2016\/11\/le-phon\u00e8me-m.doc\" target=\"_blank\">Le phon\u00e8me [m]<\/a><\/p>\n<p><a href=\"\/missionmaitrisedelalangue\/wp-content\/uploads\/sites\/32\/2016\/11\/le-phon\u00e8me-k.doc\" target=\"_blank\">Le phon\u00e8me [k]<\/a><\/p>\n<p><a href=\"\/missionmaitrisedelalangue\/wp-content\/uploads\/sites\/32\/2016\/11\/le-phon\u00e8me-g.doc\" target=\"_blank\">Le phon\u00e8me [g]<\/a><\/p>\n<p><a href=\"\/missionmaitrisedelalangue\/wp-content\/uploads\/sites\/32\/2016\/11\/le-phon\u00e8me-f.doc\" target=\"_blank\">Le phon\u00e8me [f]<\/a><\/p>\n<p><a href=\"\/missionmaitrisedelalangue\/wp-content\/uploads\/sites\/32\/2016\/11\/le-phon\u00e8me-\u025b\u0303.doc\" target=\"_blank\">Le phon\u00e8me [\u025b\u0303]<\/a><\/p>\n<p><a href=\"\/missionmaitrisedelalangue\/wp-content\/uploads\/sites\/32\/2016\/11\/le-phon\u00e8me-\u0190.doc\" target=\"_blank\">Le phon\u00e8me [\u0190]<\/a><\/p>\n<p><a href=\"\/missionmaitrisedelalangue\/wp-content\/uploads\/sites\/32\/2016\/11\/le-phon\u00e8me-e-.doc\" target=\"_blank\">Le phon\u00e8me [e]<\/a><\/p>\n<p><a href=\"\/missionmaitrisedelalangue\/wp-content\/uploads\/sites\/32\/2016\/11\/le-phon\u00e8me-a.doc\" target=\"_blank\">Le phon\u00e8me [a]<\/a><\/p>\n<p><a href=\"\/missionmaitrisedelalangue\/wp-content\/uploads\/sites\/32\/2016\/11\/le-phon\u00e8me-z-.doc\" target=\"_blank\">Le phon\u00e8me [z]<\/a><\/p>\n<p><a href=\"\/missionmaitrisedelalangue\/wp-content\/uploads\/sites\/32\/2016\/11\/le-phon\u00e8me-u-.doc\" target=\"_blank\">Le phon\u00e8me [u]<\/a><\/p>\n<p><a href=\"\/missionmaitrisedelalangue\/wp-content\/uploads\/sites\/32\/2016\/11\/le-phon\u00e8me-t-.doc\" target=\"_blank\">Le phon\u00e8me [t]<\/a><\/p>\n<p><a href=\"\/missionmaitrisedelalangue\/wp-content\/uploads\/sites\/32\/2016\/11\/le-phon\u00e8me-p.doc\" target=\"_blank\">Le phon\u00e8me [p]<\/a><\/p>\n<p><a href=\"\/missionmaitrisedelalangue\/?p=649\" target=\"_blank\">Le phon\u00e8me [o]<\/a><\/p>\n<p><a href=\"\/missionmaitrisedelalangue\/wp-content\/uploads\/sites\/32\/2016\/11\/le-phon\u00e8me-n-.doc\" target=\"_blank\">Le phon\u00e8me [n]<\/a><\/p>\n<p><a href=\"\/missionmaitrisedelalangue\/wp-content\/uploads\/sites\/32\/2016\/11\/le-phon\u00e8me-\u0272-.doc\" target=\"_blank\">Le phon\u00e8me [\u0272]<\/a><\/p>\n<p><a href=\"\/missionmaitrisedelalangue\/wp-content\/uploads\/sites\/32\/2016\/11\/le-phon\u00e8me-l-.doc\" target=\"_blank\">Le phon\u00e8me [l]<\/a><\/p>\n<p><a href=\"\/missionmaitrisedelalangue\/wp-content\/uploads\/sites\/32\/2016\/11\/le-phon\u00e8me-i-.doc\" target=\"_blank\">Le phon\u00e8me [i]<\/a><\/p>\n<p><a href=\"\/missionmaitrisedelalangue\/wp-content\/uploads\/sites\/32\/2016\/11\/le-phon\u00e8me-\u222b-.odt\" target=\"_blank\">Le phon\u00e8me [\u222b]<\/a><\/p>\n<p><a href=\"\/missionmaitrisedelalangue\/wp-content\/uploads\/sites\/32\/2016\/11\/le-phon\u00e8me-j-.doc\" target=\"_blank\">Le phon\u00e8me [j]<\/a><\/p>\n<p><a href=\"\/missionmaitrisedelalangue\/wp-content\/uploads\/sites\/32\/2016\/11\/le-phon\u00e8me-\u0292-.odt\" target=\"_blank\">Le phon\u00e8me [\u0292]<\/a><\/p>\n<p><a href=\"\/missionmaitrisedelalangue\/wp-content\/uploads\/sites\/32\/2016\/11\/le-phon\u00e8me-\u0254\u0303-.odt\" target=\"_blank\">Le phon\u00e8me [\u0254\u0303]<\/a><\/p>\n","protected":false},"excerpt":{"rendered":"<p>Le phon\u00e8me [y] Le phon\u00e8me [w\u025b\u0303] Le phon\u00e8me [wa] Le phon\u00e8me [v] Le phon\u00e8me [s] Le phon\u00e8me [r] Le phon\u00e8me [m] Le phon\u00e8me [k] Le phon\u00e8me [g] Le phon\u00e8me [f] Le phon\u00e8me [\u025b\u0303] Le phon\u00e8me [\u0190] Le phon\u00e8me [e] Le &hellip; <a href=\"https:\/\/site.ac-martinique.fr\/missionmaitrisedelalangue\/?page_id=470\">Continuer la lecture <span class=\"meta-nav\">&rarr;<\/span><\/a><\/p>\n","protected":false},"author":90,"featured_media":0,"parent":603,"menu_order":1,"comment_status":"closed","ping_status":"closed","template":"","meta":{"footnotes":""},"class_list":["post-470","page","type-page","status-publish","hentry"],"_links":{"self":[{"href":"https:\/\/site.ac-martinique.fr\/missionmaitrisedelalangue\/index.php?rest_route=\/wp\/v2\/pages\/470","targetHints":{"allow":["GET"]}}],"collection":[{"href":"https:\/\/site.ac-martinique.fr\/missionmaitrisedelalangue\/index.php?rest_route=\/wp\/v2\/pages"}],"about":[{"href":"https:\/\/site.ac-martinique.fr\/missionmaitrisedelalangue\/index.php?rest_route=\/wp\/v2\/types\/page"}],"author":[{"embeddable":true,"href":"https:\/\/site.ac-martinique.fr\/missionmaitrisedelalangue\/index.php?rest_route=\/wp\/v2\/users\/90"}],"replies":[{"embeddable":true,"href":"https:\/\/site.ac-martinique.fr\/missionmaitrisedelalangue\/index.php?rest_route=%2Fwp%2Fv2%2Fcomments&post=470"}],"version-history":[{"count":8,"href":"https:\/\/site.ac-martinique.fr\/missionmaitrisedelalangue\/index.php?rest_route=\/wp\/v2\/pages\/470\/revisions"}],"predecessor-version":[{"id":674,"href":"https:\/\/site.ac-martinique.fr\/missionmaitrisedelalangue\/index.php?rest_route=\/wp\/v2\/pages\/470\/revisions\/674"}],"up":[{"embeddable":true,"href":"https:\/\/site.ac-martinique.fr\/missionmaitrisedelalangue\/index.php?rest_route=\/wp\/v2\/pages\/603"}],"wp:attachment":[{"href":"https:\/\/site.ac-martinique.fr\/missionmaitrisedelalangue\/index.php?rest_route=%2Fwp%2Fv2%2Fmedia&parent=470"}],"curies":[{"name":"wp","href":"https:\/\/api.w.org\/{rel}","templated":true}]}}