{"id":531,"date":"2016-10-13T23:46:58","date_gmt":"2016-10-14T03:16:58","guid":{"rendered":"\/missionmaitrisedelalangue\/?page_id=531"},"modified":"2016-11-16T15:55:42","modified_gmt":"2016-11-16T19:25:42","slug":"tri-par-phoneme","status":"publish","type":"page","link":"https:\/\/site.ac-martinique.fr\/missionmaitrisedelalangue\/?page_id=531","title":{"rendered":"Tri par phon\u00e8me"},"content":{"rendered":"<p><strong>Les graphies du son [\u025b\u0303]:<\/strong><\/p>\n<p><a href=\"\/missionmaitrisedelalangue\/wp-content\/uploads\/sites\/32\/2016\/11\/Les-graphies-dun-son-IN-AIN-EIN-etc.docx\" target=\"_blank\">T\u00e9l\u00e9charger la fiche au format Word<\/a><\/p>\n<p><a href=\"\/missionmaitrisedelalangue\/wp-content\/uploads\/sites\/32\/2016\/11\/Les-graphies-dun-son-IN-AIN-EIN-etc.pdf\" target=\"_blank\">T\u00e9l\u00e9charger la fiche au format PDF<\/a><\/p>\n","protected":false},"excerpt":{"rendered":"<p>Les graphies du son [\u025b\u0303]: T\u00e9l\u00e9charger la fiche au format Word T\u00e9l\u00e9charger la fiche au format PDF<\/p>\n","protected":false},"author":90,"featured_media":0,"parent":603,"menu_order":0,"comment_status":"closed","ping_status":"closed","template":"","meta":{"footnotes":""},"class_list":["post-531","page","type-page","status-publish","hentry"],"_links":{"self":[{"href":"https:\/\/site.ac-martinique.fr\/missionmaitrisedelalangue\/index.php?rest_route=\/wp\/v2\/pages\/531","targetHints":{"allow":["GET"]}}],"collection":[{"href":"https:\/\/site.ac-martinique.fr\/missionmaitrisedelalangue\/index.php?rest_route=\/wp\/v2\/pages"}],"about":[{"href":"https:\/\/site.ac-martinique.fr\/missionmaitrisedelalangue\/index.php?rest_route=\/wp\/v2\/types\/page"}],"author":[{"embeddable":true,"href":"https:\/\/site.ac-martinique.fr\/missionmaitrisedelalangue\/index.php?rest_route=\/wp\/v2\/users\/90"}],"replies":[{"embeddable":true,"href":"https:\/\/site.ac-martinique.fr\/missionmaitrisedelalangue\/index.php?rest_route=%2Fwp%2Fv2%2Fcomments&post=531"}],"version-history":[{"count":6,"href":"https:\/\/site.ac-martinique.fr\/missionmaitrisedelalangue\/index.php?rest_route=\/wp\/v2\/pages\/531\/revisions"}],"predecessor-version":[{"id":670,"href":"https:\/\/site.ac-martinique.fr\/missionmaitrisedelalangue\/index.php?rest_route=\/wp\/v2\/pages\/531\/revisions\/670"}],"up":[{"embeddable":true,"href":"https:\/\/site.ac-martinique.fr\/missionmaitrisedelalangue\/index.php?rest_route=\/wp\/v2\/pages\/603"}],"wp:attachment":[{"href":"https:\/\/site.ac-martinique.fr\/missionmaitrisedelalangue\/index.php?rest_route=%2Fwp%2Fv2%2Fmedia&parent=531"}],"curies":[{"name":"wp","href":"https:\/\/api.w.org\/{rel}","templated":true}]}}