{"id":603,"date":"2016-11-02T18:52:59","date_gmt":"2016-11-02T22:22:59","guid":{"rendered":"\/missionmaitrisedelalangue\/?page_id=603"},"modified":"2016-11-16T15:48:00","modified_gmt":"2016-11-16T19:18:00","slug":"pour-acceder-au-stade-orthographique-3","status":"publish","type":"page","link":"https:\/\/site.ac-martinique.fr\/missionmaitrisedelalangue\/?page_id=603","title":{"rendered":"Pour acc\u00e9der au stade orthographique"},"content":{"rendered":"<p><a href=\"\/missionmaitrisedelalangue\/wp-content\/uploads\/sites\/32\/2016\/11\/Les-principales-correspondances-graph\u00e8mes.docx\" target=\"_blank\">Les principales correspondances graph\u00e8mes<\/a><\/p>\n<p><a href=\"\/missionmaitrisedelalangue\/wp-content\/uploads\/sites\/32\/2016\/11\/liste-des-mots-r\u00e9f\u00e9rents.docx\" target=\"_blank\">Liste des mots r\u00e9f\u00e9rents<\/a><\/p>\n<p><a href=\"\/missionmaitrisedelalangue\/wp-content\/uploads\/sites\/32\/2016\/11\/liste-de-mots-principales-corr-graph-phon.docx\">Liste de mots principales correspondances graph\u00e8mes phon\u00e8mes<\/a><\/p>\n<p><a href=\"\/missionmaitrisedelalangue\/wp-content\/uploads\/sites\/32\/2016\/11\/lettres-miroirs-et-confusion.docx\" target=\"_blank\">Lettres miroirs et confusion<\/a><\/p>\n<p><a href=\"\/missionmaitrisedelalangue\/wp-content\/uploads\/sites\/32\/2016\/11\/Liste-de-mots-groupes-consonnantiques-sons-complexes.docx\" target=\"_blank\">Liste de mots groupes consonnantiques sons complexes<\/a><\/p>\n<p><a href=\"\/missionmaitrisedelalangue\/wp-content\/uploads\/sites\/32\/2016\/11\/exemples-dactivit\u00e9s.docx\" target=\"_blank\">Exemples d&rsquo;activit\u00e9s<\/a><\/p>\n<p>&nbsp;<\/p>\n<p>&nbsp;<\/p>\n<p><a href=\"\/missionmaitrisedelalangue\/?page_id=470\">Liste des phon\u00e8mes<\/a> \u00a0 \u00a0 \u00a0 \u00a0 \u00a0 \u00a0 \u00a0 \u00a0 \u00a0 \u00a0 \u00a0 \u00a0 \u00a0 \u00a0 \u00a0 \u00a0 \u00a0 \u00a0 \u00a0 \u00a0 \u00a0 \u00a0 \u00a0 \u00a0 \u00a0 \u00a0 \u00a0 \u00a0 <a href=\"\/missionmaitrisedelalangue\/?page_id=531\">Tri par phon\u00e8mes<\/a><\/p>\n","protected":false},"excerpt":{"rendered":"<p>Les principales correspondances graph\u00e8mes Liste des mots r\u00e9f\u00e9rents Liste de mots principales correspondances graph\u00e8mes phon\u00e8mes Lettres miroirs et confusion Liste de mots groupes consonnantiques sons complexes Exemples d&rsquo;activit\u00e9s &nbsp; &nbsp; Liste des phon\u00e8mes \u00a0 \u00a0 \u00a0 \u00a0 \u00a0 \u00a0 \u00a0 &hellip; <a href=\"https:\/\/site.ac-martinique.fr\/missionmaitrisedelalangue\/?page_id=603\">Continuer la lecture <span class=\"meta-nav\">&rarr;<\/span><\/a><\/p>\n","protected":false},"author":90,"featured_media":0,"parent":450,"menu_order":4,"comment_status":"closed","ping_status":"closed","template":"","meta":{"footnotes":""},"class_list":["post-603","page","type-page","status-publish","hentry"],"_links":{"self":[{"href":"https:\/\/site.ac-martinique.fr\/missionmaitrisedelalangue\/index.php?rest_route=\/wp\/v2\/pages\/603","targetHints":{"allow":["GET"]}}],"collection":[{"href":"https:\/\/site.ac-martinique.fr\/missionmaitrisedelalangue\/index.php?rest_route=\/wp\/v2\/pages"}],"about":[{"href":"https:\/\/site.ac-martinique.fr\/missionmaitrisedelalangue\/index.php?rest_route=\/wp\/v2\/types\/page"}],"author":[{"embeddable":true,"href":"https:\/\/site.ac-martinique.fr\/missionmaitrisedelalangue\/index.php?rest_route=\/wp\/v2\/users\/90"}],"replies":[{"embeddable":true,"href":"https:\/\/site.ac-martinique.fr\/missionmaitrisedelalangue\/index.php?rest_route=%2Fwp%2Fv2%2Fcomments&post=603"}],"version-history":[{"count":5,"href":"https:\/\/site.ac-martinique.fr\/missionmaitrisedelalangue\/index.php?rest_route=\/wp\/v2\/pages\/603\/revisions"}],"predecessor-version":[{"id":662,"href":"https:\/\/site.ac-martinique.fr\/missionmaitrisedelalangue\/index.php?rest_route=\/wp\/v2\/pages\/603\/revisions\/662"}],"up":[{"embeddable":true,"href":"https:\/\/site.ac-martinique.fr\/missionmaitrisedelalangue\/index.php?rest_route=\/wp\/v2\/pages\/450"}],"wp:attachment":[{"href":"https:\/\/site.ac-martinique.fr\/missionmaitrisedelalangue\/index.php?rest_route=%2Fwp%2Fv2%2Fmedia&parent=603"}],"curies":[{"name":"wp","href":"https:\/\/api.w.org\/{rel}","templated":true}]}}