{"id":695,"date":"2017-06-27T11:47:42","date_gmt":"2017-06-27T15:17:42","guid":{"rendered":"\/missionmaitrisedelalangue\/?page_id=695"},"modified":"2017-09-07T14:39:53","modified_gmt":"2017-09-07T18:09:53","slug":"annee-2016-2017","status":"publish","type":"page","link":"https:\/\/site.ac-martinique.fr\/missionmaitrisedelalangue\/?page_id=695","title":{"rendered":"Ann\u00e9e 2016-2017"},"content":{"rendered":"<p><strong><em>Op\u00e9ration \u00e9ducative\u00a0: Les petits champions de la lecture<\/em><\/strong><\/p>\n<p>Op\u00e9ration \u00e9ducative Petits Champions de la lecture (PCL) : d\u00e9roulement envisag\u00e9 pour l\u2019acad\u00e9mie de Martinique au 8 Septembre 2016. T\u00e9l\u00e9charger le document <a href=\"\/missionmaitrisedelalangue\/wp-content\/uploads\/sites\/32\/2016\/11\/PCL-d\u00e9roulement.pdf\" target=\"_blank\">ici<\/a><\/p>\n<p>&nbsp;<\/p>\n<p>38 classes de CM2 de notre acad\u00e9mie ont particip\u00e9 \u00e0 l\u2019\u00e9dition 2016-2017. Les \u00a0gagnantes acad\u00e9miques sont <strong>ARNOLIN R\u00e9becca<\/strong>, \u00e9l\u00e8ve de CM2 de la classe de CM2 de l\u2019\u00e9cole Cabrisseau de sainte- Luce et <strong>DEMONIERE M\u00e9lina<\/strong>, \u00e9l\u00e8ve de CM2 de l\u2019\u00e9cole de Basse &#8211; Pointe.<\/p>\n<p>Voici le d\u00e9tail des participants\u00a0:<\/p>\n<p>Ci-dessous, le palmar\u00e8s pour les finales de circonscription.<\/p>\n<p><img loading=\"lazy\" decoding=\"async\" class=\"alignnone size-full wp-image-743\" src=\"\/missionmaitrisedelalangue\/wp-content\/uploads\/sites\/32\/2017\/09\/tableau-palmares-1.png\" alt=\"tableau-palmares\" width=\"658\" height=\"498\" srcset=\"https:\/\/site.ac-martinique.fr\/missionmaitrisedelalangue\/wp-content\/uploads\/sites\/32\/2017\/09\/tableau-palmares-1.png 658w, https:\/\/site.ac-martinique.fr\/missionmaitrisedelalangue\/wp-content\/uploads\/sites\/32\/2017\/09\/tableau-palmares-1-150x114.png 150w, https:\/\/site.ac-martinique.fr\/missionmaitrisedelalangue\/wp-content\/uploads\/sites\/32\/2017\/09\/tableau-palmares-1-300x227.png 300w, https:\/\/site.ac-martinique.fr\/missionmaitrisedelalangue\/wp-content\/uploads\/sites\/32\/2017\/09\/tableau-palmares-1-396x300.png 396w\" sizes=\"auto, (max-width: 658px) 100vw, 658px\" \/><\/p>\n<p>L\u2019acad\u00e9mie f\u00e9licite tous les participants et les invite \u00e0 continuer \u00e0 lire.<\/p>\n<p>Elle encourage la participation du plus grand nombre \u00e0 cette action en 2017\/2018.<\/p>\n<p>La r\u00e9partition des participants par \u00e9cole\u00a0:<\/p>\n<p><img loading=\"lazy\" decoding=\"async\" class=\"alignnone size-full wp-image-745\" src=\"\/missionmaitrisedelalangue\/wp-content\/uploads\/sites\/32\/2017\/09\/tableau-2.png\" alt=\"tableau-2\" width=\"561\" height=\"604\" srcset=\"https:\/\/site.ac-martinique.fr\/missionmaitrisedelalangue\/wp-content\/uploads\/sites\/32\/2017\/09\/tableau-2.png 561w, https:\/\/site.ac-martinique.fr\/missionmaitrisedelalangue\/wp-content\/uploads\/sites\/32\/2017\/09\/tableau-2-139x150.png 139w, https:\/\/site.ac-martinique.fr\/missionmaitrisedelalangue\/wp-content\/uploads\/sites\/32\/2017\/09\/tableau-2-279x300.png 279w\" sizes=\"auto, (max-width: 561px) 100vw, 561px\" \/><\/p>\n<p>&nbsp;<\/p>\n<p>Les finales de circonscription se sont d\u00e9roul\u00e9es entre le 20 \u00a0Mars et le 4 Avril 2017.<\/p>\n<p><img loading=\"lazy\" decoding=\"async\" class=\"alignnone size-full wp-image-748\" src=\"\/missionmaitrisedelalangue\/wp-content\/uploads\/sites\/32\/2017\/09\/photo-1.jpg\" alt=\"photo-1\" width=\"1247\" height=\"702\" srcset=\"https:\/\/site.ac-martinique.fr\/missionmaitrisedelalangue\/wp-content\/uploads\/sites\/32\/2017\/09\/photo-1.jpg 1247w, https:\/\/site.ac-martinique.fr\/missionmaitrisedelalangue\/wp-content\/uploads\/sites\/32\/2017\/09\/photo-1-150x84.jpg 150w, https:\/\/site.ac-martinique.fr\/missionmaitrisedelalangue\/wp-content\/uploads\/sites\/32\/2017\/09\/photo-1-300x169.jpg 300w, https:\/\/site.ac-martinique.fr\/missionmaitrisedelalangue\/wp-content\/uploads\/sites\/32\/2017\/09\/photo-1-768x432.jpg 768w, https:\/\/site.ac-martinique.fr\/missionmaitrisedelalangue\/wp-content\/uploads\/sites\/32\/2017\/09\/photo-1-1024x576.jpg 1024w, https:\/\/site.ac-martinique.fr\/missionmaitrisedelalangue\/wp-content\/uploads\/sites\/32\/2017\/09\/photo-1-500x281.jpg 500w\" sizes=\"auto, (max-width: 1247px) 100vw, 1247px\" \/>\u00a0<em>Finale circonscription Marigot , de gauche \u00e0 droite : Mme BERTHOL Documentaliste , M.OPTALY CPD maitrise de la langue, Mme MARCELLIN Coordonnatrice de r\u00e9seau ,LUC Coordonnatrice de r\u00e9seau \u2013 M.HARNAIS CPC , Mme LIMA Documentaliste<\/em><\/p>\n<p>&nbsp;<\/p>\n<p><img loading=\"lazy\" decoding=\"async\" class=\"alignnone size-full wp-image-749\" src=\"\/missionmaitrisedelalangue\/wp-content\/uploads\/sites\/32\/2017\/09\/photo-2.jpg\" alt=\"photo-2\" width=\"1386\" height=\"780\" srcset=\"https:\/\/site.ac-martinique.fr\/missionmaitrisedelalangue\/wp-content\/uploads\/sites\/32\/2017\/09\/photo-2.jpg 1386w, https:\/\/site.ac-martinique.fr\/missionmaitrisedelalangue\/wp-content\/uploads\/sites\/32\/2017\/09\/photo-2-150x84.jpg 150w, https:\/\/site.ac-martinique.fr\/missionmaitrisedelalangue\/wp-content\/uploads\/sites\/32\/2017\/09\/photo-2-300x169.jpg 300w, https:\/\/site.ac-martinique.fr\/missionmaitrisedelalangue\/wp-content\/uploads\/sites\/32\/2017\/09\/photo-2-768x432.jpg 768w, https:\/\/site.ac-martinique.fr\/missionmaitrisedelalangue\/wp-content\/uploads\/sites\/32\/2017\/09\/photo-2-1024x576.jpg 1024w, https:\/\/site.ac-martinique.fr\/missionmaitrisedelalangue\/wp-content\/uploads\/sites\/32\/2017\/09\/photo-2-500x281.jpg 500w\" sizes=\"auto, (max-width: 1386px) 100vw, 1386px\" \/><em>Finale circonscription du Morne Rouge\u00a0: de gaude \u00e0 droite\u00a0: Mme MARMOT\u00a0 CHAUVET Maryline- Mme NORCA Coordonnatrice R\u00e9seau , M.CRETE CPC,M.NIJEAN Professeur de lettres , Mme MARIE-CLAIRE Directrice, M.NARDI Directrice, M.LECOMTE Coordonnateur r\u00e9seau, Mme JEAN LOUIS Documentaliste, Mme ANGLIONIN enseignante sp\u00e9cialis\u00e9e.<\/em><\/p>\n<p>&nbsp;<\/p>\n<p><img loading=\"lazy\" decoding=\"async\" class=\"alignnone size-full wp-image-750\" src=\"\/missionmaitrisedelalangue\/wp-content\/uploads\/sites\/32\/2017\/09\/photo-3.jpg\" alt=\"photo-3\" width=\"1386\" height=\"780\" srcset=\"https:\/\/site.ac-martinique.fr\/missionmaitrisedelalangue\/wp-content\/uploads\/sites\/32\/2017\/09\/photo-3.jpg 1386w, https:\/\/site.ac-martinique.fr\/missionmaitrisedelalangue\/wp-content\/uploads\/sites\/32\/2017\/09\/photo-3-150x84.jpg 150w, https:\/\/site.ac-martinique.fr\/missionmaitrisedelalangue\/wp-content\/uploads\/sites\/32\/2017\/09\/photo-3-300x169.jpg 300w, https:\/\/site.ac-martinique.fr\/missionmaitrisedelalangue\/wp-content\/uploads\/sites\/32\/2017\/09\/photo-3-768x432.jpg 768w, https:\/\/site.ac-martinique.fr\/missionmaitrisedelalangue\/wp-content\/uploads\/sites\/32\/2017\/09\/photo-3-1024x576.jpg 1024w, https:\/\/site.ac-martinique.fr\/missionmaitrisedelalangue\/wp-content\/uploads\/sites\/32\/2017\/09\/photo-3-500x281.jpg 500w\" sizes=\"auto, (max-width: 1386px) 100vw, 1386px\" \/><em>Finale circonscription du Marin\u00a0, de gauche \u00e0 droite\u00a0:\u00a0 Mme CHARLES \u2013 NICOLAS ma\u00eetre E, M.PLANCHETTE Directeur, Mme POULIN CPC, Mme LOUIS -ALEXANDRE Documentaliste<\/em><\/p>\n<p>&nbsp;<\/p>\n<p>Le jury de la finale acad\u00e9mique du 5 avril 2017:<\/p>\n<p><img loading=\"lazy\" decoding=\"async\" class=\"alignnone size-full wp-image-759\" src=\"\/missionmaitrisedelalangue\/wp-content\/uploads\/sites\/32\/2017\/09\/Capture13.png\" alt=\"capture13\" width=\"559\" height=\"205\" srcset=\"https:\/\/site.ac-martinique.fr\/missionmaitrisedelalangue\/wp-content\/uploads\/sites\/32\/2017\/09\/Capture13.png 559w, https:\/\/site.ac-martinique.fr\/missionmaitrisedelalangue\/wp-content\/uploads\/sites\/32\/2017\/09\/Capture13-150x55.png 150w, https:\/\/site.ac-martinique.fr\/missionmaitrisedelalangue\/wp-content\/uploads\/sites\/32\/2017\/09\/Capture13-300x110.png 300w, https:\/\/site.ac-martinique.fr\/missionmaitrisedelalangue\/wp-content\/uploads\/sites\/32\/2017\/09\/Capture13-500x183.png 500w\" sizes=\"auto, (max-width: 559px) 100vw, 559px\" \/><em>Mme FAFARD Marie-F\u00e9lide IEN, M. BUCHER Victor IEN, Mme TELLE SACARAB ANY Jocelyne\u00a0 Biblioth\u00e9caire BDP- Mme SOYER B\u00e9atrice IEN , Mme JULIEN Jacqueline IEN, Mme THOUMSON Yolande Professeur de lettres , Mme NANTERS Emire-Rose Biblioth\u00e9caire BDP.<\/em><\/p>\n<p>&nbsp;<\/p>\n<p>Ci-dessous, nos <em>Petits champions de la lecture 2016 <\/em>\u00a0finalistes de circonscription entour\u00e9s de membres de la communaut\u00e9 \u00e9ducative\u00a0:<\/p>\n<p><img loading=\"lazy\" decoding=\"async\" class=\"alignnone size-full wp-image-753\" src=\"\/missionmaitrisedelalangue\/wp-content\/uploads\/sites\/32\/2017\/09\/photo-6.jpg\" alt=\"photo-6\" width=\"1386\" height=\"780\" srcset=\"https:\/\/site.ac-martinique.fr\/missionmaitrisedelalangue\/wp-content\/uploads\/sites\/32\/2017\/09\/photo-6.jpg 1386w, https:\/\/site.ac-martinique.fr\/missionmaitrisedelalangue\/wp-content\/uploads\/sites\/32\/2017\/09\/photo-6-150x84.jpg 150w, https:\/\/site.ac-martinique.fr\/missionmaitrisedelalangue\/wp-content\/uploads\/sites\/32\/2017\/09\/photo-6-300x169.jpg 300w, https:\/\/site.ac-martinique.fr\/missionmaitrisedelalangue\/wp-content\/uploads\/sites\/32\/2017\/09\/photo-6-768x432.jpg 768w, https:\/\/site.ac-martinique.fr\/missionmaitrisedelalangue\/wp-content\/uploads\/sites\/32\/2017\/09\/photo-6-1024x576.jpg 1024w, https:\/\/site.ac-martinique.fr\/missionmaitrisedelalangue\/wp-content\/uploads\/sites\/32\/2017\/09\/photo-6-500x281.jpg 500w\" sizes=\"auto, (max-width: 1386px) 100vw, 1386px\" \/><em>La classe de CM2\u00a0 l\u2019\u00e9cole Mixte A de Basse-pointe avec M\u00e9lina DEMONIERE finaliste de la circonscription du Morne Rouge , finaliste acad\u00e9mique et finaliste r\u00e9gion Outremer<\/em><\/p>\n<p>&nbsp;<\/p>\n<p><img loading=\"lazy\" decoding=\"async\" class=\"alignnone size-full wp-image-754\" src=\"\/missionmaitrisedelalangue\/wp-content\/uploads\/sites\/32\/2017\/09\/photo-7.jpg\" alt=\"photo-7\" width=\"647\" height=\"546\" srcset=\"https:\/\/site.ac-martinique.fr\/missionmaitrisedelalangue\/wp-content\/uploads\/sites\/32\/2017\/09\/photo-7.jpg 647w, https:\/\/site.ac-martinique.fr\/missionmaitrisedelalangue\/wp-content\/uploads\/sites\/32\/2017\/09\/photo-7-150x127.jpg 150w, https:\/\/site.ac-martinique.fr\/missionmaitrisedelalangue\/wp-content\/uploads\/sites\/32\/2017\/09\/photo-7-300x253.jpg 300w, https:\/\/site.ac-martinique.fr\/missionmaitrisedelalangue\/wp-content\/uploads\/sites\/32\/2017\/09\/photo-7-355x300.jpg 355w\" sizes=\"auto, (max-width: 647px) 100vw, 647px\" \/><em>Lise THOUVENIN finaliste \u00e9cole Pierre Cyrille. Finaliste de la circonscription de Trinit\u00e9.<\/em><\/p>\n<p><img loading=\"lazy\" decoding=\"async\" class=\"alignnone size-full wp-image-755\" src=\"\/missionmaitrisedelalangue\/wp-content\/uploads\/sites\/32\/2017\/09\/photo-8.jpg\" alt=\"photo-8\" width=\"726\" height=\"544\" srcset=\"https:\/\/site.ac-martinique.fr\/missionmaitrisedelalangue\/wp-content\/uploads\/sites\/32\/2017\/09\/photo-8.jpg 726w, https:\/\/site.ac-martinique.fr\/missionmaitrisedelalangue\/wp-content\/uploads\/sites\/32\/2017\/09\/photo-8-150x112.jpg 150w, https:\/\/site.ac-martinique.fr\/missionmaitrisedelalangue\/wp-content\/uploads\/sites\/32\/2017\/09\/photo-8-300x225.jpg 300w, https:\/\/site.ac-martinique.fr\/missionmaitrisedelalangue\/wp-content\/uploads\/sites\/32\/2017\/09\/photo-8-400x300.jpg 400w\" sizes=\"auto, (max-width: 726px) 100vw, 726px\" \/><em>Anne-Emeline ANIN \u00e9cole Morne Pitault A. Finaliste de la circonscription du Saint-Esprit.<\/em><\/p>\n<p>&nbsp;<\/p>\n<p><img loading=\"lazy\" decoding=\"async\" class=\"alignnone size-full wp-image-756\" src=\"\/missionmaitrisedelalangue\/wp-content\/uploads\/sites\/32\/2017\/09\/photo-9.jpg\" alt=\"photo-9\" width=\"1280\" height=\"720\" srcset=\"https:\/\/site.ac-martinique.fr\/missionmaitrisedelalangue\/wp-content\/uploads\/sites\/32\/2017\/09\/photo-9.jpg 1280w, https:\/\/site.ac-martinique.fr\/missionmaitrisedelalangue\/wp-content\/uploads\/sites\/32\/2017\/09\/photo-9-150x84.jpg 150w, https:\/\/site.ac-martinique.fr\/missionmaitrisedelalangue\/wp-content\/uploads\/sites\/32\/2017\/09\/photo-9-300x169.jpg 300w, https:\/\/site.ac-martinique.fr\/missionmaitrisedelalangue\/wp-content\/uploads\/sites\/32\/2017\/09\/photo-9-768x432.jpg 768w, https:\/\/site.ac-martinique.fr\/missionmaitrisedelalangue\/wp-content\/uploads\/sites\/32\/2017\/09\/photo-9-1024x576.jpg 1024w, https:\/\/site.ac-martinique.fr\/missionmaitrisedelalangue\/wp-content\/uploads\/sites\/32\/2017\/09\/photo-9-500x281.jpg 500w\" sizes=\"auto, (max-width: 1280px) 100vw, 1280px\" \/><em>Morgan GUILLOU \u00a0\u00e9l\u00e8ve de l\u2019\u00e9cole de Recul\u00e9e, finaliste de la circonscription de Marigot avec ses camarades de classe.<\/em><\/p>\n<p>&nbsp;<\/p>\n<p><img loading=\"lazy\" decoding=\"async\" class=\"alignnone size-full wp-image-757\" src=\"\/missionmaitrisedelalangue\/wp-content\/uploads\/sites\/32\/2017\/09\/photo-10.jpg\" alt=\"photo-10\" width=\"1337\" height=\"752\" srcset=\"https:\/\/site.ac-martinique.fr\/missionmaitrisedelalangue\/wp-content\/uploads\/sites\/32\/2017\/09\/photo-10.jpg 1337w, https:\/\/site.ac-martinique.fr\/missionmaitrisedelalangue\/wp-content\/uploads\/sites\/32\/2017\/09\/photo-10-150x84.jpg 150w, https:\/\/site.ac-martinique.fr\/missionmaitrisedelalangue\/wp-content\/uploads\/sites\/32\/2017\/09\/photo-10-300x169.jpg 300w, https:\/\/site.ac-martinique.fr\/missionmaitrisedelalangue\/wp-content\/uploads\/sites\/32\/2017\/09\/photo-10-768x432.jpg 768w, https:\/\/site.ac-martinique.fr\/missionmaitrisedelalangue\/wp-content\/uploads\/sites\/32\/2017\/09\/photo-10-1024x576.jpg 1024w, https:\/\/site.ac-martinique.fr\/missionmaitrisedelalangue\/wp-content\/uploads\/sites\/32\/2017\/09\/photo-10-500x281.jpg 500w\" sizes=\"auto, (max-width: 1337px) 100vw, 1337px\" \/><em>R\u00e9becca ARNOLIN, finaliste acad\u00e9mique, finaliste de la circonscription du Marin avec sa classe de CM2 de l\u2019\u00e9cole Cabrisseau \u00e0 Sainte-Luce.<\/em><\/p>\n<p>&nbsp;<\/p>\n<p>Ci-dessous quelques photos de la finale nationale des Petits champions de la lecture\u00a0 qui s\u2019est d\u00e9roul\u00e9e le mercredi 28 Juin \u00e0 la Com\u00e9die fran\u00e7aise.<\/p>\n<p><img loading=\"lazy\" decoding=\"async\" class=\"alignnone size-full wp-image-746\" src=\"\/missionmaitrisedelalangue\/wp-content\/uploads\/sites\/32\/2017\/09\/Capture11.png\" alt=\"capture11\" width=\"611\" height=\"519\" srcset=\"https:\/\/site.ac-martinique.fr\/missionmaitrisedelalangue\/wp-content\/uploads\/sites\/32\/2017\/09\/Capture11.png 611w, https:\/\/site.ac-martinique.fr\/missionmaitrisedelalangue\/wp-content\/uploads\/sites\/32\/2017\/09\/Capture11-150x127.png 150w, https:\/\/site.ac-martinique.fr\/missionmaitrisedelalangue\/wp-content\/uploads\/sites\/32\/2017\/09\/Capture11-300x255.png 300w, https:\/\/site.ac-martinique.fr\/missionmaitrisedelalangue\/wp-content\/uploads\/sites\/32\/2017\/09\/Capture11-353x300.png 353w\" sizes=\"auto, (max-width: 611px) 100vw, 611px\" \/><\/p>\n<p><img loading=\"lazy\" decoding=\"async\" class=\"alignnone size-full wp-image-747\" src=\"\/missionmaitrisedelalangue\/wp-content\/uploads\/sites\/32\/2017\/09\/Capture12.png\" alt=\"capture12\" width=\"605\" height=\"230\" srcset=\"https:\/\/site.ac-martinique.fr\/missionmaitrisedelalangue\/wp-content\/uploads\/sites\/32\/2017\/09\/Capture12.png 605w, https:\/\/site.ac-martinique.fr\/missionmaitrisedelalangue\/wp-content\/uploads\/sites\/32\/2017\/09\/Capture12-150x57.png 150w, https:\/\/site.ac-martinique.fr\/missionmaitrisedelalangue\/wp-content\/uploads\/sites\/32\/2017\/09\/Capture12-300x114.png 300w, https:\/\/site.ac-martinique.fr\/missionmaitrisedelalangue\/wp-content\/uploads\/sites\/32\/2017\/09\/Capture12-500x190.png 500w\" sizes=\"auto, (max-width: 605px) 100vw, 605px\" \/><\/p>\n<p>&nbsp;<\/p>\n","protected":false},"excerpt":{"rendered":"<p>Op\u00e9ration \u00e9ducative\u00a0: Les petits champions de la lecture Op\u00e9ration \u00e9ducative Petits Champions de la lecture (PCL) : d\u00e9roulement envisag\u00e9 pour l\u2019acad\u00e9mie de Martinique au 8 Septembre 2016. T\u00e9l\u00e9charger le document ici &nbsp; 38 classes de CM2 de notre acad\u00e9mie ont &hellip; <a href=\"https:\/\/site.ac-martinique.fr\/missionmaitrisedelalangue\/?page_id=695\">Continuer la lecture <span class=\"meta-nav\">&rarr;<\/span><\/a><\/p>\n","protected":false},"author":90,"featured_media":0,"parent":456,"menu_order":1,"comment_status":"closed","ping_status":"closed","template":"","meta":{"footnotes":""},"class_list":["post-695","page","type-page","status-publish","hentry"],"_links":{"self":[{"href":"https:\/\/site.ac-martinique.fr\/missionmaitrisedelalangue\/index.php?rest_route=\/wp\/v2\/pages\/695","targetHints":{"allow":["GET"]}}],"collection":[{"href":"https:\/\/site.ac-martinique.fr\/missionmaitrisedelalangue\/index.php?rest_route=\/wp\/v2\/pages"}],"about":[{"href":"https:\/\/site.ac-martinique.fr\/missionmaitrisedelalangue\/index.php?rest_route=\/wp\/v2\/types\/page"}],"author":[{"embeddable":true,"href":"https:\/\/site.ac-martinique.fr\/missionmaitrisedelalangue\/index.php?rest_route=\/wp\/v2\/users\/90"}],"replies":[{"embeddable":true,"href":"https:\/\/site.ac-martinique.fr\/missionmaitrisedelalangue\/index.php?rest_route=%2Fwp%2Fv2%2Fcomments&post=695"}],"version-history":[{"count":8,"href":"https:\/\/site.ac-martinique.fr\/missionmaitrisedelalangue\/index.php?rest_route=\/wp\/v2\/pages\/695\/revisions"}],"predecessor-version":[{"id":760,"href":"https:\/\/site.ac-martinique.fr\/missionmaitrisedelalangue\/index.php?rest_route=\/wp\/v2\/pages\/695\/revisions\/760"}],"up":[{"embeddable":true,"href":"https:\/\/site.ac-martinique.fr\/missionmaitrisedelalangue\/index.php?rest_route=\/wp\/v2\/pages\/456"}],"wp:attachment":[{"href":"https:\/\/site.ac-martinique.fr\/missionmaitrisedelalangue\/index.php?rest_route=%2Fwp%2Fv2%2Fmedia&parent=695"}],"curies":[{"name":"wp","href":"https:\/\/api.w.org\/{rel}","templated":true}]}}