{"id":788,"date":"2018-07-02T15:48:24","date_gmt":"2018-07-02T19:18:24","guid":{"rendered":"\/missionmaitrisedelalangue\/?page_id=788"},"modified":"2018-07-02T15:48:24","modified_gmt":"2018-07-02T19:18:24","slug":"annee-2017-2018","status":"publish","type":"page","link":"https:\/\/site.ac-martinique.fr\/missionmaitrisedelalangue\/?page_id=788","title":{"rendered":"Ann\u00e9e 2017-2018"},"content":{"rendered":"<p style=\"text-align: center;\"><strong>Op\u00e9ration \u00e9ducative : Les petits champions de la lecture<\/strong><br \/>\n<strong> Acad\u00e9mie de Martinique 2017\/2018<\/strong><\/p>\n<p>36 classes de CM2 de notre acad\u00e9mie ont particip\u00e9 \u00e0 l\u2019\u00e9dition 2017-2018.<\/p>\n<p>Les gagnantes acad\u00e9miques sont Olivia BERNARD \u00e9l\u00e8ve de CM2 \u00e0 l\u2019\u00e9cole de Carr\u00e8re au Diamant et Noelynn ANACLET \u00e9l\u00e8ve de CM2 \u00e0 l\u2019\u00e9cole Couronn\u00e9 Lourel au Robert. La finale acad\u00e9mique s\u2019est d\u00e9roul\u00e9e le mercredi 11 avril 2018.<\/p>\n<p>Ci-dessous, le palmar\u00e8s acad\u00e9mique.<\/p>\n<p><img loading=\"lazy\" decoding=\"async\" class=\"alignnone  wp-image-793\" src=\"\/missionmaitrisedelalangue\/wp-content\/uploads\/sites\/32\/2018\/07\/TABLEAU-1-2018.png\" alt=\"\" width=\"510\" height=\"482\" srcset=\"https:\/\/site.ac-martinique.fr\/missionmaitrisedelalangue\/wp-content\/uploads\/sites\/32\/2018\/07\/TABLEAU-1-2018.png 469w, https:\/\/site.ac-martinique.fr\/missionmaitrisedelalangue\/wp-content\/uploads\/sites\/32\/2018\/07\/TABLEAU-1-2018-150x142.png 150w, https:\/\/site.ac-martinique.fr\/missionmaitrisedelalangue\/wp-content\/uploads\/sites\/32\/2018\/07\/TABLEAU-1-2018-300x283.png 300w, https:\/\/site.ac-martinique.fr\/missionmaitrisedelalangue\/wp-content\/uploads\/sites\/32\/2018\/07\/TABLEAU-1-2018-318x300.png 318w\" sizes=\"auto, (max-width: 510px) 100vw, 510px\" \/><\/p>\n<p>L\u2019acad\u00e9mie f\u00e9licite tous les participants et les invite \u00e0 continuer \u00e0 lire. Elle encourage la participation du plus grand nombre \u00e0 cette action en 2018\/2019.<\/p>\n<p>&nbsp;<\/p>\n<p>La r\u00e9partition des participants par \u00e9cole :<\/p>\n<p><img loading=\"lazy\" decoding=\"async\" class=\"alignnone  wp-image-791\" src=\"\/missionmaitrisedelalangue\/wp-content\/uploads\/sites\/32\/2018\/07\/TABLEAU-2-2018.png\" alt=\"\" width=\"536\" height=\"511\" srcset=\"https:\/\/site.ac-martinique.fr\/missionmaitrisedelalangue\/wp-content\/uploads\/sites\/32\/2018\/07\/TABLEAU-2-2018.png 461w, https:\/\/site.ac-martinique.fr\/missionmaitrisedelalangue\/wp-content\/uploads\/sites\/32\/2018\/07\/TABLEAU-2-2018-150x143.png 150w, https:\/\/site.ac-martinique.fr\/missionmaitrisedelalangue\/wp-content\/uploads\/sites\/32\/2018\/07\/TABLEAU-2-2018-300x286.png 300w, https:\/\/site.ac-martinique.fr\/missionmaitrisedelalangue\/wp-content\/uploads\/sites\/32\/2018\/07\/TABLEAU-2-2018-315x300.png 315w\" sizes=\"auto, (max-width: 536px) 100vw, 536px\" \/><\/p>\n<p>Voici la composition du jury acad\u00e9mique :<\/p>\n<p><img loading=\"lazy\" decoding=\"async\" class=\"alignnone size-full wp-image-792\" src=\"\/missionmaitrisedelalangue\/wp-content\/uploads\/sites\/32\/2018\/07\/PHOTO-1.png\" alt=\"\" width=\"311\" height=\"181\" srcset=\"https:\/\/site.ac-martinique.fr\/missionmaitrisedelalangue\/wp-content\/uploads\/sites\/32\/2018\/07\/PHOTO-1.png 311w, https:\/\/site.ac-martinique.fr\/missionmaitrisedelalangue\/wp-content\/uploads\/sites\/32\/2018\/07\/PHOTO-1-150x87.png 150w, https:\/\/site.ac-martinique.fr\/missionmaitrisedelalangue\/wp-content\/uploads\/sites\/32\/2018\/07\/PHOTO-1-300x175.png 300w\" sizes=\"auto, (max-width: 311px) 100vw, 311px\" \/><\/p>\n<p>De gauche \u00e0 droite : JULIEN Jacqueline Inspectrice, FAFARD Marie-F\u00e9lide Inspectrice, CHADOUNE Carine professeur de lettres, BRUNO Marie-Rose professeure de lettres-histoire, NICOLE Gladys\u00a0biblioth\u00e9caire, ARNOLIN R\u00e9becca \u00e9l\u00e8ve de sixi\u00e8me et finaliste acad\u00e9mique 2017, Christophe GABUT Inspecteur.<\/p>\n<p>La mission acad\u00e9mique maitrise de la langue a tenu \u00e0 f\u00e9liciter tous les \u00e9l\u00e8ves pour leur participation \u00e0 cette action \u00e9ducative.<\/p>\n<p>&nbsp;<\/p>\n<p><em>Remise de r\u00e9compenses dans\u00a0 quelques\u00a0 circonscriptions<\/em> :<\/p>\n<p><u>Circonscription du Marin<\/u><\/p>\n<p><img loading=\"lazy\" decoding=\"async\" class=\"alignnone size-full wp-image-794\" src=\"\/missionmaitrisedelalangue\/wp-content\/uploads\/sites\/32\/2018\/07\/pcl-marin.png\" alt=\"\" width=\"456\" height=\"262\" srcset=\"https:\/\/site.ac-martinique.fr\/missionmaitrisedelalangue\/wp-content\/uploads\/sites\/32\/2018\/07\/pcl-marin.png 456w, https:\/\/site.ac-martinique.fr\/missionmaitrisedelalangue\/wp-content\/uploads\/sites\/32\/2018\/07\/pcl-marin-150x86.png 150w, https:\/\/site.ac-martinique.fr\/missionmaitrisedelalangue\/wp-content\/uploads\/sites\/32\/2018\/07\/pcl-marin-300x172.png 300w\" sizes=\"auto, (max-width: 456px) 100vw, 456px\" \/><\/p>\n<p>Ecole de Belfond \u00e0 Sainte-Anne.<\/p>\n<p>&nbsp;<\/p>\n<p><u>Circonscription de Saint-Esprit<\/u><\/p>\n<p><img loading=\"lazy\" decoding=\"async\" class=\"alignnone size-full wp-image-795\" src=\"\/missionmaitrisedelalangue\/wp-content\/uploads\/sites\/32\/2018\/07\/pcl-saint-esprit.png\" alt=\"\" width=\"277\" height=\"208\" srcset=\"https:\/\/site.ac-martinique.fr\/missionmaitrisedelalangue\/wp-content\/uploads\/sites\/32\/2018\/07\/pcl-saint-esprit.png 277w, https:\/\/site.ac-martinique.fr\/missionmaitrisedelalangue\/wp-content\/uploads\/sites\/32\/2018\/07\/pcl-saint-esprit-150x113.png 150w\" sizes=\"auto, (max-width: 277px) 100vw, 277px\" \/><\/p>\n<p>Ecole de Morne-Pitault B<\/p>\n<p><u>Circonscription de Rivi\u00e8re-Sal\u00e9e<\/u><\/p>\n<p><img loading=\"lazy\" decoding=\"async\" class=\"alignnone size-full wp-image-796\" src=\"\/missionmaitrisedelalangue\/wp-content\/uploads\/sites\/32\/2018\/07\/pcl-rve-sal\u00e9e.png\" alt=\"\" width=\"315\" height=\"179\" srcset=\"https:\/\/site.ac-martinique.fr\/missionmaitrisedelalangue\/wp-content\/uploads\/sites\/32\/2018\/07\/pcl-rve-sal\u00e9e.png 315w, https:\/\/site.ac-martinique.fr\/missionmaitrisedelalangue\/wp-content\/uploads\/sites\/32\/2018\/07\/pcl-rve-sal\u00e9e-150x85.png 150w, https:\/\/site.ac-martinique.fr\/missionmaitrisedelalangue\/wp-content\/uploads\/sites\/32\/2018\/07\/pcl-rve-sal\u00e9e-300x170.png 300w\" sizes=\"auto, (max-width: 315px) 100vw, 315px\" \/><\/p>\n<p>Ecole de Dizac au Diamant.<\/p>\n<p><u>Circonscription de Fort-de-France<\/u><\/p>\n<p><img loading=\"lazy\" decoding=\"async\" class=\"alignnone size-full wp-image-797\" src=\"\/missionmaitrisedelalangue\/wp-content\/uploads\/sites\/32\/2018\/07\/pcl-fdf.png\" alt=\"\" width=\"361\" height=\"268\" srcset=\"https:\/\/site.ac-martinique.fr\/missionmaitrisedelalangue\/wp-content\/uploads\/sites\/32\/2018\/07\/pcl-fdf.png 361w, https:\/\/site.ac-martinique.fr\/missionmaitrisedelalangue\/wp-content\/uploads\/sites\/32\/2018\/07\/pcl-fdf-150x111.png 150w, https:\/\/site.ac-martinique.fr\/missionmaitrisedelalangue\/wp-content\/uploads\/sites\/32\/2018\/07\/pcl-fdf-300x223.png 300w\" sizes=\"auto, (max-width: 361px) 100vw, 361px\" \/><\/p>\n<p>Ecole Marcel Placide.<\/p>\n<p>&nbsp;<\/p>\n<p>&nbsp;<\/p>\n","protected":false},"excerpt":{"rendered":"<p>Op\u00e9ration \u00e9ducative : Les petits champions de la lecture Acad\u00e9mie de Martinique 2017\/2018 36 classes de CM2 de notre acad\u00e9mie ont particip\u00e9 \u00e0 l\u2019\u00e9dition 2017-2018. Les gagnantes acad\u00e9miques sont Olivia BERNARD \u00e9l\u00e8ve de CM2 \u00e0 l\u2019\u00e9cole de Carr\u00e8re au Diamant &hellip; <a href=\"https:\/\/site.ac-martinique.fr\/missionmaitrisedelalangue\/?page_id=788\">Continuer la lecture <span class=\"meta-nav\">&rarr;<\/span><\/a><\/p>\n","protected":false},"author":90,"featured_media":0,"parent":456,"menu_order":0,"comment_status":"closed","ping_status":"closed","template":"","meta":{"footnotes":""},"class_list":["post-788","page","type-page","status-publish","hentry"],"_links":{"self":[{"href":"https:\/\/site.ac-martinique.fr\/missionmaitrisedelalangue\/index.php?rest_route=\/wp\/v2\/pages\/788","targetHints":{"allow":["GET"]}}],"collection":[{"href":"https:\/\/site.ac-martinique.fr\/missionmaitrisedelalangue\/index.php?rest_route=\/wp\/v2\/pages"}],"about":[{"href":"https:\/\/site.ac-martinique.fr\/missionmaitrisedelalangue\/index.php?rest_route=\/wp\/v2\/types\/page"}],"author":[{"embeddable":true,"href":"https:\/\/site.ac-martinique.fr\/missionmaitrisedelalangue\/index.php?rest_route=\/wp\/v2\/users\/90"}],"replies":[{"embeddable":true,"href":"https:\/\/site.ac-martinique.fr\/missionmaitrisedelalangue\/index.php?rest_route=%2Fwp%2Fv2%2Fcomments&post=788"}],"version-history":[{"count":3,"href":"https:\/\/site.ac-martinique.fr\/missionmaitrisedelalangue\/index.php?rest_route=\/wp\/v2\/pages\/788\/revisions"}],"predecessor-version":[{"id":798,"href":"https:\/\/site.ac-martinique.fr\/missionmaitrisedelalangue\/index.php?rest_route=\/wp\/v2\/pages\/788\/revisions\/798"}],"up":[{"embeddable":true,"href":"https:\/\/site.ac-martinique.fr\/missionmaitrisedelalangue\/index.php?rest_route=\/wp\/v2\/pages\/456"}],"wp:attachment":[{"href":"https:\/\/site.ac-martinique.fr\/missionmaitrisedelalangue\/index.php?rest_route=%2Fwp%2Fv2%2Fmedia&parent=788"}],"curies":[{"name":"wp","href":"https:\/\/api.w.org\/{rel}","templated":true}]}}