{"id":1657,"date":"2025-02-18T11:34:30","date_gmt":"2025-02-18T15:34:30","guid":{"rendered":"https:\/\/site.ac-martinique.fr\/missionnumerique1d\/?page_id=1657"},"modified":"2025-02-18T11:42:40","modified_gmt":"2025-02-18T15:42:40","slug":"numerique-en-classe","status":"publish","type":"page","link":"https:\/\/site.ac-martinique.fr\/missionnumerique1d\/?page_id=1657","title":{"rendered":"NUMERIQUE EN CLASSE"},"content":{"rendered":"\n<p class=\"has-medium-font-size\">\ud83d\udcf1\ud83d\udca1Ici, on partage tout ce qui fait vibrer le num\u00e9rique dans nos \u00e9coles : projets innovants, robots bavards, tablettes cr\u00e9atives et \u00e9l\u00e8ves qui codent comme des pros ! \ud83d\udcbb \ud83d\ude80<\/p>\n\n\n\n<p class=\"has-medium-font-size\">Le but ? Inspirer, innover et prouver que le num\u00e9rique, c\u2019est bien plus que des \u00e9crans : c\u2019est une nouvelle fa\u00e7on d\u2019apprendre ! Alors, attache ta ceinture, \u00e7a va cliquer fort ! \ud83d\udcbb\ud83d\udd25<\/p>\n\n\n<ul class=\"wp-block-latest-posts__list is-grid columns-3 aligncenter wp-block-latest-posts\"><li><a class=\"wp-block-latest-posts__post-title\" href=\"https:\/\/site.ac-martinique.fr\/missionnumerique1d\/?p=1760\">Safer Internet Day 2026 : les \u00e9coles de Martinique mobilis\u00e9es pour un num\u00e9rique responsable<\/a><\/li>\n<li><div class=\"wp-block-latest-posts__featured-image\"><img loading=\"lazy\" decoding=\"async\" width=\"150\" height=\"150\" src=\"https:\/\/site.ac-martinique.fr\/missionnumerique1d\/wp-content\/uploads\/sites\/109\/2025\/06\/logo-pix-junior-150x150.png\" class=\"attachment-thumbnail size-thumbnail wp-post-image\" alt=\"\" style=\"\" srcset=\"https:\/\/site.ac-martinique.fr\/missionnumerique1d\/wp-content\/uploads\/sites\/109\/2025\/06\/logo-pix-junior-150x150.png 150w, https:\/\/site.ac-martinique.fr\/missionnumerique1d\/wp-content\/uploads\/sites\/109\/2025\/06\/logo-pix-junior-100x100.png 100w\" sizes=\"auto, 100vw\" \/><\/div><a class=\"wp-block-latest-posts__post-title\" href=\"https:\/\/site.ac-martinique.fr\/missionnumerique1d\/?p=1737\">PIX Junior<\/a><\/li>\n<li><a class=\"wp-block-latest-posts__post-title\" href=\"https:\/\/site.ac-martinique.fr\/missionnumerique1d\/?p=1733\">Concours ZERO CLICHE<\/a><\/li>\n<li><div class=\"wp-block-latest-posts__featured-image\"><img loading=\"lazy\" decoding=\"async\" width=\"150\" height=\"150\" src=\"https:\/\/site.ac-martinique.fr\/missionnumerique1d\/wp-content\/uploads\/sites\/109\/2025\/06\/image-150x150.png\" class=\"attachment-thumbnail size-thumbnail wp-post-image\" alt=\"\" style=\"\" srcset=\"https:\/\/site.ac-martinique.fr\/missionnumerique1d\/wp-content\/uploads\/sites\/109\/2025\/06\/image-150x150.png 150w, https:\/\/site.ac-martinique.fr\/missionnumerique1d\/wp-content\/uploads\/sites\/109\/2025\/06\/image-100x100.png 100w\" sizes=\"auto, 100vw\" \/><\/div><a class=\"wp-block-latest-posts__post-title\" href=\"https:\/\/site.ac-martinique.fr\/missionnumerique1d\/?p=1727\">Atelier robotique \u00e0 l\u2019\u00e9cole Robert-Platon : BeeBot, bien plus qu\u2019un jeu d\u2019enfant !<\/a><\/li>\n<li><div class=\"wp-block-latest-posts__featured-image\"><img loading=\"lazy\" decoding=\"async\" width=\"150\" height=\"150\" src=\"https:\/\/site.ac-martinique.fr\/missionnumerique1d\/wp-content\/uploads\/sites\/109\/2025\/05\/image-3-150x150.png\" class=\"attachment-thumbnail size-thumbnail wp-post-image\" alt=\"\" style=\"\" srcset=\"https:\/\/site.ac-martinique.fr\/missionnumerique1d\/wp-content\/uploads\/sites\/109\/2025\/05\/image-3-150x150.png 150w, https:\/\/site.ac-martinique.fr\/missionnumerique1d\/wp-content\/uploads\/sites\/109\/2025\/05\/image-3-100x100.png 100w\" sizes=\"auto, 100vw\" \/><\/div><a class=\"wp-block-latest-posts__post-title\" href=\"https:\/\/site.ac-martinique.fr\/missionnumerique1d\/?p=1715\">Rallye Maths\/Sport dans le REP Beaus\u00e9jour : une journ\u00e9e de d\u00e9fis et de partage !<\/a><\/li>\n<li><div class=\"wp-block-latest-posts__featured-image\"><img loading=\"lazy\" decoding=\"async\" width=\"150\" height=\"150\" src=\"https:\/\/site.ac-martinique.fr\/missionnumerique1d\/wp-content\/uploads\/sites\/109\/2025\/05\/image-150x150.png\" class=\"attachment-thumbnail size-thumbnail wp-post-image\" alt=\"\" style=\"\" srcset=\"https:\/\/site.ac-martinique.fr\/missionnumerique1d\/wp-content\/uploads\/sites\/109\/2025\/05\/image-150x150.png 150w, https:\/\/site.ac-martinique.fr\/missionnumerique1d\/wp-content\/uploads\/sites\/109\/2025\/05\/image-100x100.png 100w\" sizes=\"auto, 100vw\" \/><\/div><a class=\"wp-block-latest-posts__post-title\" href=\"https:\/\/site.ac-martinique.fr\/missionnumerique1d\/?p=1710\">PIX Junior \u00e0 l\u2019\u00e9cole Ultima Vestris<\/a><\/li>\n<li><div class=\"wp-block-latest-posts__featured-image\"><img loading=\"lazy\" decoding=\"async\" width=\"150\" height=\"150\" src=\"https:\/\/site.ac-martinique.fr\/missionnumerique1d\/wp-content\/uploads\/sites\/109\/2025\/05\/20250430_080851-scaled-e1746189620580-150x150.jpg\" class=\"attachment-thumbnail size-thumbnail wp-post-image\" alt=\"\" style=\"\" srcset=\"https:\/\/site.ac-martinique.fr\/missionnumerique1d\/wp-content\/uploads\/sites\/109\/2025\/05\/20250430_080851-scaled-e1746189620580-150x150.jpg 150w, https:\/\/site.ac-martinique.fr\/missionnumerique1d\/wp-content\/uploads\/sites\/109\/2025\/05\/20250430_080851-scaled-e1746189620580-100x100.jpg 100w\" sizes=\"auto, 100vw\" \/><\/div><a class=\"wp-block-latest-posts__post-title\" href=\"https:\/\/site.ac-martinique.fr\/missionnumerique1d\/?p=1693\">Initier ses \u00e9l\u00e8ves \u00e0 la programmation<\/a><\/li>\n<li><div class=\"wp-block-latest-posts__featured-image\"><img loading=\"lazy\" decoding=\"async\" width=\"150\" height=\"150\" src=\"https:\/\/site.ac-martinique.fr\/missionnumerique1d\/wp-content\/uploads\/sites\/109\/2025\/03\/image-1-150x150.png\" class=\"attachment-thumbnail size-thumbnail wp-post-image\" alt=\"\" style=\"\" srcset=\"https:\/\/site.ac-martinique.fr\/missionnumerique1d\/wp-content\/uploads\/sites\/109\/2025\/03\/image-1-150x150.png 150w, https:\/\/site.ac-martinique.fr\/missionnumerique1d\/wp-content\/uploads\/sites\/109\/2025\/03\/image-1-100x100.png 100w\" sizes=\"auto, 100vw\" \/><\/div><a class=\"wp-block-latest-posts__post-title\" href=\"https:\/\/site.ac-martinique.fr\/missionnumerique1d\/?p=1675\">Maths et num\u00e9rique : une formation au service des apprentissages<\/a><\/li>\n<li><div class=\"wp-block-latest-posts__featured-image\"><img loading=\"lazy\" decoding=\"async\" width=\"150\" height=\"150\" src=\"https:\/\/site.ac-martinique.fr\/missionnumerique1d\/wp-content\/uploads\/sites\/109\/2025\/02\/image-150x150.png\" class=\"attachment-thumbnail size-thumbnail wp-post-image\" alt=\"\" style=\"\" srcset=\"https:\/\/site.ac-martinique.fr\/missionnumerique1d\/wp-content\/uploads\/sites\/109\/2025\/02\/image-150x150.png 150w, https:\/\/site.ac-martinique.fr\/missionnumerique1d\/wp-content\/uploads\/sites\/109\/2025\/02\/image-100x100.png 100w\" sizes=\"auto, 100vw\" \/><\/div><a class=\"wp-block-latest-posts__post-title\" href=\"https:\/\/site.ac-martinique.fr\/missionnumerique1d\/?p=1666\">Formation des ERUNs de Martinique aux kits robotiques : une journ\u00e9e immersive !<\/a><\/li>\n<li><div class=\"wp-block-latest-posts__featured-image\"><img loading=\"lazy\" decoding=\"async\" width=\"150\" height=\"150\" src=\"https:\/\/site.ac-martinique.fr\/missionnumerique1d\/wp-content\/uploads\/sites\/109\/2025\/02\/image_1739191361047-1-150x150.jpg\" class=\"attachment-thumbnail size-thumbnail wp-post-image\" alt=\"\" style=\"\" srcset=\"https:\/\/site.ac-martinique.fr\/missionnumerique1d\/wp-content\/uploads\/sites\/109\/2025\/02\/image_1739191361047-1-150x150.jpg 150w, https:\/\/site.ac-martinique.fr\/missionnumerique1d\/wp-content\/uploads\/sites\/109\/2025\/02\/image_1739191361047-1-100x100.jpg 100w\" sizes=\"auto, 100vw\" \/><\/div><a class=\"wp-block-latest-posts__post-title\" href=\"https:\/\/site.ac-martinique.fr\/missionnumerique1d\/?p=1621\">Ateliers num\u00e9riques en classe<\/a><\/li>\n<li><div class=\"wp-block-latest-posts__featured-image\"><img loading=\"lazy\" decoding=\"async\" width=\"150\" height=\"150\" src=\"https:\/\/site.ac-martinique.fr\/missionnumerique1d\/wp-content\/uploads\/sites\/109\/2025\/01\/3e9d4fef-ad21-4da0-8c2b-36d9252b24e5_blur-1-150x150.jpg\" class=\"attachment-thumbnail size-thumbnail wp-post-image\" alt=\"\" style=\"\" srcset=\"https:\/\/site.ac-martinique.fr\/missionnumerique1d\/wp-content\/uploads\/sites\/109\/2025\/01\/3e9d4fef-ad21-4da0-8c2b-36d9252b24e5_blur-1-150x150.jpg 150w, https:\/\/site.ac-martinique.fr\/missionnumerique1d\/wp-content\/uploads\/sites\/109\/2025\/01\/3e9d4fef-ad21-4da0-8c2b-36d9252b24e5_blur-1-100x100.jpg 100w\" sizes=\"auto, 100vw\" \/><\/div><a class=\"wp-block-latest-posts__post-title\" href=\"https:\/\/site.ac-martinique.fr\/missionnumerique1d\/?p=1553\">Le num\u00e9rique au service des langues vivantes : Une nouvelle approche pour les \u00e9valuations<\/a><\/li>\n<li><div class=\"wp-block-latest-posts__featured-image\"><img loading=\"lazy\" decoding=\"async\" width=\"150\" height=\"150\" src=\"https:\/\/site.ac-martinique.fr\/missionnumerique1d\/wp-content\/uploads\/sites\/109\/2024\/10\/image-150x150.png\" class=\"attachment-thumbnail size-thumbnail wp-post-image\" alt=\"\" style=\"\" srcset=\"https:\/\/site.ac-martinique.fr\/missionnumerique1d\/wp-content\/uploads\/sites\/109\/2024\/10\/image-150x150.png 150w, https:\/\/site.ac-martinique.fr\/missionnumerique1d\/wp-content\/uploads\/sites\/109\/2024\/10\/image-100x100.png 100w\" sizes=\"auto, 100vw\" \/><\/div><a class=\"wp-block-latest-posts__post-title\" href=\"https:\/\/site.ac-martinique.fr\/missionnumerique1d\/?p=1469\">CodeWeek : C&rsquo;est la semaine du codage !<\/a><\/li>\n<li><div class=\"wp-block-latest-posts__featured-image\"><img loading=\"lazy\" decoding=\"async\" width=\"150\" height=\"150\" src=\"https:\/\/site.ac-martinique.fr\/missionnumerique1d\/wp-content\/uploads\/sites\/109\/2024\/04\/image-30-150x150.png\" class=\"attachment-thumbnail size-thumbnail wp-post-image\" alt=\"\" style=\"\" srcset=\"https:\/\/site.ac-martinique.fr\/missionnumerique1d\/wp-content\/uploads\/sites\/109\/2024\/04\/image-30-150x150.png 150w, https:\/\/site.ac-martinique.fr\/missionnumerique1d\/wp-content\/uploads\/sites\/109\/2024\/04\/image-30-100x100.png 100w\" sizes=\"auto, 100vw\" \/><\/div><a class=\"wp-block-latest-posts__post-title\" href=\"https:\/\/site.ac-martinique.fr\/missionnumerique1d\/?p=1266\">\u00c9VALUATION REPERES HYBRIDE A OCCULINE AMAZAN<\/a><\/li>\n<li><div class=\"wp-block-latest-posts__featured-image\"><img loading=\"lazy\" decoding=\"async\" width=\"150\" height=\"150\" src=\"https:\/\/site.ac-martinique.fr\/missionnumerique1d\/wp-content\/uploads\/sites\/109\/2024\/05\/image-6-150x150.png\" class=\"attachment-thumbnail size-thumbnail wp-post-image\" alt=\"\" style=\"\" srcset=\"https:\/\/site.ac-martinique.fr\/missionnumerique1d\/wp-content\/uploads\/sites\/109\/2024\/05\/image-6-150x150.png 150w, https:\/\/site.ac-martinique.fr\/missionnumerique1d\/wp-content\/uploads\/sites\/109\/2024\/05\/image-6-100x100.png 100w\" sizes=\"auto, 100vw\" \/><\/div><a class=\"wp-block-latest-posts__post-title\" href=\"https:\/\/site.ac-martinique.fr\/missionnumerique1d\/?p=1376\">Les robots MOUSE en action<\/a><\/li>\n<li><div class=\"wp-block-latest-posts__featured-image\"><img loading=\"lazy\" decoding=\"async\" width=\"150\" height=\"150\" src=\"https:\/\/site.ac-martinique.fr\/missionnumerique1d\/wp-content\/uploads\/sites\/109\/2024\/04\/image-150x150.png\" class=\"attachment-thumbnail size-thumbnail wp-post-image\" alt=\"\" style=\"\" srcset=\"https:\/\/site.ac-martinique.fr\/missionnumerique1d\/wp-content\/uploads\/sites\/109\/2024\/04\/image-150x150.png 150w, https:\/\/site.ac-martinique.fr\/missionnumerique1d\/wp-content\/uploads\/sites\/109\/2024\/04\/image-100x100.png 100w\" sizes=\"auto, 100vw\" \/><\/div><a class=\"wp-block-latest-posts__post-title\" href=\"https:\/\/site.ac-martinique.fr\/missionnumerique1d\/?p=95\">Math\u00e9malins, Math\u00e9malignes<\/a><\/li>\n<\/ul>","protected":false},"excerpt":{"rendered":"<p>\ud83d\udcf1\ud83d\udca1Ici, on partage tout ce qui fait vibrer le num\u00e9rique dans nos \u00e9coles : projets innovants, robots bavards, tablettes cr\u00e9atives &hellip; <\/p>\n<p class=\"link-more\"><a href=\"https:\/\/site.ac-martinique.fr\/missionnumerique1d\/?page_id=1657\" class=\"more-link\">Lire la suite&#8230;<span class=\"screen-reader-text\"> \u00ab\u00a0NUMERIQUE EN CLASSE\u00a0\u00bb<\/span><\/a><\/p>\n","protected":false},"author":272,"featured_media":0,"parent":0,"menu_order":0,"comment_status":"closed","ping_status":"closed","template":"","meta":{"footnotes":""},"class_list":["post-1657","page","type-page","status-publish","hentry"],"_links":{"self":[{"href":"https:\/\/site.ac-martinique.fr\/missionnumerique1d\/index.php?rest_route=\/wp\/v2\/pages\/1657","targetHints":{"allow":["GET"]}}],"collection":[{"href":"https:\/\/site.ac-martinique.fr\/missionnumerique1d\/index.php?rest_route=\/wp\/v2\/pages"}],"about":[{"href":"https:\/\/site.ac-martinique.fr\/missionnumerique1d\/index.php?rest_route=\/wp\/v2\/types\/page"}],"author":[{"embeddable":true,"href":"https:\/\/site.ac-martinique.fr\/missionnumerique1d\/index.php?rest_route=\/wp\/v2\/users\/272"}],"replies":[{"embeddable":true,"href":"https:\/\/site.ac-martinique.fr\/missionnumerique1d\/index.php?rest_route=%2Fwp%2Fv2%2Fcomments&post=1657"}],"version-history":[{"count":3,"href":"https:\/\/site.ac-martinique.fr\/missionnumerique1d\/index.php?rest_route=\/wp\/v2\/pages\/1657\/revisions"}],"predecessor-version":[{"id":1663,"href":"https:\/\/site.ac-martinique.fr\/missionnumerique1d\/index.php?rest_route=\/wp\/v2\/pages\/1657\/revisions\/1663"}],"wp:attachment":[{"href":"https:\/\/site.ac-martinique.fr\/missionnumerique1d\/index.php?rest_route=%2Fwp%2Fv2%2Fmedia&parent=1657"}],"curies":[{"name":"wp","href":"https:\/\/api.w.org\/{rel}","templated":true}]}}